{"id":840,"date":"2025-05-07T16:26:41","date_gmt":"2025-05-07T14:26:41","guid":{"rendered":"https:\/\/mostiky.net\/produit\/blam-ventilatore-12v-ip68-silence-compatibile-con-la-trappola-per-zanzare-biogents-bg-mosquitaire-impermeabile-basso-consumo-energetico-2-2w-brushless-9-lame\/"},"modified":"2025-06-10T17:25:47","modified_gmt":"2025-06-10T15:25:47","slug":"blam-ventilatore-12v-ip68-silence-compatibile-con-la-trappola-per-zanzare-biogents-bg-mosquitaire-impermeabile-basso-consumo-energetico-2-2w-brushless-9-lame","status":"publish","type":"product","link":"https:\/\/mostiky.net\/it\/produit\/blam-ventilatore-12v-ip68-silence-compatibile-con-la-trappola-per-zanzare-biogents-bg-mosquitaire-impermeabile-basso-consumo-energetico-2-2w-brushless-9-lame\/","title":{"rendered":"BLAM! Ventilatore 12V IP68 SILENCE Compatibile con la trappola per zanzare Biogents (*) BG-Mosquitaire (*). Impermeabile. Basso consumo energetico 2.2W BRUSHLESS 9 lame"},"content":{"rendered":"<ul class=\"a-unordered-list a-vertical a-spacing-mini\">\n<li class=\"a-spacing-mini\"><span class=\"a-list-item\">VENTOLA BRUSHLESS 12V: COMPATIBILE CON TRAPPOLA PER ZANZARE<\/span><\/li>\n<li class=\"a-spacing-mini\"><span class=\"a-list-item\">IP68 WATERPROOF: massima impermeabilit\u00e0 per la resistenza alla pioggia<\/span><\/li>\n<li class=\"a-spacing-mini\"><span class=\"a-list-item\">BASSO CONSUMO 2,2W: pi\u00f9 economico dell&#8217;originale ventola trappola per zanzare<\/span><\/li>\n<li class=\"a-spacing-mini\"><span class=\"a-list-item\">CONNETTORE SPECIFICO COMPATIBILE CON I MODELLI BIOGENTS (*) BG-MOSQUITAIRE colore marrone (non compatibile con i vecchi modelli verde chiaro)<\/span><\/li>\n<li class=\"a-spacing-mini\"><span class=\"a-list-item\">ECCELLENTE FLUSSO d&#8217;ARIA: ventilatore a 9 pale<\/span><\/li>\n<\/ul>\n<h2>Video di installazione:<\/h2>\n\n<div data-mode=\"normal\" data-oembed=\"1\" data-provider=\"youtube\" id=\"arve-youtube-eioyim2yes8\" class=\"arve\">\n\t<div class=\"arve-inner\">\n\t\t<div style=\"aspect-ratio:500\/281\" class=\"arve-embed arve-embed--has-aspect-ratio\">\n\t\t\t<div class=\"arve-ar\" style=\"padding-top:56.200000%\"><\/div>\n\t\t\t<iframe allow=\"accelerometer &apos;none&apos;;autoplay &apos;none&apos;;bluetooth &apos;none&apos;;browsing-topics &apos;none&apos;;camera &apos;none&apos;;clipboard-read &apos;none&apos;;clipboard-write;display-capture &apos;none&apos;;encrypted-media &apos;none&apos;;gamepad &apos;none&apos;;geolocation &apos;none&apos;;gyroscope &apos;none&apos;;hid &apos;none&apos;;identity-credentials-get &apos;none&apos;;idle-detection &apos;none&apos;;keyboard-map &apos;none&apos;;local-fonts;magnetometer &apos;none&apos;;microphone &apos;none&apos;;midi &apos;none&apos;;otp-credentials &apos;none&apos;;payment &apos;none&apos;;picture-in-picture;publickey-credentials-create &apos;none&apos;;publickey-credentials-get &apos;none&apos;;screen-wake-lock &apos;none&apos;;serial &apos;none&apos;;summarizer &apos;none&apos;;sync-xhr;usb &apos;none&apos;;web-share;window-management &apos;none&apos;;xr-spatial-tracking &apos;none&apos;;\" allowfullscreen=\"\" class=\"arve-iframe fitvidsignore\" credentialless data-arve=\"arve-youtube-eioyim2yes8\" data-lenis-prevent=\"\" data-src-no-ap=\"https:\/\/www.youtube-nocookie.com\/embed\/eIoyIM2YES8?feature=oembed&amp;iv_load_policy=3&amp;modestbranding=1&amp;rel=0&amp;autohide=1&amp;playsinline=0&amp;autoplay=0\" frameborder=\"0\" height=\"0\" loading=\"lazy\" name=\"\" referrerpolicy=\"strict-origin-when-cross-origin\" sandbox=\"allow-scripts allow-same-origin allow-presentation allow-popups allow-popups-to-escape-sandbox\" scrolling=\"no\" src=\"https:\/\/www.youtube-nocookie.com\/embed\/eIoyIM2YES8?feature=oembed&#038;iv_load_policy=3&#038;modestbranding=1&#038;rel=0&#038;autohide=1&#038;playsinline=0&#038;autoplay=0\" title=\"\" width=\"0\"><\/iframe>\n\t\t\t\n\t\t<\/div>\n\t\t\n\t<\/div>\n\t\n\t\n\t<script type=\"application\/ld+json\">{\"@context\":\"http:\\\/\\\/schema.org\\\/\",\"@id\":\"https:\\\/\\\/mostiky.net\\\/it\\\/produit\\\/blam-ventilatore-12v-ip68-silence-compatibile-con-la-trappola-per-zanzare-biogents-bg-mosquitaire-impermeabile-basso-consumo-energetico-2-2w-brushless-9-lame\\\/#arve-youtube-eioyim2yes8\",\"type\":\"VideoObject\",\"embedURL\":\"https:\\\/\\\/www.youtube-nocookie.com\\\/embed\\\/eIoyIM2YES8?feature=oembed&iv_load_policy=3&modestbranding=1&rel=0&autohide=1&playsinline=0&autoplay=0\"}<\/script>\n\t\n<\/div>\n<p>BLAM! Ventola 12V IP68 compatibile con trappola per zanzare Biogents (*) BG-Mosquitaire *. IMPERMEABILE. Modello SILENCE Bassa Potenza 2.2W BRUSHLESS 9 Lame   <\/p>\n<p>Parte di ricambio: La ventola BLAM SILENCE ti permette di sostituire la ventola del tuo Biogents (*) BG-Mosquitaire (*) versione marrone \/ Tipo II (trappole dopo il 2015) (la nostra ventola NON \u00e8 compatibile con le vecchie trappole di colore verde chiaro)<\/p>\n<p>(*) Marchi di propriet\u00e0 di terzi senza alcun collegamento commerciale con BLAM<\/p>\n<p>Abbiamo progettato il nostro ventilatore BLAM SILENCE appositamente per adattarsi a queste trappole e offrirti un tasso di cattura massimo delle zanzare e un migliore comfort di utilizzo. Confronta il nostro modello SILENCE con quello esistente: <\/p>\n<p>&#8211; Potenza assorbita: BLAM SILENCE 2.2W. Inferiore alla ventola originale<br \/>\nLivello di rumore a 55 cm (misurato dietro la ventola): BLAM: 53,5 dB. Inferiore al numero di pale della ventola originale<br \/>\n. BLAM: 9 Altro: 7<br \/>\n&#8211; Flusso d&#8217;aria: superiore alla ventola originale<br \/>\n&#8211; Impermeabilit\u00e0: BLAM: IP68. Altro: IP55. (IP68 offre una protezione molto superiore: totalmente antipolvere e pu\u00f2 essere immerso in acqua. IP55 \u00e8 resistente solo alla polvere e agli schizzi, ma non deve essere sommerso.) Il nostro modello offre un&#8217;estrema resistenza all&#8217;aperto.<br \/>\nTutte le misurazioni sono state effettuate internamente sui modelli disponibili nei negozi a marzo 2025.      <\/p>\n<p>ATTENZIONE: Il connettore BLAM SILENCE \u00e8 compatibile solo con le trappole marroni. Le vecchie trappole verdi hanno un connettore diverso e non sono compatibili. <\/p>\n","protected":false},"excerpt":{"rendered":"<ul class=\"a-unordered-list a-vertical a-spacing-mini\">\n<li class=\"a-spacing-mini\"><span class=\"a-list-item\">VENTOLA BRUSHLESS 12V: COMPATIBILE CON TRAPPOLA PER ZANZARE<\/span><\/li>\n<li class=\"a-spacing-mini\"><span class=\"a-list-item\">IP68 WATERPROOF: massima impermeabilit\u00e0 per la resistenza alla pioggia<\/span><\/li>\n<li class=\"a-spacing-mini\"><span class=\"a-list-item\">BASSO CONSUMO 2,2W: pi\u00f9 economico dell&#8217;originale ventola trappola per zanzare<\/span><\/li>\n<li class=\"a-spacing-mini\"><span class=\"a-list-item\">CONNETTORE SPECIFICO COMPATIBILE CON I MODELLI BIOGENTS (*) BG-MOSQUITAIRE colore marrone (non compatibile con i vecchi modelli verde chiaro)<\/span><\/li>\n<li class=\"a-spacing-mini\"><span class=\"a-list-item\">ECCELLENTE FLUSSO d&#8217;ARIA: ventilatore a 9 pale<\/span><\/li>\n<\/ul>\n","protected":false},"featured_media":800,"comment_status":"closed","ping_status":"closed","template":"","meta":{"site-sidebar-layout":"default","site-content-layout":"","ast-site-content-layout":"default","site-content-style":"default","site-sidebar-style":"default","ast-global-header-display":"","ast-banner-title-visibility":"","ast-main-header-display":"","ast-hfb-above-header-display":"","ast-hfb-below-header-display":"","ast-hfb-mobile-header-display":"","site-post-title":"","ast-breadcrumbs-content":"","ast-featured-img":"","footer-sml-layout":"","ast-disable-related-posts":"","theme-transparent-header-meta":"default","adv-header-id-meta":"","stick-header-meta":"","header-above-stick-meta":"","header-main-stick-meta":"","header-below-stick-meta":"","astra-migrate-meta-layouts":"default","ast-page-background-enabled":"default","ast-page-background-meta":{"desktop":{"background-color":"var(--ast-global-color-5)","background-image":"","background-repeat":"repeat","background-position":"center center","background-size":"auto","background-attachment":"scroll","background-type":"","background-media":"","overlay-type":"","overlay-color":"","overlay-opacity":"","overlay-gradient":""},"tablet":{"background-color":"","background-image":"","background-repeat":"repeat","background-position":"center center","background-size":"auto","background-attachment":"scroll","background-type":"","background-media":"","overlay-type":"","overlay-color":"","overlay-opacity":"","overlay-gradient":""},"mobile":{"background-color":"","background-image":"","background-repeat":"repeat","background-position":"center center","background-size":"auto","background-attachment":"scroll","background-type":"","background-media":"","overlay-type":"","overlay-color":"","overlay-opacity":"","overlay-gradient":""}},"ast-content-background-meta":{"desktop":{"background-color":"var(--ast-global-color-4)","background-image":"","background-repeat":"repeat","background-position":"center center","background-size":"auto","background-attachment":"scroll","background-type":"","background-media":"","overlay-type":"","overlay-color":"","overlay-opacity":"","overlay-gradient":""},"tablet":{"background-color":"var(--ast-global-color-4)","background-image":"","background-repeat":"repeat","background-position":"center center","background-size":"auto","background-attachment":"scroll","background-type":"","background-media":"","overlay-type":"","overlay-color":"","overlay-opacity":"","overlay-gradient":""},"mobile":{"background-color":"var(--ast-global-color-4)","background-image":"","background-repeat":"repeat","background-position":"center center","background-size":"auto","background-attachment":"scroll","background-type":"","background-media":"","overlay-type":"","overlay-color":"","overlay-opacity":"","overlay-gradient":""}}},"product_brand":[125],"product_cat":[62,78],"product_tag":[],"class_list":{"0":"post-840","1":"product","2":"type-product","3":"status-publish","4":"has-post-thumbnail","6":"product_brand-blam-it","7":"product_cat-accessori","8":"product_cat-moustiques-it","9":"desktop-align-left","10":"tablet-align-left","11":"mobile-align-left","13":"first","14":"instock","15":"sale","16":"taxable","17":"shipping-taxable","18":"purchasable","19":"product-type-variable"},"_links":{"self":[{"href":"https:\/\/mostiky.net\/it\/wp-json\/wp\/v2\/product\/840","targetHints":{"allow":["GET"]}}],"collection":[{"href":"https:\/\/mostiky.net\/it\/wp-json\/wp\/v2\/product"}],"about":[{"href":"https:\/\/mostiky.net\/it\/wp-json\/wp\/v2\/types\/product"}],"replies":[{"embeddable":true,"href":"https:\/\/mostiky.net\/it\/wp-json\/wp\/v2\/comments?post=840"}],"wp:featuredmedia":[{"embeddable":true,"href":"https:\/\/mostiky.net\/it\/wp-json\/wp\/v2\/media\/800"}],"wp:attachment":[{"href":"https:\/\/mostiky.net\/it\/wp-json\/wp\/v2\/media?parent=840"}],"wp:term":[{"taxonomy":"product_brand","embeddable":true,"href":"https:\/\/mostiky.net\/it\/wp-json\/wp\/v2\/product_brand?post=840"},{"taxonomy":"product_cat","embeddable":true,"href":"https:\/\/mostiky.net\/it\/wp-json\/wp\/v2\/product_cat?post=840"},{"taxonomy":"product_tag","embeddable":true,"href":"https:\/\/mostiky.net\/it\/wp-json\/wp\/v2\/product_tag?post=840"}],"curies":[{"name":"wp","href":"https:\/\/api.w.org\/{rel}","templated":true}]}}