{"id":761,"date":"2025-05-07T08:31:29","date_gmt":"2025-05-07T06:31:29","guid":{"rendered":"https:\/\/mostiky.net\/produit\/domestar-3v-3-8-acciaio-inox-kit-di-46-connettori-di-montaggio-in-metallo-acciaio-inox-a2-ss304-per-cupola-geodetica-a-3-frequenze\/"},"modified":"2025-05-07T08:31:29","modified_gmt":"2025-05-07T06:31:29","slug":"domestar-3v-3-8-acciaio-inox-kit-di-46-connettori-di-montaggio-in-metallo-acciaio-inox-a2-ss304-per-cupola-geodetica-a-3-frequenze","status":"publish","type":"product","link":"https:\/\/mostiky.net\/it\/produit\/domestar-3v-3-8-acciaio-inox-kit-di-46-connettori-di-montaggio-in-metallo-acciaio-inox-a2-ss304-per-cupola-geodetica-a-3-frequenze\/","title":{"rendered":"DOMESTAR 3V 3\/8 ACCIAIO INOX: Kit di 46 connettori di montaggio in metallo Acciaio Inox A2\/SS304 per cupola geodetica a 3 frequenze"},"content":{"rendered":"<p><strong>SPEDIZIONE GRATUITA EUROPA<\/strong><\/p>\n<ul class=\"a-unordered-list a-vertical a-spacing-mini\">\n<li class=\"a-spacing-mini\"><span class=\"a-list-item\">46 CONNETTORI PROFESSIONALI: <strong>acciaio inox A2\/SS304<\/strong> con spessore 2,5 mm per cupola geodetica a frequenza 3V. Elevata resistenza alla pioggia. Questo kit contiene solo i connettori.  <\/span><\/li>\n<li class=\"a-spacing-mini\"><span class=\"a-list-item\">VIDEO, manuale d&#8217;uso e supporto personale: avrai accesso a tutti i video di montaggio e al mio supporto per guidarti durante il montaggio.<\/span><\/li>\n<li class=\"a-spacing-mini\"><span class=\"a-list-item\">DIMENSIONI FLESSIBILI: la lunghezza dei tuoi travetti determiner\u00e0 la dimensione della tua cupola geodetica<\/span><\/li>\n<li class=\"a-spacing-mini\"><span class=\"a-list-item\">MONTAGGIO ABBASTANZA FACILE: con 2 persone ci vuole circa 1 giorno per il taglio, la marcatura e la foratura e 1 giorno per il montaggio della cupola 3V<\/span><\/li>\n<li class=\"a-spacing-mini\"><span class=\"a-list-item\">Altro materiale necessario per il montaggio (non incluso): 120 montanti\/travetti\/travi in legno (solo 3 dimensioni), 240 bulloni. Sega, trapano, martello, chiave inglese, scala o scala a pioli. <\/span><\/li>\n<\/ul>\n<p>&nbsp;<\/p>\n<p>46 connettori in acciaio inox per cupola geodetica 3V 3\/8 (frequenza 3)<\/p>\n<p>Cosa \u00e8 incluso:<br \/>\n&#8211; 15 connettori a 4 rami- 6 connettori a 5 diramazioni<\/p>\n<p>&#8211; 25 connettori a 6 diramazioni<br \/>\n&#8211; Istruzioni di montaggio e collegamenti al video di montaggio<\/p>\n<p>&nbsp;<\/p>\n<p>Dati tecnici:<br \/>\nMateriale: acciaio inossidabile, spessore<br \/>\n2,5 mm Diametro del connettore: 19,5 cm<br \/>\nMarcatura A, B e C di tutti i rami del connettore<\/p>\n<p>&nbsp;<\/p>\n<p>Oltre ai connettori avrai bisogno di:<br \/>\n 120 montanti \/ travetti \/ travi in legno. Avrai accesso al mio calcolatore per determinare la lunghezza degli importi. Ci sono solo 3 lunghezze diverse.<br \/>\nLa lunghezza dei montanti determiner\u00e0 il diametro e l&#8217;altezza della cupola.<br \/>\n240 bulloni TRCC (testa tonda a collo quadro) 1 o 2 cm pi\u00f9 alti dell&#8217;altezza dei montanti.  <\/p>\n<p>&nbsp;<\/p>\n<p>Avrai bisogno dei seguenti strumenti:<br \/>\n&#8211; una sega (normale o seghetto alternativo, circolare o radiale) per tagliare i travetti alla misura<br \/>\n corretta- un trapano per i fori nei travetti<br \/>\n&#8211; un martello per guidare i bulloni<br \/>\n&#8211; una chiave inglese per avvitare i dadi (meglio: un cacciavite elettrico)<br \/>\n&#8211; una scala o una scala a pioli<\/p>\n<p>&nbsp;<\/p>\n<p>L&#8217;acquisto di questo kit include un dettagliato manuale allineato, video di installazione e tutorial e l&#8217;accesso al nostro servizio di assistenza al montaggio. Faccio di tutto per rendere il montaggio il pi\u00f9 semplice possibile per te. <\/p>\n<p>&nbsp;<\/p>\n<p>2 PERSONE NECESSARIE PER IL MONTAGGIO<br \/>\nSi noti che sono necessarie 2 persone per montare una cupola geodetica da 3 V (i nostri connettori per cupole da 1 V e 2 V possono essere montati da soli) poich\u00e9 alcuni gradini richiedono il supporto del pavimento inferiore.<\/p>\n<p>&nbsp;<\/p>\n<p>Si noti inoltre che uno smontaggio a cupola a 3V senza supporto dei piani inferiori piegher\u00e0 i connettori che quindi non saranno pi\u00f9 utilizzabili. Lo smontaggio \u00e8 quindi da riservare a persone esperte. <\/p>\n<p>&nbsp;<\/p>\n<h3>Avviso di sicurezza<\/h3>\n<p>Indossare dispositivi di protezione quando si utilizzano gli utensili, garantire la stabilit\u00e0 strutturale durante il montaggio e disporre di un&#8217;assistenza adeguata per prevenire lesioni.<\/p>\n","protected":false},"excerpt":{"rendered":"<p>46 connettori in acciaio inossidabile A2\/SS304 per cupola geodetica 3V 3\/8 (frequenza 3)<\/p>\n","protected":false},"featured_media":664,"comment_status":"closed","ping_status":"closed","template":"","meta":{"site-sidebar-layout":"default","site-content-layout":"","ast-site-content-layout":"default","site-content-style":"default","site-sidebar-style":"default","ast-global-header-display":"","ast-banner-title-visibility":"","ast-main-header-display":"","ast-hfb-above-header-display":"","ast-hfb-below-header-display":"","ast-hfb-mobile-header-display":"","site-post-title":"","ast-breadcrumbs-content":"","ast-featured-img":"","footer-sml-layout":"","ast-disable-related-posts":"","theme-transparent-header-meta":"default","adv-header-id-meta":"","stick-header-meta":"","header-above-stick-meta":"","header-main-stick-meta":"","header-below-stick-meta":"","astra-migrate-meta-layouts":"default","ast-page-background-enabled":"default","ast-page-background-meta":{"desktop":{"background-color":"var(--ast-global-color-5)","background-image":"","background-repeat":"repeat","background-position":"center center","background-size":"auto","background-attachment":"scroll","background-type":"","background-media":"","overlay-type":"","overlay-color":"","overlay-opacity":"","overlay-gradient":""},"tablet":{"background-color":"","background-image":"","background-repeat":"repeat","background-position":"center center","background-size":"auto","background-attachment":"scroll","background-type":"","background-media":"","overlay-type":"","overlay-color":"","overlay-opacity":"","overlay-gradient":""},"mobile":{"background-color":"","background-image":"","background-repeat":"repeat","background-position":"center center","background-size":"auto","background-attachment":"scroll","background-type":"","background-media":"","overlay-type":"","overlay-color":"","overlay-opacity":"","overlay-gradient":""}},"ast-content-background-meta":{"desktop":{"background-color":"var(--ast-global-color-4)","background-image":"","background-repeat":"repeat","background-position":"center center","background-size":"auto","background-attachment":"scroll","background-type":"","background-media":"","overlay-type":"","overlay-color":"","overlay-opacity":"","overlay-gradient":""},"tablet":{"background-color":"var(--ast-global-color-4)","background-image":"","background-repeat":"repeat","background-position":"center center","background-size":"auto","background-attachment":"scroll","background-type":"","background-media":"","overlay-type":"","overlay-color":"","overlay-opacity":"","overlay-gradient":""},"mobile":{"background-color":"var(--ast-global-color-4)","background-image":"","background-repeat":"repeat","background-position":"center center","background-size":"auto","background-attachment":"scroll","background-type":"","background-media":"","overlay-type":"","overlay-color":"","overlay-opacity":"","overlay-gradient":""}}},"product_brand":[128],"product_cat":[73],"product_tag":[],"class_list":{"0":"post-761","1":"product","2":"type-product","3":"status-publish","4":"has-post-thumbnail","6":"product_brand-domestar-it","7":"product_cat-cupola-geodetica","8":"desktop-align-left","9":"tablet-align-left","10":"mobile-align-left","12":"first","13":"outofstock","14":"sale","15":"taxable","16":"shipping-taxable","17":"product-type-simple"},"_links":{"self":[{"href":"https:\/\/mostiky.net\/it\/wp-json\/wp\/v2\/product\/761","targetHints":{"allow":["GET"]}}],"collection":[{"href":"https:\/\/mostiky.net\/it\/wp-json\/wp\/v2\/product"}],"about":[{"href":"https:\/\/mostiky.net\/it\/wp-json\/wp\/v2\/types\/product"}],"replies":[{"embeddable":true,"href":"https:\/\/mostiky.net\/it\/wp-json\/wp\/v2\/comments?post=761"}],"wp:featuredmedia":[{"embeddable":true,"href":"https:\/\/mostiky.net\/it\/wp-json\/wp\/v2\/media\/664"}],"wp:attachment":[{"href":"https:\/\/mostiky.net\/it\/wp-json\/wp\/v2\/media?parent=761"}],"wp:term":[{"taxonomy":"product_brand","embeddable":true,"href":"https:\/\/mostiky.net\/it\/wp-json\/wp\/v2\/product_brand?post=761"},{"taxonomy":"product_cat","embeddable":true,"href":"https:\/\/mostiky.net\/it\/wp-json\/wp\/v2\/product_cat?post=761"},{"taxonomy":"product_tag","embeddable":true,"href":"https:\/\/mostiky.net\/it\/wp-json\/wp\/v2\/product_tag?post=761"}],"curies":[{"name":"wp","href":"https:\/\/api.w.org\/{rel}","templated":true}]}}