{"id":759,"date":"2025-05-07T08:38:43","date_gmt":"2025-05-07T06:38:43","guid":{"rendered":"https:\/\/mostiky.net\/produit\/connettori-a-cupola-geodetica-domestar-3v-5-8-3v-5-8-kit-di-61-connettori-di-montaggio-in-acciaio-zincato-in-metallo-per-cupola-a-frequenza-3\/"},"modified":"2025-05-07T08:38:43","modified_gmt":"2025-05-07T06:38:43","slug":"connettori-a-cupola-geodetica-domestar-3v-5-8-3v-5-8-kit-di-61-connettori-di-montaggio-in-acciaio-zincato-in-metallo-per-cupola-a-frequenza-3","status":"publish","type":"product","link":"https:\/\/mostiky.net\/it\/produit\/connettori-a-cupola-geodetica-domestar-3v-5-8-3v-5-8-kit-di-61-connettori-di-montaggio-in-acciaio-zincato-in-metallo-per-cupola-a-frequenza-3\/","title":{"rendered":"Connettori a cupola geodetica DOMESTAR 3V 5\/8 3V 5\/8: Kit di 61 connettori di montaggio in acciaio zincato in metallo per cupola a frequenza 3"},"content":{"rendered":"<ul class=\"a-unordered-list a-vertical a-spacing-mini\">\n<li class=\"a-spacing-mini\"><span class=\"a-list-item\">61 CONNETTORI PROFESSIONALI: acciaio zincato spessore 3mm per cupola geodetica a frequenza 3V 5\/8. Elevata resistenza alla pioggia. Questo kit contiene solo i connettori.  <\/span><\/li>\n<li class=\"a-spacing-mini\"><span class=\"a-list-item\">ISTRUZIONI PER L&#8217;USO E IL SUPPORTO PERSONALE: avrai accesso a tutte le fasi di montaggio e al mio stand per guidarti durante il montaggio.<\/span><\/li>\n<li class=\"a-spacing-mini\"><span class=\"a-list-item\">DIMENSIONI FLESSIBILI: la lunghezza dei tuoi travetti determiner\u00e0 la dimensione della tua cupola geodetica<\/span><\/li>\n<li class=\"a-spacing-mini\"><span class=\"a-list-item\">MONTAGGIO ABBASTANZA FACILE: con 2 persone ci vuole circa 1 giorno per il taglio, la marcatura e la foratura e 1 giorno per il montaggio della cupola 3V<\/span><\/li>\n<li class=\"a-spacing-mini\"><span class=\"a-list-item\">Altro materiale necessario per il montaggio (non fornito): 165 montanti\/travetti\/travi in legno (solo 3 dimensioni), 330 bulloni. Sega, trapano, martello, chiave inglese, scala o scala a pioli. <\/span><\/li>\n<\/ul>\n<p>DOMESTAR: 61 connettori in acciaio zincato per cupola geodetica 3V 5\/8 (frequenza 3)<br \/>\nCosa \u00e8 incluso:<br \/>\n&#8211; 15 connettori a 4 diramazioni<br \/>\n&#8211; 6 connettori a 5 diramazioni- 40 connettori a 6 diramazioni<\/p>\n<p>&#8211; istruzioni di montaggio<\/p>\n<p>Nota: nella letteratura sulle cupole si parla del taglio 5\/8 esattamente uguale al 5\/9 o al 7\/12. Significa solo poco pi\u00f9 di una mezza sfera. Il modello 5\/8 \u00e8 pi\u00f9 lungo di 1 piano rispetto al modello 3\/8.  <\/p>\n<p>Dati tecnici:<br \/>\nMateriale: acciaio zincato, spessore<br \/>\n3 mm Diametro connettore: 19,5 cm<br \/>\nMarcatura A, B e C di tutti i rami del connettore<\/p>\n<p>Oltre ai connettori avrai bisogno di:<br \/>\n 165 montanti \/ travetti \/ travi in legno. Avrai accesso al mio calcolatore per determinare la lunghezza degli importi. Ci sono solo 3 lunghezze diverse.<br \/>\nLa lunghezza dei montanti determiner\u00e0 il diametro e l&#8217;altezza della cupola.<br \/>\n330 bulloni pi\u00f9 lunghi di 1 o 2 cm rispetto all&#8217;altezza dei prigionieri.  <\/p>\n<p>L&#8217;acquisto di questo kit include un manuale di istruzioni dettagliato, i tutorial di installazione e l&#8217;accesso al nostro servizio di assistenza al montaggio. Faccio di tutto per rendere il montaggio il pi\u00f9 semplice possibile per te. <\/p>\n<p>2 PERSONE NECESSARIE PER IL MONTAGGIO<br \/>\nSi noti che sono necessarie 2 persone per montare una cupola geodetica da 3 V (i nostri connettori per cupole da 1 V e 2 V possono essere montati da soli) poich\u00e9 alcuni gradini richiedono il supporto del pavimento inferiore.<\/p>\n<p>Si noti inoltre che uno smontaggio a cupola a 3V senza supporto dei piani inferiori piegher\u00e0 i connettori che quindi non saranno pi\u00f9 utilizzabili. Lo smontaggio senza danneggiare i connettori \u00e8 quindi riservato a persone esperte. <\/p>\n","protected":false},"excerpt":{"rendered":"<p>DOMESTAR: 61 connettori in acciaio zincato per cupola geodetica 3V 5\/8 (frequenza 3)<\/p>\n","protected":false},"featured_media":693,"comment_status":"closed","ping_status":"closed","template":"","meta":{"site-sidebar-layout":"default","site-content-layout":"","ast-site-content-layout":"default","site-content-style":"default","site-sidebar-style":"default","ast-global-header-display":"","ast-banner-title-visibility":"","ast-main-header-display":"","ast-hfb-above-header-display":"","ast-hfb-below-header-display":"","ast-hfb-mobile-header-display":"","site-post-title":"","ast-breadcrumbs-content":"","ast-featured-img":"","footer-sml-layout":"","ast-disable-related-posts":"","theme-transparent-header-meta":"default","adv-header-id-meta":"","stick-header-meta":"","header-above-stick-meta":"","header-main-stick-meta":"","header-below-stick-meta":"","astra-migrate-meta-layouts":"default","ast-page-background-enabled":"default","ast-page-background-meta":{"desktop":{"background-color":"var(--ast-global-color-5)","background-image":"","background-repeat":"repeat","background-position":"center center","background-size":"auto","background-attachment":"scroll","background-type":"","background-media":"","overlay-type":"","overlay-color":"","overlay-opacity":"","overlay-gradient":""},"tablet":{"background-color":"","background-image":"","background-repeat":"repeat","background-position":"center center","background-size":"auto","background-attachment":"scroll","background-type":"","background-media":"","overlay-type":"","overlay-color":"","overlay-opacity":"","overlay-gradient":""},"mobile":{"background-color":"","background-image":"","background-repeat":"repeat","background-position":"center center","background-size":"auto","background-attachment":"scroll","background-type":"","background-media":"","overlay-type":"","overlay-color":"","overlay-opacity":"","overlay-gradient":""}},"ast-content-background-meta":{"desktop":{"background-color":"var(--ast-global-color-4)","background-image":"","background-repeat":"repeat","background-position":"center center","background-size":"auto","background-attachment":"scroll","background-type":"","background-media":"","overlay-type":"","overlay-color":"","overlay-opacity":"","overlay-gradient":""},"tablet":{"background-color":"var(--ast-global-color-4)","background-image":"","background-repeat":"repeat","background-position":"center center","background-size":"auto","background-attachment":"scroll","background-type":"","background-media":"","overlay-type":"","overlay-color":"","overlay-opacity":"","overlay-gradient":""},"mobile":{"background-color":"var(--ast-global-color-4)","background-image":"","background-repeat":"repeat","background-position":"center center","background-size":"auto","background-attachment":"scroll","background-type":"","background-media":"","overlay-type":"","overlay-color":"","overlay-opacity":"","overlay-gradient":""}}},"product_brand":[128],"product_cat":[73],"product_tag":[],"class_list":{"0":"post-759","1":"product","2":"type-product","3":"status-publish","4":"has-post-thumbnail","6":"product_brand-domestar-it","7":"product_cat-cupola-geodetica","8":"desktop-align-left","9":"tablet-align-left","10":"mobile-align-left","12":"first","13":"outofstock","14":"sale","15":"taxable","16":"shipping-taxable","17":"product-type-simple"},"_links":{"self":[{"href":"https:\/\/mostiky.net\/it\/wp-json\/wp\/v2\/product\/759","targetHints":{"allow":["GET"]}}],"collection":[{"href":"https:\/\/mostiky.net\/it\/wp-json\/wp\/v2\/product"}],"about":[{"href":"https:\/\/mostiky.net\/it\/wp-json\/wp\/v2\/types\/product"}],"replies":[{"embeddable":true,"href":"https:\/\/mostiky.net\/it\/wp-json\/wp\/v2\/comments?post=759"}],"wp:featuredmedia":[{"embeddable":true,"href":"https:\/\/mostiky.net\/it\/wp-json\/wp\/v2\/media\/693"}],"wp:attachment":[{"href":"https:\/\/mostiky.net\/it\/wp-json\/wp\/v2\/media?parent=759"}],"wp:term":[{"taxonomy":"product_brand","embeddable":true,"href":"https:\/\/mostiky.net\/it\/wp-json\/wp\/v2\/product_brand?post=759"},{"taxonomy":"product_cat","embeddable":true,"href":"https:\/\/mostiky.net\/it\/wp-json\/wp\/v2\/product_cat?post=759"},{"taxonomy":"product_tag","embeddable":true,"href":"https:\/\/mostiky.net\/it\/wp-json\/wp\/v2\/product_tag?post=759"}],"curies":[{"name":"wp","href":"https:\/\/api.w.org\/{rel}","templated":true}]}}