{"id":2631,"date":"2026-05-11T16:48:18","date_gmt":"2026-05-11T14:48:18","guid":{"rendered":"https:\/\/mostiky.net\/produit\/cle-universelle-aerateurs-mousseurs-cache-tt-tj-jr-std-tf-cle-de-montage-et-demontage-compatible-neoperl-ob\/"},"modified":"2026-05-12T11:21:12","modified_gmt":"2026-05-12T09:21:12","slug":"cle-universelle-aerateurs-mousseurs-cache-tt-tj-jr-std-tf-cle-de-montage-et-demontage-compatible-neoperl-ob","status":"publish","type":"product","link":"https:\/\/mostiky.net\/it\/produit\/cle-universelle-aerateurs-mousseurs-cache-tt-tj-jr-std-tf-cle-de-montage-et-demontage-compatible-neoperl-ob\/","title":{"rendered":"chiave universale per Aeratori cach\u00e9 TT, TJ, JR, STD, TF. Chiave di assemblaggio e smontaggio compatibile con Neoperl &#8211; OB"},"content":{"rendered":"<div class=\"celwidget aplus-module 3p-module-b aplus-standard\" data-csa-c-type=\"widget\" data-csa-c-slot-id=\"dp_desktop_aplus_3p-module-b_div\" data-csa-c-content-id=\"aplus_3p-module-b\" data-csa-c-id=\"4butuy-enay38-bbcd5h-em70sp\" data-cel-widget=\"aplus-3p-module-b\">\n<div class=\"aplus-module-wrapper aplus-3p-fixed-width\">\n<h3 class=\"a-spacing-mini\">Aeratori Universali BLUMKRAFT \/ Aeratori cach\u00e9 TT, TJ, JR, STD, TF<\/h3>\n<p>SCATOLA APERTA: L&#8217;imballaggio in cartone del prodotto \u00e8 stato aperto, ma il prodotto non \u00e8 mai stato utilizzato ed \u00e8 rimasto in buone condizioni.<\/p>\n<p><img decoding=\"async\" class=\"a-spacing-base\" src=\"https:\/\/m.media-amazon.com\/images\/S\/aplus-media-library-service-media\/97dc2e09-5021-43c1-a88b-3311d5bc1813.__CR0,120,5000,3093_PT0_SX970_V1___.jpg\" alt=\"Primo piano di mani che tengono un aeratore metallico a pi\u00f9 fori, che illustra il processo di rimozione o installazione\" data-src=\"https:\/\/m.media-amazon.com\/images\/S\/aplus-media-library-service-media\/97dc2e09-5021-43c1-a88b-3311d5bc1813.__CR0,120,5000,3093_PT0_SX970_V1___.jpg\"><\/p>\n<h3 class=\"a-spacing-mini\">La chiave universale BLUMKRAFT consente l&#8217;assemblaggio e lo smontaggio degli aeratori cach\u00e9 TT, TJ, JR, STD e TF .<\/h3>\n<p>&nbsp;<\/p>\n<\/div>\n<\/div>\n<div class=\"celwidget aplus-module module-2 aplus-standard\" data-csa-c-type=\"widget\" data-csa-c-slot-id=\"dp_desktop_aplus_module-2_div\" data-csa-c-content-id=\"aplus_module-2\" data-csa-c-id=\"oi75gg-zckgz7-wxgzt5-yc622u\" data-cel-widget=\"aplus-module-2\">\n<div class=\"aplus-module-wrapper apm-floatnone apm-fixed-width\">\n<div class=\"apm-sidemodule apm-spacing\">\n<div class=\"apm-sidemodule-imageleft\"><img decoding=\"async\" class=\"alignleft\" src=\"https:\/\/m.media-amazon.com\/images\/S\/aplus-media-library-service-media\/694c9ac3-eaf5-44ee-837a-e0f6447fb77b.__CR0,0,2000,2000_PT0_SX300_V1___.jpg\" alt=\"mostrando quattro modelli: TT (16,5 mm), TJ (18,5 mm), JR (21,5 mm) e STD (24 mm). Include informazioni di compatibilit\u00e0 per diverse dimensioni.\" data-src=\"https:\/\/m.media-amazon.com\/images\/S\/aplus-media-library-service-media\/694c9ac3-eaf5-44ee-837a-e0f6447fb77b.__CR0,0,2000,2000_PT0_SX300_V1___.jpg\"><\/div>\n<div class=\"apm-sidemodule-imageleft\"><span style=\"font-size: 1.5em; font-weight: bold;\">COMPATIBILE CON TUTTI I FORMATI NASCOSTI DI NEOPERL<\/span><\/div>\n<div class=\"apm-sidemodule-textright\">\n<p>&nbsp;<\/p>\n<ul class=\"a-unordered-list a-vertical\">\n<li><span class=\"a-list-item\">TT: M16.5<\/span><\/li>\n<li><span class=\"a-list-item\">TJ: M18.5 (compatibile con il rubinetto IKEA)<\/span><\/li>\n<li><span class=\"a-list-item\">JR: M21.5<\/span><\/li>\n<li><span class=\"a-list-item\">STD: M24<\/span><\/li>\n<li><span class=\"a-list-item\">TF: U28<\/span><\/li>\n<\/ul>\n<p>&nbsp;<\/p>\n<p>La tabella mostra la dimensione in mm di ciascun standard. Ad esempio, lo standard TJ \u00e8 18,5mm ed \u00e8 quello compatibile con i rubinetti IKEA. <\/p>\n<\/div>\n<\/div>\n<\/div>\n<div><\/div>\n<\/div>\n<div class=\"celwidget aplus-module 3p-module-b aplus-standard\" data-csa-c-type=\"widget\" data-csa-c-slot-id=\"dp_desktop_aplus_3p-module-b_div\" data-csa-c-content-id=\"aplus_3p-module-b\" data-csa-c-id=\"fvbm8m-l77mtv-pd8qek-2onp2j\" data-cel-widget=\"aplus-3p-module-b\">\n<div class=\"aplus-module-wrapper aplus-3p-fixed-width\">\n<h3 class=\"a-spacing-mini\">FORTE ED EFFICIENTE<\/h3>\n<p><img decoding=\"async\" class=\"a-spacing-base\" src=\"https:\/\/m.media-amazon.com\/images\/S\/aplus-media-library-service-media\/af2b104d-5c5a-4f14-b364-969b06f06cc9.__CR0,120,5000,3093_PT0_SX970_V1___.jpg\" alt=\"Tieni un piccolo utensile metallico a forma di stella contro un rubinetto o un raccordo in acciaio inox. Lo strumento sembra essere una chiave inglese o una chiave specializzata\" data-src=\"https:\/\/m.media-amazon.com\/images\/S\/aplus-media-library-service-media\/af2b104d-5c5a-4f14-b364-969b06f06cc9.__CR0,120,5000,3093_PT0_SX970_V1___.jpg\"><\/p>\n<\/div>\n<\/div>\n<p>&nbsp;<\/p>\n<div class=\"celwidget aplus-module 3p-module-b aplus-standard\" data-csa-c-type=\"widget\" data-csa-c-slot-id=\"dp_desktop_aplus_3p-module-b_div\" data-csa-c-content-id=\"aplus_3p-module-b\" data-csa-c-id=\"fvbm8m-l77mtv-pd8qek-2onp2j\" data-cel-widget=\"aplus-3p-module-b\">\n<div class=\"aplus-module-wrapper aplus-3p-fixed-width\">\n<ul class=\"a-unordered-list a-vertical\">\n<li><span class=\"a-list-item\">La sua produzione in un unico blocco di metallo permette di smontare tutti i aeratori \/ aeratori NASCOSTI, anche quelli pi\u00f9 bloccati.<\/span><img decoding=\"async\" class=\"a-spacing-mini alignright\" src=\"https:\/\/m.media-amazon.com\/images\/S\/aplus-media-library-service-media\/417feaf8-b97e-44ca-a4aa-b13f16e9fd45.__CR833,0,3333,3333_PT0_SX300_V1___.jpg\" alt=\"Primo piano di un dispositivo di bellezza in argento con pi\u00f9 punte, tenuto contro un dito, presumibilmente per un trattamento del viso o per la cura della pelle\" data-src=\"https:\/\/m.media-amazon.com\/images\/S\/aplus-media-library-service-media\/417feaf8-b97e-44ca-a4aa-b13f16e9fd45.__CR833,0,3333,3333_PT0_SX300_V1___.jpg\"><\/li>\n<li><span class=\"a-list-item\">Questa chiave inglese in metallo funziona dove le chiavi in plastica non funzionano: potrai smontare aeratori bloccati dal calcare.<\/span><\/li>\n<li><span class=\"a-list-item\">La presenza di un foro sotto ogni tasto permette di applicare pressione con un dito mentre il tasto ruota.  <\/span><\/li>\n<li><span class=\"a-list-item\">Tutti i tasti sono sullo stesso lato: questo rende pi\u00f9 facile prendere il controllo con il tasto.<\/span><\/li>\n<\/ul>\n<p>&nbsp;<\/p>\n<\/div>\n<\/div>\n<div class=\"celwidget aplus-module module-3 aplus-standard\" data-csa-c-type=\"widget\" data-csa-c-slot-id=\"dp_desktop_aplus_module-3_div\" data-csa-c-content-id=\"aplus_module-3\" data-csa-c-id=\"zgi7zo-7lzjuh-68zp86-8z1tll\" data-cel-widget=\"aplus-module-3\">\n<div class=\"aplus-module-wrapper apm-floatnone apm-fixed-width\">\n<div class=\"apm-sidemodule apm-spacing\">\n<div class=\"apm-sidemodule-textleft\">\n<h3 class=\"a-spacing-mini\">COME RICONOSCERE IL FORMATO NASCOSTO?<\/h3>\n<p>Gli aeratori nascosti non sporgono dal rubinetto. Hanno merlature simili a un castello fortificato. <\/p>\n<\/div>\n<\/div>\n<\/div>\n<div><\/div>\n<\/div>\n<div class=\"celwidget aplus-module 3p-module-b aplus-standard\" data-csa-c-type=\"widget\" data-csa-c-slot-id=\"dp_desktop_aplus_3p-module-b_div\" data-csa-c-content-id=\"aplus_3p-module-b\" data-csa-c-id=\"lmcrin-rmoj8a-fl3spt-5r9bbi\" data-cel-widget=\"aplus-3p-module-b\">\n<div class=\"aplus-module-wrapper aplus-3p-fixed-width\">\n<p><img decoding=\"async\" class=\"a-spacing-base\" src=\"https:\/\/m.media-amazon.com\/images\/S\/aplus-media-library-service-media\/e9d7480e-2960-4f2f-a5ba-6e246454683f.__CR0,120,5000,3093_PT0_SX970_V1___.jpg\" alt=\"Primo piano di diverse punte circolari con bordi seghettati attaccate a un albero metallico, con particolare attenzione ai loro denti incastrati e\" data-src=\"https:\/\/m.media-amazon.com\/images\/S\/aplus-media-library-service-media\/e9d7480e-2960-4f2f-a5ba-6e246454683f.__CR0,120,5000,3093_PT0_SX970_V1___.jpg\"><\/p>\n<h3 class=\"a-spacing-mini\">CONSIGLIO DI CURA<\/h3>\n<p class=\"a-spacing-base\">Blumkraft raccomanda di effettuare una manutenzione ANNUALE dei tuoi aeratori\/aeratori.<\/p>\n<p class=\"a-spacing-base\">Smontali con la nostra chiave inglese universale e immergile nell&#8217;aceto per alcune ore: questo eviter\u00e0 l&#8217;accumulo di calcare e avrai un ottimo flusso d&#8217;acqua nei rubinetti.<\/p>\n<\/div>\n<\/div>\n","protected":false},"excerpt":{"rendered":"<ul>\n<li>SCATOLA APERTA: L&#8217;imballaggio in cartone del prodotto \u00e8 stato aperto, ma il prodotto non \u00e8 mai stato utilizzato ed \u00e8 rimasto in buone condizioni.<\/li>\n<li class=\"a-spacing-mini\"><span class=\"a-list-item\">\ud83d\udeb0 METALLO: Chiave inglese solida in metallo per smontare e rimontare aeratori\/aeratori di rubinetto NASCOSTI  <\/span><\/li>\n<li class=\"a-spacing-mini\"><span class=\"a-list-item\">\ud83d\udeb0 UNIVERSALE: 5 formati: TT (M16.5), TJ (M18.5), JR (M21.5), STD (M24), TF (M28). Compatibile con Neoperl.   <\/span><\/li>\n<li class=\"a-spacing-mini\"><span class=\"a-list-item\">\ud83d\udeb0 FACILE DA USARE: un foro sotto ogni tasto permette di applicare pressione con un dito mentre si smontano gli aeratori bloccati dal calcare  <\/span><\/li>\n<li class=\"a-spacing-mini\"><span class=\"a-list-item\">\ud83d\udeb0 PRATICO: i 5 tasti sono sullo stesso lato per migliorare l&#8217;aderenza durante l&#8217;estrazione degli aeratori  <\/span><\/li>\n<li class=\"a-spacing-mini\"><span class=\"a-list-item\">\ud83d\udeb0 CALCARE: la costruzione metallica permette lo smontaggio di aeratori NASTI, anche quelli bloccati dal calcare<\/span><\/li>\n<\/ul>\n","protected":false},"featured_media":2632,"comment_status":"closed","ping_status":"closed","template":"","meta":{"site-sidebar-layout":"default","site-content-layout":"","ast-site-content-layout":"default","site-content-style":"default","site-sidebar-style":"default","ast-global-header-display":"","ast-banner-title-visibility":"","ast-main-header-display":"","ast-hfb-above-header-display":"","ast-hfb-below-header-display":"","ast-hfb-mobile-header-display":"","site-post-title":"","ast-breadcrumbs-content":"","ast-featured-img":"","footer-sml-layout":"","ast-disable-related-posts":"","theme-transparent-header-meta":"default","adv-header-id-meta":"","stick-header-meta":"","header-above-stick-meta":"","header-main-stick-meta":"","header-below-stick-meta":"","astra-migrate-meta-layouts":"set","ast-page-background-enabled":"default","ast-page-background-meta":{"desktop":{"background-color":"var(--ast-global-color-5)","background-image":"","background-repeat":"repeat","background-position":"center center","background-size":"auto","background-attachment":"scroll","background-type":"","background-media":"","overlay-type":"","overlay-color":"","overlay-opacity":"","overlay-gradient":""},"tablet":{"background-color":"","background-image":"","background-repeat":"repeat","background-position":"center center","background-size":"auto","background-attachment":"scroll","background-type":"","background-media":"","overlay-type":"","overlay-color":"","overlay-opacity":"","overlay-gradient":""},"mobile":{"background-color":"","background-image":"","background-repeat":"repeat","background-position":"center center","background-size":"auto","background-attachment":"scroll","background-type":"","background-media":"","overlay-type":"","overlay-color":"","overlay-opacity":"","overlay-gradient":""}},"ast-content-background-meta":{"desktop":{"background-color":"var(--ast-global-color-4)","background-image":"","background-repeat":"repeat","background-position":"center center","background-size":"auto","background-attachment":"scroll","background-type":"","background-media":"","overlay-type":"","overlay-color":"","overlay-opacity":"","overlay-gradient":""},"tablet":{"background-color":"var(--ast-global-color-4)","background-image":"","background-repeat":"repeat","background-position":"center center","background-size":"auto","background-attachment":"scroll","background-type":"","background-media":"","overlay-type":"","overlay-color":"","overlay-opacity":"","overlay-gradient":""},"mobile":{"background-color":"var(--ast-global-color-4)","background-image":"","background-repeat":"repeat","background-position":"center center","background-size":"auto","background-attachment":"scroll","background-type":"","background-media":"","overlay-type":"","overlay-color":"","overlay-opacity":"","overlay-gradient":""}}},"product_brand":[],"product_cat":[152],"product_tag":[],"class_list":{"0":"post-2631","1":"product","2":"type-product","3":"status-publish","4":"has-post-thumbnail","6":"product_cat-plomberie","7":"desktop-align-left","8":"tablet-align-left","9":"mobile-align-left","11":"first","12":"instock","13":"sale","14":"taxable","15":"shipping-taxable","16":"purchasable","17":"product-type-simple"},"_links":{"self":[{"href":"https:\/\/mostiky.net\/it\/wp-json\/wp\/v2\/product\/2631","targetHints":{"allow":["GET"]}}],"collection":[{"href":"https:\/\/mostiky.net\/it\/wp-json\/wp\/v2\/product"}],"about":[{"href":"https:\/\/mostiky.net\/it\/wp-json\/wp\/v2\/types\/product"}],"replies":[{"embeddable":true,"href":"https:\/\/mostiky.net\/it\/wp-json\/wp\/v2\/comments?post=2631"}],"wp:featuredmedia":[{"embeddable":true,"href":"https:\/\/mostiky.net\/it\/wp-json\/wp\/v2\/media\/2632"}],"wp:attachment":[{"href":"https:\/\/mostiky.net\/it\/wp-json\/wp\/v2\/media?parent=2631"}],"wp:term":[{"taxonomy":"product_brand","embeddable":true,"href":"https:\/\/mostiky.net\/it\/wp-json\/wp\/v2\/product_brand?post=2631"},{"taxonomy":"product_cat","embeddable":true,"href":"https:\/\/mostiky.net\/it\/wp-json\/wp\/v2\/product_cat?post=2631"},{"taxonomy":"product_tag","embeddable":true,"href":"https:\/\/mostiky.net\/it\/wp-json\/wp\/v2\/product_tag?post=2631"}],"curies":[{"name":"wp","href":"https:\/\/api.w.org\/{rel}","templated":true}]}}