{"id":2533,"date":"2026-05-11T13:23:59","date_gmt":"2026-05-11T11:23:59","guid":{"rendered":"https:\/\/mostiky.net\/produit\/mousseur-aerateur-noir-compatible-avec-ikea-robinets-m18-5-2-modes-jets-pivotant-a-360-degres-et-inclinable-80-filtre-integre-op\/"},"modified":"2026-05-12T11:55:13","modified_gmt":"2026-05-12T09:55:13","slug":"mousseur-aerateur-noir-compatible-avec-ikea-robinets-m18-5-2-modes-jets-pivotant-a-360-degres-et-inclinable-80-filtre-integre-op","status":"publish","type":"product","link":"https:\/\/mostiky.net\/it\/produit\/mousseur-aerateur-noir-compatible-avec-ikea-robinets-m18-5-2-modes-jets-pivotant-a-360-degres-et-inclinable-80-filtre-integre-op\/","title":{"rendered":"Aerator Black compatibile con i rubinetti IKEA M18.5. 2 modalit\u00e0\/getti.  Rotazione e inclinazione di 360\u00b0. Filtro integrato &#8211; OB"},"content":{"rendered":"<p>BLUMKRAFT Aerator Black compatibile con i rubinetti IKEA M18.5<\/p>\n<p>SCATOLA APERTA: L&#8217;imballaggio in cartone del prodotto \u00e8 stato aperto, ma il prodotto non \u00e8 mai stato utilizzato ed \u00e8 rimasto in buone condizioni.<\/p>\n<p>Il nostro aeratore BLUMKRAFT \u00e8 dotato di un adattatore maschio M18.5 compatibile con quasi tutti i rubinetti da cucina IKEA.<\/p>\n<p>Un aeratore girevole a 360<br \/>\n\u00b0Il ventilatore ruota di 360 gradi e pu\u00f2 inclinarsi di 80 gradi per raggiungere ogni angolo del lavandino.<\/p>\n<p>Due modalit\u00e0 d&#8217;uso<br \/>\n: girando il muso del rubinetto, si cambia modalit\u00e0: passa dalla modalit\u00e0 morbida a bolle per lavarsi le mani a modalit\u00e0 spray per lavare i piatti.<\/p>\n<p>&nbsp;<\/p>\n<p>BLUMKRAFT Compatibile con i seguenti rubinetti\/miscelatori IKEA:<br \/>\n&#8211; \u00c4lmaren \/ Almaren<br \/>\n&#8211; Bosj\u00f6n \/ Bosjon<br \/>\n&#8211; Brogrund<br \/>\n&#8211; Dalsk\u00e4r \/ Dalskar<br \/>\n&#8211; Delsj\u00f6n \/ Delsjon<br \/>\n&#8211; Elverdam<br \/>\n&#8211; Gamlesj\u00f6n \/ Gamlesjon<br \/>\n&#8211; Glypen<br \/>\n&#8211; Gransk\u00e4r \/ Granskar<br \/>\n&#8211; Insj\u00f6n \/ Insjon<br \/>\n&#8211; Lillsvan<br \/>\n&#8211; Lundsk\u00e4r \/ Lundskar<br \/>\n&#8211; Nyvattnet<br \/>\n&#8211; Pilk\u00e5n \/ Pilkan<br \/>\n&#8211; Ringsk\u00e4r \/ Ringskar<br \/>\n&#8211; Sandsj\u00f6n \/ Sandsjon<br \/>\n&#8211; Svensk\u00e4r \/ Svenskar<br \/>\n&#8211; T\u00e4mnaren \/ Tamnaren<br \/>\n&#8211; Vattnet \/ Voxnan<br \/>\n&#8211; Yttran<\/p>\n<p>Test di compatibilit\u00e0:<br \/>\n Per essere sicuri di non commettere errori nell&#8217;ordine, \u00e8 facile!<br \/>\nPrima di fare un ordine, misura l&#8217;aeratore del rubinetto: smonta l&#8217;aeratore e confrontalo con una moneta da 2 centesimi: dovrebbero essere della stessa dimensione.<\/p>\n<p>Installazione facile<br \/>\n1. Svita l&#8217;aeratore esistente dal rubinetto con un rubinetto a due pezzi<br \/>\n. Avvita il nostro aeratore\/aeratore a mano e senza attrezzi<\/p>\n<p>Dimensioni<br \/>\nLunghezza con adattatore: 71mm<br \/>\nLunghezza una volta installato: 62mm<br \/>\nDiametro: 28mm<\/p>\n","protected":false},"excerpt":{"rendered":"<ul class=\"a-unordered-list a-vertical a-spacing-mini\">\n<li>SCATOLA APERTA: L&#8217;imballaggio in cartone del prodotto \u00e8 stato aperto, ma il prodotto non \u00e8 mai stato utilizzato ed \u00e8 rimasto in buone condizioni.<\/li>\n<li class=\"a-spacing-mini\"><span class=\"a-list-item\">360 GRADI: Aeratore a rubinetto girevole che ruota di 360\u00b0 e si inclina di 80\u00b0. Aeratore integrato e filtro a rubinetto.   <\/span><\/li>\n<li class=\"a-spacing-mini\"><span class=\"a-list-item\">COMPATIBILE CON IL RUBINETTO IKEA: Il raccordo M18.5 si adatta a quasi tutti i rubinetti da cucina IKEA, Neoperl TJ  <\/span><\/li>\n<li class=\"a-spacing-mini\"><span class=\"a-list-item\">DOPPIO GETTO: passando l&#8217;estremit\u00e0 dell&#8217;aeratore da flusso di bolle aerate a getto forte  <\/span><\/li>\n<li class=\"a-spacing-mini\"><span class=\"a-list-item\">COLORE NERO: Il raccordo compatibile IKEA \u00e8 in metallo. Il fondo \u00e8 realizzato in resina di alta qualit\u00e0.   <\/span><\/li>\n<li class=\"a-spacing-mini\"><span class=\"a-list-item\">FACILE DA INSTALLARE: montaggio senza attrezzi. Rimuovi l&#8217;aeratore dal rubinetto e avvita a mano il nostro aeratore girevole <\/span><\/li>\n<\/ul>\n","protected":false},"featured_media":2489,"comment_status":"closed","ping_status":"closed","template":"","meta":{"site-sidebar-layout":"default","site-content-layout":"","ast-site-content-layout":"default","site-content-style":"default","site-sidebar-style":"default","ast-global-header-display":"","ast-banner-title-visibility":"","ast-main-header-display":"","ast-hfb-above-header-display":"","ast-hfb-below-header-display":"","ast-hfb-mobile-header-display":"","site-post-title":"","ast-breadcrumbs-content":"","ast-featured-img":"","footer-sml-layout":"","ast-disable-related-posts":"","theme-transparent-header-meta":"default","adv-header-id-meta":"","stick-header-meta":"","header-above-stick-meta":"","header-main-stick-meta":"","header-below-stick-meta":"","astra-migrate-meta-layouts":"set","ast-page-background-enabled":"default","ast-page-background-meta":{"desktop":{"background-color":"var(--ast-global-color-5)","background-image":"","background-repeat":"repeat","background-position":"center center","background-size":"auto","background-attachment":"scroll","background-type":"","background-media":"","overlay-type":"","overlay-color":"","overlay-opacity":"","overlay-gradient":""},"tablet":{"background-color":"","background-image":"","background-repeat":"repeat","background-position":"center center","background-size":"auto","background-attachment":"scroll","background-type":"","background-media":"","overlay-type":"","overlay-color":"","overlay-opacity":"","overlay-gradient":""},"mobile":{"background-color":"","background-image":"","background-repeat":"repeat","background-position":"center center","background-size":"auto","background-attachment":"scroll","background-type":"","background-media":"","overlay-type":"","overlay-color":"","overlay-opacity":"","overlay-gradient":""}},"ast-content-background-meta":{"desktop":{"background-color":"var(--ast-global-color-4)","background-image":"","background-repeat":"repeat","background-position":"center center","background-size":"auto","background-attachment":"scroll","background-type":"","background-media":"","overlay-type":"","overlay-color":"","overlay-opacity":"","overlay-gradient":""},"tablet":{"background-color":"var(--ast-global-color-4)","background-image":"","background-repeat":"repeat","background-position":"center center","background-size":"auto","background-attachment":"scroll","background-type":"","background-media":"","overlay-type":"","overlay-color":"","overlay-opacity":"","overlay-gradient":""},"mobile":{"background-color":"var(--ast-global-color-4)","background-image":"","background-repeat":"repeat","background-position":"center center","background-size":"auto","background-attachment":"scroll","background-type":"","background-media":"","overlay-type":"","overlay-color":"","overlay-opacity":"","overlay-gradient":""}}},"product_brand":[],"product_cat":[152],"product_tag":[],"class_list":{"0":"post-2533","1":"product","2":"type-product","3":"status-publish","4":"has-post-thumbnail","6":"product_cat-plomberie","7":"desktop-align-left","8":"tablet-align-left","9":"mobile-align-left","11":"first","12":"instock","13":"sale","14":"taxable","15":"shipping-taxable","16":"purchasable","17":"product-type-simple"},"_links":{"self":[{"href":"https:\/\/mostiky.net\/it\/wp-json\/wp\/v2\/product\/2533","targetHints":{"allow":["GET"]}}],"collection":[{"href":"https:\/\/mostiky.net\/it\/wp-json\/wp\/v2\/product"}],"about":[{"href":"https:\/\/mostiky.net\/it\/wp-json\/wp\/v2\/types\/product"}],"replies":[{"embeddable":true,"href":"https:\/\/mostiky.net\/it\/wp-json\/wp\/v2\/comments?post=2533"}],"wp:featuredmedia":[{"embeddable":true,"href":"https:\/\/mostiky.net\/it\/wp-json\/wp\/v2\/media\/2489"}],"wp:attachment":[{"href":"https:\/\/mostiky.net\/it\/wp-json\/wp\/v2\/media?parent=2533"}],"wp:term":[{"taxonomy":"product_brand","embeddable":true,"href":"https:\/\/mostiky.net\/it\/wp-json\/wp\/v2\/product_brand?post=2533"},{"taxonomy":"product_cat","embeddable":true,"href":"https:\/\/mostiky.net\/it\/wp-json\/wp\/v2\/product_cat?post=2533"},{"taxonomy":"product_tag","embeddable":true,"href":"https:\/\/mostiky.net\/it\/wp-json\/wp\/v2\/product_tag?post=2533"}],"curies":[{"name":"wp","href":"https:\/\/api.w.org\/{rel}","templated":true}]}}