{"id":2374,"date":"2026-03-05T18:30:40","date_gmt":"2026-03-05T17:30:40","guid":{"rendered":"https:\/\/mostiky.net\/produit\/connettori-a-cupola-geodetica-domestar-4v-1-2-4v-1-2-kit-di-91-connettori-di-montaggio-metallico-in-acciaio-zincato-per-frequenza-4-cupola-a-base-piatta\/"},"modified":"2026-03-05T18:30:40","modified_gmt":"2026-03-05T17:30:40","slug":"connettori-a-cupola-geodetica-domestar-4v-1-2-4v-1-2-kit-di-91-connettori-di-montaggio-metallico-in-acciaio-zincato-per-frequenza-4-cupola-a-base-piatta","status":"publish","type":"product","link":"https:\/\/mostiky.net\/it\/produit\/connettori-a-cupola-geodetica-domestar-4v-1-2-4v-1-2-kit-di-91-connettori-di-montaggio-metallico-in-acciaio-zincato-per-frequenza-4-cupola-a-base-piatta\/","title":{"rendered":"Connettori a cupola geodetica DOMESTAR 4V 1\/2 4V 1\/2: Kit di 91 connettori di montaggio metallico in acciaio zincato per frequenza 4 Cupola a base piatta"},"content":{"rendered":"<p><strong>OFFERTA SPECIALE PER IL LANCIO DEL DOMESTAR 4V: Rimborso il 50% del prezzo d&#8217;acquisto se mi fornisci il rapporto fotografico dell&#8217;assemblaggio di questa cupola e il 75% per un rapporto foto + video (per illustrare il manuale utente). Contattami! <\/strong><\/p>\n<ul class=\"a-unordered-list a-vertical a-spacing-mini\">\n<li>Modello a base piatta: questi connettori permettono una base piatta alla cupola geodetica.<\/li>\n<li class=\"a-spacing-mini\"><span class=\"a-list-item\">91 CONNETTORI PROFESSIONALI: acciaio zincato spesso 3 mm per cupola geodetica a frequenza 4V 1\/12. Alta resistenza alla pioggia. Questo kit contiene solo i connettori.  <\/span><\/li>\n<li class=\"a-spacing-mini\"><span class=\"a-list-item\">ISTRUZIONI PER L&#8217;USO E SUPPORTO PERSONALE: avrai accesso a tutti i passaggi dell&#8217;assemblaggio e al mio supporto per guidarti durante l&#8217;assemblaggio.<\/span><\/li>\n<li class=\"a-spacing-mini\"><span class=\"a-list-item\">DIMENSIONE FLESSIBILE: la lunghezza delle travi determiner\u00e0 la dimensione della cupola geodetica<\/span><\/li>\n<li class=\"a-spacing-mini\"><span class=\"a-list-item\">MONTAGGIO ABBASTANZA SEMPLICE: per 2 persone ci vogliono circa 2 giorni per tagliare, segnare e forare e 2 giorni per assemblare la cupola a 4V<\/span><\/li>\n<li class=\"a-spacing-mini\"><span class=\"a-list-item\">Altri componenti necessari per l&#8217;assemblaggio (non forniti): montanti in legno \/ travi \/ travi, 500 viti + bulloni. Sega, trapano, martello, chiave inglese, scala o scala. <\/span><\/li>\n<\/ul>\n<h3>Calcolatrice e istruzioni di montaggio:<\/h3>\n<p><a href=\"https:\/\/blumkraft.com\/domestar-4v-1-2\/\">Domestar F4: Calcolatrice di montaggio<\/a><\/p>\n<p>DOMESTAR: 91 connettori in acciaio zincato per cupola geodetica 4V 1\/2 (frequenza 4)<br \/>\n Cosa incluso:<br \/>\n &#8211; 91 connettori<br \/>\n &#8211; istruzioni di assemblaggio<\/p>\n<p>&nbsp;<\/p>\n<p>Dati tecnici:<br \/>\n Materiale: acciaio zincato, spesso<br \/>\n3 mm Diametro del connettore: 19,5 cm<br \/>\nMarcatura di tutte le tempie dei connettori<\/p>\n<p>Oltre ai connettori, ti serviranno i montanti<br \/>\n in legno \/ travi \/ travi. Avrai accesso al mio calcolatore per determinare la durata delle somme.<br \/>\nLa lunghezza dei montanti determiner\u00e0 il diametro e l&#8217;altezza della cupola.<br \/>\n500 viti e bulloni 1 o 2 cm pi\u00f9 alti dell&#8217;altezza dei montanti. <\/p>\n<p>L&#8217;acquisto di questo kit include un manuale di istruzioni dettagliato, tutorial sull&#8217;installazione e l&#8217;accesso al nostro servizio di assistenza all&#8217;assemblaggio. Faccio di tutto per rendere l&#8217;assemblaggio il pi\u00f9 semplice possibile per te. <\/p>\n<p>2 PERSONE NECESSARIE PER L&#8217;ASSEMBLAGGIO<br \/>\nNota che in realt\u00e0 servono 2 persone per montare una cupola geodetica a 4V (i nostri connettori per cupole 1V e 2V possono essere montati da soli) poich\u00e9 alcuni gradini richiedono di sostenere il piano inferiore.<\/p>\n<p>Nota anche che uno smontaggio a cupola 4V senza supporto per i piani inferiori piegher\u00e0 i connettori, che poi non saranno pi\u00f9 utilizzabili. Lo smontaggio senza danneggiare i connettori \u00e8 quindi riservato a persone esperte. <\/p>\n","protected":false},"excerpt":{"rendered":"<p>DOMESTAR: 91 connettori in acciaio zincato per cupola geodetica 4V 1\/2 (frequenza 4)<\/p>\n","protected":false},"featured_media":1990,"comment_status":"closed","ping_status":"closed","template":"","meta":{"site-sidebar-layout":"default","site-content-layout":"","ast-site-content-layout":"default","site-content-style":"default","site-sidebar-style":"default","ast-global-header-display":"","ast-banner-title-visibility":"","ast-main-header-display":"","ast-hfb-above-header-display":"","ast-hfb-below-header-display":"","ast-hfb-mobile-header-display":"","site-post-title":"","ast-breadcrumbs-content":"","ast-featured-img":"","footer-sml-layout":"","ast-disable-related-posts":"","theme-transparent-header-meta":"default","adv-header-id-meta":"","stick-header-meta":"","header-above-stick-meta":"","header-main-stick-meta":"","header-below-stick-meta":"","astra-migrate-meta-layouts":"default","ast-page-background-enabled":"default","ast-page-background-meta":{"desktop":{"background-color":"var(--ast-global-color-5)","background-image":"","background-repeat":"repeat","background-position":"center center","background-size":"auto","background-attachment":"scroll","background-type":"","background-media":"","overlay-type":"","overlay-color":"","overlay-opacity":"","overlay-gradient":""},"tablet":{"background-color":"","background-image":"","background-repeat":"repeat","background-position":"center center","background-size":"auto","background-attachment":"scroll","background-type":"","background-media":"","overlay-type":"","overlay-color":"","overlay-opacity":"","overlay-gradient":""},"mobile":{"background-color":"","background-image":"","background-repeat":"repeat","background-position":"center center","background-size":"auto","background-attachment":"scroll","background-type":"","background-media":"","overlay-type":"","overlay-color":"","overlay-opacity":"","overlay-gradient":""}},"ast-content-background-meta":{"desktop":{"background-color":"var(--ast-global-color-4)","background-image":"","background-repeat":"repeat","background-position":"center center","background-size":"auto","background-attachment":"scroll","background-type":"","background-media":"","overlay-type":"","overlay-color":"","overlay-opacity":"","overlay-gradient":""},"tablet":{"background-color":"var(--ast-global-color-4)","background-image":"","background-repeat":"repeat","background-position":"center center","background-size":"auto","background-attachment":"scroll","background-type":"","background-media":"","overlay-type":"","overlay-color":"","overlay-opacity":"","overlay-gradient":""},"mobile":{"background-color":"var(--ast-global-color-4)","background-image":"","background-repeat":"repeat","background-position":"center center","background-size":"auto","background-attachment":"scroll","background-type":"","background-media":"","overlay-type":"","overlay-color":"","overlay-opacity":"","overlay-gradient":""}}},"product_brand":[],"product_cat":[73],"product_tag":[],"class_list":{"0":"post-2374","1":"product","2":"type-product","3":"status-publish","4":"has-post-thumbnail","6":"product_cat-cupola-geodetica","7":"desktop-align-left","8":"tablet-align-left","9":"mobile-align-left","11":"first","12":"instock","13":"sale","14":"taxable","15":"shipping-taxable","16":"purchasable","17":"product-type-simple"},"_links":{"self":[{"href":"https:\/\/mostiky.net\/it\/wp-json\/wp\/v2\/product\/2374","targetHints":{"allow":["GET"]}}],"collection":[{"href":"https:\/\/mostiky.net\/it\/wp-json\/wp\/v2\/product"}],"about":[{"href":"https:\/\/mostiky.net\/it\/wp-json\/wp\/v2\/types\/product"}],"replies":[{"embeddable":true,"href":"https:\/\/mostiky.net\/it\/wp-json\/wp\/v2\/comments?post=2374"}],"wp:featuredmedia":[{"embeddable":true,"href":"https:\/\/mostiky.net\/it\/wp-json\/wp\/v2\/media\/1990"}],"wp:attachment":[{"href":"https:\/\/mostiky.net\/it\/wp-json\/wp\/v2\/media?parent=2374"}],"wp:term":[{"taxonomy":"product_brand","embeddable":true,"href":"https:\/\/mostiky.net\/it\/wp-json\/wp\/v2\/product_brand?post=2374"},{"taxonomy":"product_cat","embeddable":true,"href":"https:\/\/mostiky.net\/it\/wp-json\/wp\/v2\/product_cat?post=2374"},{"taxonomy":"product_tag","embeddable":true,"href":"https:\/\/mostiky.net\/it\/wp-json\/wp\/v2\/product_tag?post=2374"}],"curies":[{"name":"wp","href":"https:\/\/api.w.org\/{rel}","templated":true}]}}