{"id":2369,"date":"2026-04-23T19:53:59","date_gmt":"2026-04-23T17:53:59","guid":{"rendered":"https:\/\/mostiky.net\/produit\/blam-larvzero-bti-100g-larvicida-naturale-contro-i-moscerini-fungini-sciaridae-concentrato-di-bacillus-thuringiensis-israelensis-per-50l-di-soluzione\/"},"modified":"2026-04-23T19:53:59","modified_gmt":"2026-04-23T17:53:59","slug":"blam-larvzero-bti-100g-larvicida-naturale-contro-i-moscerini-fungini-sciaridae-concentrato-di-bacillus-thuringiensis-israelensis-per-50l-di-soluzione","status":"publish","type":"product","link":"https:\/\/mostiky.net\/it\/produit\/blam-larvzero-bti-100g-larvicida-naturale-contro-i-moscerini-fungini-sciaridae-concentrato-di-bacillus-thuringiensis-israelensis-per-50l-di-soluzione\/","title":{"rendered":"BLAM LarvZero BTI 100g \u2013 Larvicida naturale contro i moscerini fungini (Sciaridae) \u2013 concentrato di Bacillus thuringiensis israelensis per 50L di soluzione"},"content":{"rendered":"<p>BLAM LarvZero BTI 100g \u2013 Larvicida naturale contro i moscerini fungini (Sciaridae)<\/p>\n<p>I moscerini dei funghi, chiamati anche sciaridi, sono piccoli insetti neri le cui larve proliferano nei suoli umidi delle tue piante. Invisibili a occhio nudo, queste larve si nutrono delle radici e possono indebolire o addirittura uccidere le tue piante d&#8217;appartamento o le serre. <\/p>\n<p>BLAM LarvZero BTI 100g \u00e8 un larvicide biologico ultra-concentrato (1200 UTI\/mg) formulato con Bacillus Thuringiensis Israelensis (BTI), un batterio naturalmente presente nel suolo. Progettato appositamente per colpire le larve dei moscerini fungini, agisce in poche ore distruggendo il loro sistema digestivo dopo l&#8217;ingestione. Di conseguenza, le larve muoiono rapidamente e l&#8217;infestazione viene fermata alla radice.  <\/p>\n<p>Facile da usare: diluire 2g di polvere in 1L d&#8217;acqua, poi annaffiare le piante come al solito. In caso di infestazione grave, ripeti l&#8217;operazione fino a tre volte a settimana. Questo trattamento colpisce solo le larve, motivo per cui raccomandiamo l&#8217;uso complementare di trappole autoadesive gialle per catturare gli insetti adulti.  <\/p>\n<p>La bustina da 100g pu\u00f2 preparare fino a 50 litri di soluzione, per una protezione duratura senza sostanze chimiche aggressive. Sicuro per la biodiversit\u00e0 quando usato come indicato, BLAM LarvZero BTI \u00e8 l&#8217;alternativa ideale ai trattamenti chimici o ai nematodi. Pi\u00f9 facile da usare e conservare rispetto ai nematodi.  <\/p>\n<p>Questo prodotto contiene una sostanza biocida (Bacillus Thuringiensis Israelensis) destinata al controllo delle larve di insetti, in conformit\u00e0 con l&#8217;articolo 58 del Regolamento (UE) n. 528\/2012. Usa i prodotti biocidi con attenzione. Prima di utilizzarlo, leggi l&#8217;etichetta e le informazioni sul prodotto. Numero di autorizzazione: MA 80736.   <\/p>\n<p>&nbsp;<\/p>\n<h3>Ingredienti<\/h3>\n<p>Bacillus Thuringiensis Israelensis<\/p>\n","protected":false},"excerpt":{"rendered":"<ul>\n<li class=\"a-spacing-mini\"><span class=\"a-list-item\">\u2705 PRENDE DI MIRA LE LARVE DI MOSCERINI IN TERRICCIO \u2013 Agisce direttamente nel terriccio uccidendo le larve di sciaridi, che sono responsabili delle infestazioni e dei danni alle radici delle piante.  <\/span><\/li>\n<li class=\"a-spacing-mini\"><span class=\"a-list-item\">\ud83c\udf3f FORMULA NATURALE DEL CONCENTRATO BTI \u2013 Composta da Bacillus Thuringiensis Israelensis (BTI) concentrato a 1200 UTI\/mg. La busta da 100g permette di preparare 50L di soluzione.   <\/span><\/li>\n<li class=\"a-spacing-mini\"><span class=\"a-list-item\">\u23f1\ufe0f AZIONE RAPIDA IN 24 ORE \u2013 Primi risultati visibili in 24 ore. Efficace anche sulle giovani larve, interrompe rapidamente il ciclo riproduttivo dei moscherini.   <\/span><\/li>\n<li class=\"a-spacing-mini\"><span class=\"a-list-item\">\ud83d\udc1d SELETTIVO E SICURO PER PIANTE \u2013 Il BTI prende di mira solo le larve di moschero senza danneggiare le piante. Da combinare con trappole gialle per adulti.   <\/span><\/li>\n<li class=\"a-spacing-mini\"><span class=\"a-list-item\">\ud83e\udeb4 FACILE DA USARE A CASA O IN SERRA \u2013 Basta diluire nell&#8217;acqua di irrigazione. Ideale per piante da interno, colture in vaso, piantine, serre e fioriere. <\/span><\/li>\n<\/ul>\n","protected":false},"featured_media":2250,"comment_status":"closed","ping_status":"closed","template":"","meta":{"site-sidebar-layout":"default","site-content-layout":"","ast-site-content-layout":"default","site-content-style":"default","site-sidebar-style":"default","ast-global-header-display":"","ast-banner-title-visibility":"","ast-main-header-display":"","ast-hfb-above-header-display":"","ast-hfb-below-header-display":"","ast-hfb-mobile-header-display":"","site-post-title":"","ast-breadcrumbs-content":"","ast-featured-img":"","footer-sml-layout":"","ast-disable-related-posts":"","theme-transparent-header-meta":"default","adv-header-id-meta":"","stick-header-meta":"","header-above-stick-meta":"","header-main-stick-meta":"","header-below-stick-meta":"","astra-migrate-meta-layouts":"default","ast-page-background-enabled":"default","ast-page-background-meta":{"desktop":{"background-color":"var(--ast-global-color-5)","background-image":"","background-repeat":"repeat","background-position":"center center","background-size":"auto","background-attachment":"scroll","background-type":"","background-media":"","overlay-type":"","overlay-color":"","overlay-opacity":"","overlay-gradient":""},"tablet":{"background-color":"","background-image":"","background-repeat":"repeat","background-position":"center center","background-size":"auto","background-attachment":"scroll","background-type":"","background-media":"","overlay-type":"","overlay-color":"","overlay-opacity":"","overlay-gradient":""},"mobile":{"background-color":"","background-image":"","background-repeat":"repeat","background-position":"center center","background-size":"auto","background-attachment":"scroll","background-type":"","background-media":"","overlay-type":"","overlay-color":"","overlay-opacity":"","overlay-gradient":""}},"ast-content-background-meta":{"desktop":{"background-color":"var(--ast-global-color-4)","background-image":"","background-repeat":"repeat","background-position":"center center","background-size":"auto","background-attachment":"scroll","background-type":"","background-media":"","overlay-type":"","overlay-color":"","overlay-opacity":"","overlay-gradient":""},"tablet":{"background-color":"var(--ast-global-color-4)","background-image":"","background-repeat":"repeat","background-position":"center center","background-size":"auto","background-attachment":"scroll","background-type":"","background-media":"","overlay-type":"","overlay-color":"","overlay-opacity":"","overlay-gradient":""},"mobile":{"background-color":"var(--ast-global-color-4)","background-image":"","background-repeat":"repeat","background-position":"center center","background-size":"auto","background-attachment":"scroll","background-type":"","background-media":"","overlay-type":"","overlay-color":"","overlay-opacity":"","overlay-gradient":""}}},"product_brand":[],"product_cat":[78],"product_tag":[],"class_list":{"0":"post-2369","1":"product","2":"type-product","3":"status-publish","4":"has-post-thumbnail","6":"product_cat-moustiques-it","7":"desktop-align-left","8":"tablet-align-left","9":"mobile-align-left","11":"first","12":"instock","13":"sale","14":"taxable","15":"shipping-taxable","16":"purchasable","17":"product-type-simple"},"_links":{"self":[{"href":"https:\/\/mostiky.net\/it\/wp-json\/wp\/v2\/product\/2369","targetHints":{"allow":["GET"]}}],"collection":[{"href":"https:\/\/mostiky.net\/it\/wp-json\/wp\/v2\/product"}],"about":[{"href":"https:\/\/mostiky.net\/it\/wp-json\/wp\/v2\/types\/product"}],"replies":[{"embeddable":true,"href":"https:\/\/mostiky.net\/it\/wp-json\/wp\/v2\/comments?post=2369"}],"wp:featuredmedia":[{"embeddable":true,"href":"https:\/\/mostiky.net\/it\/wp-json\/wp\/v2\/media\/2250"}],"wp:attachment":[{"href":"https:\/\/mostiky.net\/it\/wp-json\/wp\/v2\/media?parent=2369"}],"wp:term":[{"taxonomy":"product_brand","embeddable":true,"href":"https:\/\/mostiky.net\/it\/wp-json\/wp\/v2\/product_brand?post=2369"},{"taxonomy":"product_cat","embeddable":true,"href":"https:\/\/mostiky.net\/it\/wp-json\/wp\/v2\/product_cat?post=2369"},{"taxonomy":"product_tag","embeddable":true,"href":"https:\/\/mostiky.net\/it\/wp-json\/wp\/v2\/product_tag?post=2369"}],"curies":[{"name":"wp","href":"https:\/\/api.w.org\/{rel}","templated":true}]}}