{"id":844,"date":"2025-05-07T16:39:54","date_gmt":"2025-05-07T14:39:54","guid":{"rendered":"https:\/\/mostiky.net\/produit\/transformador-de-alimentacion-blam-12v-compatible-con-biogents-bg-mosquitaire-trampa-para-mosquitos-ip67-cable-de-9m-enchufe-de-la-ue\/"},"modified":"2025-05-07T16:41:00","modified_gmt":"2025-05-07T14:41:00","slug":"transformador-de-alimentacion-blam-12v-compatible-con-biogents-bg-mosquitaire-trampa-para-mosquitos-ip67-cable-de-9m-enchufe-de-la-ue","status":"publish","type":"product","link":"https:\/\/mostiky.net\/es\/produit\/transformador-de-alimentacion-blam-12v-compatible-con-biogents-bg-mosquitaire-trampa-para-mosquitos-ip67-cable-de-9m-enchufe-de-la-ue\/","title":{"rendered":"Transformador de alimentaci\u00f3n BLAM 12V compatible con Biogents(*) BG-Mosquitaire(*) \u2013 Trampa para mosquitos, IP67, cable de 9m, enchufe de la UE"},"content":{"rendered":"<ul class=\"a-unordered-list a-vertical a-spacing-mini\">\n<li class=\"a-spacing-mini\"><span class=\"a-list-item\">Compatibilidad BG-Mosquitaire(*) garantizada: Reemplazo perfecto para la fuente de alimentaci\u00f3n original (trampa marr\u00f3n, modelos posteriores a 2016). Conector atornillado con abrazadera de manguera para una instalaci\u00f3n segura. <\/span><\/li>\n<li class=\"a-spacing-mini\"><span class=\"a-list-item\">Transformador trampa para mosquitos: entrada de 100 a 240 V CA, salida de 12 V CC y 1 A (12 W)<\/span><\/li>\n<li class=\"a-spacing-mini\"><span class=\"a-list-item\">Longitud de cable optimizada: 9 metros en total (1 m antes del transformador, 8 m despu\u00e9s) para una instalaci\u00f3n flexible en exteriores.<\/span><\/li>\n<li class=\"a-spacing-mini\"><span class=\"a-list-item\">Protecci\u00f3n superior: clasificaci\u00f3n IP67 para una mayor resistencia a la lluvia y al clima. Conector impermeable y seguro, ideal para uso prolongado en exteriores. <\/span><\/li>\n<li class=\"a-spacing-mini\"><span class=\"a-list-item\">Formato compacto y respetuoso con el medio ambiente: Nano transformador, discreto y ligero, con una eficiencia energ\u00e9tica de m\u00e1s del 81% para limitar el consumo y el impacto medioambiental.<\/span><\/li>\n<\/ul>\n<p>Transformador de alimentaci\u00f3n BLAM 12V compatible con Biogents(*) BG-Mosquitaire(*) \u2013 Trampa para mosquitos, IP67, cable de 9m, enchufe UE<\/p>\n<p>El transformador BLAM 12V es la soluci\u00f3n ideal como pieza de repuesto para la alimentaci\u00f3n de su trampa para mosquitos Biogents(*) BG-Mosquitaire(*). Especialmente dise\u00f1ado para los modelos marrones fabricados despu\u00e9s de 2016, ofrece total compatibilidad con el conector atornillado original y la abrazadera de cable, lo que garantiza una conexi\u00f3n fiable e impermeable. <\/p>\n<p>De 100 a 240 V CA y su salida de 12 V CC y 1 A (12 W), esta fuente de alimentaci\u00f3n cumple con los mismos requisitos, al tiempo que ofrece un dise\u00f1o compacto y una alta eficiencia energ\u00e9tica (&gt;81%). El cable de 9 metros (1 m de red + 8 m de baja tensi\u00f3n) permite una f\u00e1cil instalaci\u00f3n, incluso a distancia de la toma de corriente, exactamente igual que el modelo oficial. <\/p>\n<p>IP67: El transformador BLAM es eficazmente resistente a la lluvia y a las salpicaduras de agua. Su conector impermeable, acompa\u00f1ado de una junta y una abrazadera de manguera, garantiza una seguridad \u00f3ptima para un uso continuo en exteriores. <\/p>\n<p>Especificaciones t\u00e9cnicas:<br \/>\nEntrada: 100\u2013240 V CA, 50\/60 Hz<br \/>\nSalida: 12 V CC, 1.000 mA (12 W)<br \/>\nEficiencia: &gt;81%<br \/>\nProtecci\u00f3n contra la entrada: IP67<br \/>\nTemperatura de funcionamiento: \u201320 \u00b0C a +50 \u00b0C<br \/>\nLongitud total del cable: 9 m (1 m de red + 8 m 12 V)<br \/>\nEnchufe europeo est\u00e1ndar (CEE 7\/17, tipo C)<\/p>\n<p>Compatibilidad:<br \/>\nTrampas marrones Biogents() BG-Mosquitaire() (despu\u00e9s de 2016)<br \/>\nNo compatible con modelos de color verde claro o modelos anteriores a 2016 (verifique el color y el tipo de conector antes de comprar).<\/p>\n<p>Instrucciones de uso:<br \/>\nPara una m\u00e1xima durabilidad, coloque el transformador a la sombra durante el verano. Compruebe el tipo de conector de su trampa antes de realizar el pedido (consulte nuestras fotos). <\/p>\n<p>(*) marcas propiedad de BIOGENTS sin v\u00ednculo comercial con BLAM<\/p>\n","protected":false},"excerpt":{"rendered":"<ul class=\"a-unordered-list a-vertical a-spacing-mini\">\n<li class=\"a-spacing-mini\"><span class=\"a-list-item\">Compatibilidad BG-Mosquitaire(*) garantizada: Reemplazo perfecto para la fuente de alimentaci\u00f3n original (trampa marr\u00f3n, modelos posteriores a 2016). Conector atornillado con abrazadera de manguera para una instalaci\u00f3n segura. <\/span><\/li>\n<li class=\"a-spacing-mini\"><span class=\"a-list-item\">Transformador trampa para mosquitos: entrada de 100 a 240 V CA, salida de 12 V CC y 1 A (12 W)<\/span><\/li>\n<li class=\"a-spacing-mini\"><span class=\"a-list-item\">Longitud de cable optimizada: 9 metros en total (1 m antes del transformador, 8 m despu\u00e9s) para una instalaci\u00f3n flexible en exteriores.<\/span><\/li>\n<li class=\"a-spacing-mini\"><span class=\"a-list-item\">Protecci\u00f3n superior: clasificaci\u00f3n IP67 para una mayor resistencia a la lluvia y al clima. Conector impermeable y seguro, ideal para uso prolongado en exteriores. <\/span><\/li>\n<li class=\"a-spacing-mini\"><span class=\"a-list-item\">Formato compacto y respetuoso con el medio ambiente: Nano transformador, discreto y ligero, con una eficiencia energ\u00e9tica de m\u00e1s del 81% para limitar el consumo y el impacto medioambiental.<\/span><\/li>\n<\/ul>\n","protected":false},"featured_media":821,"comment_status":"closed","ping_status":"closed","template":"","meta":{"site-sidebar-layout":"default","site-content-layout":"","ast-site-content-layout":"default","site-content-style":"default","site-sidebar-style":"default","ast-global-header-display":"","ast-banner-title-visibility":"","ast-main-header-display":"","ast-hfb-above-header-display":"","ast-hfb-below-header-display":"","ast-hfb-mobile-header-display":"","site-post-title":"","ast-breadcrumbs-content":"","ast-featured-img":"","footer-sml-layout":"","ast-disable-related-posts":"","theme-transparent-header-meta":"default","adv-header-id-meta":"","stick-header-meta":"","header-above-stick-meta":"","header-main-stick-meta":"","header-below-stick-meta":"","astra-migrate-meta-layouts":"default","ast-page-background-enabled":"default","ast-page-background-meta":{"desktop":{"background-color":"var(--ast-global-color-5)","background-image":"","background-repeat":"repeat","background-position":"center center","background-size":"auto","background-attachment":"scroll","background-type":"","background-media":"","overlay-type":"","overlay-color":"","overlay-opacity":"","overlay-gradient":""},"tablet":{"background-color":"","background-image":"","background-repeat":"repeat","background-position":"center center","background-size":"auto","background-attachment":"scroll","background-type":"","background-media":"","overlay-type":"","overlay-color":"","overlay-opacity":"","overlay-gradient":""},"mobile":{"background-color":"","background-image":"","background-repeat":"repeat","background-position":"center center","background-size":"auto","background-attachment":"scroll","background-type":"","background-media":"","overlay-type":"","overlay-color":"","overlay-opacity":"","overlay-gradient":""}},"ast-content-background-meta":{"desktop":{"background-color":"var(--ast-global-color-4)","background-image":"","background-repeat":"repeat","background-position":"center center","background-size":"auto","background-attachment":"scroll","background-type":"","background-media":"","overlay-type":"","overlay-color":"","overlay-opacity":"","overlay-gradient":""},"tablet":{"background-color":"var(--ast-global-color-4)","background-image":"","background-repeat":"repeat","background-position":"center center","background-size":"auto","background-attachment":"scroll","background-type":"","background-media":"","overlay-type":"","overlay-color":"","overlay-opacity":"","overlay-gradient":""},"mobile":{"background-color":"var(--ast-global-color-4)","background-image":"","background-repeat":"repeat","background-position":"center center","background-size":"auto","background-attachment":"scroll","background-type":"","background-media":"","overlay-type":"","overlay-color":"","overlay-opacity":"","overlay-gradient":""}}},"product_brand":[124],"product_cat":[63,79],"product_tag":[],"class_list":{"0":"post-844","1":"product","2":"type-product","3":"status-publish","4":"has-post-thumbnail","6":"product_brand-blam-es","7":"product_cat-accesorios","8":"product_cat-moustiques-es","9":"desktop-align-left","10":"tablet-align-left","11":"mobile-align-left","13":"first","14":"instock","15":"sale","16":"taxable","17":"shipping-taxable","18":"purchasable","19":"product-type-variable"},"_links":{"self":[{"href":"https:\/\/mostiky.net\/es\/wp-json\/wp\/v2\/product\/844","targetHints":{"allow":["GET"]}}],"collection":[{"href":"https:\/\/mostiky.net\/es\/wp-json\/wp\/v2\/product"}],"about":[{"href":"https:\/\/mostiky.net\/es\/wp-json\/wp\/v2\/types\/product"}],"replies":[{"embeddable":true,"href":"https:\/\/mostiky.net\/es\/wp-json\/wp\/v2\/comments?post=844"}],"wp:featuredmedia":[{"embeddable":true,"href":"https:\/\/mostiky.net\/es\/wp-json\/wp\/v2\/media\/821"}],"wp:attachment":[{"href":"https:\/\/mostiky.net\/es\/wp-json\/wp\/v2\/media?parent=844"}],"wp:term":[{"taxonomy":"product_brand","embeddable":true,"href":"https:\/\/mostiky.net\/es\/wp-json\/wp\/v2\/product_brand?post=844"},{"taxonomy":"product_cat","embeddable":true,"href":"https:\/\/mostiky.net\/es\/wp-json\/wp\/v2\/product_cat?post=844"},{"taxonomy":"product_tag","embeddable":true,"href":"https:\/\/mostiky.net\/es\/wp-json\/wp\/v2\/product_tag?post=844"}],"curies":[{"name":"wp","href":"https:\/\/api.w.org\/{rel}","templated":true}]}}