{"id":841,"date":"2025-05-07T16:26:41","date_gmt":"2025-05-07T14:26:41","guid":{"rendered":"https:\/\/mostiky.net\/produit\/blam-ventilador-12v-ip68-silence-compatible-con-trampa-para-mosquitos-biogents-bg-mosquitaire-impermeable-bajo-consumo-de-energia-2-2w-brushless-9-cuchillas\/"},"modified":"2025-06-10T18:17:37","modified_gmt":"2025-06-10T16:17:37","slug":"blam-ventilador-12v-ip68-silence-compatible-con-trampa-para-mosquitos-biogents-bg-mosquitaire-impermeable-bajo-consumo-de-energia-2-2w-brushless-9-cuchillas","status":"publish","type":"product","link":"https:\/\/mostiky.net\/es\/produit\/blam-ventilador-12v-ip68-silence-compatible-con-trampa-para-mosquitos-biogents-bg-mosquitaire-impermeable-bajo-consumo-de-energia-2-2w-brushless-9-cuchillas\/","title":{"rendered":"\u00a1BLAM! Ventilador 12V IP68 SILENCE Compatible con trampa para mosquitos Biogents (*) BG-Mosquitaire (*). Impermeable. Bajo consumo de energ\u00eda 2.2W BRUSHLESS 9 cuchillas"},"content":{"rendered":"<ul class=\"a-unordered-list a-vertical a-spacing-mini\">\n<li class=\"a-spacing-mini\"><span class=\"a-list-item\">VENTILADOR SIN ESCOBILLAS DE 12 V: COMPATIBLE CON TRAMPAS PARA MOSQUITOS<\/span><\/li>\n<li class=\"a-spacing-mini\"><span class=\"a-list-item\">IP68 WATERPROOF: m\u00e1xima impermeabilidad para la resistencia a la lluvia<\/span><\/li>\n<li class=\"a-spacing-mini\"><span class=\"a-list-item\">BAJO CONSUMO 2.2W: m\u00e1s econ\u00f3mico que el ventilador trampa para mosquitos original<\/span><\/li>\n<li class=\"a-spacing-mini\"><span class=\"a-list-item\">CONECTOR ESPEC\u00cdFICO COMPATIBLE CON BIOGENTS (*) Modelos de color marr\u00f3n BG-MOSQUITAIRE (no compatible con modelos antiguos de color verde claro)<\/span><\/li>\n<li class=\"a-spacing-mini\"><span class=\"a-list-item\">EXCELENTE FLUJO de AIRE: ventilador con 9 aspas<\/span><\/li>\n<\/ul>\n<h2>Video de instalaci\u00f3n:<\/h2>\n\n<div data-mode=\"normal\" data-oembed=\"1\" data-provider=\"youtube\" id=\"arve-youtube-f_t33hpivii\" class=\"arve\">\n\t<div class=\"arve-inner\">\n\t\t<div style=\"aspect-ratio:500\/281\" class=\"arve-embed arve-embed--has-aspect-ratio\">\n\t\t\t<div class=\"arve-ar\" style=\"padding-top:56.200000%\"><\/div>\n\t\t\t<iframe allow=\"accelerometer &apos;none&apos;;autoplay &apos;none&apos;;bluetooth &apos;none&apos;;browsing-topics &apos;none&apos;;camera &apos;none&apos;;clipboard-read &apos;none&apos;;clipboard-write;display-capture &apos;none&apos;;encrypted-media &apos;none&apos;;gamepad &apos;none&apos;;geolocation &apos;none&apos;;gyroscope &apos;none&apos;;hid &apos;none&apos;;identity-credentials-get &apos;none&apos;;idle-detection &apos;none&apos;;keyboard-map &apos;none&apos;;local-fonts;magnetometer &apos;none&apos;;microphone &apos;none&apos;;midi &apos;none&apos;;otp-credentials &apos;none&apos;;payment &apos;none&apos;;picture-in-picture;publickey-credentials-create &apos;none&apos;;publickey-credentials-get &apos;none&apos;;screen-wake-lock &apos;none&apos;;serial &apos;none&apos;;summarizer &apos;none&apos;;sync-xhr;usb &apos;none&apos;;web-share;window-management &apos;none&apos;;xr-spatial-tracking &apos;none&apos;;\" allowfullscreen=\"\" class=\"arve-iframe fitvidsignore\" credentialless data-arve=\"arve-youtube-f_t33hpivii\" data-lenis-prevent=\"\" data-src-no-ap=\"https:\/\/www.youtube-nocookie.com\/embed\/f_t33HPIvII?feature=oembed&amp;iv_load_policy=3&amp;modestbranding=1&amp;rel=0&amp;autohide=1&amp;playsinline=0&amp;autoplay=0\" frameborder=\"0\" height=\"0\" loading=\"lazy\" name=\"\" referrerpolicy=\"strict-origin-when-cross-origin\" sandbox=\"allow-scripts allow-same-origin allow-presentation allow-popups allow-popups-to-escape-sandbox\" scrolling=\"no\" src=\"https:\/\/www.youtube-nocookie.com\/embed\/f_t33HPIvII?feature=oembed&#038;iv_load_policy=3&#038;modestbranding=1&#038;rel=0&#038;autohide=1&#038;playsinline=0&#038;autoplay=0\" title=\"\" width=\"0\"><\/iframe>\n\t\t\t\n\t\t<\/div>\n\t\t\n\t<\/div>\n\t\n\t\n\t<script type=\"application\/ld+json\">{\"@context\":\"http:\\\/\\\/schema.org\\\/\",\"@id\":\"https:\\\/\\\/mostiky.net\\\/es\\\/produit\\\/blam-ventilador-12v-ip68-silence-compatible-con-trampa-para-mosquitos-biogents-bg-mosquitaire-impermeable-bajo-consumo-de-energia-2-2w-brushless-9-cuchillas\\\/#arve-youtube-f_t33hpivii\",\"type\":\"VideoObject\",\"embedURL\":\"https:\\\/\\\/www.youtube-nocookie.com\\\/embed\\\/f_t33HPIvII?feature=oembed&iv_load_policy=3&modestbranding=1&rel=0&autohide=1&playsinline=0&autoplay=0\"}<\/script>\n\t\n<\/div>\n<p>\u00a1BLAM! Ventilador IP68 de 12V compatible con trampa para mosquitos Biogents (*) BG-Mosquitaire (*). IMPERMEABLE. Modelo SILENCE Low Power 2.2W BRUSHLESS 9 Cuchillas   <\/p>\n<p>Pieza de repuesto: El ventilador BLAM SILENCE le permite reemplazar el ventilador de su Biogents (*) BG-Mosquitaire (*) versi\u00f3n marr\u00f3n \/ Tipo II (trampas posteriores a 2015) (nuestro ventilador NO es compatible con las antiguas trampas de color verde claro)<\/p>\n<p>(*) Marcas comerciales propiedad de un tercero sin conexi\u00f3n comercial con BLAM<\/p>\n<p>Hemos dise\u00f1ado nuestro ventilador BLAM SILENCE espec\u00edficamente para adaptarse a estas trampas y ofrecerte una tasa m\u00e1xima de captura de mosquitos y una mayor comodidad de uso. Compara nuestro modelo SILENCE con el existente: <\/p>\n<p>&#8211; Consumo de energ\u00eda: BLAM SILENCE 2.2W. M\u00e1s bajo que el ventilador original<br \/>\nNivel de ruido a 55 cm (medido detr\u00e1s del ventilador): BLAM: 53,5 dB. Inferior al ventilador original<br \/>\n&#8211; N\u00famero de aspas. BLAM: 9 Otros: 7<br \/>\n&#8211; Flujo de aire: m\u00e1s alto que el ventilador original<br \/>\n&#8211; Impermeabilizaci\u00f3n: BLAM: IP68. Otros: IP55. (IP68 proporciona una protecci\u00f3n muy superior: totalmente a prueba de polvo y se puede sumergir en agua. IP55 solo es resistente al polvo y a las salpicaduras, pero no debe sumergirse). Nuestro modelo ofrece una resistencia extrema en exteriores.<br \/>\nTodas las mediciones se realizaron internamente en los modelos disponibles en las tiendas en marzo de 2025.      <\/p>\n<p>ATENCI\u00d3N: El conector BLAM SILENCE solo es compatible con trampas marrones. Las viejas trampas verdes tienen un conector diferente y no son compatibles. <\/p>\n","protected":false},"excerpt":{"rendered":"<ul class=\"a-unordered-list a-vertical a-spacing-mini\">\n<li class=\"a-spacing-mini\"><span class=\"a-list-item\">VENTILADOR SIN ESCOBILLAS DE 12 V: COMPATIBLE CON TRAMPAS PARA MOSQUITOS<\/span><\/li>\n<li class=\"a-spacing-mini\"><span class=\"a-list-item\">IP68 WATERPROOF: m\u00e1xima impermeabilidad para la resistencia a la lluvia<\/span><\/li>\n<li class=\"a-spacing-mini\"><span class=\"a-list-item\">BAJO CONSUMO 2.2W: m\u00e1s econ\u00f3mico que el ventilador trampa para mosquitos original<\/span><\/li>\n<li class=\"a-spacing-mini\"><span class=\"a-list-item\">CONECTOR ESPEC\u00cdFICO COMPATIBLE CON BIOGENTS (*) Modelos de color marr\u00f3n BG-MOSQUITAIRE (no compatible con modelos antiguos de color verde claro)<\/span><\/li>\n<li class=\"a-spacing-mini\"><span class=\"a-list-item\">EXCELENTE FLUJO de AIRE: ventilador con 9 aspas<\/span><\/li>\n<\/ul>\n","protected":false},"featured_media":801,"comment_status":"closed","ping_status":"closed","template":"","meta":{"site-sidebar-layout":"default","site-content-layout":"","ast-site-content-layout":"default","site-content-style":"default","site-sidebar-style":"default","ast-global-header-display":"","ast-banner-title-visibility":"","ast-main-header-display":"","ast-hfb-above-header-display":"","ast-hfb-below-header-display":"","ast-hfb-mobile-header-display":"","site-post-title":"","ast-breadcrumbs-content":"","ast-featured-img":"","footer-sml-layout":"","ast-disable-related-posts":"","theme-transparent-header-meta":"default","adv-header-id-meta":"","stick-header-meta":"","header-above-stick-meta":"","header-main-stick-meta":"","header-below-stick-meta":"","astra-migrate-meta-layouts":"default","ast-page-background-enabled":"default","ast-page-background-meta":{"desktop":{"background-color":"var(--ast-global-color-5)","background-image":"","background-repeat":"repeat","background-position":"center center","background-size":"auto","background-attachment":"scroll","background-type":"","background-media":"","overlay-type":"","overlay-color":"","overlay-opacity":"","overlay-gradient":""},"tablet":{"background-color":"","background-image":"","background-repeat":"repeat","background-position":"center center","background-size":"auto","background-attachment":"scroll","background-type":"","background-media":"","overlay-type":"","overlay-color":"","overlay-opacity":"","overlay-gradient":""},"mobile":{"background-color":"","background-image":"","background-repeat":"repeat","background-position":"center center","background-size":"auto","background-attachment":"scroll","background-type":"","background-media":"","overlay-type":"","overlay-color":"","overlay-opacity":"","overlay-gradient":""}},"ast-content-background-meta":{"desktop":{"background-color":"var(--ast-global-color-4)","background-image":"","background-repeat":"repeat","background-position":"center center","background-size":"auto","background-attachment":"scroll","background-type":"","background-media":"","overlay-type":"","overlay-color":"","overlay-opacity":"","overlay-gradient":""},"tablet":{"background-color":"var(--ast-global-color-4)","background-image":"","background-repeat":"repeat","background-position":"center center","background-size":"auto","background-attachment":"scroll","background-type":"","background-media":"","overlay-type":"","overlay-color":"","overlay-opacity":"","overlay-gradient":""},"mobile":{"background-color":"var(--ast-global-color-4)","background-image":"","background-repeat":"repeat","background-position":"center center","background-size":"auto","background-attachment":"scroll","background-type":"","background-media":"","overlay-type":"","overlay-color":"","overlay-opacity":"","overlay-gradient":""}}},"product_brand":[124],"product_cat":[63,79],"product_tag":[],"class_list":{"0":"post-841","1":"product","2":"type-product","3":"status-publish","4":"has-post-thumbnail","6":"product_brand-blam-es","7":"product_cat-accesorios","8":"product_cat-moustiques-es","9":"desktop-align-left","10":"tablet-align-left","11":"mobile-align-left","13":"first","14":"instock","15":"sale","16":"taxable","17":"shipping-taxable","18":"purchasable","19":"product-type-variable"},"_links":{"self":[{"href":"https:\/\/mostiky.net\/es\/wp-json\/wp\/v2\/product\/841","targetHints":{"allow":["GET"]}}],"collection":[{"href":"https:\/\/mostiky.net\/es\/wp-json\/wp\/v2\/product"}],"about":[{"href":"https:\/\/mostiky.net\/es\/wp-json\/wp\/v2\/types\/product"}],"replies":[{"embeddable":true,"href":"https:\/\/mostiky.net\/es\/wp-json\/wp\/v2\/comments?post=841"}],"wp:featuredmedia":[{"embeddable":true,"href":"https:\/\/mostiky.net\/es\/wp-json\/wp\/v2\/media\/801"}],"wp:attachment":[{"href":"https:\/\/mostiky.net\/es\/wp-json\/wp\/v2\/media?parent=841"}],"wp:term":[{"taxonomy":"product_brand","embeddable":true,"href":"https:\/\/mostiky.net\/es\/wp-json\/wp\/v2\/product_brand?post=841"},{"taxonomy":"product_cat","embeddable":true,"href":"https:\/\/mostiky.net\/es\/wp-json\/wp\/v2\/product_cat?post=841"},{"taxonomy":"product_tag","embeddable":true,"href":"https:\/\/mostiky.net\/es\/wp-json\/wp\/v2\/product_tag?post=841"}],"curies":[{"name":"wp","href":"https:\/\/api.w.org\/{rel}","templated":true}]}}