{"id":768,"date":"2025-05-07T08:19:25","date_gmt":"2025-05-07T06:19:25","guid":{"rendered":"https:\/\/mostiky.net\/produit\/conectores-de-cupula-geodesica-domestar-f2-acero-inoxidable-2v-kit-de-26-conectores-de-montaje-metalicos-de-acero-inoxidable-a2-ss304-para-domo-de-2-frecuencias\/"},"modified":"2025-05-07T08:19:25","modified_gmt":"2025-05-07T06:19:25","slug":"conectores-de-cupula-geodesica-domestar-f2-acero-inoxidable-2v-kit-de-26-conectores-de-montaje-metalicos-de-acero-inoxidable-a2-ss304-para-domo-de-2-frecuencias","status":"publish","type":"product","link":"https:\/\/mostiky.net\/es\/produit\/conectores-de-cupula-geodesica-domestar-f2-acero-inoxidable-2v-kit-de-26-conectores-de-montaje-metalicos-de-acero-inoxidable-a2-ss304-para-domo-de-2-frecuencias\/","title":{"rendered":"Conectores de c\u00fapula geod\u00e9sica DOMESTAR F2 ACERO INOXIDABLE 2V: Kit de 26 conectores de montaje met\u00e1licos de acero inoxidable A2\/SS304 para domo de 2 frecuencias"},"content":{"rendered":"<p><strong>ENV\u00cdO GRATIS EUROPA<\/strong><\/p>\n<ul class=\"a-unordered-list a-vertical a-spacing-mini\">\n<li class=\"a-spacing-mini\"><span class=\"a-list-item\">26 CONECTORES PROFESIONALES: <strong>acero<\/strong> inoxidable de 2,8 mm de espesor para domo geod\u00e9sico de frecuencia 2V. Alta resistencia a la lluvia. Este kit contiene solo los conectores.  <\/span><\/li>\n<li class=\"a-spacing-mini\"><span class=\"a-list-item\">V\u00cdDEOS, manual de usuario y soporte personal: tendr\u00e1s acceso a todos los v\u00eddeos de montaje y a una l\u00ednea telef\u00f3nica de soporte para guiarte durante el montaje.<\/span><\/li>\n<li class=\"a-spacing-mini\"><span class=\"a-list-item\">TAMA\u00d1O FLEXIBLE: T\u00fa eliges el tama\u00f1o de tu c\u00fapula. Por ejemplo, vigas de 1,25 m = una c\u00fapula de 4,8 m de di\u00e1metro y 2,4 m de altura. Viguetas de 1,47 m = 5,6 m de di\u00e1metro y 2,80 m de altura.  <\/span><\/li>\n<li class=\"a-spacing-mini\"><span class=\"a-list-item\">F\u00c1CIL MONTAJE: Una persona tarda unas 4 horas en montar el domo geod\u00e9sico de frecuencia de 2V con los conectores DOMESTAR.<\/span><\/li>\n<li class=\"a-spacing-mini\"><span class=\"a-list-item\">Otros herrajes necesarios para el montaje (no suministrados): 65 montantes \/ viguetas \/ vigas de madera, 130 pernos TRCC. Sierra, taladro, martillo, llave inglesa, escalera o escalera de tijera. <\/span><\/li>\n<\/ul>\n<div class=\"celwidget aplus-module 3p-module-b aplus-standard\" data-csa-c-id=\"pquh7w-aetq3f-z6u9yq-zdd9vr\" data-cel-widget=\"aplus-3p-module-b\">\n<div class=\"aplus-module-wrapper aplus-3p-fixed-width\">\n<h3 class=\"a-spacing-mini\">DOMESTAR: 26 conectores de acero inoxidable para domo geod\u00e9sico de 2V (frecuencia 2)<\/h3>\n<p><img decoding=\"async\" class=\"a-spacing-base\" src=\"https:\/\/m.media-amazon.com\/images\/S\/aplus-media-library-service-media\/93b5692f-c4f7-4bde-805e-99e710a8687b.__CR0,135,2910,1800_PT0_SX970_V1___.jpg\" alt=\"domestar, c\u00fapula geod\u00e9sica, frecuencia 2, c\u00fapula V2, conector, geod\u00e9sica, de construcci\u00f3n\" data-src=\"https:\/\/m.media-amazon.com\/images\/S\/aplus-media-library-service-media\/93b5692f-c4f7-4bde-805e-99e710a8687b.__CR0,135,2910,1800_PT0_SX970_V1___.jpg\"><\/p>\n<h3 class=\"a-spacing-mini\">Montaje ultra sencillo<\/h3>\n<p class=\"a-spacing-base\"><span class=\"a-text-bold\">Tiempo de montaje r\u00e1pido:<\/span><\/p>\n<ul class=\"a-unordered-list a-vertical\">\n<li><span class=\"a-list-item\">2 horas para cortes<\/span><\/li>\n<li><span class=\"a-list-item\">2 horas para el montaje<\/span><\/li>\n<li><span class=\"a-list-item\">\u00a1El montaje solo es posible!<\/span><\/li>\n<\/ul>\n<p>&nbsp;<\/p>\n<p class=\"a-spacing-base\">Los pasos:<\/p>\n<ul class=\"a-unordered-list a-vertical\">\n<li><span class=\"a-list-item\">Corta la madera en solo 2 longitudes diferentes usando la tabla<\/span><\/li>\n<li><span class=\"a-list-item\">Taladre en la madera e inserte pernos<\/span><\/li>\n<li><span class=\"a-list-item\">Siga los 7 pasos de montaje<\/span><\/li>\n<\/ul>\n<p>&nbsp;<\/p>\n<p class=\"a-spacing-base\">Los conectores evitan c\u00e1lculos de \u00e1ngulo complicados:<\/p>\n<ul class=\"a-unordered-list a-vertical\">\n<li><span class=\"a-list-item\">No hay \u00e1ngulo para calcular<\/span><\/li>\n<li><span class=\"a-list-item\">No hay esquinas que cortar<\/span><\/li>\n<\/ul>\n<p>&nbsp;<\/p>\n<\/div>\n<\/div>\n<div class=\"celwidget aplus-module 3p-module-b aplus-standard\" data-csa-c-id=\"6qxgi5-xog7uq-59xel9-koiqbh\" data-cel-widget=\"aplus-3p-module-b\">\n<div class=\"aplus-module-wrapper aplus-3p-fixed-width\">\n<h3 class=\"a-spacing-mini\">DOMESTAR: 26 conectores de acero inoxidable para domo geod\u00e9sico de 2V (frecuencia 2)<\/h3>\n<p><img decoding=\"async\" class=\"a-spacing-base\" src=\"https:\/\/m.media-amazon.com\/images\/S\/aplus-media-library-service-media\/4c49db8e-2814-4418-a9fb-e7f9d1a67b63.__CR0,108,4726,2923_PT0_SX970_V1___.jpg\" alt=\"domestar, c\u00fapula geod\u00e9sica, frecuencia 2, c\u00fapula V2, conector, geod\u00e9sica, de construcci\u00f3n\" data-src=\"https:\/\/m.media-amazon.com\/images\/S\/aplus-media-library-service-media\/4c49db8e-2814-4418-a9fb-e7f9d1a67b63.__CR0,108,4726,2923_PT0_SX970_V1___.jpg\"><\/p>\n<h3 class=\"a-spacing-mini\">Contenidos del paquete:<\/h3>\n<p class=\"a-spacing-base\"><span class=\"a-text-bold\">Lo que est\u00e1 incluido:<\/span><\/p>\n<ul class=\"a-unordered-list a-vertical\">\n<li><span class=\"a-list-item\">10 conectores de 4 clavijas<\/span><\/li>\n<li><span class=\"a-list-item\">6 conectores de 5 clavijas<\/span><\/li>\n<li><span class=\"a-list-item\">10 conectores de 6 clavijas<\/span><\/li>\n<li><span class=\"a-list-item\">Instrucciones de montaje y enlaces al v\u00eddeo de montaje<\/span><\/li>\n<\/ul>\n<p>&nbsp;<\/p>\n<\/div>\n<\/div>\n<div class=\"celwidget aplus-module module-9 aplus-standard\" data-csa-c-id=\"2yctp5-jmxqfh-1ne3yt-vszdzy\" data-cel-widget=\"aplus-module-9\">\n<div class=\"aplus-module-wrapper apm-fixed-width apm-spacing\">\n<h3 class=\"a-spacing-small\">Caracter\u00edsticas t\u00e9cnicas: \u00a1conectores resistentes!<\/h3>\n<p>Todos los conectores est\u00e1n hechos de  <span class=\"a-list-item\">Acero inoxidable A2\/SS304 de 2,8 mm de espesor<\/span><\/p>\n<div class=\"apm-flex\">\n<div class=\"apm-flex-item-third-width\">\n<p class=\"apm-text-center\"><img decoding=\"async\" class=\"a-spacing-mini\" src=\"https:\/\/m.media-amazon.com\/images\/S\/aplus-media-library-service-media\/2b705e4e-3e20-4edf-bbdb-0a1ea16f9ffd.__CR0,0,2500,2500_PT0_SX300_V1___.jpg\" alt=\"domestar, c\u00fapula geod\u00e9sica, frecuencia 2, c\u00fapula V2, conector, geod\u00e9sica, de construcci\u00f3n\" data-src=\"https:\/\/m.media-amazon.com\/images\/S\/aplus-media-library-service-media\/2b705e4e-3e20-4edf-bbdb-0a1ea16f9ffd.__CR0,0,2500,2500_PT0_SX300_V1___.jpg\"><\/p>\n<h4 class=\"a-spacing-mini\">4 Sucursales<\/h4>\n<ul class=\"a-unordered-list a-vertical\">\n<li><span class=\"a-list-item\">200 mm<\/span><\/li>\n<li><span class=\"a-list-item\">210 g<\/span><\/li>\n<\/ul>\n<p>&nbsp;<\/p>\n<\/div>\n<div class=\"apm-flex-item-third-width\">\n<p class=\"apm-text-center\"><img decoding=\"async\" class=\"a-spacing-mini\" src=\"https:\/\/m.media-amazon.com\/images\/S\/aplus-media-library-service-media\/057d2b1c-8c9e-461e-8332-69ef56ff165c.__CR0,0,2500,2500_PT0_SX300_V1___.jpg\" alt=\"domestar, c\u00fapula geod\u00e9sica, frecuencia 2, c\u00fapula V2, conector, geod\u00e9sica, de construcci\u00f3n\" data-src=\"https:\/\/m.media-amazon.com\/images\/S\/aplus-media-library-service-media\/057d2b1c-8c9e-461e-8332-69ef56ff165c.__CR0,0,2500,2500_PT0_SX300_V1___.jpg\"><\/p>\n<h4 class=\"a-spacing-mini\">5 ramas<\/h4>\n<ul class=\"a-unordered-list a-vertical\">\n<li><span class=\"a-list-item\">186 mil\u00edmetros<\/span><\/li>\n<li><span class=\"a-list-item\">270 g<\/span><\/li>\n<\/ul>\n<p>&nbsp;<\/p>\n<\/div>\n<div class=\"apm-flex-item-third-width\">\n<p class=\"apm-text-center\"><img decoding=\"async\" class=\"a-spacing-mini\" src=\"https:\/\/m.media-amazon.com\/images\/S\/aplus-media-library-service-media\/2d228800-ef19-4f85-9e27-dc89be410ea4.__CR0,0,2500,2500_PT0_SX300_V1___.jpg\" alt=\"domestar, c\u00fapula geod\u00e9sica, frecuencia 2, c\u00fapula V2, conector, geod\u00e9sica, de construcci\u00f3n\" data-src=\"https:\/\/m.media-amazon.com\/images\/S\/aplus-media-library-service-media\/2d228800-ef19-4f85-9e27-dc89be410ea4.__CR0,0,2500,2500_PT0_SX300_V1___.jpg\"><\/p>\n<h4 class=\"a-spacing-mini\">6 ramas<\/h4>\n<ul class=\"a-unordered-list a-vertical\">\n<li><span class=\"a-list-item\">194 mil\u00edmetros<\/span><\/li>\n<li><span class=\"a-list-item\">307 g<\/span><\/li>\n<\/ul>\n<p>&nbsp;<\/p>\n<\/div>\n<\/div>\n<\/div>\n<div><\/div>\n<\/div>\n<div class=\"celwidget aplus-module 3p-module-b aplus-standard\" data-csa-c-id=\"l6a0dx-h5wmbf-fhxcad-ubcrta\" data-cel-widget=\"aplus-3p-module-b\">\n<div class=\"aplus-module-wrapper aplus-3p-fixed-width\">\n<p><img decoding=\"async\" class=\"a-spacing-base\" src=\"https:\/\/m.media-amazon.com\/images\/S\/aplus-media-library-service-media\/7edd404c-aceb-402f-a7f9-e6d374b07f78.__CR0,426,4831,2988_PT0_SX970_V1___.jpg\" alt=\"domestar, c\u00fapula geod\u00e9sica, frecuencia 2, c\u00fapula V2, conector, geod\u00e9sica, de construcci\u00f3n\" data-src=\"https:\/\/m.media-amazon.com\/images\/S\/aplus-media-library-service-media\/7edd404c-aceb-402f-a7f9-e6d374b07f78.__CR0,426,4831,2988_PT0_SX970_V1___.jpg\"><\/p>\n<h3 class=\"a-spacing-mini\">Adem\u00e1s de los conectores, necesitar\u00e1s:<\/h3>\n<ul class=\"a-unordered-list a-vertical\">\n<li><span class=\"a-list-item\">65 montantes \/ viguetas \/ vigas de madera. Tendr\u00e1s acceso a mi calculadora para determinar la duraci\u00f3n de las cantidades. Solo hay 2 longitudes diferentes.  <\/span><\/li>\n<li><span class=\"a-list-item\">La longitud de los montantes determinar\u00e1 el di\u00e1metro y la altura de la c\u00fapula.<\/span><\/li>\n<li><span class=\"a-list-item\">130 pernos 1 o 2 cm m\u00e1s largos que la altura de los esp\u00e1rragos.<\/span><\/li>\n<\/ul>\n<p>&nbsp;<\/p>\n<\/div>\n<\/div>\n<div class=\"celwidget aplus-module 3p-module-b aplus-standard\" data-csa-c-id=\"yd2j0d-w1z57-mhcsid-gghmpa\" data-cel-widget=\"aplus-3p-module-b\">\n<div class=\"aplus-module-wrapper aplus-3p-fixed-width\">\n<p><img decoding=\"async\" class=\"a-spacing-base\" src=\"https:\/\/m.media-amazon.com\/images\/S\/aplus-media-library-service-media\/ce6c39a0-a40c-48a8-b554-bfc32a53d743.__CR0,88,4702,2908_PT0_SX970_V1___.jpg\" alt=\"domestar, c\u00fapula geod\u00e9sica, frecuencia 2, c\u00fapula V2, conector, geod\u00e9sica, de construcci\u00f3n\" data-src=\"https:\/\/m.media-amazon.com\/images\/S\/aplus-media-library-service-media\/ce6c39a0-a40c-48a8-b554-bfc32a53d743.__CR0,88,4702,2908_PT0_SX970_V1___.jpg\"><\/p>\n<h3 class=\"a-spacing-mini\">F\u00e1cil montaje por una sola persona en 4 horas<\/h3>\n<p class=\"a-spacing-base\">Necesitar\u00e1 las siguientes herramientas:<\/p>\n<ul class=\"a-unordered-list a-vertical\">\n<li><span class=\"a-list-item\">una sierra (normal o de calar, circular o radial) para cortar las vigas al tama\u00f1o correcto<\/span><\/li>\n<li><span class=\"a-list-item\">Un taladro para agujeros en viguetas<\/span><\/li>\n<li><span class=\"a-list-item\">un martillo para clavar los pernos<\/span><\/li>\n<li><span class=\"a-list-item\">una llave para atornillar las tuercas<\/span><\/li>\n<li><span class=\"a-list-item\">una escalera o escalera de tijera<\/span><\/li>\n<\/ul>\n<p>&nbsp;<\/p>\n<p class=\"a-spacing-base\">La compra de este kit incluye un manual de instrucciones detallado, v\u00eddeos y tutoriales de instalaci\u00f3n y acceso telef\u00f3nico o por correo electr\u00f3nico a nuestro servicio de asistencia al montaje.<\/p>\n<p class=\"a-spacing-base\">Hago todo lo posible para que el montaje sea lo m\u00e1s f\u00e1cil posible para usted: una vez que se re\u00fane el material, se tarda unas 4 horas en ensamblar la c\u00fapula geod\u00e9sica con los conectores DOMESTAR.<\/p>\n<\/div>\n<\/div>\n","protected":false},"excerpt":{"rendered":"<p><span class=\"a-list-item\">26 CONECTORES PROFESIONALES: Acero inoxidable A2\/SS304 de 2,8 mm de espesor para c\u00fapula geod\u00e9sica de frecuencia de 2V. Alta resistencia a la lluvia. Este kit contiene solo los conectores.  <\/span><\/p>\n","protected":false},"featured_media":639,"comment_status":"closed","ping_status":"closed","template":"","meta":{"site-sidebar-layout":"default","site-content-layout":"","ast-site-content-layout":"default","site-content-style":"default","site-sidebar-style":"default","ast-global-header-display":"","ast-banner-title-visibility":"","ast-main-header-display":"","ast-hfb-above-header-display":"","ast-hfb-below-header-display":"","ast-hfb-mobile-header-display":"","site-post-title":"","ast-breadcrumbs-content":"","ast-featured-img":"","footer-sml-layout":"","ast-disable-related-posts":"","theme-transparent-header-meta":"default","adv-header-id-meta":"","stick-header-meta":"","header-above-stick-meta":"","header-main-stick-meta":"","header-below-stick-meta":"","astra-migrate-meta-layouts":"default","ast-page-background-enabled":"default","ast-page-background-meta":{"desktop":{"background-color":"var(--ast-global-color-5)","background-image":"","background-repeat":"repeat","background-position":"center center","background-size":"auto","background-attachment":"scroll","background-type":"","background-media":"","overlay-type":"","overlay-color":"","overlay-opacity":"","overlay-gradient":""},"tablet":{"background-color":"","background-image":"","background-repeat":"repeat","background-position":"center center","background-size":"auto","background-attachment":"scroll","background-type":"","background-media":"","overlay-type":"","overlay-color":"","overlay-opacity":"","overlay-gradient":""},"mobile":{"background-color":"","background-image":"","background-repeat":"repeat","background-position":"center center","background-size":"auto","background-attachment":"scroll","background-type":"","background-media":"","overlay-type":"","overlay-color":"","overlay-opacity":"","overlay-gradient":""}},"ast-content-background-meta":{"desktop":{"background-color":"var(--ast-global-color-4)","background-image":"","background-repeat":"repeat","background-position":"center center","background-size":"auto","background-attachment":"scroll","background-type":"","background-media":"","overlay-type":"","overlay-color":"","overlay-opacity":"","overlay-gradient":""},"tablet":{"background-color":"var(--ast-global-color-4)","background-image":"","background-repeat":"repeat","background-position":"center center","background-size":"auto","background-attachment":"scroll","background-type":"","background-media":"","overlay-type":"","overlay-color":"","overlay-opacity":"","overlay-gradient":""},"mobile":{"background-color":"var(--ast-global-color-4)","background-image":"","background-repeat":"repeat","background-position":"center center","background-size":"auto","background-attachment":"scroll","background-type":"","background-media":"","overlay-type":"","overlay-color":"","overlay-opacity":"","overlay-gradient":""}}},"product_brand":[129],"product_cat":[74],"product_tag":[],"class_list":{"0":"post-768","1":"product","2":"type-product","3":"status-publish","4":"has-post-thumbnail","6":"product_brand-domestar-es","7":"product_cat-cupula-geodesica","8":"desktop-align-left","9":"tablet-align-left","10":"mobile-align-left","12":"first","13":"instock","14":"sale","15":"taxable","16":"shipping-taxable","17":"product-type-simple"},"_links":{"self":[{"href":"https:\/\/mostiky.net\/es\/wp-json\/wp\/v2\/product\/768","targetHints":{"allow":["GET"]}}],"collection":[{"href":"https:\/\/mostiky.net\/es\/wp-json\/wp\/v2\/product"}],"about":[{"href":"https:\/\/mostiky.net\/es\/wp-json\/wp\/v2\/types\/product"}],"replies":[{"embeddable":true,"href":"https:\/\/mostiky.net\/es\/wp-json\/wp\/v2\/comments?post=768"}],"wp:featuredmedia":[{"embeddable":true,"href":"https:\/\/mostiky.net\/es\/wp-json\/wp\/v2\/media\/639"}],"wp:attachment":[{"href":"https:\/\/mostiky.net\/es\/wp-json\/wp\/v2\/media?parent=768"}],"wp:term":[{"taxonomy":"product_brand","embeddable":true,"href":"https:\/\/mostiky.net\/es\/wp-json\/wp\/v2\/product_brand?post=768"},{"taxonomy":"product_cat","embeddable":true,"href":"https:\/\/mostiky.net\/es\/wp-json\/wp\/v2\/product_cat?post=768"},{"taxonomy":"product_tag","embeddable":true,"href":"https:\/\/mostiky.net\/es\/wp-json\/wp\/v2\/product_tag?post=768"}],"curies":[{"name":"wp","href":"https:\/\/api.w.org\/{rel}","templated":true}]}}