{"id":764,"date":"2025-05-07T08:31:29","date_gmt":"2025-05-07T06:31:29","guid":{"rendered":"https:\/\/mostiky.net\/produit\/domestar-3v-3-8-acero-inoxidable-kit-de-46-conectores-metalicos-de-montaje-de-acero-inoxidable-a2-ss304-para-domo-geodesico-de-3-frecuencias\/"},"modified":"2025-05-07T11:38:44","modified_gmt":"2025-05-07T09:38:44","slug":"domestar-3v-3-8-acero-inoxidable-kit-de-46-conectores-metalicos-de-montaje-de-acero-inoxidable-a2-ss304-para-domo-geodesico-de-3-frecuencias","status":"publish","type":"product","link":"https:\/\/mostiky.net\/es\/produit\/domestar-3v-3-8-acero-inoxidable-kit-de-46-conectores-metalicos-de-montaje-de-acero-inoxidable-a2-ss304-para-domo-geodesico-de-3-frecuencias\/","title":{"rendered":"DOMESTAR 3V 3\/8 ACERO INOXIDABLE: Kit de 46 conectores met\u00e1licos de montaje de acero inoxidable A2 \/ SS304 para domo geod\u00e9sico de 3 frecuencias"},"content":{"rendered":"<p><strong>ENV\u00cdO GRATIS EUROPA<\/strong><\/p>\n<ul class=\"a-unordered-list a-vertical a-spacing-mini\">\n<li class=\"a-spacing-mini\"><span class=\"a-list-item\">46 CONECTORES PROFESIONALES: <strong>Acero inoxidable A2\/SS304<\/strong> de 2,5 mm de espesor para c\u00fapula geod\u00e9sica de frecuencia 3V. Alta resistencia a la lluvia. Este kit contiene solo los conectores.  <\/span><\/li>\n<li class=\"a-spacing-mini\"><span class=\"a-list-item\">V\u00cdDEOS, manual de usuario y soporte personal: tendr\u00e1s acceso a todos los v\u00eddeos de montaje y a mi soporte para guiarte durante el montaje.<\/span><\/li>\n<li class=\"a-spacing-mini\"><span class=\"a-list-item\">TAMA\u00d1O FLEXIBLE: la longitud de sus viguetas determinar\u00e1 el tama\u00f1o de su c\u00fapula geod\u00e9sica<\/span><\/li>\n<li class=\"a-spacing-mini\"><span class=\"a-list-item\">MONTAJE BASTANTE F\u00c1CIL: con 2 personas se tarda aproximadamente 1 d\u00eda en cortar, marcar y perforar y 1 d\u00eda en montar la c\u00fapula de 3V<\/span><\/li>\n<li class=\"a-spacing-mini\"><span class=\"a-list-item\">Otro material necesario para el montaje (no incluido): 120 montantes \/ viguetas \/ vigas de madera (solo 3 dimensiones), 240 pernos. Sierra, taladro, martillo, llave inglesa, escalera o escalera de tijera. <\/span><\/li>\n<\/ul>\n<p>&nbsp;<\/p>\n<p>46 conectores de acero inoxidable para domo geod\u00e9sico 3V 3\/8 (frecuencia 3)<\/p>\n<p>Qu\u00e9 incluye:<br \/>\n&#8211; 15 conectores de 4 derivaciones<br \/>\n&#8211; 6 conectores de 5 derivaciones<br \/>\n&#8211; 25 conectores de 6 derivaciones<br \/>\n&#8211; Instrucciones de montaje y enlaces al v\u00eddeo de montaje<\/p>\n<p>&nbsp;<\/p>\n<p>Datos t\u00e9cnicos:<br \/>\nMaterial: acero inoxidable, 2,5 mm de espesor<br \/>\nDi\u00e1metro del conector: 19,5 cm<br \/>\nMarcado A, B y C de todas las ramas del conector<\/p>\n<p>&nbsp;<\/p>\n<p>Adem\u00e1s de los conectores, necesitar\u00e1:<br \/>\n 120 montantes \/ viguetas \/ vigas de madera. Tendr\u00e1s acceso a mi calculadora para determinar la duraci\u00f3n de las cantidades. Solo hay 3 longitudes diferentes.<br \/>\nLa longitud de los montantes determinar\u00e1 el di\u00e1metro y la altura de la c\u00fapula.<br \/>\n240 pernos TRCC (cabeza redonda, cuello cuadrado) 1 o 2 cm m\u00e1s altos que la altura de los montantes.  <\/p>\n<p>&nbsp;<\/p>\n<p>Necesitar\u00e1 las siguientes herramientas:<br \/>\n&#8211; una sierra (normal o de calar, circular o radial) para cortar las vigas al tama\u00f1o<br \/>\n correcto- un taladro para los agujeros de las viguetas<\/p>\n<p>&#8211; un martillo para clavar los pernos- una llave para atornillar las tuercas (mejor: un destornillador el\u00e9ctrico)<br \/>\n&#8211; una escalera o escalera de tijera<\/p>\n<p>&nbsp;<\/p>\n<p>La compra de este kit incluye un manual detallado, v\u00eddeos de instalaci\u00f3n y tutoriales y acceso a nuestro servicio de asistencia en el montaje. Hago todo lo posible para que el montaje sea lo m\u00e1s f\u00e1cil posible para usted. <\/p>\n<p>&nbsp;<\/p>\n<p>SE NECESITAN 2 PERSONAS PARA EL MONTAJE<br \/>\nTenga en cuenta que realmente se necesitan 2 personas para montar un domo geod\u00e9sico de 3V (nuestros conectores para domos de 1V y 2V se pueden montar solos) ya que algunos escalones requieren soportar el piso inferior.<\/p>\n<p>&nbsp;<\/p>\n<p>Tambi\u00e9n tenga en cuenta que un desmontaje de la c\u00fapula de 3V sin soporte de los pisos inferiores doblar\u00e1 los conectores, que entonces ya no ser\u00e1n utilizables. Por lo tanto, el desmontaje debe reservarse para personas experimentadas. <\/p>\n<p>&nbsp;<\/p>\n<h3>Advertencia de seguridad<\/h3>\n<p>Use equipo de protecci\u00f3n cuando use herramientas, garantice la estabilidad estructural durante el ensamblaje y tenga la asistencia adecuada para evitar lesiones.<\/p>\n","protected":false},"excerpt":{"rendered":"<p>46 conectores de acero inoxidable A2\/SS304 para domo geod\u00e9sico 3V 3\/8 (frecuencia 3)<\/p>\n","protected":false},"featured_media":665,"comment_status":"closed","ping_status":"closed","template":"","meta":{"site-sidebar-layout":"default","site-content-layout":"","ast-site-content-layout":"default","site-content-style":"default","site-sidebar-style":"default","ast-global-header-display":"","ast-banner-title-visibility":"","ast-main-header-display":"","ast-hfb-above-header-display":"","ast-hfb-below-header-display":"","ast-hfb-mobile-header-display":"","site-post-title":"","ast-breadcrumbs-content":"","ast-featured-img":"","footer-sml-layout":"","ast-disable-related-posts":"","theme-transparent-header-meta":"default","adv-header-id-meta":"","stick-header-meta":"","header-above-stick-meta":"","header-main-stick-meta":"","header-below-stick-meta":"","astra-migrate-meta-layouts":"default","ast-page-background-enabled":"default","ast-page-background-meta":{"desktop":{"background-color":"var(--ast-global-color-5)","background-image":"","background-repeat":"repeat","background-position":"center center","background-size":"auto","background-attachment":"scroll","background-type":"","background-media":"","overlay-type":"","overlay-color":"","overlay-opacity":"","overlay-gradient":""},"tablet":{"background-color":"","background-image":"","background-repeat":"repeat","background-position":"center center","background-size":"auto","background-attachment":"scroll","background-type":"","background-media":"","overlay-type":"","overlay-color":"","overlay-opacity":"","overlay-gradient":""},"mobile":{"background-color":"","background-image":"","background-repeat":"repeat","background-position":"center center","background-size":"auto","background-attachment":"scroll","background-type":"","background-media":"","overlay-type":"","overlay-color":"","overlay-opacity":"","overlay-gradient":""}},"ast-content-background-meta":{"desktop":{"background-color":"var(--ast-global-color-4)","background-image":"","background-repeat":"repeat","background-position":"center center","background-size":"auto","background-attachment":"scroll","background-type":"","background-media":"","overlay-type":"","overlay-color":"","overlay-opacity":"","overlay-gradient":""},"tablet":{"background-color":"var(--ast-global-color-4)","background-image":"","background-repeat":"repeat","background-position":"center center","background-size":"auto","background-attachment":"scroll","background-type":"","background-media":"","overlay-type":"","overlay-color":"","overlay-opacity":"","overlay-gradient":""},"mobile":{"background-color":"var(--ast-global-color-4)","background-image":"","background-repeat":"repeat","background-position":"center center","background-size":"auto","background-attachment":"scroll","background-type":"","background-media":"","overlay-type":"","overlay-color":"","overlay-opacity":"","overlay-gradient":""}}},"product_brand":[129],"product_cat":[74],"product_tag":[],"class_list":{"0":"post-764","1":"product","2":"type-product","3":"status-publish","4":"has-post-thumbnail","6":"product_brand-domestar-es","7":"product_cat-cupula-geodesica","8":"desktop-align-left","9":"tablet-align-left","10":"mobile-align-left","12":"first","13":"outofstock","14":"sale","15":"taxable","16":"shipping-taxable","17":"product-type-simple"},"_links":{"self":[{"href":"https:\/\/mostiky.net\/es\/wp-json\/wp\/v2\/product\/764","targetHints":{"allow":["GET"]}}],"collection":[{"href":"https:\/\/mostiky.net\/es\/wp-json\/wp\/v2\/product"}],"about":[{"href":"https:\/\/mostiky.net\/es\/wp-json\/wp\/v2\/types\/product"}],"replies":[{"embeddable":true,"href":"https:\/\/mostiky.net\/es\/wp-json\/wp\/v2\/comments?post=764"}],"wp:featuredmedia":[{"embeddable":true,"href":"https:\/\/mostiky.net\/es\/wp-json\/wp\/v2\/media\/665"}],"wp:attachment":[{"href":"https:\/\/mostiky.net\/es\/wp-json\/wp\/v2\/media?parent=764"}],"wp:term":[{"taxonomy":"product_brand","embeddable":true,"href":"https:\/\/mostiky.net\/es\/wp-json\/wp\/v2\/product_brand?post=764"},{"taxonomy":"product_cat","embeddable":true,"href":"https:\/\/mostiky.net\/es\/wp-json\/wp\/v2\/product_cat?post=764"},{"taxonomy":"product_tag","embeddable":true,"href":"https:\/\/mostiky.net\/es\/wp-json\/wp\/v2\/product_tag?post=764"}],"curies":[{"name":"wp","href":"https:\/\/api.w.org\/{rel}","templated":true}]}}