{"id":633,"date":"2025-05-07T08:05:24","date_gmt":"2025-05-07T06:05:24","guid":{"rendered":"https:\/\/mostiky.net\/?post_type=product&#038;p=633"},"modified":"2025-05-07T18:09:26","modified_gmt":"2025-05-07T16:09:26","slug":"domo-geodesico-domestar-1v-acero-inoxidable-kit-de-11-conectores-de-montaje-metalicos-de-acero-inoxidable-acero-inoxidable-a2-ss304-para-domo-de-1v","status":"publish","type":"product","link":"https:\/\/mostiky.net\/es\/produit\/domo-geodesico-domestar-1v-acero-inoxidable-kit-de-11-conectores-de-montaje-metalicos-de-acero-inoxidable-acero-inoxidable-a2-ss304-para-domo-de-1v\/","title":{"rendered":"Domo Geod\u00e9sico DOMESTAR 1V ACERO INOXIDABLE: Kit de 11 conectores de montaje met\u00e1licos de acero inoxidable (acero inoxidable A2 \/ SS304) para domo de 1V"},"content":{"rendered":"<p><strong>ENV\u00cdO GRATIS EUROPA<\/strong><\/p>\n<ul class=\"a-unordered-list a-vertical a-spacing-mini\">\n<li class=\"a-spacing-mini\"><span class=\"a-list-item\">11 CONECTORES PROFESIONALES DE ACERO INOXIDABLE (ACERO INOXIDABLE A2 \/ SS304): espesor s\u00f3lido de 3 mm para c\u00fapula geod\u00e9sica de frecuencia de 1V. Alta resistencia a la lluvia. Este kit contiene solo los conectores.  <\/span><\/li>\n<li class=\"a-spacing-mini\"><span class=\"a-list-item\">V\u00cdDEOS, manual de usuario y soporte personal: tendr\u00e1s acceso a todos los v\u00eddeos de montaje y a una l\u00ednea telef\u00f3nica de soporte para guiarte durante el montaje.<\/span><\/li>\n<li class=\"a-spacing-mini\"><span class=\"a-list-item\">TAMA\u00d1O FLEXIBLE: T\u00fa eliges el tama\u00f1o de tu c\u00fapula. Viguetas de 1,50 m = una c\u00fapula de 3 m de di\u00e1metro y 2 m de altura. Viguetas de 2,40 m = 4,6 m de di\u00e1metro y 3,35 m de altura.  <\/span><\/li>\n<li class=\"a-spacing-mini\"><span class=\"a-list-item\">F\u00c1CIL MONTAJE: Una persona tarda aproximadamente 3 horas en montar la c\u00fapula geod\u00e9sica con los conectores domestar<\/span><\/li>\n<li class=\"a-spacing-mini\"><span class=\"a-list-item\">Otros herrajes necesarios para el montaje (no incluidos): 25 montantes \/ viguetas \/ vigas de madera de la misma longitud, 50 pernos TRCC de 8 mm. 40m de cuerda. Taladro, martillo, llave inglesa, escalera o escalera de tijera.  <\/span><\/li>\n<\/ul>\n<h3>V\u00eddeo e instrucciones de montaje:<\/h3>\n<p><a href=\"https:\/\/blumkraft.com\/domestar\/\">Domestar F1 Instrucciones y v\u00eddeo de montaje<\/a><\/p>\n<div class=\"celwidget aplus-module 3p-module-b aplus-standard\" data-csa-c-id=\"vulhzk-2qd4q1-amd2rr-e2qqt8\" data-cel-widget=\"aplus-3p-module-b\">\n<div class=\"aplus-module-wrapper aplus-3p-fixed-width\">\n<h3 class=\"a-spacing-mini\">DOMESTAR: 11 conectores de acero inoxidable para domo geod\u00e9sico de 1V<\/h3>\n<p><img decoding=\"async\" class=\"a-spacing-base\" src=\"https:\/\/m.media-amazon.com\/images\/S\/aplus-media-library-service-media\/0fe290e8-56bc-4c8f-ac1b-041e7b3b238b.__CR587,0,5826,3604_PT0_SX970_V1___.jpg\" alt=\"domestar, c\u00fapula geod\u00e9sica, c\u00fapula geod\u00e9sica, conectores de c\u00fapula, conectores de c\u00fapula, 1V, c\u00fapula de 1V, geoda\" data-src=\"https:\/\/m.media-amazon.com\/images\/S\/aplus-media-library-service-media\/0fe290e8-56bc-4c8f-ac1b-041e7b3b238b.__CR587,0,5826,3604_PT0_SX970_V1___.jpg\"><\/p>\n<p class=\"a-spacing-base\">Un pack de 11 conectores para construir una c\u00fapula geod\u00e9sica de 1V.<\/p>\n<p class=\"a-spacing-base\">Lo que est\u00e1 incluido:<\/p>\n<ul class=\"a-unordered-list a-vertical\">\n<li><span class=\"a-list-item\">5 conectores de 4 clavijas y<\/span><\/li>\n<li><span class=\"a-list-item\">6 conectores de 5 clavijas<\/span><\/li>\n<\/ul>\n<p>&nbsp;<\/p>\n<\/div>\n<\/div>\n<div class=\"celwidget aplus-module module-2 aplus-standard\" data-csa-c-id=\"sn2xuv-a4kysb-ow9o3b-iq7150\" data-cel-widget=\"aplus-module-2\">\n<div class=\"aplus-module-wrapper apm-floatnone apm-fixed-width\">\n<div class=\"apm-sidemodule apm-spacing\">\n<div class=\"apm-sidemodule-imageleft\"><img decoding=\"async\" class=\"\" src=\"https:\/\/m.media-amazon.com\/images\/S\/aplus-media-library-service-media\/dd66a844-82fb-4303-ae00-a6db45494380.__CR0,0,2500,2500_PT0_SX300_V1___.jpg\" alt=\"domestar, c\u00fapula geod\u00e9sica, c\u00fapula geod\u00e9sica, conectores de c\u00fapula, conectores de c\u00fapula, 1V, c\u00fapula de 1V, geoda\" data-src=\"https:\/\/m.media-amazon.com\/images\/S\/aplus-media-library-service-media\/dd66a844-82fb-4303-ae00-a6db45494380.__CR0,0,2500,2500_PT0_SX300_V1___.jpg\"><\/div>\n<div class=\"apm-sidemodule-textright\">\n<h3 class=\"a-spacing-mini\">Caracter\u00edsticas t\u00e9cnicas<\/h3>\n<p>&nbsp;<\/p>\n<ul class=\"a-unordered-list a-vertical\">\n<li><span class=\"a-list-item\">Material: acero inoxidable A2\/SS304, 3 mm de espesor<\/span><\/li>\n<li><span class=\"a-list-item\">Di\u00e1metro del conector: 17,5 cm<\/span><\/li>\n<\/ul>\n<p>&nbsp;<\/p>\n<\/div>\n<\/div>\n<\/div>\n<div><\/div>\n<\/div>\n<div class=\"celwidget aplus-module 3p-module-b aplus-standard\" data-csa-c-id=\"8nwrv1-jqldmg-akbcaj-ruo7w4\" data-cel-widget=\"aplus-3p-module-b\">\n<div class=\"aplus-module-wrapper aplus-3p-fixed-width\">\n<p><img decoding=\"async\" class=\"a-spacing-base\" src=\"https:\/\/m.media-amazon.com\/images\/S\/aplus-media-library-service-media\/8202ac8a-788f-45f4-b492-cf3cd66d5660.__CR0,144,6000,3711_PT0_SX970_V1___.jpg\" alt=\"domestar, c\u00fapula geod\u00e9sica, c\u00fapula geod\u00e9sica, conectores de c\u00fapula, conectores de c\u00fapula, 1V, c\u00fapula de 1V, geoda\" data-src=\"https:\/\/m.media-amazon.com\/images\/S\/aplus-media-library-service-media\/8202ac8a-788f-45f4-b492-cf3cd66d5660.__CR0,144,6000,3711_PT0_SX970_V1___.jpg\"><\/p>\n<h3 class=\"a-spacing-mini\">Lo que necesitar\u00e1s<\/h3>\n<p class=\"a-spacing-base\">Adem\u00e1s de los conectores que necesitar\u00e1s (\u00a1no incluidos!)<\/p>\n<ul class=\"a-unordered-list a-vertical\">\n<li><span class=\"a-list-item\">25 montantes \/ viguetas \/ vigas de madera de la misma longitud. La longitud de los montantes determinar\u00e1 el di\u00e1metro y la altura de la c\u00fapula. Por ejemplo, las vigas de 40&#215;70 mm cada 2,40 m har\u00e1n una c\u00fapula de unos 4,60 m de di\u00e1metro y 3,35 m de altura.<\/span><\/li>\n<li><span class=\"a-list-item\">50 pernos TRCC (cabeza redonda, cuello cuadrado) de 8 mm, lo que hace 1 o 2 cm m\u00e1s que la altura de los montantes: por ejemplo, 80-90 mm para las vigas de arriba. (o si lo prefieres, 100 tornillos para madera) <\/span><\/li>\n<\/ul>\n<p>&nbsp;<\/p>\n<\/div>\n<\/div>\n<div class=\"celwidget aplus-module 3p-module-b aplus-standard\" data-csa-c-id=\"q38egq-gq1iwl-grlu4e-71d7w4\" data-cel-widget=\"aplus-3p-module-b\">\n<div class=\"aplus-module-wrapper aplus-3p-fixed-width\">\n<h3 class=\"a-spacing-mini\">Herramientas necesarias<\/h3>\n<p><img decoding=\"async\" class=\"a-spacing-base\" src=\"https:\/\/m.media-amazon.com\/images\/S\/aplus-media-library-service-media\/7b873790-1727-4e48-836e-a28a38c32d90.__CR278,0,4669,2888_PT0_SX970_V1___.jpg\" alt=\"domestar, c\u00fapula geod\u00e9sica, c\u00fapula geod\u00e9sica, conectores de c\u00fapula, conectores de c\u00fapula, 1V, c\u00fapula de 1V, geoda\" data-src=\"https:\/\/m.media-amazon.com\/images\/S\/aplus-media-library-service-media\/7b873790-1727-4e48-836e-a28a38c32d90.__CR278,0,4669,2888_PT0_SX970_V1___.jpg\"><\/p>\n<p class=\"a-spacing-base\">Necesitar\u00e1 las siguientes herramientas:<\/p>\n<ul class=\"a-unordered-list a-vertical\">\n<li><span class=\"a-list-item\">una sierra (normal o de calar, circular o radial) para cortar las vigas al tama\u00f1o correcto<\/span><\/li>\n<li><span class=\"a-list-item\">Un taladro para agujeros en viguetas<\/span><\/li>\n<li><span class=\"a-list-item\">un martillo para clavar los pernos<\/span><\/li>\n<li><span class=\"a-list-item\">una llave para atornillar las tuercas<\/span><\/li>\n<li><span class=\"a-list-item\">40 m de cable (de 4 a 8 mm de di\u00e1metro) para ayudarle con el montaje<\/span><\/li>\n<li><span class=\"a-list-item\">una escalera o escalera de tijera<\/span><\/li>\n<\/ul>\n<p>&nbsp;<\/p>\n<\/div>\n<\/div>\n<div class=\"celwidget aplus-module 3p-module-b aplus-standard\" data-csa-c-id=\"b9smxo-c9uwcd-u9v0eq-53n1ax\" data-cel-widget=\"aplus-3p-module-b\">\n<div class=\"aplus-module-wrapper aplus-3p-fixed-width\">\n<h3 class=\"a-spacing-mini\">Te acompa\u00f1o en el montaje<\/h3>\n<p><img decoding=\"async\" class=\"a-spacing-base\" src=\"https:\/\/m.media-amazon.com\/images\/S\/aplus-media-library-service-media\/d3a0a05a-911f-47d5-ada3-bb16a1fa2c8d.__CR407,0,5186,3208_PT0_SX970_V1___.jpg\" alt=\"domestar, c\u00fapula geod\u00e9sica, c\u00fapula geod\u00e9sica, conectores de c\u00fapula, conectores de c\u00fapula, 1V, c\u00fapula de 1V, geoda\" data-src=\"https:\/\/m.media-amazon.com\/images\/S\/aplus-media-library-service-media\/d3a0a05a-911f-47d5-ada3-bb16a1fa2c8d.__CR407,0,5186,3208_PT0_SX970_V1___.jpg\"><\/p>\n<p class=\"a-spacing-base\">La compra de este kit incluye:<\/p>\n<ul class=\"a-unordered-list a-vertical\">\n<li><span class=\"a-list-item\">un manual de usuario detallado en l\u00ednea,<\/span><\/li>\n<li><span class=\"a-list-item\">videos de instalaci\u00f3n y tutoriales y<\/span><\/li>\n<li><span class=\"a-list-item\">Acceso telef\u00f3nico o por correo electr\u00f3nico a nuestro servicio de asistencia en el montaje.<\/span><\/li>\n<\/ul>\n<p>&nbsp;<\/p>\n<p class=\"a-spacing-base\">Hago todo lo posible para que el montaje sea lo m\u00e1s f\u00e1cil posible para usted: una vez que se re\u00fane el material, se necesitan unas 3 horas para ensamblar la c\u00fapula geod\u00e9sica con los conectores DOMESTAR.<\/p>\n<p class=\"a-spacing-base\">Cuidadoso:<\/p>\n<p class=\"a-spacing-base\">No incluye los pernos ni las vigas necesarias para el montaje.<\/p>\n<\/div>\n<\/div>\n","protected":false},"excerpt":{"rendered":"<p><span class=\"a-list-item\">11 CONECTORES PROFESIONALES: Acero inoxidable A2\/SS304 en espesor s\u00f3lido de 3 mm para c\u00fapula geod\u00e9sica de frecuencia 1V. Alta resistencia a la lluvia. Este kit contiene solo los conectores.  <\/span><\/p>\n","protected":false},"featured_media":614,"comment_status":"closed","ping_status":"closed","template":"","meta":{"site-sidebar-layout":"default","site-content-layout":"","ast-site-content-layout":"default","site-content-style":"default","site-sidebar-style":"default","ast-global-header-display":"","ast-banner-title-visibility":"","ast-main-header-display":"","ast-hfb-above-header-display":"","ast-hfb-below-header-display":"","ast-hfb-mobile-header-display":"","site-post-title":"","ast-breadcrumbs-content":"","ast-featured-img":"","footer-sml-layout":"","ast-disable-related-posts":"","theme-transparent-header-meta":"default","adv-header-id-meta":"","stick-header-meta":"","header-above-stick-meta":"","header-main-stick-meta":"","header-below-stick-meta":"","astra-migrate-meta-layouts":"default","ast-page-background-enabled":"default","ast-page-background-meta":{"desktop":{"background-color":"var(--ast-global-color-5)","background-image":"","background-repeat":"repeat","background-position":"center center","background-size":"auto","background-attachment":"scroll","background-type":"","background-media":"","overlay-type":"","overlay-color":"","overlay-opacity":"","overlay-gradient":""},"tablet":{"background-color":"","background-image":"","background-repeat":"repeat","background-position":"center center","background-size":"auto","background-attachment":"scroll","background-type":"","background-media":"","overlay-type":"","overlay-color":"","overlay-opacity":"","overlay-gradient":""},"mobile":{"background-color":"","background-image":"","background-repeat":"repeat","background-position":"center center","background-size":"auto","background-attachment":"scroll","background-type":"","background-media":"","overlay-type":"","overlay-color":"","overlay-opacity":"","overlay-gradient":""}},"ast-content-background-meta":{"desktop":{"background-color":"var(--ast-global-color-4)","background-image":"","background-repeat":"repeat","background-position":"center center","background-size":"auto","background-attachment":"scroll","background-type":"","background-media":"","overlay-type":"","overlay-color":"","overlay-opacity":"","overlay-gradient":""},"tablet":{"background-color":"var(--ast-global-color-4)","background-image":"","background-repeat":"repeat","background-position":"center center","background-size":"auto","background-attachment":"scroll","background-type":"","background-media":"","overlay-type":"","overlay-color":"","overlay-opacity":"","overlay-gradient":""},"mobile":{"background-color":"var(--ast-global-color-4)","background-image":"","background-repeat":"repeat","background-position":"center center","background-size":"auto","background-attachment":"scroll","background-type":"","background-media":"","overlay-type":"","overlay-color":"","overlay-opacity":"","overlay-gradient":""}}},"product_brand":[129],"product_cat":[74],"product_tag":[],"class_list":{"0":"post-633","1":"product","2":"type-product","3":"status-publish","4":"has-post-thumbnail","6":"product_brand-domestar-es","7":"product_cat-cupula-geodesica","8":"desktop-align-left","9":"tablet-align-left","10":"mobile-align-left","12":"first","13":"instock","14":"sale","15":"taxable","16":"shipping-taxable","17":"product-type-simple"},"_links":{"self":[{"href":"https:\/\/mostiky.net\/es\/wp-json\/wp\/v2\/product\/633","targetHints":{"allow":["GET"]}}],"collection":[{"href":"https:\/\/mostiky.net\/es\/wp-json\/wp\/v2\/product"}],"about":[{"href":"https:\/\/mostiky.net\/es\/wp-json\/wp\/v2\/types\/product"}],"replies":[{"embeddable":true,"href":"https:\/\/mostiky.net\/es\/wp-json\/wp\/v2\/comments?post=633"}],"wp:featuredmedia":[{"embeddable":true,"href":"https:\/\/mostiky.net\/es\/wp-json\/wp\/v2\/media\/614"}],"wp:attachment":[{"href":"https:\/\/mostiky.net\/es\/wp-json\/wp\/v2\/media?parent=633"}],"wp:term":[{"taxonomy":"product_brand","embeddable":true,"href":"https:\/\/mostiky.net\/es\/wp-json\/wp\/v2\/product_brand?post=633"},{"taxonomy":"product_cat","embeddable":true,"href":"https:\/\/mostiky.net\/es\/wp-json\/wp\/v2\/product_cat?post=633"},{"taxonomy":"product_tag","embeddable":true,"href":"https:\/\/mostiky.net\/es\/wp-json\/wp\/v2\/product_tag?post=633"}],"curies":[{"name":"wp","href":"https:\/\/api.w.org\/{rel}","templated":true}]}}