{"id":2633,"date":"2026-05-11T16:48:18","date_gmt":"2026-05-11T14:48:18","guid":{"rendered":"https:\/\/mostiky.net\/produit\/cle-universelle-aerateurs-mousseurs-cache-tt-tj-jr-std-tf-cle-de-montage-et-demontage-compatible-neoperl-ob\/"},"modified":"2026-05-12T11:22:53","modified_gmt":"2026-05-12T09:22:53","slug":"cle-universelle-aerateurs-mousseurs-cache-tt-tj-jr-std-tf-cle-de-montage-et-demontage-compatible-neoperl-ob","status":"publish","type":"product","link":"https:\/\/mostiky.net\/es\/produit\/cle-universelle-aerateurs-mousseurs-cache-tt-tj-jr-std-tf-cle-de-montage-et-demontage-compatible-neoperl-ob\/","title":{"rendered":"Aireadores\/Aireadores cach\u00e9 de clave universal TT, TJ, JR, STD, TF. Clave de ensamblaje y desmontaje compatible con Neoperl &#8211; OB"},"content":{"rendered":"<div class=\"celwidget aplus-module 3p-module-b aplus-standard\" data-csa-c-type=\"widget\" data-csa-c-slot-id=\"dp_desktop_aplus_3p-module-b_div\" data-csa-c-content-id=\"aplus_3p-module-b\" data-csa-c-id=\"4butuy-enay38-bbcd5h-em70sp\" data-cel-widget=\"aplus-3p-module-b\">\n<div class=\"aplus-module-wrapper aplus-3p-fixed-width\">\n<h3 class=\"a-spacing-mini\">Aireadores Universales de Clave BLUMKRAFT \/ Aireadores cach\u00e9 TT, TJ, JR, STD, TF<\/h3>\n<p>CAJA ABIERTA: El embalaje de cart\u00f3n del producto ha sido abierto, pero nunca se ha utilizado y permanece en buen estado.<\/p>\n<p><img decoding=\"async\" class=\"a-spacing-base\" src=\"https:\/\/m.media-amazon.com\/images\/S\/aplus-media-library-service-media\/97dc2e09-5021-43c1-a88b-3311d5bc1813.__CR0,120,5000,3093_PT0_SX970_V1___.jpg\" alt=\"Primer plano de manos sujetando un aireador met\u00e1lico de varios orificios, ilustrando el proceso de retirada o instalaci\u00f3n\" data-src=\"https:\/\/m.media-amazon.com\/images\/S\/aplus-media-library-service-media\/97dc2e09-5021-43c1-a88b-3311d5bc1813.__CR0,120,5000,3093_PT0_SX970_V1___.jpg\"><\/p>\n<h3 class=\"a-spacing-mini\">La llave universal BLUMKRAFT permite el montaje y desmontaje de los aireadores TT, TJ, JR, STD y TF HID.<\/h3>\n<p>&nbsp;<\/p>\n<\/div>\n<\/div>\n<div class=\"celwidget aplus-module module-2 aplus-standard\" data-csa-c-type=\"widget\" data-csa-c-slot-id=\"dp_desktop_aplus_module-2_div\" data-csa-c-content-id=\"aplus_module-2\" data-csa-c-id=\"oi75gg-zckgz7-wxgzt5-yc622u\" data-cel-widget=\"aplus-module-2\">\n<div class=\"aplus-module-wrapper apm-floatnone apm-fixed-width\">\n<div class=\"apm-sidemodule apm-spacing\">\n<div class=\"apm-sidemodule-imageleft\"><img decoding=\"async\" class=\"alignleft\" src=\"https:\/\/m.media-amazon.com\/images\/S\/aplus-media-library-service-media\/694c9ac3-eaf5-44ee-837a-e0f6447fb77b.__CR0,0,2000,2000_PT0_SX300_V1___.jpg\" alt=\"mostrando cuatro modelos: TT (16,5 mm), TJ (18,5 mm), JR (21,5 mm) y STD (24 mm). Incluye informaci\u00f3n de compatibilidad para diferentes tama\u00f1os.\" data-src=\"https:\/\/m.media-amazon.com\/images\/S\/aplus-media-library-service-media\/694c9ac3-eaf5-44ee-837a-e0f6447fb77b.__CR0,0,2000,2000_PT0_SX300_V1___.jpg\"><\/div>\n<div class=\"apm-sidemodule-imageleft\"><span style=\"font-size: 1.5em; font-weight: bold;\">COMPATIBLE CON TODOS LOS FORMATOS OCULTOS DE NEOPERL<\/span><\/div>\n<div class=\"apm-sidemodule-textright\">\n<p>&nbsp;<\/p>\n<ul class=\"a-unordered-list a-vertical\">\n<li><span class=\"a-list-item\">TT: M16.5<\/span><\/li>\n<li><span class=\"a-list-item\">TJ: M18.5 (compatible con grifo IKEA)<\/span><\/li>\n<li><span class=\"a-list-item\">JR: M21.5<\/span><\/li>\n<li><span class=\"a-list-item\">STD: M24<\/span><\/li>\n<li><span class=\"a-list-item\">TF: U28<\/span><\/li>\n<\/ul>\n<p>&nbsp;<\/p>\n<p>La tabla muestra el tama\u00f1o en mm de cada est\u00e1ndar. Por ejemplo, el est\u00e1ndar TJ es de 18,5 mm y es el que es compatible con los grifos de IKEA. <\/p>\n<\/div>\n<\/div>\n<\/div>\n<div><\/div>\n<\/div>\n<div class=\"celwidget aplus-module 3p-module-b aplus-standard\" data-csa-c-type=\"widget\" data-csa-c-slot-id=\"dp_desktop_aplus_3p-module-b_div\" data-csa-c-content-id=\"aplus_3p-module-b\" data-csa-c-id=\"fvbm8m-l77mtv-pd8qek-2onp2j\" data-cel-widget=\"aplus-3p-module-b\">\n<div class=\"aplus-module-wrapper aplus-3p-fixed-width\">\n<h3 class=\"a-spacing-mini\">FUERTE Y EFICIENTE<\/h3>\n<p><img decoding=\"async\" class=\"a-spacing-base\" src=\"https:\/\/m.media-amazon.com\/images\/S\/aplus-media-library-service-media\/af2b104d-5c5a-4f14-b364-969b06f06cc9.__CR0,120,5000,3093_PT0_SX970_V1___.jpg\" alt=\"Sujeta una peque\u00f1a herramienta met\u00e1lica en forma de estrella contra un grifo o tuber\u00eda de acero inoxidable. La herramienta parece ser una llave inglesa o una llave especializada\" data-src=\"https:\/\/m.media-amazon.com\/images\/S\/aplus-media-library-service-media\/af2b104d-5c5a-4f14-b364-969b06f06cc9.__CR0,120,5000,3093_PT0_SX970_V1___.jpg\"><\/p>\n<\/div>\n<\/div>\n<p>&nbsp;<\/p>\n<div class=\"celwidget aplus-module 3p-module-b aplus-standard\" data-csa-c-type=\"widget\" data-csa-c-slot-id=\"dp_desktop_aplus_3p-module-b_div\" data-csa-c-content-id=\"aplus_3p-module-b\" data-csa-c-id=\"fvbm8m-l77mtv-pd8qek-2onp2j\" data-cel-widget=\"aplus-3p-module-b\">\n<div class=\"aplus-module-wrapper aplus-3p-fixed-width\">\n<ul class=\"a-unordered-list a-vertical\">\n<li><span class=\"a-list-item\">Su fabricaci\u00f3n en un solo bloque de metal permite desmontar todos los aireadores OCULTOS, incluso los m\u00e1s atascados.<\/span><img decoding=\"async\" class=\"a-spacing-mini alignright\" src=\"https:\/\/m.media-amazon.com\/images\/S\/aplus-media-library-service-media\/417feaf8-b97e-44ca-a4aa-b13f16e9fd45.__CR833,0,3333,3333_PT0_SX300_V1___.jpg\" alt=\"Primer plano de un dispositivo de belleza plateado con m\u00faltiples puntas, sostenido contra un dedo, presumiblemente para un tratamiento facial o cuidado de la piel\" data-src=\"https:\/\/m.media-amazon.com\/images\/S\/aplus-media-library-service-media\/417feaf8-b97e-44ca-a4aa-b13f16e9fd45.__CR833,0,3333,3333_PT0_SX300_V1___.jpg\"><\/li>\n<li><span class=\"a-list-item\">Esta llave inglesa met\u00e1lica funciona donde las llaves de pl\u00e1stico no: podr\u00e1s desmontar aireadores que se atascen con la cal.<\/span><\/li>\n<li><span class=\"a-list-item\">La presencia de un agujero bajo cada tecla permite aplicar presi\u00f3n con un dedo mientras la tecla gira.  <\/span><\/li>\n<li><span class=\"a-list-item\">Todas las teclas est\u00e1n en el mismo lado: esto facilita agarrar la tecla.<\/span><\/li>\n<\/ul>\n<p>&nbsp;<\/p>\n<\/div>\n<\/div>\n<div class=\"celwidget aplus-module module-3 aplus-standard\" data-csa-c-type=\"widget\" data-csa-c-slot-id=\"dp_desktop_aplus_module-3_div\" data-csa-c-content-id=\"aplus_module-3\" data-csa-c-id=\"zgi7zo-7lzjuh-68zp86-8z1tll\" data-cel-widget=\"aplus-module-3\">\n<div class=\"aplus-module-wrapper apm-floatnone apm-fixed-width\">\n<div class=\"apm-sidemodule apm-spacing\">\n<div class=\"apm-sidemodule-textleft\">\n<h3 class=\"a-spacing-mini\">\u00bfC\u00d3MO RECONOCER EL FORMATO OCULTO?<\/h3>\n<p>Los aireadores ocultos\/aireadores no sobresalen del grifo. Tienen almenas como un castillo fortificado. <\/p>\n<\/div>\n<\/div>\n<\/div>\n<div><\/div>\n<\/div>\n<div class=\"celwidget aplus-module 3p-module-b aplus-standard\" data-csa-c-type=\"widget\" data-csa-c-slot-id=\"dp_desktop_aplus_3p-module-b_div\" data-csa-c-content-id=\"aplus_3p-module-b\" data-csa-c-id=\"lmcrin-rmoj8a-fl3spt-5r9bbi\" data-cel-widget=\"aplus-3p-module-b\">\n<div class=\"aplus-module-wrapper aplus-3p-fixed-width\">\n<p><img decoding=\"async\" class=\"a-spacing-base\" src=\"https:\/\/m.media-amazon.com\/images\/S\/aplus-media-library-service-media\/e9d7480e-2960-4f2f-a5ba-6e246454683f.__CR0,120,5000,3093_PT0_SX970_V1___.jpg\" alt=\"Primer plano de varias brocas circulares con bordes dentados unidos a un eje met\u00e1lico, con especial atenci\u00f3n a sus dientes entrelazados y\" data-src=\"https:\/\/m.media-amazon.com\/images\/S\/aplus-media-library-service-media\/e9d7480e-2960-4f2f-a5ba-6e246454683f.__CR0,120,5000,3093_PT0_SX970_V1___.jpg\"><\/p>\n<h3 class=\"a-spacing-mini\">CONSEJO DE CUIDADO<\/h3>\n<p class=\"a-spacing-base\">Blumkraft recomienda que mantengas ANUALMENTE tus aireadores\/aireadores.<\/p>\n<p class=\"a-spacing-base\">Desm\u00f3ntalas con nuestra llave universal y d\u00e9jalas en remojo en vinagre durante unas horas: esto evitar\u00e1 la acumulaci\u00f3n de cal y tendr\u00e1s un excelente flujo de agua en los grifos.<\/p>\n<\/div>\n<\/div>\n","protected":false},"excerpt":{"rendered":"<ul>\n<li>CAJA ABIERTA: El embalaje de cart\u00f3n del producto ha sido abierto, pero nunca se ha utilizado y permanece en buen estado.<\/li>\n<li class=\"a-spacing-mini\"><span class=\"a-list-item\">\ud83d\udeb0 METAL: Llave met\u00e1lica maciza para desmontar y volver a montar aireadores\/aireadores de grifo OCULTOS  <\/span><\/li>\n<li class=\"a-spacing-mini\"><span class=\"a-list-item\">\ud83d\udeb0 UNIVERSAL: 5 formatos: TT (M16.5), TJ (M18.5), JR (M21.5), STD (M24), TF (M28). Compatible con Neoperl.   <\/span><\/li>\n<li class=\"a-spacing-mini\"><span class=\"a-list-item\">\ud83d\udeb0 F\u00c1CIL DE USAR: un agujero bajo cada tecla permite aplicar presi\u00f3n con un dedo mientras se desmontan los aireadores que se atacan por la cal  <\/span><\/li>\n<li class=\"a-spacing-mini\"><span class=\"a-list-item\">\ud83d\udeb0 PR\u00c1CTICO: las 5 teclas est\u00e1n en el mismo lado para mejorar el agarre al extraer los aireadores  <\/span><\/li>\n<li class=\"a-spacing-mini\"><span class=\"a-list-item\">\ud83d\udeb0 CAL: la construcci\u00f3n met\u00e1lica permite desmontar aireadores OCULTOS, incluso aquellos atrapados por piedra caliza<\/span><\/li>\n<\/ul>\n","protected":false},"featured_media":2634,"comment_status":"closed","ping_status":"closed","template":"","meta":{"site-sidebar-layout":"default","site-content-layout":"","ast-site-content-layout":"default","site-content-style":"default","site-sidebar-style":"default","ast-global-header-display":"","ast-banner-title-visibility":"","ast-main-header-display":"","ast-hfb-above-header-display":"","ast-hfb-below-header-display":"","ast-hfb-mobile-header-display":"","site-post-title":"","ast-breadcrumbs-content":"","ast-featured-img":"","footer-sml-layout":"","ast-disable-related-posts":"","theme-transparent-header-meta":"default","adv-header-id-meta":"","stick-header-meta":"","header-above-stick-meta":"","header-main-stick-meta":"","header-below-stick-meta":"","astra-migrate-meta-layouts":"set","ast-page-background-enabled":"default","ast-page-background-meta":{"desktop":{"background-color":"var(--ast-global-color-5)","background-image":"","background-repeat":"repeat","background-position":"center center","background-size":"auto","background-attachment":"scroll","background-type":"","background-media":"","overlay-type":"","overlay-color":"","overlay-opacity":"","overlay-gradient":""},"tablet":{"background-color":"","background-image":"","background-repeat":"repeat","background-position":"center center","background-size":"auto","background-attachment":"scroll","background-type":"","background-media":"","overlay-type":"","overlay-color":"","overlay-opacity":"","overlay-gradient":""},"mobile":{"background-color":"","background-image":"","background-repeat":"repeat","background-position":"center center","background-size":"auto","background-attachment":"scroll","background-type":"","background-media":"","overlay-type":"","overlay-color":"","overlay-opacity":"","overlay-gradient":""}},"ast-content-background-meta":{"desktop":{"background-color":"var(--ast-global-color-4)","background-image":"","background-repeat":"repeat","background-position":"center center","background-size":"auto","background-attachment":"scroll","background-type":"","background-media":"","overlay-type":"","overlay-color":"","overlay-opacity":"","overlay-gradient":""},"tablet":{"background-color":"var(--ast-global-color-4)","background-image":"","background-repeat":"repeat","background-position":"center center","background-size":"auto","background-attachment":"scroll","background-type":"","background-media":"","overlay-type":"","overlay-color":"","overlay-opacity":"","overlay-gradient":""},"mobile":{"background-color":"var(--ast-global-color-4)","background-image":"","background-repeat":"repeat","background-position":"center center","background-size":"auto","background-attachment":"scroll","background-type":"","background-media":"","overlay-type":"","overlay-color":"","overlay-opacity":"","overlay-gradient":""}}},"product_brand":[],"product_cat":[153],"product_tag":[],"class_list":{"0":"post-2633","1":"product","2":"type-product","3":"status-publish","4":"has-post-thumbnail","6":"product_cat-plomberie","7":"desktop-align-left","8":"tablet-align-left","9":"mobile-align-left","11":"first","12":"instock","13":"sale","14":"taxable","15":"shipping-taxable","16":"purchasable","17":"product-type-simple"},"_links":{"self":[{"href":"https:\/\/mostiky.net\/es\/wp-json\/wp\/v2\/product\/2633","targetHints":{"allow":["GET"]}}],"collection":[{"href":"https:\/\/mostiky.net\/es\/wp-json\/wp\/v2\/product"}],"about":[{"href":"https:\/\/mostiky.net\/es\/wp-json\/wp\/v2\/types\/product"}],"replies":[{"embeddable":true,"href":"https:\/\/mostiky.net\/es\/wp-json\/wp\/v2\/comments?post=2633"}],"wp:featuredmedia":[{"embeddable":true,"href":"https:\/\/mostiky.net\/es\/wp-json\/wp\/v2\/media\/2634"}],"wp:attachment":[{"href":"https:\/\/mostiky.net\/es\/wp-json\/wp\/v2\/media?parent=2633"}],"wp:term":[{"taxonomy":"product_brand","embeddable":true,"href":"https:\/\/mostiky.net\/es\/wp-json\/wp\/v2\/product_brand?post=2633"},{"taxonomy":"product_cat","embeddable":true,"href":"https:\/\/mostiky.net\/es\/wp-json\/wp\/v2\/product_cat?post=2633"},{"taxonomy":"product_tag","embeddable":true,"href":"https:\/\/mostiky.net\/es\/wp-json\/wp\/v2\/product_tag?post=2633"}],"curies":[{"name":"wp","href":"https:\/\/api.w.org\/{rel}","templated":true}]}}