{"id":2598,"date":"2026-05-11T16:21:09","date_gmt":"2026-05-11T14:21:09","guid":{"rendered":"https:\/\/mostiky.net\/produit\/mousseur-aerateur-metal-compatible-robinets-ikea-m18-5-2-modes-jets-pivotant-a-360-degres-et-inclinable-80-filtre-integre-ob\/"},"modified":"2026-05-12T11:29:46","modified_gmt":"2026-05-12T09:29:46","slug":"mousseur-aerateur-metal-compatible-robinets-ikea-m18-5-2-modes-jets-pivotant-a-360-degres-et-inclinable-80-filtre-integre-ob","status":"publish","type":"product","link":"https:\/\/mostiky.net\/es\/produit\/mousseur-aerateur-metal-compatible-robinets-ikea-m18-5-2-modes-jets-pivotant-a-360-degres-et-inclinable-80-filtre-integre-ob\/","title":{"rendered":"Aireador met\u00e1lico compatible con grifos IKEA M18.5. 2 modos\/jets. Giro de 360 grados e inclinaci\u00f3n 80\u00b0. Filtro incorporado &#8211; OB"},"content":{"rendered":"<p>BLUMKRAFT Grifos Met\u00e1licos Compatibles con Aireador Met\u00e1lico IKEA M18.5<\/p>\n<p>CAJA ABIERTA: El embalaje de cart\u00f3n del producto ha sido abierto, pero nunca se ha utilizado y permanece en buen estado.<\/p>\n<p>Nuestro aireador est\u00e1 equipado con un adaptador macho M18.5 compatible con casi todos los grifos de cocina de IKEA.<\/p>\n<p>Un aireador giratorio de 360\u00b0<br \/>\nEl aireador gira 360 grados y puede inclinarse 80 grados para alcanzar cada rinc\u00f3n del fregadero.<\/p>\n<p>Dos modos de uso<br \/>\n: Girando el morro del grifo, cambia de modo: cambiar de modo suave y burbuja para lavarse las manos a modo pulverizaci\u00f3n para lavar los platos.<\/p>\n<p>Compatible con los siguientes grifos\/mezcladores de IKEA:<br \/>\n&#8211; \u00c4lmaren \/ Almaren<br \/>\n&#8211; Bosj\u00f6n \/ Bosjon<br \/>\n&#8211; Brogrund<br \/>\n&#8211; Dalsk\u00e4r \/ Dalskar<br \/>\n&#8211; Delsj\u00f6n \/ Delsjon<br \/>\n&#8211; Elverdam<br \/>\n&#8211; Gamlesj\u00f6n \/ Gamlesjon<br \/>\n&#8211; Glypen<br \/>\n&#8211; Gransk\u00e4r \/ Granskar<br \/>\n&#8211; Insj\u00f6n \/ Insjon<br \/>\n&#8211; Lillsvan<br \/>\n&#8211; Lundsk\u00e4r \/ Lundskar<br \/>\n&#8211; Nyvattnet<br \/>\n&#8211; Pilk\u00e5n \/ Pilkan<br \/>\n&#8211; Ringsk\u00e4r \/ Ringskar<br \/>\n&#8211; Sandsj\u00f6n \/ Sandsjon<br \/>\n&#8211; Svensk\u00e4r \/ Svenskar<br \/>\n&#8211; T\u00e4mnaren \/ Tamnaren<br \/>\n&#8211; Vattnet \/ Voxnan<br \/>\n&#8211; Yttran<\/p>\n<p>Prueba de compatibilidad:<br \/>\n Para asegurarte de no cometer un error en tu orden, \u00a1es f\u00e1cil!<br \/>\nAntes de hacer un pedido, mide el aireador del grifo: desmonta el aireador y comp\u00e1ralo con una moneda de 2 c\u00e9ntimos: deben tener el mismo tama\u00f1o.<\/p>\n<p>Instalaci\u00f3n f\u00e1cil<br \/>\n1. Desatornilla el aireador existente de tu grifo con un grifo de dos piezas<br \/>\n. Atornilla nuestro aireador\/aireador a mano y sin herramientas<\/p>\n<p>Dimensiones<br \/>\nLongitud con adaptador: 71mm<br \/>\nLongitud una vez instalado: 62mm<br \/>\nDi\u00e1metro: 28mm<\/p>\n","protected":false},"excerpt":{"rendered":"<ul class=\"a-unordered-list a-vertical a-spacing-mini\">\n<li class=\"a-spacing-mini\"><span class=\"a-list-item\">CAJA ABIERTA: El embalaje de cart\u00f3n del producto ha sido abierto, pero nunca se ha utilizado y permanece en buen estado.<\/span><\/li>\n<li class=\"a-spacing-mini\"><span class=\"a-list-item\">360 GRADOS: Aireador de grifo giratorio que gira 360\u00b0 y se inclina 80\u00b0. Aireador incorporado y filtro de grifer\u00eda.   <\/span><\/li>\n<li class=\"a-spacing-mini\"><span class=\"a-list-item\">COMPATIBLE CON GRIFO IKEA: El adaptador M18.5 sirve para casi todos los grifos de cocina de IKEA, Neoperl TJ  <\/span><\/li>\n<li class=\"a-spacing-mini\"><span class=\"a-list-item\">DOBLE CHORRO: al cambiar el extremo del aireador de flujo de burbujas aireadas a chorro fuerte  <\/span><\/li>\n<li class=\"a-spacing-mini\"><span class=\"a-list-item\">METAL CROMADO: La conexi\u00f3n compatible con IKEA y la parte superior del ventilador est\u00e1n fabricadas en metal cromado. La parte inferior est\u00e1 hecha de resina cromada de alta calidad.   <\/span><\/li>\n<li class=\"a-spacing-mini\"><span class=\"a-list-item\">F\u00c1CIL DE INSTALAR: montaje sin herramientas. Quita el aireador del grifo y atornilla a mano nuestro aireador giratorio <\/span><\/li>\n<\/ul>\n","protected":false},"featured_media":2599,"comment_status":"closed","ping_status":"closed","template":"","meta":{"site-sidebar-layout":"default","site-content-layout":"","ast-site-content-layout":"default","site-content-style":"default","site-sidebar-style":"default","ast-global-header-display":"","ast-banner-title-visibility":"","ast-main-header-display":"","ast-hfb-above-header-display":"","ast-hfb-below-header-display":"","ast-hfb-mobile-header-display":"","site-post-title":"","ast-breadcrumbs-content":"","ast-featured-img":"","footer-sml-layout":"","ast-disable-related-posts":"","theme-transparent-header-meta":"default","adv-header-id-meta":"","stick-header-meta":"","header-above-stick-meta":"","header-main-stick-meta":"","header-below-stick-meta":"","astra-migrate-meta-layouts":"set","ast-page-background-enabled":"default","ast-page-background-meta":{"desktop":{"background-color":"var(--ast-global-color-5)","background-image":"","background-repeat":"repeat","background-position":"center center","background-size":"auto","background-attachment":"scroll","background-type":"","background-media":"","overlay-type":"","overlay-color":"","overlay-opacity":"","overlay-gradient":""},"tablet":{"background-color":"","background-image":"","background-repeat":"repeat","background-position":"center center","background-size":"auto","background-attachment":"scroll","background-type":"","background-media":"","overlay-type":"","overlay-color":"","overlay-opacity":"","overlay-gradient":""},"mobile":{"background-color":"","background-image":"","background-repeat":"repeat","background-position":"center center","background-size":"auto","background-attachment":"scroll","background-type":"","background-media":"","overlay-type":"","overlay-color":"","overlay-opacity":"","overlay-gradient":""}},"ast-content-background-meta":{"desktop":{"background-color":"var(--ast-global-color-4)","background-image":"","background-repeat":"repeat","background-position":"center center","background-size":"auto","background-attachment":"scroll","background-type":"","background-media":"","overlay-type":"","overlay-color":"","overlay-opacity":"","overlay-gradient":""},"tablet":{"background-color":"var(--ast-global-color-4)","background-image":"","background-repeat":"repeat","background-position":"center center","background-size":"auto","background-attachment":"scroll","background-type":"","background-media":"","overlay-type":"","overlay-color":"","overlay-opacity":"","overlay-gradient":""},"mobile":{"background-color":"var(--ast-global-color-4)","background-image":"","background-repeat":"repeat","background-position":"center center","background-size":"auto","background-attachment":"scroll","background-type":"","background-media":"","overlay-type":"","overlay-color":"","overlay-opacity":"","overlay-gradient":""}}},"product_brand":[],"product_cat":[153],"product_tag":[],"class_list":{"0":"post-2598","1":"product","2":"type-product","3":"status-publish","4":"has-post-thumbnail","6":"product_cat-plomberie","7":"desktop-align-left","8":"tablet-align-left","9":"mobile-align-left","11":"first","12":"instock","13":"sale","14":"taxable","15":"shipping-taxable","16":"purchasable","17":"product-type-simple"},"_links":{"self":[{"href":"https:\/\/mostiky.net\/es\/wp-json\/wp\/v2\/product\/2598","targetHints":{"allow":["GET"]}}],"collection":[{"href":"https:\/\/mostiky.net\/es\/wp-json\/wp\/v2\/product"}],"about":[{"href":"https:\/\/mostiky.net\/es\/wp-json\/wp\/v2\/types\/product"}],"replies":[{"embeddable":true,"href":"https:\/\/mostiky.net\/es\/wp-json\/wp\/v2\/comments?post=2598"}],"wp:featuredmedia":[{"embeddable":true,"href":"https:\/\/mostiky.net\/es\/wp-json\/wp\/v2\/media\/2599"}],"wp:attachment":[{"href":"https:\/\/mostiky.net\/es\/wp-json\/wp\/v2\/media?parent=2598"}],"wp:term":[{"taxonomy":"product_brand","embeddable":true,"href":"https:\/\/mostiky.net\/es\/wp-json\/wp\/v2\/product_brand?post=2598"},{"taxonomy":"product_cat","embeddable":true,"href":"https:\/\/mostiky.net\/es\/wp-json\/wp\/v2\/product_cat?post=2598"},{"taxonomy":"product_tag","embeddable":true,"href":"https:\/\/mostiky.net\/es\/wp-json\/wp\/v2\/product_tag?post=2598"}],"curies":[{"name":"wp","href":"https:\/\/api.w.org\/{rel}","templated":true}]}}