{"id":253,"date":"2024-08-22T07:49:18","date_gmt":"2024-08-22T05:49:18","guid":{"rendered":"https:\/\/mostiky.net\/produit\/blam-3-mosquito-baits-mosquito-magnet-compatible\/"},"modified":"2024-08-22T07:49:18","modified_gmt":"2024-08-22T05:49:18","slug":"blam-3-mosquito-baits-mosquito-magnet-compatible","status":"publish","type":"product","link":"https:\/\/mostiky.net\/es\/produit\/blam-3-mosquito-baits-mosquito-magnet-compatible\/","title":{"rendered":"BLAM 3 Mosquito Baits Mosquito Magnet* Compatible"},"content":{"rendered":"<h3 class=\"a-spacing-mini\">Cebo antimosquitos compatible con BLAM Mosquito Magnet* con R-Octenol y \u00e1cido l\u00e1ctico<\/h3>\n<p><span class=\"a-text-bold\">Caracter\u00edsticas principales:<\/span><\/p>\n<ul class=\"a-unordered-list a-vertical\">\n<li><span class=\"a-list-item\">3 cebos para mosquitos por paquete<\/span><\/li>\n<li><span class=\"a-list-item\">100% dise\u00f1ado para y compatible con Mosquito Magnet*.<\/span><\/li>\n<li><span class=\"a-list-item\">45 d\u00edas de eficacia por cebo<\/span><\/li>\n<\/ul>\n<h3 class=\"a-spacing-mini\">BLAM Cebo antimosquitos para todas las trampas Mosquito Magnet*.<\/h3>\n<p>  Perfectamente compatible con:  <\/p>\n<ul class=\"a-unordered-list a-vertical\">\n<li><span class=\"a-list-item\">Im\u00e1n antimosquitos* Pioneer (=Patriot Plus)<\/span><\/li>\n<li><span class=\"a-list-item\">Im\u00e1n para mosquitos* Ejecutivo<\/span><\/li>\n<\/ul>\n<p>  El atrayente de mosquitos tambi\u00e9n funciona en modelos antiguos  <\/p>\n<ul class=\"a-unordered-list a-vertical\">\n<li><span class=\"a-list-item\">Independencia<\/span><\/li>\n<li><span class=\"a-list-item\">Patriota<\/span><\/li>\n<li><span class=\"a-list-item\">Libertad \/ &#8211; Libertad +<\/span><\/li>\n<li><span class=\"a-list-item\">Pro<\/span><\/li>\n<\/ul>\n<p>  Si tu modelo Mosquito Magnet* acepta cartuchos de Octenol o R-Octenol, \u00a1este cebo para mosquitos es compatible!  <\/p>\n<div class=\"celwidget aplus-module 3p-module-b aplus-standard\" data-csa-c-id=\"3d8r6x-qwkdhc-v0rnyf-yw0ba2\" data-cel-widget=\"aplus-3p-module-b\">\n<div class=\"aplus-module-wrapper aplus-3p-fixed-width\">\n<p class=\"a-spacing-base\"><strong>El cebo antimosquitos BLAM para Mosquito Magnet* combina el poder de 2 atrayentes:<\/strong><\/p>\n<ul class=\"a-unordered-list a-vertical\">\n<li><span class=\"a-list-item\"><span class=\"a-text-bold\">R-Octenol<\/span>: este atrayente atrae a los mosquitos comunes.<br \/>\nEl R-Octenol tiene un agradable olor a seta. <\/span><\/li>\n<li><span class=\"a-list-item\"><span class=\"a-text-bold\">\u00c1cido l\u00e1ctico<\/span>: es el atrayente que contiene Atrakta* (ex Lurex3*).<br \/>\nBLAM ha a\u00f1adido este atrayente directamente a la c\u00e1psula para que s\u00f3lo se utilice una c\u00e1psula en lugar de 2. <\/span><\/li>\n<\/ul>\n<p class=\"a-spacing-base\">De forma id\u00e9ntica a las antiguas c\u00e1psulas de R-Octenol, este atrayente BLAM se utiliza para sustituir a 2 c\u00e1psulas diferentes.<\/p>\n<\/div>\n<\/div>\n<div class=\"celwidget aplus-module module-2 aplus-standard\" data-csa-c-id=\"thrua7-c38ry0-ocjqr1-61fy26\" data-cel-widget=\"aplus-module-2\">\n<div class=\"aplus-module-wrapper apm-floatnone apm-fixed-width\">\n<div class=\"apm-sidemodule apm-spacing\">\n<div class=\"apm-sidemodule-imageleft\"><img decoding=\"async\" class=\"\" src=\"https:\/\/m.media-amazon.com\/images\/S\/aplus-media-library-service-media\/9ac7d1f4-2966-4719-974b-170c890548b5.__CR0,0,2000,2000_PT0_SX300_V1___.jpg\" alt=\"cebo, mosquito, im\u00e1n para mosquitos, pionero, ejecutivo, atrayente, cebo, trampa para mosquitos, blam\" data-src=\"https:\/\/m.media-amazon.com\/images\/S\/aplus-media-library-service-media\/9ac7d1f4-2966-4719-974b-170c890548b5.__CR0,0,2000,2000_PT0_SX300_V1___.jpg\"><\/div>\n<div class=\"apm-sidemodule-textright\">\n<h3 class=\"a-spacing-mini\">Instrucciones de uso Atrayente para trampas Mosquito Magnet*.<\/h3>\n<ul class=\"a-unordered-list a-vertical\">\n<li><span class=\"a-list-item\">Saca el cebo para mosquitos BLAM de la bolsa protectora y despega la l\u00e1mina que protege el recambio de atrayente.<\/span><\/li>\n<li><span class=\"a-list-item\">Localiza el tubo debajo del sif\u00f3n.<\/span><\/li>\n<li><span class=\"a-list-item\">Gira el tap\u00f3n 1\/8 de vuelta en sentido antihorario.<\/span><\/li>\n<li><span class=\"a-list-item\">Introduce el cebo BLAM directamente en la trampa para mosquitos Mosquito Magnet*.<\/span><\/li>\n<li><span class=\"a-list-item\">Alinea el tap\u00f3n del tubo y g\u00edralo en el sentido de las agujas del reloj hasta que oigas un clic.<\/span><\/li>\n<li><span class=\"a-list-item\">Sustituye el recambio cada 45 d\u00edas.<\/span><\/li>\n<\/ul>\n<p><span class=\"a-text-bold\">\u00a1(*) Marcas pertenecientes a terceros, sin vinculaci\u00f3n con BLAM!<\/span><\/p>\n<\/div>\n<\/div>\n<\/div>\n<\/div>\n","protected":false},"excerpt":{"rendered":"<p><span class=\"a-list-item\">\ud83e\udd9f COMPATIBLE CON MOSQUITO MAGNET*: Pack de 3 recambios atrayentes de mosquitos compatibles con las trampas para mosquitos \u00abMosquito Magnet*\u00bb: Pioneer, Executive y modelos anteriores Independence, Defender, Patriot&#8230;<\/span><\/p>\n<p><span class=\"a-list-item\">\ud83e\udd9f Mosquitos TIGRE Y COM\u00daN: feromona dual.<br \/>\nEl R-Octenol atrae a los mosquitos comunes y el \u00e1cido l\u00e1ctico atrae a los mosquitos tigre como Atrakta* (ex Lurex3*). <\/span><\/p>\n<p><span class=\"a-list-item\">\ud83e\udd9f EFICACIA DURADERA: la elevada dosis de atrayente de mosquitos hace que dure 45 d\u00edas por cebo, es decir, 135 d\u00edas por envase.<\/span><\/p>\n<p><span class=\"a-list-item\">\ud83e\udd9f ENVASADO FRESCO: Cada cebo est\u00e1 envasado en un paquete herm\u00e9tico para conservar toda su eficacia hasta el d\u00eda en que lo abras.<\/span><\/p>\n<p><span class=\"a-list-item\">\ud83e\udd9f F\u00c1CIL DE USAR: El cebo antimosquitos BLAM se utiliza exactamente igual que el cebo Mosquito Magnet* R-Octenol.<br \/>\nAbre el envase herm\u00e9tico, retira la l\u00e1mina e introduce el atrayente. <\/span><\/p>\n","protected":false},"featured_media":254,"comment_status":"open","ping_status":"closed","template":"","meta":{"site-sidebar-layout":"default","site-content-layout":"","ast-site-content-layout":"default","site-content-style":"default","site-sidebar-style":"default","ast-global-header-display":"","ast-banner-title-visibility":"","ast-main-header-display":"","ast-hfb-above-header-display":"","ast-hfb-below-header-display":"","ast-hfb-mobile-header-display":"","site-post-title":"","ast-breadcrumbs-content":"","ast-featured-img":"","footer-sml-layout":"","ast-disable-related-posts":"","theme-transparent-header-meta":"default","adv-header-id-meta":"","stick-header-meta":"","header-above-stick-meta":"","header-main-stick-meta":"","header-below-stick-meta":"","astra-migrate-meta-layouts":"default","ast-page-background-enabled":"default","ast-page-background-meta":{"desktop":{"background-color":"var(--ast-global-color-5)","background-image":"","background-repeat":"repeat","background-position":"center center","background-size":"auto","background-attachment":"scroll","background-type":"","background-media":"","overlay-type":"","overlay-color":"","overlay-opacity":"","overlay-gradient":""},"tablet":{"background-color":"","background-image":"","background-repeat":"repeat","background-position":"center center","background-size":"auto","background-attachment":"scroll","background-type":"","background-media":"","overlay-type":"","overlay-color":"","overlay-opacity":"","overlay-gradient":""},"mobile":{"background-color":"","background-image":"","background-repeat":"repeat","background-position":"center center","background-size":"auto","background-attachment":"scroll","background-type":"","background-media":"","overlay-type":"","overlay-color":"","overlay-opacity":"","overlay-gradient":""}},"ast-content-background-meta":{"desktop":{"background-color":"var(--ast-global-color-4)","background-image":"","background-repeat":"repeat","background-position":"center center","background-size":"auto","background-attachment":"scroll","background-type":"","background-media":"","overlay-type":"","overlay-color":"","overlay-opacity":"","overlay-gradient":""},"tablet":{"background-color":"var(--ast-global-color-4)","background-image":"","background-repeat":"repeat","background-position":"center center","background-size":"auto","background-attachment":"scroll","background-type":"","background-media":"","overlay-type":"","overlay-color":"","overlay-opacity":"","overlay-gradient":""},"mobile":{"background-color":"var(--ast-global-color-4)","background-image":"","background-repeat":"repeat","background-position":"center center","background-size":"auto","background-attachment":"scroll","background-type":"","background-media":"","overlay-type":"","overlay-color":"","overlay-opacity":"","overlay-gradient":""}}},"product_brand":[124],"product_cat":[65],"product_tag":[],"class_list":{"0":"post-253","1":"product","2":"type-product","3":"status-publish","4":"has-post-thumbnail","6":"product_brand-blam-es","7":"product_cat-cebo","8":"desktop-align-left","9":"tablet-align-left","10":"mobile-align-left","12":"first","13":"instock","14":"sale","15":"taxable","16":"shipping-taxable","17":"purchasable","18":"product-type-simple"},"_links":{"self":[{"href":"https:\/\/mostiky.net\/es\/wp-json\/wp\/v2\/product\/253","targetHints":{"allow":["GET"]}}],"collection":[{"href":"https:\/\/mostiky.net\/es\/wp-json\/wp\/v2\/product"}],"about":[{"href":"https:\/\/mostiky.net\/es\/wp-json\/wp\/v2\/types\/product"}],"replies":[{"embeddable":true,"href":"https:\/\/mostiky.net\/es\/wp-json\/wp\/v2\/comments?post=253"}],"wp:featuredmedia":[{"embeddable":true,"href":"https:\/\/mostiky.net\/es\/wp-json\/wp\/v2\/media\/254"}],"wp:attachment":[{"href":"https:\/\/mostiky.net\/es\/wp-json\/wp\/v2\/media?parent=253"}],"wp:term":[{"taxonomy":"product_brand","embeddable":true,"href":"https:\/\/mostiky.net\/es\/wp-json\/wp\/v2\/product_brand?post=253"},{"taxonomy":"product_cat","embeddable":true,"href":"https:\/\/mostiky.net\/es\/wp-json\/wp\/v2\/product_cat?post=253"},{"taxonomy":"product_tag","embeddable":true,"href":"https:\/\/mostiky.net\/es\/wp-json\/wp\/v2\/product_tag?post=253"}],"curies":[{"name":"wp","href":"https:\/\/api.w.org\/{rel}","templated":true}]}}