{"id":239,"date":"2024-06-28T11:45:13","date_gmt":"2024-06-28T09:45:13","guid":{"rendered":"https:\/\/mostiky.net\/produit\/cebo-tigre-blam-2x-atractivos-mosquitos-tigre-compatibles-con-las-trampas-hbm-dias-y-noches-biogents-bg-mosquitos\/"},"modified":"2026-04-22T09:05:31","modified_gmt":"2026-04-22T07:05:31","slug":"cebo-tigre-blam-2x-atractivos-mosquitos-tigre-compatibles-con-las-trampas-hbm-dias-y-noches-biogents-bg-mosquitos","status":"publish","type":"product","link":"https:\/\/mostiky.net\/es\/produit\/cebo-tigre-blam-2x-atractivos-mosquitos-tigre-compatibles-con-las-trampas-hbm-dias-y-noches-biogents-bg-mosquitos\/","title":{"rendered":"Cebo tigre BLAM: 2x atractivos mosquitos tigre compatibles con las trampas HBM D\u00edas y Noches, Biogents BG-Mosquitos"},"content":{"rendered":"<ul class=\"a-unordered-list a-vertical a-spacing-mini\">\n<li class=\"a-spacing-mini\"><span class=\"a-list-item\">  \ud83e\udd9fPACK 2 RECARGAS: atrayente de mosquitos para las trampas el\u00e9ctricas HBM Equinoxe (HBM Jours et Nuits) y Biogents BG-Mosquitaire.  <\/span><\/li>\n<li class=\"a-spacing-mini\"><span class=\"a-list-item\">  \ud83e\udd9f LARGA DURACI\u00d3N: eficaz durante 60 d\u00edas por recambio.  <\/span><\/li>\n<li class=\"a-spacing-mini\"><span class=\"a-list-item\">  \ud83e\udd9f MOSQUITOS TIGRE: TRIPLE FEROMONAS.<br \/>\nF\u00f3rmula dise\u00f1ada para atraer a los mosquitos tigre.   <\/span><\/li>\n<li class=\"a-spacing-mini\"><span class=\"a-list-item\">  \ud83e\udd9fGRAN CAPACIDAD: Cada dosis pesa 15 g.  <\/span><\/li>\n<li class=\"a-spacing-mini\"><span class=\"a-list-item\">  \ud83e\udd9fEASY: abre una monodosis y col\u00f3cala en la trampa para mosquitos.<br \/>\nInstrucciones de uso en franc\u00e9s, ingl\u00e9s, italiano, espa\u00f1ol, alem\u00e1n y portugu\u00e9s.   <\/span><\/li>\n<\/ul>\n","protected":false},"excerpt":{"rendered":"<p>Lote de 2 cebos de 15 gramos cada uno compatibles con las trampas para mosquitos  <\/p>\n<ul>\n<li>HBM Jours et Nuit<\/li>\n<li>Biogents BG Mosquito<\/li>\n<\/ul>\n","protected":false},"featured_media":246,"comment_status":"open","ping_status":"closed","template":"","meta":{"site-sidebar-layout":"default","site-content-layout":"","ast-site-content-layout":"default","site-content-style":"default","site-sidebar-style":"default","ast-global-header-display":"","ast-banner-title-visibility":"","ast-main-header-display":"","ast-hfb-above-header-display":"","ast-hfb-below-header-display":"","ast-hfb-mobile-header-display":"","site-post-title":"","ast-breadcrumbs-content":"","ast-featured-img":"","footer-sml-layout":"","ast-disable-related-posts":"","theme-transparent-header-meta":"default","adv-header-id-meta":"","stick-header-meta":"","header-above-stick-meta":"","header-main-stick-meta":"","header-below-stick-meta":"","astra-migrate-meta-layouts":"default","ast-page-background-enabled":"default","ast-page-background-meta":{"desktop":{"background-color":"var(--ast-global-color-5)","background-image":"","background-repeat":"repeat","background-position":"center center","background-size":"auto","background-attachment":"scroll","background-type":"","background-media":"","overlay-type":"","overlay-color":"","overlay-opacity":"","overlay-gradient":""},"tablet":{"background-color":"","background-image":"","background-repeat":"repeat","background-position":"center center","background-size":"auto","background-attachment":"scroll","background-type":"","background-media":"","overlay-type":"","overlay-color":"","overlay-opacity":"","overlay-gradient":""},"mobile":{"background-color":"","background-image":"","background-repeat":"repeat","background-position":"center center","background-size":"auto","background-attachment":"scroll","background-type":"","background-media":"","overlay-type":"","overlay-color":"","overlay-opacity":"","overlay-gradient":""}},"ast-content-background-meta":{"desktop":{"background-color":"var(--ast-global-color-4)","background-image":"","background-repeat":"repeat","background-position":"center center","background-size":"auto","background-attachment":"scroll","background-type":"","background-media":"","overlay-type":"","overlay-color":"","overlay-opacity":"","overlay-gradient":""},"tablet":{"background-color":"var(--ast-global-color-4)","background-image":"","background-repeat":"repeat","background-position":"center center","background-size":"auto","background-attachment":"scroll","background-type":"","background-media":"","overlay-type":"","overlay-color":"","overlay-opacity":"","overlay-gradient":""},"mobile":{"background-color":"var(--ast-global-color-4)","background-image":"","background-repeat":"repeat","background-position":"center center","background-size":"auto","background-attachment":"scroll","background-type":"","background-media":"","overlay-type":"","overlay-color":"","overlay-opacity":"","overlay-gradient":""}}},"product_brand":[],"product_cat":[65],"product_tag":[],"class_list":{"0":"post-239","1":"product","2":"type-product","3":"status-publish","4":"has-post-thumbnail","6":"product_cat-cebo","7":"desktop-align-left","8":"tablet-align-left","9":"mobile-align-left","11":"first","12":"instock","13":"sale","14":"taxable","15":"shipping-taxable","16":"purchasable","17":"product-type-simple"},"_links":{"self":[{"href":"https:\/\/mostiky.net\/es\/wp-json\/wp\/v2\/product\/239","targetHints":{"allow":["GET"]}}],"collection":[{"href":"https:\/\/mostiky.net\/es\/wp-json\/wp\/v2\/product"}],"about":[{"href":"https:\/\/mostiky.net\/es\/wp-json\/wp\/v2\/types\/product"}],"replies":[{"embeddable":true,"href":"https:\/\/mostiky.net\/es\/wp-json\/wp\/v2\/comments?post=239"}],"wp:featuredmedia":[{"embeddable":true,"href":"https:\/\/mostiky.net\/es\/wp-json\/wp\/v2\/media\/246"}],"wp:attachment":[{"href":"https:\/\/mostiky.net\/es\/wp-json\/wp\/v2\/media?parent=239"}],"wp:term":[{"taxonomy":"product_brand","embeddable":true,"href":"https:\/\/mostiky.net\/es\/wp-json\/wp\/v2\/product_brand?post=239"},{"taxonomy":"product_cat","embeddable":true,"href":"https:\/\/mostiky.net\/es\/wp-json\/wp\/v2\/product_cat?post=239"},{"taxonomy":"product_tag","embeddable":true,"href":"https:\/\/mostiky.net\/es\/wp-json\/wp\/v2\/product_tag?post=239"}],"curies":[{"name":"wp","href":"https:\/\/api.w.org\/{rel}","templated":true}]}}