{"id":2375,"date":"2026-03-05T18:30:40","date_gmt":"2026-03-05T17:30:40","guid":{"rendered":"https:\/\/mostiky.net\/produit\/conectores-de-cupula-geodesica-domestar-4v-1-2-kit-de-91-conectores-metalicos-de-montaje-acero-galvanizado-para-frecuencia-4-cupula-de-base-plana\/"},"modified":"2026-03-05T18:30:40","modified_gmt":"2026-03-05T17:30:40","slug":"conectores-de-cupula-geodesica-domestar-4v-1-2-kit-de-91-conectores-metalicos-de-montaje-acero-galvanizado-para-frecuencia-4-cupula-de-base-plana","status":"publish","type":"product","link":"https:\/\/mostiky.net\/es\/produit\/conectores-de-cupula-geodesica-domestar-4v-1-2-kit-de-91-conectores-metalicos-de-montaje-acero-galvanizado-para-frecuencia-4-cupula-de-base-plana\/","title":{"rendered":"Conectores de c\u00fapula geod\u00e9sica DOMESTAR 4V 1\/2: Kit de 91 conectores met\u00e1licos de montaje, acero galvanizado para frecuencia 4 C\u00fapula de base plana"},"content":{"rendered":"<p><strong>OFERTA ESPECIAL POR EL LANZAMIENTO DEL DOMESTAR 4V: Devuelvo el 50% del precio de compra si me proporcionas el informe fotogr\u00e1fico del montaje de esta c\u00fapula y el 75% para un informe foto + v\u00eddeo (para ilustrar el manual de usuario). \u00a1Contacta conmigo! <\/strong><\/p>\n<ul class=\"a-unordered-list a-vertical a-spacing-mini\">\n<li>Modelo de base plana: estos conectores permiten una base plana para la c\u00fapula geod\u00e9sica.<\/li>\n<li class=\"a-spacing-mini\"><span class=\"a-list-item\">91 CONECTORES PROFESIONALES: acero galvanizado de 3 mm de grosor para c\u00fapula geod\u00e9sica de frecuencia 4V 1\/12. Alta resistencia a la lluvia. Este kit contiene solo los conectores.  <\/span><\/li>\n<li class=\"a-spacing-mini\"><span class=\"a-list-item\">INSTRUCCIONES DE USO Y SOPORTE PERSONAL: tendr\u00e1s acceso a todos los pasos de montaje y a mi soporte para guiarte durante el montaje.<\/span><\/li>\n<li class=\"a-spacing-mini\"><span class=\"a-list-item\">TAMA\u00d1O FLEXIBLE: la longitud de tus vigas determinar\u00e1 el tama\u00f1o de tu c\u00fapula geod\u00e9sica<\/span><\/li>\n<li class=\"a-spacing-mini\"><span class=\"a-list-item\">MONTAJE BASTANTE F\u00c1CIL: para 2 personas se tarda unos 2 d\u00edas en cortar, marcar y perforar y 2 d\u00edas en montar la c\u00fapula de 4V<\/span><\/li>\n<li class=\"a-spacing-mini\"><span class=\"a-list-item\">Otros componentes necesarios para el montaje (no suministrados): montantes de madera \/ vigas \/ vigas, 500 tornillos + pernos. Sierra, taladro, martillo, llave inglesa, escalera o escalera. <\/span><\/li>\n<\/ul>\n<h3>Calculadora e instrucciones de montaje:<\/h3>\n<p><a href=\"https:\/\/blumkraft.com\/domestar-4v-1-2\/\">Domestar F4: Calculadora de montaje<\/a><\/p>\n<p>DOMESTAR: 91 conectores de acero galvanizado para c\u00fapula geod\u00e9sica de 4V 1\/2 (frecuencia 4)<br \/>\n Lo que incluye:<br \/>\n 91 conectores<br \/>\n &#8211; instrucciones de montaje<\/p>\n<p>&nbsp;<\/p>\n<p>Datos t\u00e9cnicos:<br \/>\n Material: acero galvanizado, 3 mm de grosor<br \/>\nDi\u00e1metro del conector: 19,5 cm<br \/>\nMarcado de todas las templas del conector<\/p>\n<p>Adem\u00e1s de los conectores, necesitar\u00e1s:<br \/>\n montantes \/ vigas \/ vigas de madera. Tendr\u00e1s acceso a mi calculadora para determinar la duraci\u00f3n de las cantidades.<br \/>\nLa longitud de los postes determinar\u00e1 el di\u00e1metro y la altura de la c\u00fapula.<br \/>\n500 tornillos y tornillos 1 o 2 cm m\u00e1s altos que la altura de los montantes. <\/p>\n<p>La compra de este kit incluye un manual de instrucciones detallado, tutoriales de instalaci\u00f3n y acceso a nuestro servicio de asistencia para montaje. Hago todo lo posible para que el montaje sea lo m\u00e1s f\u00e1cil posible para ti. <\/p>\n<p>SE NECESITAN 2 PERSONAS PARA EL MONTAJE<br \/>\nTen en cuenta que realmente se necesitan 2 personas para montar una c\u00fapula geod\u00e9sica de 4V (nuestros conectores para c\u00fapulas de 1V y 2V se pueden montar solos), ya que algunos escalones requieren soportar la planta baja.<\/p>\n<p>Tambi\u00e9n ten en cuenta que un desmontaje de c\u00fapula de 4V sin soporte para las plantas bajas dobla los conectores, lo que dejar\u00e1 de ser utilizable. Por tanto, el desmontaje sin da\u00f1ar los conectores est\u00e1 reservado para personas con experiencia. <\/p>\n","protected":false},"excerpt":{"rendered":"<p>DOMESTAR: 91 conectores de acero galvanizado para c\u00fapula geod\u00e9sica de 4V 1\/2 (frecuencia 4)<\/p>\n","protected":false},"featured_media":1990,"comment_status":"closed","ping_status":"closed","template":"","meta":{"site-sidebar-layout":"default","site-content-layout":"","ast-site-content-layout":"default","site-content-style":"default","site-sidebar-style":"default","ast-global-header-display":"","ast-banner-title-visibility":"","ast-main-header-display":"","ast-hfb-above-header-display":"","ast-hfb-below-header-display":"","ast-hfb-mobile-header-display":"","site-post-title":"","ast-breadcrumbs-content":"","ast-featured-img":"","footer-sml-layout":"","ast-disable-related-posts":"","theme-transparent-header-meta":"default","adv-header-id-meta":"","stick-header-meta":"","header-above-stick-meta":"","header-main-stick-meta":"","header-below-stick-meta":"","astra-migrate-meta-layouts":"default","ast-page-background-enabled":"default","ast-page-background-meta":{"desktop":{"background-color":"var(--ast-global-color-5)","background-image":"","background-repeat":"repeat","background-position":"center center","background-size":"auto","background-attachment":"scroll","background-type":"","background-media":"","overlay-type":"","overlay-color":"","overlay-opacity":"","overlay-gradient":""},"tablet":{"background-color":"","background-image":"","background-repeat":"repeat","background-position":"center center","background-size":"auto","background-attachment":"scroll","background-type":"","background-media":"","overlay-type":"","overlay-color":"","overlay-opacity":"","overlay-gradient":""},"mobile":{"background-color":"","background-image":"","background-repeat":"repeat","background-position":"center center","background-size":"auto","background-attachment":"scroll","background-type":"","background-media":"","overlay-type":"","overlay-color":"","overlay-opacity":"","overlay-gradient":""}},"ast-content-background-meta":{"desktop":{"background-color":"var(--ast-global-color-4)","background-image":"","background-repeat":"repeat","background-position":"center center","background-size":"auto","background-attachment":"scroll","background-type":"","background-media":"","overlay-type":"","overlay-color":"","overlay-opacity":"","overlay-gradient":""},"tablet":{"background-color":"var(--ast-global-color-4)","background-image":"","background-repeat":"repeat","background-position":"center center","background-size":"auto","background-attachment":"scroll","background-type":"","background-media":"","overlay-type":"","overlay-color":"","overlay-opacity":"","overlay-gradient":""},"mobile":{"background-color":"var(--ast-global-color-4)","background-image":"","background-repeat":"repeat","background-position":"center center","background-size":"auto","background-attachment":"scroll","background-type":"","background-media":"","overlay-type":"","overlay-color":"","overlay-opacity":"","overlay-gradient":""}}},"product_brand":[],"product_cat":[74],"product_tag":[],"class_list":{"0":"post-2375","1":"product","2":"type-product","3":"status-publish","4":"has-post-thumbnail","6":"product_cat-cupula-geodesica","7":"desktop-align-left","8":"tablet-align-left","9":"mobile-align-left","11":"first","12":"instock","13":"sale","14":"taxable","15":"shipping-taxable","16":"purchasable","17":"product-type-simple"},"_links":{"self":[{"href":"https:\/\/mostiky.net\/es\/wp-json\/wp\/v2\/product\/2375","targetHints":{"allow":["GET"]}}],"collection":[{"href":"https:\/\/mostiky.net\/es\/wp-json\/wp\/v2\/product"}],"about":[{"href":"https:\/\/mostiky.net\/es\/wp-json\/wp\/v2\/types\/product"}],"replies":[{"embeddable":true,"href":"https:\/\/mostiky.net\/es\/wp-json\/wp\/v2\/comments?post=2375"}],"wp:featuredmedia":[{"embeddable":true,"href":"https:\/\/mostiky.net\/es\/wp-json\/wp\/v2\/media\/1990"}],"wp:attachment":[{"href":"https:\/\/mostiky.net\/es\/wp-json\/wp\/v2\/media?parent=2375"}],"wp:term":[{"taxonomy":"product_brand","embeddable":true,"href":"https:\/\/mostiky.net\/es\/wp-json\/wp\/v2\/product_brand?post=2375"},{"taxonomy":"product_cat","embeddable":true,"href":"https:\/\/mostiky.net\/es\/wp-json\/wp\/v2\/product_cat?post=2375"},{"taxonomy":"product_tag","embeddable":true,"href":"https:\/\/mostiky.net\/es\/wp-json\/wp\/v2\/product_tag?post=2375"}],"curies":[{"name":"wp","href":"https:\/\/api.w.org\/{rel}","templated":true}]}}