{"id":2370,"date":"2026-04-23T19:53:59","date_gmt":"2026-04-23T17:53:59","guid":{"rendered":"https:\/\/mostiky.net\/produit\/blam-larvzero-bti-100g-larvicida-natural-contra-mosquitos-fungicos-sciaridae-concentrado-de-bacillus-thuringiensis-israelensis-para-50l-de-solucion\/"},"modified":"2026-04-23T19:53:59","modified_gmt":"2026-04-23T17:53:59","slug":"blam-larvzero-bti-100g-larvicida-natural-contra-mosquitos-fungicos-sciaridae-concentrado-de-bacillus-thuringiensis-israelensis-para-50l-de-solucion","status":"publish","type":"product","link":"https:\/\/mostiky.net\/es\/produit\/blam-larvzero-bti-100g-larvicida-natural-contra-mosquitos-fungicos-sciaridae-concentrado-de-bacillus-thuringiensis-israelensis-para-50l-de-solucion\/","title":{"rendered":"BLAM LarvZero BTI 100g \u2013 larvicida natural contra mosquitos f\u00fangicos (Sciaridae) \u2013 Concentrado de Bacillus thuringiensis israelensis para 50L de soluci\u00f3n"},"content":{"rendered":"<p>BLAM LarvZero BTI 100g \u2013 larvicida natural contra los mosquitos de los hongos (Sciaridae)<\/p>\n<p>Los mosquitos del hongo, tambi\u00e9n llamados sci\u00e1ridos, son peque\u00f1os insectos negros cuyas larvas proliferan en los suelos h\u00famedos de tus plantas. Invisibles a simple vista, estas larvas se alimentan de las ra\u00edces y pueden debilitar o incluso matar tus plantas de interior o invernaderos. <\/p>\n<p>BLAM LarvZero BTI 100g es un larvicida biol\u00f3gico ultraconcentrado (1200 ITU\/mg) formulado con Bacillus Thuringiensis Israelensis (BTI), una bacteria presente de forma natural en el suelo. Dise\u00f1ado especialmente para atacar las larvas de mosquitos del hongo, act\u00faa en unas pocas horas destruyendo su sistema digestivo tras la ingesti\u00f3n. Como resultado, las larvas mueren r\u00e1pidamente y la infestaci\u00f3n se detiene por completo desde la ra\u00edz.  <\/p>\n<p>F\u00e1cil de usar: diluye 2g de polvo en 1L de agua y luego riega tus plantas como siempre. En caso de infestaci\u00f3n grave, repita la operaci\u00f3n hasta tres veces por semana. Este tratamiento solo afecta a las larvas, por lo que recomendamos el uso complementario de trampas amarillas autoadhesivas para capturar insectos adultos.  <\/p>\n<p>El sobre de 100 g puede preparar hasta 50 litros de soluci\u00f3n, para una protecci\u00f3n duradera sin qu\u00edmicos agresivos. Seguro para la biodiversidad cuando se utiliza seg\u00fan las indicaciones, BLAM LarvZero BTI es la alternativa ideal a los tratamientos qu\u00edmicos o nematodos. M\u00e1s f\u00e1cil de usar y almacenar que los nematodos.  <\/p>\n<p>Este producto contiene una sustancia biocida (Bacillus Thuringiensis Israelensis) destinada al control de larvas de insectos, de acuerdo con el art\u00edculo 58 del Reglamento (UE) n\u00ba 528\/2012. Utiliza productos biocidas con cuidado. Antes de usarlas, lee la etiqueta y la informaci\u00f3n del producto. N\u00famero de autorizaci\u00f3n: MA 80736.   <\/p>\n<p>&nbsp;<\/p>\n<h3>Ingredientes<\/h3>\n<p>Bacillus Thuringiensis Israelensis<\/p>\n","protected":false},"excerpt":{"rendered":"<ul>\n<li class=\"a-spacing-mini\"><span class=\"a-list-item\">\u2705 ATACA LAS LARVAS DE MOSQUITOS EN TIERRA PARA MACETAS \u2013 Act\u00faa directamente en el suelo matando las larvas de sci\u00e1rid, responsables de las infestaciones y da\u00f1os en las ra\u00edces de tus plantas.  <\/span><\/li>\n<li class=\"a-spacing-mini\"><span class=\"a-list-item\">\ud83c\udf3f F\u00d3RMULA NATURAL DE CONCENTRADO DE BTI \u2013 Compuesto por Bacillus Thuringiensis Israelensis (BTI) concentrado a 1200 ITU\/mg. La bolsa de 100g te permite preparar 50L de soluci\u00f3n.   <\/span><\/li>\n<li class=\"a-spacing-mini\"><span class=\"a-list-item\">\u23f1\ufe0f ACCI\u00d3N R\u00c1PIDA EN 24 HORAS \u2013 Primeros resultados visibles en 24 horas. Eficaz incluso en larvas j\u00f3venes, interrumpe r\u00e1pidamente el ciclo reproductivo de los mosquitos.   <\/span><\/li>\n<li class=\"a-spacing-mini\"><span class=\"a-list-item\">\ud83d\udc1d SELECTIVO Y SEGURO PARA PLANTAS \u2013 El BTI solo apunta a las larvas de mosquito sin da\u00f1ar las plantas. Para combinarse con trampas amarillas para adultos.   <\/span><\/li>\n<li class=\"a-spacing-mini\"><span class=\"a-list-item\">\ud83e\udeb4 F\u00c1CIL DE USAR EN CASA O EN UN INVERNADERO \u2013 Simplemente diluye el agua de riego. Ideal para plantas de interior, cultivos en maceta, pl\u00e1ntulas, invernaderos y jardineras. <\/span><\/li>\n<\/ul>\n","protected":false},"featured_media":2250,"comment_status":"closed","ping_status":"closed","template":"","meta":{"site-sidebar-layout":"default","site-content-layout":"","ast-site-content-layout":"default","site-content-style":"default","site-sidebar-style":"default","ast-global-header-display":"","ast-banner-title-visibility":"","ast-main-header-display":"","ast-hfb-above-header-display":"","ast-hfb-below-header-display":"","ast-hfb-mobile-header-display":"","site-post-title":"","ast-breadcrumbs-content":"","ast-featured-img":"","footer-sml-layout":"","ast-disable-related-posts":"","theme-transparent-header-meta":"default","adv-header-id-meta":"","stick-header-meta":"","header-above-stick-meta":"","header-main-stick-meta":"","header-below-stick-meta":"","astra-migrate-meta-layouts":"default","ast-page-background-enabled":"default","ast-page-background-meta":{"desktop":{"background-color":"var(--ast-global-color-5)","background-image":"","background-repeat":"repeat","background-position":"center center","background-size":"auto","background-attachment":"scroll","background-type":"","background-media":"","overlay-type":"","overlay-color":"","overlay-opacity":"","overlay-gradient":""},"tablet":{"background-color":"","background-image":"","background-repeat":"repeat","background-position":"center center","background-size":"auto","background-attachment":"scroll","background-type":"","background-media":"","overlay-type":"","overlay-color":"","overlay-opacity":"","overlay-gradient":""},"mobile":{"background-color":"","background-image":"","background-repeat":"repeat","background-position":"center center","background-size":"auto","background-attachment":"scroll","background-type":"","background-media":"","overlay-type":"","overlay-color":"","overlay-opacity":"","overlay-gradient":""}},"ast-content-background-meta":{"desktop":{"background-color":"var(--ast-global-color-4)","background-image":"","background-repeat":"repeat","background-position":"center center","background-size":"auto","background-attachment":"scroll","background-type":"","background-media":"","overlay-type":"","overlay-color":"","overlay-opacity":"","overlay-gradient":""},"tablet":{"background-color":"var(--ast-global-color-4)","background-image":"","background-repeat":"repeat","background-position":"center center","background-size":"auto","background-attachment":"scroll","background-type":"","background-media":"","overlay-type":"","overlay-color":"","overlay-opacity":"","overlay-gradient":""},"mobile":{"background-color":"var(--ast-global-color-4)","background-image":"","background-repeat":"repeat","background-position":"center center","background-size":"auto","background-attachment":"scroll","background-type":"","background-media":"","overlay-type":"","overlay-color":"","overlay-opacity":"","overlay-gradient":""}}},"product_brand":[],"product_cat":[79],"product_tag":[],"class_list":{"0":"post-2370","1":"product","2":"type-product","3":"status-publish","4":"has-post-thumbnail","6":"product_cat-moustiques-es","7":"desktop-align-left","8":"tablet-align-left","9":"mobile-align-left","11":"first","12":"instock","13":"sale","14":"taxable","15":"shipping-taxable","16":"purchasable","17":"product-type-simple"},"_links":{"self":[{"href":"https:\/\/mostiky.net\/es\/wp-json\/wp\/v2\/product\/2370","targetHints":{"allow":["GET"]}}],"collection":[{"href":"https:\/\/mostiky.net\/es\/wp-json\/wp\/v2\/product"}],"about":[{"href":"https:\/\/mostiky.net\/es\/wp-json\/wp\/v2\/types\/product"}],"replies":[{"embeddable":true,"href":"https:\/\/mostiky.net\/es\/wp-json\/wp\/v2\/comments?post=2370"}],"wp:featuredmedia":[{"embeddable":true,"href":"https:\/\/mostiky.net\/es\/wp-json\/wp\/v2\/media\/2250"}],"wp:attachment":[{"href":"https:\/\/mostiky.net\/es\/wp-json\/wp\/v2\/media?parent=2370"}],"wp:term":[{"taxonomy":"product_brand","embeddable":true,"href":"https:\/\/mostiky.net\/es\/wp-json\/wp\/v2\/product_brand?post=2370"},{"taxonomy":"product_cat","embeddable":true,"href":"https:\/\/mostiky.net\/es\/wp-json\/wp\/v2\/product_cat?post=2370"},{"taxonomy":"product_tag","embeddable":true,"href":"https:\/\/mostiky.net\/es\/wp-json\/wp\/v2\/product_tag?post=2370"}],"curies":[{"name":"wp","href":"https:\/\/api.w.org\/{rel}","templated":true}]}}