{"id":2213,"date":"2026-04-10T11:22:05","date_gmt":"2026-04-10T09:22:05","guid":{"rendered":"https:\/\/mostiky.net\/produit\/blam-fuente-de-alimentacion-de-12v-compatible-con-mosquito-magnet-pioneer-patriot-defender-transformador-ip68-cable-de-15-m-enchufe-eu\/"},"modified":"2026-04-10T11:22:05","modified_gmt":"2026-04-10T09:22:05","slug":"blam-fuente-de-alimentacion-de-12v-compatible-con-mosquito-magnet-pioneer-patriot-defender-transformador-ip68-cable-de-15-m-enchufe-eu","status":"publish","type":"product","link":"https:\/\/mostiky.net\/es\/produit\/blam-fuente-de-alimentacion-de-12v-compatible-con-mosquito-magnet-pioneer-patriot-defender-transformador-ip68-cable-de-15-m-enchufe-eu\/","title":{"rendered":"\u00a1BLAM! Fuente de alimentaci\u00f3n de 12V compatible con Mosquito Magnet(*) Pioneer(*), Patriot(*), Defender(*) \u2013 transformador IP68, cable de 15 m, enchufe EU"},"content":{"rendered":"<p>\u00a1Cambia tu viejo adaptador Mosquito Magnet por un transformador BLAM! 12V construidos para durar.<br \/>\nDesarrollado especialmente para los modelos Pioneer(*), Patriot(*) y Defender(*), este transformador de alta calidad ofrece una fuente de alimentaci\u00f3n estable, excelente resistencia externa y m\u00e1xima seguridad. <\/p>\n<p>Fiabilidad y resistencia a la impermeabilidad<br \/>\n excepcionales &#8211; Certificado IP68, este transformador puede funcionar incluso en completa inmersi\u00f3n. Su conector de rosca con collar de fijaci\u00f3n garantiza una conexi\u00f3n firme y s\u00f3lida. <\/p>\n<p>Cables de calidad profesional. Hemos elegido cables industriales est\u00e1ndar:<br \/>\n &#8211; Entrada de red H05RN-F: cable reforzado con revestimiento de neopreno, flexible y extremadamente resistente al calor y la humedad.<br \/>\n&#8211; Salida SPT-1W de 12 V: cable dise\u00f1ado para uso prolongado en exteriores, resistente a UV, fr\u00edo y lluvia.<br \/>\nPocos adaptadores usan cables de esta calidad. <\/p>\n<p>15 m de longitud para instalaci\u00f3n flexible<br \/>\n: con 1 metro antes del transformador y 14 metros despu\u00e9s, puedes instalar tu trampa para mosquitos lejos de los enchufes sin necesidad de un alargador adicional.<\/p>\n<p>Compatibilidad<br \/>\nCompatible solo con modelos Mosquito Magnet(*) equipados con un conector de tornillo redondo (n\u00famero de pieza MM120-024).<br \/>\nNo es compatible con modelos antiguos con enchufe de clip rectangular (MM120-005).<\/p>\n<p>Certificaciones: CE, IP68<br \/>\nGarant\u00eda: 2 a\u00f1os<\/p>\n<p>(*) Marcas registradas propiedad de terceros no relacionadas con BLAM!.<\/p>\n","protected":false},"excerpt":{"rendered":"<ul>\n<li class=\"a-spacing-mini\"><span class=\"a-list-item\">COMPATIBILIDAD GARANTIZADA CON MOSQUITO MAGNET(*), Pioneer(*), Patriot(*) y Defender(*) \u2013 Sustituye perfectamente al modelo original MM120-024. No es compatible con los conectores rectangulares MM120-005.   <\/span><\/li>\n<li class=\"a-spacing-mini\"><span class=\"a-list-item\">Transformador de potencia de 12V CA \/ 3A (36 W) \u2013 Entrada universal de 100\u2013240 V CA, salida estable y segura para un funcionamiento fiable de la trampa para mosquitos.  <\/span><\/li>\n<li class=\"a-spacing-mini\"><span class=\"a-list-item\">IP68 TOTALMENTE IMPERMEABLE \u2013 \u00a1Puede funcionar sumergido! Conector de rosca con collar de montaje y junta para una instalaci\u00f3n resistente y duradera, incluso bajo la lluvia.   <\/span><\/li>\n<li class=\"a-spacing-mini\"><span class=\"a-list-item\">CABLES PROFESIONALES DE LARGA DURACI\u00d3N \u2013 Cable de entrada reforzado H05RN-F y cable de salida larga SPT-1W especialmente dise\u00f1ados para resistir la intemperie y la luz ultravioleta.  <\/span><\/li>\n<li class=\"a-spacing-mini\"><span class=\"a-list-item\">15M DE LONGITUD TOTAL (1m antes + 14m despu\u00e9s del transformador) \u2013 Ideal para colocar tu trampa donde quieras, lejos de los enchufes. Garant\u00eda de 2 a\u00f1os. <\/span><\/li>\n<\/ul>\n","protected":false},"featured_media":2194,"comment_status":"closed","ping_status":"closed","template":"","meta":{"site-sidebar-layout":"default","site-content-layout":"","ast-site-content-layout":"default","site-content-style":"default","site-sidebar-style":"default","ast-global-header-display":"","ast-banner-title-visibility":"","ast-main-header-display":"","ast-hfb-above-header-display":"","ast-hfb-below-header-display":"","ast-hfb-mobile-header-display":"","site-post-title":"","ast-breadcrumbs-content":"","ast-featured-img":"","footer-sml-layout":"","ast-disable-related-posts":"","theme-transparent-header-meta":"default","adv-header-id-meta":"","stick-header-meta":"","header-above-stick-meta":"","header-main-stick-meta":"","header-below-stick-meta":"","astra-migrate-meta-layouts":"default","ast-page-background-enabled":"default","ast-page-background-meta":{"desktop":{"background-color":"var(--ast-global-color-5)","background-image":"","background-repeat":"repeat","background-position":"center center","background-size":"auto","background-attachment":"scroll","background-type":"","background-media":"","overlay-type":"","overlay-color":"","overlay-opacity":"","overlay-gradient":""},"tablet":{"background-color":"","background-image":"","background-repeat":"repeat","background-position":"center center","background-size":"auto","background-attachment":"scroll","background-type":"","background-media":"","overlay-type":"","overlay-color":"","overlay-opacity":"","overlay-gradient":""},"mobile":{"background-color":"","background-image":"","background-repeat":"repeat","background-position":"center center","background-size":"auto","background-attachment":"scroll","background-type":"","background-media":"","overlay-type":"","overlay-color":"","overlay-opacity":"","overlay-gradient":""}},"ast-content-background-meta":{"desktop":{"background-color":"var(--ast-global-color-4)","background-image":"","background-repeat":"repeat","background-position":"center center","background-size":"auto","background-attachment":"scroll","background-type":"","background-media":"","overlay-type":"","overlay-color":"","overlay-opacity":"","overlay-gradient":""},"tablet":{"background-color":"var(--ast-global-color-4)","background-image":"","background-repeat":"repeat","background-position":"center center","background-size":"auto","background-attachment":"scroll","background-type":"","background-media":"","overlay-type":"","overlay-color":"","overlay-opacity":"","overlay-gradient":""},"mobile":{"background-color":"var(--ast-global-color-4)","background-image":"","background-repeat":"repeat","background-position":"center center","background-size":"auto","background-attachment":"scroll","background-type":"","background-media":"","overlay-type":"","overlay-color":"","overlay-opacity":"","overlay-gradient":""}}},"product_brand":[],"product_cat":[63,79],"product_tag":[],"class_list":{"0":"post-2213","1":"product","2":"type-product","3":"status-publish","4":"has-post-thumbnail","6":"product_cat-accesorios","7":"product_cat-moustiques-es","8":"desktop-align-left","9":"tablet-align-left","10":"mobile-align-left","12":"first","13":"instock","14":"sale","15":"taxable","16":"shipping-taxable","17":"product-type-simple"},"_links":{"self":[{"href":"https:\/\/mostiky.net\/es\/wp-json\/wp\/v2\/product\/2213","targetHints":{"allow":["GET"]}}],"collection":[{"href":"https:\/\/mostiky.net\/es\/wp-json\/wp\/v2\/product"}],"about":[{"href":"https:\/\/mostiky.net\/es\/wp-json\/wp\/v2\/types\/product"}],"replies":[{"embeddable":true,"href":"https:\/\/mostiky.net\/es\/wp-json\/wp\/v2\/comments?post=2213"}],"wp:featuredmedia":[{"embeddable":true,"href":"https:\/\/mostiky.net\/es\/wp-json\/wp\/v2\/media\/2194"}],"wp:attachment":[{"href":"https:\/\/mostiky.net\/es\/wp-json\/wp\/v2\/media?parent=2213"}],"wp:term":[{"taxonomy":"product_brand","embeddable":true,"href":"https:\/\/mostiky.net\/es\/wp-json\/wp\/v2\/product_brand?post=2213"},{"taxonomy":"product_cat","embeddable":true,"href":"https:\/\/mostiky.net\/es\/wp-json\/wp\/v2\/product_cat?post=2213"},{"taxonomy":"product_tag","embeddable":true,"href":"https:\/\/mostiky.net\/es\/wp-json\/wp\/v2\/product_tag?post=2213"}],"curies":[{"name":"wp","href":"https:\/\/api.w.org\/{rel}","templated":true}]}}