{"id":1729,"date":"2025-09-24T14:46:46","date_gmt":"2025-09-24T12:46:46","guid":{"rendered":"https:\/\/mostiky.net\/produit\/domestat-hexdome-40-conectores-metalicos-para-cupula-geodesica-de-icosaedro-truncado-de-3v-5-8\/"},"modified":"2025-09-24T14:46:46","modified_gmt":"2025-09-24T12:46:46","slug":"domestat-hexdome-40-conectores-metalicos-para-cupula-geodesica-de-icosaedro-truncado-de-3v-5-8","status":"publish","type":"product","link":"https:\/\/mostiky.net\/es\/produit\/domestat-hexdome-40-conectores-metalicos-para-cupula-geodesica-de-icosaedro-truncado-de-3v-5-8\/","title":{"rendered":"Domestat HEXDOME: 40 conectores met\u00e1licos para c\u00fapula geod\u00e9sica de icosaedro truncado de 3V 5\/8"},"content":{"rendered":"<p>CONSTRUYE TU PROPIO DOMO GEOD\u00c9SICO CON DOMESTAR HEXDOME<br \/>\nEste kit contiene 40 conectores de acero galvanizado de 4mm para montar un domo geod\u00e9sico de 3V 5\/8 (icosaedro truncado) del tipo HEXDOME.<br \/>\nIdeal para crear espacios \u00fanicos: invernadero, caba\u00f1a, gallinero, cenador, mosquitera exterior o instalaci\u00f3n art\u00edstica.<\/p>\n<p>Incluido en el kit:<br \/>\n&#8211; 40 conectores HEXDOME de 3 clavijas<br \/>\n&#8211; Instrucciones de montaje detalladas<br \/>\n&#8211; Tutoriales en v\u00eddeo paso a paso<br \/>\n&#8211; Acceso a nuestro servicio de atenci\u00f3n al cliente personalizado<\/p>\n<p>El dise\u00f1o del HEXDOME es especial: a diferencia de las c\u00fapulas geod\u00e9sicas cl\u00e1sicas, est\u00e1 hecho de hex\u00e1gonos y pent\u00e1gonos, \u00a1como el famoso bal\u00f3n de f\u00fatbol de los a\u00f1os 80!<br \/>\nEste modelo ofrece una excelente relaci\u00f3n volumen\/material: se necesita menos madera para el mismo volumen.<\/p>\n<p>Importante: el HEXDOME es menos r\u00edgido que un domo geod\u00e9sico tradicional ya que no est\u00e1 formado por tri\u00e1ngulos. Se recomienda para uso decorativo, art\u00edstico o ligero. <\/p>\n<p>Caracter\u00edsticas t\u00e9cnicas:<br \/>\n&#8211; Material: acero galvanizado<br \/>\n&#8211; Grosor: 4 mm<br \/>\n&#8211; Di\u00e1metro del conector: 19,5 cm<br \/>\n&#8211; N\u00famero de varillas: 3<\/p>\n<p>Hardware adicional requerido (no incluido):<br \/>\n 60 montantes \/ vigas de madera (solo 2 longitudes)<br \/>\n 120 pernos adecuados<br \/>\nTornillos para madera para acabados<\/p>\n<p>Herramientas necesarias: sierra, taladro, martillo, llave, escalera o escalera de tijera<\/p>\n<p>Con DOMESTAR HEXDOME, se beneficia de un kit completo, soporte de video y nuestra asistencia personalizada para que su proyecto sea un \u00e9xito.<\/p>\n","protected":false},"excerpt":{"rendered":"<ul class=\"a-unordered-list a-vertical a-spacing-mini\">\n<li class=\"a-spacing-mini\"><span class=\"a-list-item\">  40 CONECTORES DE C\u00daPULA GEOD\u00c9SICA DE ALTA RESISTENCIA \u2013 Juego de 40 conectores HEXDOME de acero galvanizado de 4 mm, dise\u00f1ados espec\u00edficamente para la construcci\u00f3n de una c\u00fapula geod\u00e9sica de 3V 5\/8 (icosaedro truncado).  <\/span><\/li>\n<li class=\"a-spacing-mini\"><span class=\"a-list-item\">  INSTALACI\u00d3N SIMPLE Y GUIADA &#8211; \u00a1No es necesario calcular \u00e1ngulos! Corta tus viguetas, m\u00f3ntalas con nuestros conectores y sigue nuestros tutoriales en v\u00eddeo paso a paso. Soporte personalizado.    <\/span><\/li>\n<li class=\"a-spacing-mini\"><span class=\"a-list-item\">  C\u00daPULA ADAPTADA A SUS NECESIDADES: determine f\u00e1cilmente el di\u00e1metro y la altura de su c\u00fapula: la longitud de los montantes decide el tama\u00f1o final. Se incluye una calculadora en l\u00ednea.   <\/span><\/li>\n<li class=\"a-spacing-mini\"><span class=\"a-list-item\">  MATERIALES A PROPORCIONAR (NO SUMINISTRADOS) \u2013 60 montantes\/viguetas de madera (solo 2 longitudes), 120 pernos, tornillos para madera, sierra, taladro, martillo, llave, escalera o escalera de tijera.  <\/span><\/li>\n<li class=\"a-spacing-mini\"><span class=\"a-list-item\">  SOLO PARA USO DECORATIVO Y CREATIVO: el hexdome es ideal para un refugio de arte, invernadero, pantalla, gallinero o cenador decorativo.  <\/span><\/li>\n<\/ul>\n","protected":false},"featured_media":1681,"comment_status":"closed","ping_status":"closed","template":"","meta":{"site-sidebar-layout":"default","site-content-layout":"","ast-site-content-layout":"default","site-content-style":"default","site-sidebar-style":"default","ast-global-header-display":"","ast-banner-title-visibility":"","ast-main-header-display":"","ast-hfb-above-header-display":"","ast-hfb-below-header-display":"","ast-hfb-mobile-header-display":"","site-post-title":"","ast-breadcrumbs-content":"","ast-featured-img":"","footer-sml-layout":"","ast-disable-related-posts":"","theme-transparent-header-meta":"default","adv-header-id-meta":"","stick-header-meta":"","header-above-stick-meta":"","header-main-stick-meta":"","header-below-stick-meta":"","astra-migrate-meta-layouts":"default","ast-page-background-enabled":"default","ast-page-background-meta":{"desktop":{"background-color":"var(--ast-global-color-5)","background-image":"","background-repeat":"repeat","background-position":"center center","background-size":"auto","background-attachment":"scroll","background-type":"","background-media":"","overlay-type":"","overlay-color":"","overlay-opacity":"","overlay-gradient":""},"tablet":{"background-color":"","background-image":"","background-repeat":"repeat","background-position":"center center","background-size":"auto","background-attachment":"scroll","background-type":"","background-media":"","overlay-type":"","overlay-color":"","overlay-opacity":"","overlay-gradient":""},"mobile":{"background-color":"","background-image":"","background-repeat":"repeat","background-position":"center center","background-size":"auto","background-attachment":"scroll","background-type":"","background-media":"","overlay-type":"","overlay-color":"","overlay-opacity":"","overlay-gradient":""}},"ast-content-background-meta":{"desktop":{"background-color":"var(--ast-global-color-4)","background-image":"","background-repeat":"repeat","background-position":"center center","background-size":"auto","background-attachment":"scroll","background-type":"","background-media":"","overlay-type":"","overlay-color":"","overlay-opacity":"","overlay-gradient":""},"tablet":{"background-color":"var(--ast-global-color-4)","background-image":"","background-repeat":"repeat","background-position":"center center","background-size":"auto","background-attachment":"scroll","background-type":"","background-media":"","overlay-type":"","overlay-color":"","overlay-opacity":"","overlay-gradient":""},"mobile":{"background-color":"var(--ast-global-color-4)","background-image":"","background-repeat":"repeat","background-position":"center center","background-size":"auto","background-attachment":"scroll","background-type":"","background-media":"","overlay-type":"","overlay-color":"","overlay-opacity":"","overlay-gradient":""}}},"product_brand":[129],"product_cat":[74],"product_tag":[],"class_list":{"0":"post-1729","1":"product","2":"type-product","3":"status-publish","4":"has-post-thumbnail","6":"product_brand-domestar-es","7":"product_cat-cupula-geodesica","8":"desktop-align-left","9":"tablet-align-left","10":"mobile-align-left","12":"first","13":"instock","14":"sale","15":"taxable","16":"shipping-taxable","17":"product-type-simple"},"_links":{"self":[{"href":"https:\/\/mostiky.net\/es\/wp-json\/wp\/v2\/product\/1729","targetHints":{"allow":["GET"]}}],"collection":[{"href":"https:\/\/mostiky.net\/es\/wp-json\/wp\/v2\/product"}],"about":[{"href":"https:\/\/mostiky.net\/es\/wp-json\/wp\/v2\/types\/product"}],"replies":[{"embeddable":true,"href":"https:\/\/mostiky.net\/es\/wp-json\/wp\/v2\/comments?post=1729"}],"wp:featuredmedia":[{"embeddable":true,"href":"https:\/\/mostiky.net\/es\/wp-json\/wp\/v2\/media\/1681"}],"wp:attachment":[{"href":"https:\/\/mostiky.net\/es\/wp-json\/wp\/v2\/media?parent=1729"}],"wp:term":[{"taxonomy":"product_brand","embeddable":true,"href":"https:\/\/mostiky.net\/es\/wp-json\/wp\/v2\/product_brand?post=1729"},{"taxonomy":"product_cat","embeddable":true,"href":"https:\/\/mostiky.net\/es\/wp-json\/wp\/v2\/product_cat?post=1729"},{"taxonomy":"product_tag","embeddable":true,"href":"https:\/\/mostiky.net\/es\/wp-json\/wp\/v2\/product_tag?post=1729"}],"curies":[{"name":"wp","href":"https:\/\/api.w.org\/{rel}","templated":true}]}}