{"id":973,"date":"2025-03-03T17:52:55","date_gmt":"2025-03-03T16:52:55","guid":{"rendered":"https:\/\/mostiky.net\/produit\/blam-4-runde-ersatzgewinde-kompatibel-mit-biogents-bg-gat-ersatz-fuer-mueckenfalle\/"},"modified":"2025-03-03T17:52:55","modified_gmt":"2025-03-03T16:52:55","slug":"blam-4-runde-ersatzgewinde-kompatibel-mit-biogents-bg-gat-ersatz-fuer-mueckenfalle","status":"publish","type":"product","link":"https:\/\/mostiky.net\/de\/produit\/blam-4-runde-ersatzgewinde-kompatibel-mit-biogents-bg-gat-ersatz-fuer-mueckenfalle\/","title":{"rendered":"BLAM! 4 runde Ersatzgewinde, kompatibel mit Biogents BG-Gat(*). Ersatz f\u00fcr M\u00fcckenfalle"},"content":{"rendered":"<ul class=\"a-unordered-list a-vertical a-spacing-mini\">\n<li class=\"a-spacing-mini\"><span class=\"a-list-item\">\ud83e\udd9fBIOGENTS(*) BG-GAT(*) kompatibel: Diese Ersatznetze sind perfekt mit Ihrer M\u00fcckenfalle kompatibel<\/span><\/li>\n<li class=\"a-spacing-mini\"><span class=\"a-list-item\">\ud83e\udd9f PACK 4X: enth\u00e4lt 4 Sicherheitsnetze (=Scheibe). Durchmesser 30cm. <\/span><\/li>\n<li class=\"a-spacing-mini\"><span class=\"a-list-item\">\ud83e\udd9f EINFACHE INSTALLATION: Sicherheitsnetze haben einen Klemmclip<\/span><\/li>\n<li class=\"a-spacing-mini\"><span class=\"a-list-item\">\ud83e\udd9f VERWENDUNG IM FREIEN: Material, das so konzipiert ist, dass es Sonne (UV) und Regen widersteht<\/span><\/li>\n<li class=\"a-spacing-mini\"><span class=\"a-list-item\">\ud83e\udd9f WIRKSAM: Wechseln Sie Ihre Fangs\u00e4cke und Sicherheitsnetze, sobald sie abgenutzt sind (abgenutztes Gummiband, Loch), um die volle Wirksamkeit der M\u00fcckenfalle wiederherzustellen<\/span><\/li>\n<\/ul>\n<p>(*) Marken, die Eigentum eines Dritten ohne kommerzielle Verbindung zu BLAM sind!<\/p>\n<p>Im Lieferumfang enthalten:<br \/>\n&#8211; 4 Sicherheitsnetze (=Scheibe) mit einem Durchmesser von 30cm. Diese Netze sind mit einer Schnur mit Kordelzug ausgestattet.<br \/>\nNB: Die Falle ist nicht im Lieferumfang enthalten. <\/p>\n<p>&nbsp;<\/p>\n<p>Diese Ersatzteile sind perfekt mit der Original-M\u00fcckenfalle kompatibel.<\/p>\n<p>&nbsp;<\/p>\n<p>Es wird empfohlen, ein besch\u00e4digtes Sicherheitsnetz auszutauschen.<\/p>\n<p>Im Laufe der Zeit kann das Netz L\u00f6cher haben, die es den M\u00fccken erm\u00f6glichen, Eier zu legen, anstatt sie auf der Klebekarte zu fangen: Denken Sie daran, Ihre Sicherheitsnetze regelm\u00e4\u00dfig zu wechseln.<\/p>\n<p>&nbsp;<\/p>\n<p>Das Netz wird an der transparenten Stelle der Larven-M\u00fcckenfalle befestigt.<\/p>\n<p>Es verhindert, dass M\u00fccken ihre Eier auf dem Wasser ablegen, was dazu f\u00fchrt, dass das Weibchen im Kreis fliegt, bis es auf der klebrigen Oberfl\u00e4che gefangen bleibt.<\/p>\n<p>&nbsp;<\/p>\n<p>Durch das Einfangen weiblicher M\u00fccken schr\u00e4nken Sie deren Fortpflanzung direkt ein und bremsen die Vermehrung der Population ein.<\/p>\n<p>&nbsp;<\/p>\n<p>ANWENDUNG-<br \/>\n Entfernen Sie den durchsichtigen Teil der Falle<br \/>\n&#8211; Befestigen Sie das Sicherheitsnetz BLAM!<br \/>\n&#8211; Ziehen Sie die Clips<br \/>\n fest- Setzen Sie den transparenten Teil der Falle wieder auf die Falle<\/p>\n","protected":false},"excerpt":{"rendered":"<ul class=\"a-unordered-list a-vertical a-spacing-mini\">\n<li class=\"a-spacing-mini\"><span class=\"a-list-item\">\ud83e\udd9fBIOGENTS(*) BG-GAT(*) kompatibel: Diese Ersatznetze sind perfekt mit Ihrer M\u00fcckenfalle kompatibel<\/span><\/li>\n<li class=\"a-spacing-mini\"><span class=\"a-list-item\">\ud83e\udd9f PACK 4X: enth\u00e4lt 4 Sicherheitsnetze (=Scheibe). Durchmesser 30cm. <\/span><\/li>\n<li class=\"a-spacing-mini\"><span class=\"a-list-item\">\ud83e\udd9f EINFACHE INSTALLATION: Sicherheitsnetze haben einen Klemmclip<\/span><\/li>\n<li class=\"a-spacing-mini\"><span class=\"a-list-item\">\ud83e\udd9f VERWENDUNG IM FREIEN: Material, das so konzipiert ist, dass es Sonne (UV) und Regen widersteht<\/span><\/li>\n<li class=\"a-spacing-mini\"><span class=\"a-list-item\">\ud83e\udd9f WIRKSAM: Wechseln Sie Ihre Fangs\u00e4cke und Sicherheitsnetze, sobald sie abgenutzt sind (abgenutztes Gummiband, Loch), um die volle Wirksamkeit der M\u00fcckenfalle wiederherzustellen<\/span><\/li>\n<\/ul>\n","protected":false},"featured_media":974,"comment_status":"closed","ping_status":"closed","template":"","meta":{"site-sidebar-layout":"default","site-content-layout":"","ast-site-content-layout":"default","site-content-style":"default","site-sidebar-style":"default","ast-global-header-display":"","ast-banner-title-visibility":"","ast-main-header-display":"","ast-hfb-above-header-display":"","ast-hfb-below-header-display":"","ast-hfb-mobile-header-display":"","site-post-title":"","ast-breadcrumbs-content":"","ast-featured-img":"","footer-sml-layout":"","ast-disable-related-posts":"","theme-transparent-header-meta":"default","adv-header-id-meta":"","stick-header-meta":"","header-above-stick-meta":"","header-main-stick-meta":"","header-below-stick-meta":"","astra-migrate-meta-layouts":"default","ast-page-background-enabled":"default","ast-page-background-meta":{"desktop":{"background-color":"var(--ast-global-color-5)","background-image":"","background-repeat":"repeat","background-position":"center center","background-size":"auto","background-attachment":"scroll","background-type":"","background-media":"","overlay-type":"","overlay-color":"","overlay-opacity":"","overlay-gradient":""},"tablet":{"background-color":"","background-image":"","background-repeat":"repeat","background-position":"center center","background-size":"auto","background-attachment":"scroll","background-type":"","background-media":"","overlay-type":"","overlay-color":"","overlay-opacity":"","overlay-gradient":""},"mobile":{"background-color":"","background-image":"","background-repeat":"repeat","background-position":"center center","background-size":"auto","background-attachment":"scroll","background-type":"","background-media":"","overlay-type":"","overlay-color":"","overlay-opacity":"","overlay-gradient":""}},"ast-content-background-meta":{"desktop":{"background-color":"var(--ast-global-color-4)","background-image":"","background-repeat":"repeat","background-position":"center center","background-size":"auto","background-attachment":"scroll","background-type":"","background-media":"","overlay-type":"","overlay-color":"","overlay-opacity":"","overlay-gradient":""},"tablet":{"background-color":"var(--ast-global-color-4)","background-image":"","background-repeat":"repeat","background-position":"center center","background-size":"auto","background-attachment":"scroll","background-type":"","background-media":"","overlay-type":"","overlay-color":"","overlay-opacity":"","overlay-gradient":""},"mobile":{"background-color":"var(--ast-global-color-4)","background-image":"","background-repeat":"repeat","background-position":"center center","background-size":"auto","background-attachment":"scroll","background-type":"","background-media":"","overlay-type":"","overlay-color":"","overlay-opacity":"","overlay-gradient":""}}},"product_brand":[127],"product_cat":[104],"product_tag":[],"class_list":{"0":"post-973","1":"product","2":"type-product","3":"status-publish","4":"has-post-thumbnail","6":"product_brand-blam-de","7":"product_cat-zubehor","8":"desktop-align-left","9":"tablet-align-left","10":"mobile-align-left","12":"first","13":"instock","14":"sale","15":"taxable","16":"shipping-taxable","17":"purchasable","18":"product-type-simple"},"_links":{"self":[{"href":"https:\/\/mostiky.net\/de\/wp-json\/wp\/v2\/product\/973","targetHints":{"allow":["GET"]}}],"collection":[{"href":"https:\/\/mostiky.net\/de\/wp-json\/wp\/v2\/product"}],"about":[{"href":"https:\/\/mostiky.net\/de\/wp-json\/wp\/v2\/types\/product"}],"replies":[{"embeddable":true,"href":"https:\/\/mostiky.net\/de\/wp-json\/wp\/v2\/comments?post=973"}],"wp:featuredmedia":[{"embeddable":true,"href":"https:\/\/mostiky.net\/de\/wp-json\/wp\/v2\/media\/974"}],"wp:attachment":[{"href":"https:\/\/mostiky.net\/de\/wp-json\/wp\/v2\/media?parent=973"}],"wp:term":[{"taxonomy":"product_brand","embeddable":true,"href":"https:\/\/mostiky.net\/de\/wp-json\/wp\/v2\/product_brand?post=973"},{"taxonomy":"product_cat","embeddable":true,"href":"https:\/\/mostiky.net\/de\/wp-json\/wp\/v2\/product_cat?post=973"},{"taxonomy":"product_tag","embeddable":true,"href":"https:\/\/mostiky.net\/de\/wp-json\/wp\/v2\/product_tag?post=973"}],"curies":[{"name":"wp","href":"https:\/\/api.w.org\/{rel}","templated":true}]}}