{"id":928,"date":"2025-05-07T08:04:41","date_gmt":"2025-05-07T06:04:41","guid":{"rendered":"https:\/\/mostiky.net\/produit\/domestar-1v-geodaetische-kuppel-kit-mit-11-montageanschluessen-aus-verzinktem-stahl-aus-metall-fuer-1v-kuppel\/"},"modified":"2025-05-07T08:04:41","modified_gmt":"2025-05-07T06:04:41","slug":"domestar-1v-geodaetische-kuppel-kit-mit-11-montageanschluessen-aus-verzinktem-stahl-aus-metall-fuer-1v-kuppel","status":"publish","type":"product","link":"https:\/\/mostiky.net\/de\/produit\/domestar-1v-geodaetische-kuppel-kit-mit-11-montageanschluessen-aus-verzinktem-stahl-aus-metall-fuer-1v-kuppel\/","title":{"rendered":"DOMESTAR 1V Geod\u00e4tische Kuppel: Kit mit 11 Montageanschl\u00fcssen aus verzinktem Stahl aus Metall f\u00fcr 1V Kuppel"},"content":{"rendered":"<p><strong>KOSTENLOSER VERSAND EUROPA<\/strong><\/p>\n<ul class=\"a-unordered-list a-vertical a-spacing-mini\">\n<li class=\"a-spacing-mini\"><span class=\"a-list-item\">11 PROFESSIONELLE STECKVERBINDER: massiver 3 mm verzinkter Stahl mit einer Dicke f\u00fcr eine geod\u00e4tische Kuppel mit 1 V Frequenz. Hohe Best\u00e4ndigkeit gegen Regen. Dieses Kit enth\u00e4lt nur die Anschl\u00fcsse.  <\/span><\/li>\n<li class=\"a-spacing-mini\"><span class=\"a-list-item\">VIDEOS, Benutzerhandbuch und pers\u00f6nlicher Support: Sie haben Zugang zu allen Montagevideos und eine Support-Telefonleitung, die Sie w\u00e4hrend der Montage begleitet.<\/span><\/li>\n<li class=\"a-spacing-mini\"><span class=\"a-list-item\">FLEXIBLE GR\u00d6SSE: Sie w\u00e4hlen die Gr\u00f6\u00dfe Ihrer Kuppel. 1,50 m Balken = eine Kuppel mit einem Durchmesser von 3 m und einer H\u00f6he von 2 m. Balken von 2,40 m = 4,6 m Durchmesser und 3,35 m H\u00f6he.  <\/span><\/li>\n<li class=\"a-spacing-mini\"><span class=\"a-list-item\">EINFACHE MONTAGE: Es dauert ca. 3 Stunden, bis eine Person die geod\u00e4tische Kuppel mit den domestar-Steckverbindern montiert hat<\/span><\/li>\n<li class=\"a-spacing-mini\"><span class=\"a-list-item\">Weitere f\u00fcr die Montage erforderliche Hardware (nicht im Lieferumfang enthalten): 25 Holzpfosten \/ Balken \/ Sparren der gleichen L\u00e4nge, 50 TRCC 8 mm Schrauben. 40 m Kabel. Bohrer, Hammer, Schraubenschl\u00fcssel, Leiter oder Trittleiter.  <\/span><\/li>\n<\/ul>\n<h3>Video und Aufbauanleitung:<\/h3>\n<p><a href=\"https:\/\/blumkraft.com\/domestar\/\">Domestar F1 Anleitung und Montagevideo<\/a><\/p>\n<div class=\"celwidget aplus-module 3p-module-b aplus-standard\" data-csa-c-id=\"vulhzk-2qd4q1-amd2rr-e2qqt8\" data-cel-widget=\"aplus-3p-module-b\">\n<div class=\"aplus-module-wrapper aplus-3p-fixed-width\">\n<h3 class=\"a-spacing-mini\">DOMESTAR: 11 Verbinder aus verzinktem Stahl f\u00fcr geod\u00e4tische 1V-Kuppel<\/h3>\n<p><img decoding=\"async\" class=\"a-spacing-base\" src=\"https:\/\/m.media-amazon.com\/images\/S\/aplus-media-library-service-media\/0fe290e8-56bc-4c8f-ac1b-041e7b3b238b.__CR587,0,5826,3604_PT0_SX970_V1___.jpg\" alt=\"domestar, geod\u00e4tische Kuppel, geod\u00e4tische Kuppel, Kuppelverbinder, Kuppelverbinder, 1V, 1V Kuppel, Geode\" data-src=\"https:\/\/m.media-amazon.com\/images\/S\/aplus-media-library-service-media\/0fe290e8-56bc-4c8f-ac1b-041e7b3b238b.__CR587,0,5826,3604_PT0_SX970_V1___.jpg\"><\/p>\n<p class=\"a-spacing-base\">Eine Packung mit 11 Anschl\u00fcssen zum Bau einer geod\u00e4tischen 1-V-Kuppel.<\/p>\n<p class=\"a-spacing-base\">Was ist inbegriffen:<\/p>\n<ul class=\"a-unordered-list a-vertical\">\n<li><span class=\"a-list-item\">5 x 4-polige Verbinder und<\/span><\/li>\n<li><span class=\"a-list-item\">6 x 5-polige Verbinder<\/span><\/li>\n<\/ul>\n<p>&nbsp;<\/p>\n<\/div>\n<\/div>\n<div class=\"celwidget aplus-module module-2 aplus-standard\" data-csa-c-id=\"sn2xuv-a4kysb-ow9o3b-iq7150\" data-cel-widget=\"aplus-module-2\">\n<div class=\"aplus-module-wrapper apm-floatnone apm-fixed-width\">\n<div class=\"apm-sidemodule apm-spacing\">\n<div class=\"apm-sidemodule-imageleft\"><img decoding=\"async\" class=\"\" src=\"https:\/\/m.media-amazon.com\/images\/S\/aplus-media-library-service-media\/dd66a844-82fb-4303-ae00-a6db45494380.__CR0,0,2500,2500_PT0_SX300_V1___.jpg\" alt=\"domestar, geod\u00e4tische Kuppel, geod\u00e4tische Kuppel, Kuppelverbinder, Kuppelverbinder, 1V, 1V Kuppel, Geode\" data-src=\"https:\/\/m.media-amazon.com\/images\/S\/aplus-media-library-service-media\/dd66a844-82fb-4303-ae00-a6db45494380.__CR0,0,2500,2500_PT0_SX300_V1___.jpg\"><\/div>\n<div class=\"apm-sidemodule-textright\">\n<h3 class=\"a-spacing-mini\">Technische Eigenschaften<\/h3>\n<p>&nbsp;<\/p>\n<ul class=\"a-unordered-list a-vertical\">\n<li><span class=\"a-list-item\">Material: verzinkter Stahl, 3mm dick<\/span><\/li>\n<li><span class=\"a-list-item\">Durchmesser des Steckers: 17,5 cm<\/span><\/li>\n<\/ul>\n<p>&nbsp;<\/p>\n<\/div>\n<\/div>\n<\/div>\n<div><\/div>\n<\/div>\n<div class=\"celwidget aplus-module 3p-module-b aplus-standard\" data-csa-c-id=\"8nwrv1-jqldmg-akbcaj-ruo7w4\" data-cel-widget=\"aplus-3p-module-b\">\n<div class=\"aplus-module-wrapper aplus-3p-fixed-width\">\n<p><img decoding=\"async\" class=\"a-spacing-base\" src=\"https:\/\/m.media-amazon.com\/images\/S\/aplus-media-library-service-media\/8202ac8a-788f-45f4-b492-cf3cd66d5660.__CR0,144,6000,3711_PT0_SX970_V1___.jpg\" alt=\"domestar, geod\u00e4tische Kuppel, geod\u00e4tische Kuppel, Kuppelverbinder, Kuppelverbinder, 1V, 1V Kuppel, Geode\" data-src=\"https:\/\/m.media-amazon.com\/images\/S\/aplus-media-library-service-media\/8202ac8a-788f-45f4-b492-cf3cd66d5660.__CR0,144,6000,3711_PT0_SX970_V1___.jpg\"><\/p>\n<h3 class=\"a-spacing-mini\">Was du brauchst<\/h3>\n<p class=\"a-spacing-base\">Zus\u00e4tzlich zu den Anschl\u00fcssen ben\u00f6tigen Sie (nicht im Lieferumfang enthalten!)<\/p>\n<ul class=\"a-unordered-list a-vertical\">\n<li><span class=\"a-list-item\">25 Holzpfosten \/ Balken \/ Sparren gleicher L\u00e4nge. Die L\u00e4nge der Pfosten bestimmt den Durchmesser und die H\u00f6he der Kuppel. Zum Beispiel ergeben Balken von 40 x 70 mm je 2,40 m eine Kuppel mit einem Durchmesser von etwa 4,60 m und einer H\u00f6he von 3,35 m.  <\/span><\/li>\n<li><span class=\"a-list-item\">50 TRCC-Schrauben (Rundkopf, quadratischer Hals) 8 mm, was 1 oder 2 cm mehr als die H\u00f6he der Pfosten ergibt: zum Beispiel 80-90 mm f\u00fcr die dar\u00fcber liegenden Balken. (oder wenn Sie m\u00f6chten, 100 Holzschrauben) <\/span><\/li>\n<\/ul>\n<p>&nbsp;<\/p>\n<\/div>\n<\/div>\n<div class=\"celwidget aplus-module 3p-module-b aplus-standard\" data-csa-c-id=\"q38egq-gq1iwl-grlu4e-71d7w4\" data-cel-widget=\"aplus-3p-module-b\">\n<div class=\"aplus-module-wrapper aplus-3p-fixed-width\">\n<h3 class=\"a-spacing-mini\">Ben\u00f6tigte Werkzeuge<\/h3>\n<p><img decoding=\"async\" class=\"a-spacing-base\" src=\"https:\/\/m.media-amazon.com\/images\/S\/aplus-media-library-service-media\/7b873790-1727-4e48-836e-a28a38c32d90.__CR278,0,4669,2888_PT0_SX970_V1___.jpg\" alt=\"domestar, geod\u00e4tische Kuppel, geod\u00e4tische Kuppel, Kuppelverbinder, Kuppelverbinder, 1V, 1V Kuppel, Geode\" data-src=\"https:\/\/m.media-amazon.com\/images\/S\/aplus-media-library-service-media\/7b873790-1727-4e48-836e-a28a38c32d90.__CR278,0,4669,2888_PT0_SX970_V1___.jpg\"><\/p>\n<p class=\"a-spacing-base\">Sie ben\u00f6tigen die folgenden Werkzeuge:<\/p>\n<ul class=\"a-unordered-list a-vertical\">\n<li><span class=\"a-list-item\">eine S\u00e4ge (normal oder Stichs\u00e4ge, kreisf\u00f6rmig oder radial), um die Balken auf die richtige Gr\u00f6\u00dfe zu schneiden<\/span><\/li>\n<li><span class=\"a-list-item\">Ein Bohrer f\u00fcr L\u00f6cher in Balken<\/span><\/li>\n<li><span class=\"a-list-item\">einen Hammer zum Eindrehen der Bolzen<\/span><\/li>\n<li><span class=\"a-list-item\">einen Schraubenschl\u00fcssel zum Einschrauben der Muttern<\/span><\/li>\n<li><span class=\"a-list-item\">40 m Kabel (4 bis 8 mm Durchmesser), um Ihnen bei der Montage zu helfen<\/span><\/li>\n<li><span class=\"a-list-item\">eine Leiter oder Trittleiter<\/span><\/li>\n<\/ul>\n<p>&nbsp;<\/p>\n<\/div>\n<\/div>\n<div class=\"celwidget aplus-module 3p-module-b aplus-standard\" data-csa-c-id=\"b9smxo-c9uwcd-u9v0eq-53n1ax\" data-cel-widget=\"aplus-3p-module-b\">\n<div class=\"aplus-module-wrapper aplus-3p-fixed-width\">\n<h3 class=\"a-spacing-mini\">Ich begleite Sie bei der Montage<\/h3>\n<p><img decoding=\"async\" class=\"a-spacing-base\" src=\"https:\/\/m.media-amazon.com\/images\/S\/aplus-media-library-service-media\/d3a0a05a-911f-47d5-ada3-bb16a1fa2c8d.__CR407,0,5186,3208_PT0_SX970_V1___.jpg\" alt=\"domestar, geod\u00e4tische Kuppel, geod\u00e4tische Kuppel, Kuppelverbinder, Kuppelverbinder, 1V, 1V Kuppel, Geode\" data-src=\"https:\/\/m.media-amazon.com\/images\/S\/aplus-media-library-service-media\/d3a0a05a-911f-47d5-ada3-bb16a1fa2c8d.__CR407,0,5186,3208_PT0_SX970_V1___.jpg\"><\/p>\n<p class=\"a-spacing-base\">Der Kauf dieses Kits beinhaltet<\/p>\n<ul class=\"a-unordered-list a-vertical\">\n<li><span class=\"a-list-item\">ein ausf\u00fchrliches Online-Benutzerhandbuch,<\/span><\/li>\n<li><span class=\"a-list-item\">Installationsvideos und Tutorials und<\/span><\/li>\n<li><span class=\"a-list-item\">Telefon- oder E-Mail-Zugang zu unserem Montageservice.<\/span><\/li>\n<\/ul>\n<p>&nbsp;<\/p>\n<p class=\"a-spacing-base\">Ich tue alles, um Ihnen die Montage so einfach wie m\u00f6glich zu machen: Sobald das Material zusammengetragen ist, dauert es ca. 3 Stunden, um die geod\u00e4tische Kuppel mit den DOMESTAR-Verbindern zusammenzubauen.<\/p>\n<p class=\"a-spacing-base\">Vorsichtig:<\/p>\n<p class=\"a-spacing-base\">Enth\u00e4lt keine Schrauben oder Balken, die f\u00fcr die Montage erforderlich sind.<\/p>\n<\/div>\n<\/div>\n","protected":false},"excerpt":{"rendered":"<p><span class=\"a-list-item\">11 PROFESSIONELLE STECKVERBINDER: massiver 3 mm verzinkter Stahl mit einer Dicke f\u00fcr eine geod\u00e4tische Kuppel mit 1 V Frequenz. Hohe Best\u00e4ndigkeit gegen Regen. Dieses Kit enth\u00e4lt nur die Anschl\u00fcsse.  <\/span><\/p>\n","protected":false},"featured_media":926,"comment_status":"closed","ping_status":"closed","template":"","meta":{"site-sidebar-layout":"default","site-content-layout":"","ast-site-content-layout":"default","site-content-style":"default","site-sidebar-style":"default","ast-global-header-display":"","ast-banner-title-visibility":"","ast-main-header-display":"","ast-hfb-above-header-display":"","ast-hfb-below-header-display":"","ast-hfb-mobile-header-display":"","site-post-title":"","ast-breadcrumbs-content":"","ast-featured-img":"","footer-sml-layout":"","ast-disable-related-posts":"","theme-transparent-header-meta":"default","adv-header-id-meta":"","stick-header-meta":"","header-above-stick-meta":"","header-main-stick-meta":"","header-below-stick-meta":"","astra-migrate-meta-layouts":"default","ast-page-background-enabled":"default","ast-page-background-meta":{"desktop":{"background-color":"var(--ast-global-color-5)","background-image":"","background-repeat":"repeat","background-position":"center center","background-size":"auto","background-attachment":"scroll","background-type":"","background-media":"","overlay-type":"","overlay-color":"","overlay-opacity":"","overlay-gradient":""},"tablet":{"background-color":"","background-image":"","background-repeat":"repeat","background-position":"center center","background-size":"auto","background-attachment":"scroll","background-type":"","background-media":"","overlay-type":"","overlay-color":"","overlay-opacity":"","overlay-gradient":""},"mobile":{"background-color":"","background-image":"","background-repeat":"repeat","background-position":"center center","background-size":"auto","background-attachment":"scroll","background-type":"","background-media":"","overlay-type":"","overlay-color":"","overlay-opacity":"","overlay-gradient":""}},"ast-content-background-meta":{"desktop":{"background-color":"var(--ast-global-color-4)","background-image":"","background-repeat":"repeat","background-position":"center center","background-size":"auto","background-attachment":"scroll","background-type":"","background-media":"","overlay-type":"","overlay-color":"","overlay-opacity":"","overlay-gradient":""},"tablet":{"background-color":"var(--ast-global-color-4)","background-image":"","background-repeat":"repeat","background-position":"center center","background-size":"auto","background-attachment":"scroll","background-type":"","background-media":"","overlay-type":"","overlay-color":"","overlay-opacity":"","overlay-gradient":""},"mobile":{"background-color":"var(--ast-global-color-4)","background-image":"","background-repeat":"repeat","background-position":"center center","background-size":"auto","background-attachment":"scroll","background-type":"","background-media":"","overlay-type":"","overlay-color":"","overlay-opacity":"","overlay-gradient":""}}},"product_brand":[130],"product_cat":[106],"product_tag":[],"class_list":{"0":"post-928","1":"product","2":"type-product","3":"status-publish","4":"has-post-thumbnail","6":"product_brand-domestar-de","7":"product_cat-geodatische-kuppel","8":"desktop-align-left","9":"tablet-align-left","10":"mobile-align-left","12":"first","13":"instock","14":"sale","15":"taxable","16":"shipping-taxable","17":"product-type-variable"},"_links":{"self":[{"href":"https:\/\/mostiky.net\/de\/wp-json\/wp\/v2\/product\/928","targetHints":{"allow":["GET"]}}],"collection":[{"href":"https:\/\/mostiky.net\/de\/wp-json\/wp\/v2\/product"}],"about":[{"href":"https:\/\/mostiky.net\/de\/wp-json\/wp\/v2\/types\/product"}],"replies":[{"embeddable":true,"href":"https:\/\/mostiky.net\/de\/wp-json\/wp\/v2\/comments?post=928"}],"wp:featuredmedia":[{"embeddable":true,"href":"https:\/\/mostiky.net\/de\/wp-json\/wp\/v2\/media\/926"}],"wp:attachment":[{"href":"https:\/\/mostiky.net\/de\/wp-json\/wp\/v2\/media?parent=928"}],"wp:term":[{"taxonomy":"product_brand","embeddable":true,"href":"https:\/\/mostiky.net\/de\/wp-json\/wp\/v2\/product_brand?post=928"},{"taxonomy":"product_cat","embeddable":true,"href":"https:\/\/mostiky.net\/de\/wp-json\/wp\/v2\/product_cat?post=928"},{"taxonomy":"product_tag","embeddable":true,"href":"https:\/\/mostiky.net\/de\/wp-json\/wp\/v2\/product_tag?post=928"}],"curies":[{"name":"wp","href":"https:\/\/api.w.org\/{rel}","templated":true}]}}