{"id":870,"date":"2025-05-07T08:38:43","date_gmt":"2025-05-07T06:38:43","guid":{"rendered":"https:\/\/mostiky.net\/produit\/domestar-3v-5-8-geodaetische-kuppelverbinder-3v-5-8-kit-mit-61-montageverbindern-aus-verzinktem-metallstahl-fuer-frequenz-3-kuppel\/"},"modified":"2025-05-07T08:38:43","modified_gmt":"2025-05-07T06:38:43","slug":"domestar-3v-5-8-geodaetische-kuppelverbinder-3v-5-8-kit-mit-61-montageverbindern-aus-verzinktem-metallstahl-fuer-frequenz-3-kuppel","status":"publish","type":"product","link":"https:\/\/mostiky.net\/de\/produit\/domestar-3v-5-8-geodaetische-kuppelverbinder-3v-5-8-kit-mit-61-montageverbindern-aus-verzinktem-metallstahl-fuer-frequenz-3-kuppel\/","title":{"rendered":"DOMESTAR 3V 5\/8 Geod\u00e4tische Kuppelverbinder 3V 5\/8: Kit mit 61 Montageverbindern aus verzinktem Metallstahl f\u00fcr Frequenz 3 Kuppel"},"content":{"rendered":"<ul class=\"a-unordered-list a-vertical a-spacing-mini\">\n<li class=\"a-spacing-mini\"><span class=\"a-list-item\">61 PROFESSIONELLE STECKVERBINDER: 3 mm dicker verzinkter Stahl f\u00fcr geod\u00e4tische 3V 5\/8-Frequenzkuppel. Hohe Best\u00e4ndigkeit gegen Regen. Dieses Kit enth\u00e4lt nur die Anschl\u00fcsse.  <\/span><\/li>\n<li class=\"a-spacing-mini\"><span class=\"a-list-item\">GEBRAUCHSANWEISUNG UND PERS\u00d6NLICHE BETREUUNG: Sie haben Zugang zu allen Montageschritten und meinem St\u00e4nder, der Sie w\u00e4hrend der Montage begleitet.<\/span><\/li>\n<li class=\"a-spacing-mini\"><span class=\"a-list-item\">FLEXIBLE GR\u00d6SSE: Die L\u00e4nge Ihrer Balken bestimmt die Gr\u00f6\u00dfe Ihrer geod\u00e4tischen Kuppel<\/span><\/li>\n<li class=\"a-spacing-mini\"><span class=\"a-list-item\">RELATIV EINFACHE MONTAGE: mit 2 Personen dauert es ca. 1 Tag f\u00fcr das Schneiden, Markieren und Bohren und 1 Tag f\u00fcr die Montage der 3V-Kuppel<\/span><\/li>\n<li class=\"a-spacing-mini\"><span class=\"a-list-item\">Weiteres f\u00fcr die Montage erforderliches Material (nicht im Lieferumfang enthalten): 165 Holzpfosten \/ Balken \/ Sparren (nur 3 Abmessungen), 330 Schrauben. S\u00e4ge, Bohrer, Hammer, Schraubenschl\u00fcssel, Leiter oder Trittleiter. <\/span><\/li>\n<\/ul>\n<h3>Video und Aufbauanleitung:<\/h3>\n<p><a href=\"https:\/\/blumkraft.com\/domestar-v3-5-8-guide-de-montage\/\">Domestar F3 5\/8 Anleitung &amp; Montagevideo<\/a><\/p>\n<p>DOMESTAR: 61 Steckverbinder aus verzinktem Stahl f\u00fcr 3V 5\/8 geod\u00e4tische Kuppel (Frequenz 3)<br \/>\nWas ist enthalten:<br \/>\n&#8211; 15 x 4-fach verbinder<br \/>\n&#8211; 6 x 5-fach<br \/>\n verbinder- 40 x 6-fach<br \/>\n verbinder- montageanleitung<\/p>\n<p>Hinweis: In der Literatur \u00fcber Kuppeln sprechen wir davon, dass der 5\/8-Schnitt genau der gleiche ist wie der 5\/9 oder 7\/12. Es bedeutet nur etwas mehr als eine halbe Kugel. Das 5\/8-Modell ist 1 Stockwerk l\u00e4nger als das 3\/8-Modell.  <\/p>\n<p>Technische Daten:<br \/>\nMaterial: verzinkter Stahl, 3mm dick<br \/>\nVerbinderdurchmesser: 19,5cm<br \/>\nMarkierung A, B und C aller Verbinderabzweigungen<\/p>\n<p>Zus\u00e4tzlich zu den Verbindern ben\u00f6tigen Sie:<br \/>\n 165 Holzpfosten \/ Balken \/ Sparren. Sie haben Zugriff auf meinen Rechner, um die L\u00e4nge der Betr\u00e4ge zu bestimmen. Es gibt nur 3 verschiedene L\u00e4ngen.<br \/>\nDie L\u00e4nge der Pfosten bestimmt den Durchmesser und die H\u00f6he der Kuppel.<br \/>\n330 Schrauben 1 oder 2 cm l\u00e4nger als die H\u00f6he der Bolzen.  <\/p>\n<p>Der Kauf dieses Kits beinhaltet eine detaillierte Bedienungsanleitung, Installationsanleitungen und den Zugang zu unserem Montageservice. Ich tue alles, um Ihnen die Montage so einfach wie m\u00f6glich zu machen. <\/p>\n<p>2 PERSONEN F\u00dcR DIE MONTAGE<br \/>\nERFORDERLICH Beachten Sie, dass f\u00fcr die Montage einer geod\u00e4tischen 3-V-Kuppel wirklich 2 Personen erforderlich sind (unsere Steckverbinder f\u00fcr 1-V- und 2-V-Kuppeln k\u00f6nnen alleine montiert werden), da einige Schritte eine Abst\u00fctzung des unteren Bodens erfordern.<\/p>\n<p>Beachten Sie auch, dass eine Demontage der 3V-Kuppel ohne Unterst\u00fctzung der unteren B\u00f6den die Anschl\u00fcsse verbiegt, die dann nicht mehr verwendbar sind. Die Demontage ohne Besch\u00e4digung der Steckverbinder ist daher erfahrenen Personen vorbehalten. <\/p>\n","protected":false},"excerpt":{"rendered":"<p>DOMESTAR: 61 Verbinder aus verzinktem Stahl f\u00fcr geod\u00e4tische Kuppel 3V 5\/8 (Frequenz 3)<\/p>\n","protected":false},"featured_media":872,"comment_status":"closed","ping_status":"closed","template":"","meta":{"site-sidebar-layout":"default","site-content-layout":"","ast-site-content-layout":"default","site-content-style":"default","site-sidebar-style":"default","ast-global-header-display":"","ast-banner-title-visibility":"","ast-main-header-display":"","ast-hfb-above-header-display":"","ast-hfb-below-header-display":"","ast-hfb-mobile-header-display":"","site-post-title":"","ast-breadcrumbs-content":"","ast-featured-img":"","footer-sml-layout":"","ast-disable-related-posts":"","theme-transparent-header-meta":"default","adv-header-id-meta":"","stick-header-meta":"","header-above-stick-meta":"","header-main-stick-meta":"","header-below-stick-meta":"","astra-migrate-meta-layouts":"default","ast-page-background-enabled":"default","ast-page-background-meta":{"desktop":{"background-color":"var(--ast-global-color-5)","background-image":"","background-repeat":"repeat","background-position":"center center","background-size":"auto","background-attachment":"scroll","background-type":"","background-media":"","overlay-type":"","overlay-color":"","overlay-opacity":"","overlay-gradient":""},"tablet":{"background-color":"","background-image":"","background-repeat":"repeat","background-position":"center center","background-size":"auto","background-attachment":"scroll","background-type":"","background-media":"","overlay-type":"","overlay-color":"","overlay-opacity":"","overlay-gradient":""},"mobile":{"background-color":"","background-image":"","background-repeat":"repeat","background-position":"center center","background-size":"auto","background-attachment":"scroll","background-type":"","background-media":"","overlay-type":"","overlay-color":"","overlay-opacity":"","overlay-gradient":""}},"ast-content-background-meta":{"desktop":{"background-color":"var(--ast-global-color-4)","background-image":"","background-repeat":"repeat","background-position":"center center","background-size":"auto","background-attachment":"scroll","background-type":"","background-media":"","overlay-type":"","overlay-color":"","overlay-opacity":"","overlay-gradient":""},"tablet":{"background-color":"var(--ast-global-color-4)","background-image":"","background-repeat":"repeat","background-position":"center center","background-size":"auto","background-attachment":"scroll","background-type":"","background-media":"","overlay-type":"","overlay-color":"","overlay-opacity":"","overlay-gradient":""},"mobile":{"background-color":"var(--ast-global-color-4)","background-image":"","background-repeat":"repeat","background-position":"center center","background-size":"auto","background-attachment":"scroll","background-type":"","background-media":"","overlay-type":"","overlay-color":"","overlay-opacity":"","overlay-gradient":""}}},"product_brand":[130],"product_cat":[106],"product_tag":[],"class_list":{"0":"post-870","1":"product","2":"type-product","3":"status-publish","4":"has-post-thumbnail","6":"product_brand-domestar-de","7":"product_cat-geodatische-kuppel","8":"desktop-align-left","9":"tablet-align-left","10":"mobile-align-left","12":"first","13":"outofstock","14":"sale","15":"taxable","16":"shipping-taxable","17":"product-type-simple"},"_links":{"self":[{"href":"https:\/\/mostiky.net\/de\/wp-json\/wp\/v2\/product\/870","targetHints":{"allow":["GET"]}}],"collection":[{"href":"https:\/\/mostiky.net\/de\/wp-json\/wp\/v2\/product"}],"about":[{"href":"https:\/\/mostiky.net\/de\/wp-json\/wp\/v2\/types\/product"}],"replies":[{"embeddable":true,"href":"https:\/\/mostiky.net\/de\/wp-json\/wp\/v2\/comments?post=870"}],"wp:featuredmedia":[{"embeddable":true,"href":"https:\/\/mostiky.net\/de\/wp-json\/wp\/v2\/media\/872"}],"wp:attachment":[{"href":"https:\/\/mostiky.net\/de\/wp-json\/wp\/v2\/media?parent=870"}],"wp:term":[{"taxonomy":"product_brand","embeddable":true,"href":"https:\/\/mostiky.net\/de\/wp-json\/wp\/v2\/product_brand?post=870"},{"taxonomy":"product_cat","embeddable":true,"href":"https:\/\/mostiky.net\/de\/wp-json\/wp\/v2\/product_cat?post=870"},{"taxonomy":"product_tag","embeddable":true,"href":"https:\/\/mostiky.net\/de\/wp-json\/wp\/v2\/product_tag?post=870"}],"curies":[{"name":"wp","href":"https:\/\/api.w.org\/{rel}","templated":true}]}}