{"id":862,"date":"2025-05-07T16:26:57","date_gmt":"2025-05-07T14:26:57","guid":{"rendered":"https:\/\/mostiky.net\/produit\/blam-12v-ip68-power-luefter-kompatibel-mit-biogents-bg-mosquitaire-mueckenfalle-wasserdicht-geringer-stromverbrauch-49-w-brushless-9-klingen\/"},"modified":"2025-06-10T18:19:07","modified_gmt":"2025-06-10T16:19:07","slug":"blam-12v-ip68-power-luefter-kompatibel-mit-biogents-bg-mosquitaire-mueckenfalle-wasserdicht-geringer-stromverbrauch-49-w-brushless-9-klingen","status":"publish","type":"product","link":"https:\/\/mostiky.net\/de\/produit\/blam-12v-ip68-power-luefter-kompatibel-mit-biogents-bg-mosquitaire-mueckenfalle-wasserdicht-geringer-stromverbrauch-49-w-brushless-9-klingen\/","title":{"rendered":"BLAM! 12V IP68 POWER L\u00fcfter Kompatibel mit Biogents (*) BG-Mosquitaire (*) M\u00fcckenfalle. Wasserdicht. Geringer Stromverbrauch 4,9 W BRUSHLESS 9 Klingen"},"content":{"rendered":"<ul class=\"a-unordered-list a-vertical a-spacing-mini\">\n<li class=\"a-spacing-mini\"><span class=\"a-list-item\">12V B\u00dcRSTENLOSER L\u00dcFTER: KOMPATIBEL MIT M\u00dcCKENFALLE<\/span><\/li>\n<li class=\"a-spacing-mini\"><span class=\"a-list-item\">IP68 WASSERDICHT: maximale Wasserdichtigkeit f\u00fcr Regenbest\u00e4ndigkeit<\/span><\/li>\n<li class=\"a-spacing-mini\"><span class=\"a-list-item\">STARKE SAUGLEISTUNG 4,9 W: ca. 17 % st\u00e4rkere Saugleistung als das in der Falle installierte Modell<\/span><\/li>\n<li class=\"a-spacing-mini\"><span class=\"a-list-item\">SPEZIFISCHER STECKER KOMPATIBEL MIT BIOGENTS (*) BG-MOSQUITAIRE Modelle in brauner Farbe (nicht kompatibel mit alten hellgr\u00fcnen Modellen)<\/span><\/li>\n<li class=\"a-spacing-mini\"><span class=\"a-list-item\">AUSGEZEICHNETER LUFTSTROM: L\u00fcfter mit 9 Fl\u00fcgeln<\/span><\/li>\n<\/ul>\n<h2>Video zur Installation:<\/h2>\n\n<div data-mode=\"normal\" data-oembed=\"1\" data-provider=\"youtube\" id=\"arve-youtube-cvluiaitrzs\" class=\"arve\">\n\t<div class=\"arve-inner\">\n\t\t<div style=\"aspect-ratio:500\/281\" class=\"arve-embed arve-embed--has-aspect-ratio\">\n\t\t\t<div class=\"arve-ar\" style=\"padding-top:56.200000%\"><\/div>\n\t\t\t<iframe allow=\"accelerometer &apos;none&apos;;autoplay &apos;none&apos;;bluetooth &apos;none&apos;;browsing-topics &apos;none&apos;;camera &apos;none&apos;;clipboard-read &apos;none&apos;;clipboard-write;display-capture &apos;none&apos;;encrypted-media &apos;none&apos;;gamepad &apos;none&apos;;geolocation &apos;none&apos;;gyroscope &apos;none&apos;;hid &apos;none&apos;;identity-credentials-get &apos;none&apos;;idle-detection &apos;none&apos;;keyboard-map &apos;none&apos;;local-fonts;magnetometer &apos;none&apos;;microphone &apos;none&apos;;midi &apos;none&apos;;otp-credentials &apos;none&apos;;payment &apos;none&apos;;picture-in-picture;publickey-credentials-create &apos;none&apos;;publickey-credentials-get &apos;none&apos;;screen-wake-lock &apos;none&apos;;serial &apos;none&apos;;summarizer &apos;none&apos;;sync-xhr;usb &apos;none&apos;;web-share;window-management &apos;none&apos;;xr-spatial-tracking &apos;none&apos;;\" allowfullscreen=\"\" class=\"arve-iframe fitvidsignore\" credentialless data-arve=\"arve-youtube-cvluiaitrzs\" data-lenis-prevent=\"\" data-src-no-ap=\"https:\/\/www.youtube-nocookie.com\/embed\/cvlUIAiTRZs?feature=oembed&amp;iv_load_policy=3&amp;modestbranding=1&amp;rel=0&amp;autohide=1&amp;playsinline=0&amp;autoplay=0\" frameborder=\"0\" height=\"0\" loading=\"lazy\" name=\"\" referrerpolicy=\"strict-origin-when-cross-origin\" sandbox=\"allow-scripts allow-same-origin allow-presentation allow-popups allow-popups-to-escape-sandbox\" scrolling=\"no\" src=\"https:\/\/www.youtube-nocookie.com\/embed\/cvlUIAiTRZs?feature=oembed&#038;iv_load_policy=3&#038;modestbranding=1&#038;rel=0&#038;autohide=1&#038;playsinline=0&#038;autoplay=0\" title=\"\" width=\"0\"><\/iframe>\n\t\t\t\n\t\t<\/div>\n\t\t\n\t<\/div>\n\t\n\t\n\t<script type=\"application\/ld+json\">{\"@context\":\"http:\\\/\\\/schema.org\\\/\",\"@id\":\"https:\\\/\\\/mostiky.net\\\/de\\\/produit\\\/blam-12v-ip68-power-luefter-kompatibel-mit-biogents-bg-mosquitaire-mueckenfalle-wasserdicht-geringer-stromverbrauch-49-w-brushless-9-klingen\\\/#arve-youtube-cvluiaitrzs\",\"type\":\"VideoObject\",\"embedURL\":\"https:\\\/\\\/www.youtube-nocookie.com\\\/embed\\\/cvlUIAiTRZs?feature=oembed&iv_load_policy=3&modestbranding=1&rel=0&autohide=1&playsinline=0&autoplay=0\"}<\/script>\n\t\n<\/div>\n<p>BLAM! 12V IP68 L\u00fcfter kompatibel mit Biogents (*) BG-Mosquitaire (*) M\u00fcckenfalle. WASSERDICHT. Modell POWER Starke Saugkraft 4,9 W BRUSHLESS 9 Klingen   <\/p>\n<p>Dieser L\u00fcfter saugt bei \u00e4hnlichem Verbrauch st\u00e4rker an als der Serienl\u00fcfter, ist aber etwas lauter.<\/p>\n<p>Ersatzteil: Mit dem BLAM POWER L\u00fcfter k\u00f6nnen Sie den L\u00fcfter Ihres Biogents (*) BG-Mosquitaire (*) braune Version \/ Typ II (Fallen nach 2015) austauschen (unser Ventilator ist NICHT kompatibel mit den alten hellgr\u00fcnen Fallen)<\/p>\n<p>(*) Marken, die Eigentum eines Dritten ohne kommerzielle Verbindung zu BLAM sind<\/p>\n<p>Wir haben unseren BLAM POWER-L\u00fcfter speziell f\u00fcr diese Fallen entwickelt und bieten Ihnen eine maximale M\u00fcckenfangrate und einen besseren Bedienkomfort. Vergleichen Sie unser POWER-Modell mit dem bestehenden: <\/p>\n<p>&#8211; Luftstrom: 17% h\u00f6her als beim Originall\u00fcfter<br \/>\n&#8211; Drehzahl: 3300 U\/min (der Basisl\u00fcfter: 2150)<br \/>\n&#8211; Stromverbrauch: BLAM LEISTUNG 4,9W. \u00c4hnlich wie beim originalen<br \/>\n L\u00fcfter &#8211; Ger\u00e4uschpegel bei 55cm (gemessen hinter dem L\u00fcfter): BLAM: 58 dB. Etwas h\u00f6her als der urspr\u00fcngliche<br \/>\n L\u00fcfter &#8211; Anzahl der Fl\u00fcgel. BLAM: 9 Andere: 7<br \/>\n&#8211; Wasserdicht: BLAM: IP68. Sonstiges: IP55. (IP68 bietet einen viel besseren Schutz: vollst\u00e4ndig staubdicht und kann in Wasser getaucht werden. IP55 ist nur staub- und spritzwassergesch\u00fctzt, sollte aber nicht untergetaucht werden.) Unser Modell bietet extreme Widerstandsf\u00e4higkeit im Freien.<br \/>\nAlle Messungen wurden an den im M\u00e4rz 2025 im Handel erh\u00e4ltlichen Modellen im eigenen Haus durchgef\u00fchrt.      <\/p>\n<p>ACHTUNG: Der BLAM POWER Stecker ist nur mit braunen Fallen kompatibel. Die alten gr\u00fcnen Fallen haben einen anderen Anschluss und sind nicht kompatibel. <\/p>\n<p>&nbsp;<\/p>\n","protected":false},"excerpt":{"rendered":"<ul class=\"a-unordered-list a-vertical a-spacing-mini\">\n<li style=\"list-style-type: none;\">\n<ul class=\"a-unordered-list a-vertical a-spacing-mini\">\n<li class=\"a-spacing-mini\"><span class=\"a-list-item\">12V B\u00dcRSTENLOSER L\u00dcFTER: KOMPATIBEL MIT M\u00dcCKENFALLE<\/span><\/li>\n<li class=\"a-spacing-mini\"><span class=\"a-list-item\">IP68 WASSERDICHT: maximale Wasserdichtigkeit f\u00fcr Regenbest\u00e4ndigkeit<\/span><\/li>\n<li class=\"a-spacing-mini\"><span class=\"a-list-item\">STARKE SAUGLEISTUNG 4,9 W: ca. 17 % st\u00e4rkere Saugleistung als das in der Falle installierte Modell<\/span><\/li>\n<li class=\"a-spacing-mini\"><span class=\"a-list-item\">SPEZIFISCHER STECKER KOMPATIBEL MIT BIOGENTS (*) BG-MOSQUITAIRE Modelle in brauner Farbe (nicht kompatibel mit alten hellgr\u00fcnen Modellen)<\/span><\/li>\n<li class=\"a-spacing-mini\"><span class=\"a-list-item\">AUSGEZEICHNETER LUFTSTROM: L\u00fcfter mit 9 Fl\u00fcgeln<\/span><\/li>\n<\/ul>\n<\/li>\n<li class=\"a-spacing-mini\"><span class=\"a-list-item\">AUSGEZEICHNETER LUFTSTROM: L\u00fcfter mit 9 Fl\u00fcgeln<\/span><\/li>\n<\/ul>\n","protected":false},"featured_media":864,"comment_status":"closed","ping_status":"closed","template":"","meta":{"site-sidebar-layout":"default","site-content-layout":"","ast-site-content-layout":"default","site-content-style":"default","site-sidebar-style":"default","ast-global-header-display":"","ast-banner-title-visibility":"","ast-main-header-display":"","ast-hfb-above-header-display":"","ast-hfb-below-header-display":"","ast-hfb-mobile-header-display":"","site-post-title":"","ast-breadcrumbs-content":"","ast-featured-img":"","footer-sml-layout":"","ast-disable-related-posts":"","theme-transparent-header-meta":"default","adv-header-id-meta":"","stick-header-meta":"","header-above-stick-meta":"","header-main-stick-meta":"","header-below-stick-meta":"","astra-migrate-meta-layouts":"default","ast-page-background-enabled":"default","ast-page-background-meta":{"desktop":{"background-color":"var(--ast-global-color-5)","background-image":"","background-repeat":"repeat","background-position":"center center","background-size":"auto","background-attachment":"scroll","background-type":"","background-media":"","overlay-type":"","overlay-color":"","overlay-opacity":"","overlay-gradient":""},"tablet":{"background-color":"","background-image":"","background-repeat":"repeat","background-position":"center center","background-size":"auto","background-attachment":"scroll","background-type":"","background-media":"","overlay-type":"","overlay-color":"","overlay-opacity":"","overlay-gradient":""},"mobile":{"background-color":"","background-image":"","background-repeat":"repeat","background-position":"center center","background-size":"auto","background-attachment":"scroll","background-type":"","background-media":"","overlay-type":"","overlay-color":"","overlay-opacity":"","overlay-gradient":""}},"ast-content-background-meta":{"desktop":{"background-color":"var(--ast-global-color-4)","background-image":"","background-repeat":"repeat","background-position":"center center","background-size":"auto","background-attachment":"scroll","background-type":"","background-media":"","overlay-type":"","overlay-color":"","overlay-opacity":"","overlay-gradient":""},"tablet":{"background-color":"var(--ast-global-color-4)","background-image":"","background-repeat":"repeat","background-position":"center center","background-size":"auto","background-attachment":"scroll","background-type":"","background-media":"","overlay-type":"","overlay-color":"","overlay-opacity":"","overlay-gradient":""},"mobile":{"background-color":"var(--ast-global-color-4)","background-image":"","background-repeat":"repeat","background-position":"center center","background-size":"auto","background-attachment":"scroll","background-type":"","background-media":"","overlay-type":"","overlay-color":"","overlay-opacity":"","overlay-gradient":""}}},"product_brand":[127],"product_cat":[105,104],"product_tag":[],"class_list":{"0":"post-862","1":"product","2":"type-product","3":"status-publish","4":"has-post-thumbnail","6":"product_brand-blam-de","7":"product_cat-stechmucken","8":"product_cat-zubehor","9":"desktop-align-left","10":"tablet-align-left","11":"mobile-align-left","13":"first","14":"instock","15":"sale","16":"taxable","17":"shipping-taxable","18":"purchasable","19":"product-type-variable"},"_links":{"self":[{"href":"https:\/\/mostiky.net\/de\/wp-json\/wp\/v2\/product\/862","targetHints":{"allow":["GET"]}}],"collection":[{"href":"https:\/\/mostiky.net\/de\/wp-json\/wp\/v2\/product"}],"about":[{"href":"https:\/\/mostiky.net\/de\/wp-json\/wp\/v2\/types\/product"}],"replies":[{"embeddable":true,"href":"https:\/\/mostiky.net\/de\/wp-json\/wp\/v2\/comments?post=862"}],"wp:featuredmedia":[{"embeddable":true,"href":"https:\/\/mostiky.net\/de\/wp-json\/wp\/v2\/media\/864"}],"wp:attachment":[{"href":"https:\/\/mostiky.net\/de\/wp-json\/wp\/v2\/media?parent=862"}],"wp:term":[{"taxonomy":"product_brand","embeddable":true,"href":"https:\/\/mostiky.net\/de\/wp-json\/wp\/v2\/product_brand?post=862"},{"taxonomy":"product_cat","embeddable":true,"href":"https:\/\/mostiky.net\/de\/wp-json\/wp\/v2\/product_cat?post=862"},{"taxonomy":"product_tag","embeddable":true,"href":"https:\/\/mostiky.net\/de\/wp-json\/wp\/v2\/product_tag?post=862"}],"curies":[{"name":"wp","href":"https:\/\/api.w.org\/{rel}","templated":true}]}}