{"id":2629,"date":"2026-05-11T16:48:18","date_gmt":"2026-05-11T14:48:18","guid":{"rendered":"https:\/\/mostiky.net\/produit\/cle-universelle-aerateurs-mousseurs-cache-tt-tj-jr-std-tf-cle-de-montage-et-demontage-compatible-neoperl-ob\/"},"modified":"2026-05-12T11:25:40","modified_gmt":"2026-05-12T09:25:40","slug":"cle-universelle-aerateurs-mousseurs-cache-tt-tj-jr-std-tf-cle-de-montage-et-demontage-compatible-neoperl-ob","status":"publish","type":"product","link":"https:\/\/mostiky.net\/de\/produit\/cle-universelle-aerateurs-mousseurs-cache-tt-tj-jr-std-tf-cle-de-montage-et-demontage-compatible-neoperl-ob\/","title":{"rendered":"Universelle Schl\u00fcssel Versteckte Bel\u00fcfter\/Bel\u00fcfter cach\u00e9 TT, TJ, JR, STD, TF. Neoperl-kompatibler Assembly- und Disassemblierungsschl\u00fcssel \u2013 OB"},"content":{"rendered":"<div class=\"celwidget aplus-module 3p-module-b aplus-standard\" data-csa-c-type=\"widget\" data-csa-c-slot-id=\"dp_desktop_aplus_3p-module-b_div\" data-csa-c-content-id=\"aplus_3p-module-b\" data-csa-c-id=\"4butuy-enay38-bbcd5h-em70sp\" data-cel-widget=\"aplus-3p-module-b\">\n<div class=\"aplus-module-wrapper aplus-3p-fixed-width\">\n<h3 class=\"a-spacing-mini\">BLUMKRAFT Universelle Schl\u00fcsselbel\u00fcfter \/ Versteckte cach\u00e9 TT, TJ, JR, STD, TF<\/h3>\n<p>OFFENE SCHACHTEL: Die Verpackung des Produkts wurde ge\u00f6ffnet, aber das Produkt wurde nie benutzt und befindet sich weiterhin in gutem Zustand.<\/p>\n<p><img decoding=\"async\" class=\"a-spacing-base\" src=\"https:\/\/m.media-amazon.com\/images\/S\/aplus-media-library-service-media\/97dc2e09-5021-43c1-a88b-3311d5bc1813.__CR0,120,5000,3093_PT0_SX970_V1___.jpg\" alt=\"Nahaufnahme von H\u00e4nden, die einen Mehrloch-Metallhahnbel\u00fcfter halten, zeigt den Entfernungs- oder Installationsprozess\" data-src=\"https:\/\/m.media-amazon.com\/images\/S\/aplus-media-library-service-media\/97dc2e09-5021-43c1-a88b-3311d5bc1813.__CR0,120,5000,3093_PT0_SX970_V1___.jpg\"><\/p>\n<h3 class=\"a-spacing-mini\">Der BLUMKRAFT Universalschl\u00fcssel erm\u00f6glicht den Zusammenbau cach\u00e9 und die Demontage der TT-, TJ-, JR-, STD- und TF<\/h3>\n<p>&nbsp;<\/p>\n<\/div>\n<\/div>\n<div class=\"celwidget aplus-module module-2 aplus-standard\" data-csa-c-type=\"widget\" data-csa-c-slot-id=\"dp_desktop_aplus_module-2_div\" data-csa-c-content-id=\"aplus_module-2\" data-csa-c-id=\"oi75gg-zckgz7-wxgzt5-yc622u\" data-cel-widget=\"aplus-module-2\">\n<div class=\"aplus-module-wrapper apm-floatnone apm-fixed-width\">\n<div class=\"apm-sidemodule apm-spacing\">\n<div class=\"apm-sidemodule-imageleft\"><img decoding=\"async\" class=\"alignleft\" src=\"https:\/\/m.media-amazon.com\/images\/S\/aplus-media-library-service-media\/694c9ac3-eaf5-44ee-837a-e0f6447fb77b.__CR0,0,2000,2000_PT0_SX300_V1___.jpg\" alt=\"mit vier Modellen: TT (16,5 mm), TJ (18,5 mm), JR (21,5 mm) und STD (24 mm). Enth\u00e4lt Kompatibilit\u00e4tsinformationen f\u00fcr verschiedene Gr\u00f6\u00dfen.\" data-src=\"https:\/\/m.media-amazon.com\/images\/S\/aplus-media-library-service-media\/694c9ac3-eaf5-44ee-837a-e0f6447fb77b.__CR0,0,2000,2000_PT0_SX300_V1___.jpg\"><\/div>\n<div class=\"apm-sidemodule-imageleft\"><span style=\"font-size: 1.5em; font-weight: bold;\">KOMPATIBEL MIT ALLEN NEOPERL-VERSTECKTEN FORMATEN<\/span><\/div>\n<div class=\"apm-sidemodule-textright\">\n<p>&nbsp;<\/p>\n<ul class=\"a-unordered-list a-vertical\">\n<li><span class=\"a-list-item\">TT: M16.5<\/span><\/li>\n<li><span class=\"a-list-item\">TJ: M18.5 (IKEA-Wasserhahn-kompatibel)<\/span><\/li>\n<li><span class=\"a-list-item\">JR: M21.5<\/span><\/li>\n<li><span class=\"a-list-item\">STD: M24<\/span><\/li>\n<li><span class=\"a-list-item\">TF: U28<\/span><\/li>\n<\/ul>\n<p>&nbsp;<\/p>\n<p>Die Tabelle zeigt die Gr\u00f6\u00dfe in mm jedes Standards. Zum Beispiel ist der TJ-Standard 18,5 mm und derjenige, der mit IKEA-Wasserh\u00e4hnen kompatibel ist. <\/p>\n<\/div>\n<\/div>\n<\/div>\n<div><\/div>\n<\/div>\n<div class=\"celwidget aplus-module 3p-module-b aplus-standard\" data-csa-c-type=\"widget\" data-csa-c-slot-id=\"dp_desktop_aplus_3p-module-b_div\" data-csa-c-content-id=\"aplus_3p-module-b\" data-csa-c-id=\"fvbm8m-l77mtv-pd8qek-2onp2j\" data-cel-widget=\"aplus-3p-module-b\">\n<div class=\"aplus-module-wrapper aplus-3p-fixed-width\">\n<h3 class=\"a-spacing-mini\">STARK UND EFFIZIENT<\/h3>\n<p><img decoding=\"async\" class=\"a-spacing-base\" src=\"https:\/\/m.media-amazon.com\/images\/S\/aplus-media-library-service-media\/af2b104d-5c5a-4f14-b364-969b06f06cc9.__CR0,120,5000,3093_PT0_SX970_V1___.jpg\" alt=\"Halten Sie ein kleines, sternf\u00f6rmiges Metallwerkzeug an einen Edelstahlwasserhahn oder eine Rohrleitung. Das Werkzeug scheint ein Schraubenschl\u00fcssel oder ein Spezialschl\u00fcssel zu sein\" data-src=\"https:\/\/m.media-amazon.com\/images\/S\/aplus-media-library-service-media\/af2b104d-5c5a-4f14-b364-969b06f06cc9.__CR0,120,5000,3093_PT0_SX970_V1___.jpg\"><\/p>\n<\/div>\n<\/div>\n<p>&nbsp;<\/p>\n<div class=\"celwidget aplus-module 3p-module-b aplus-standard\" data-csa-c-type=\"widget\" data-csa-c-slot-id=\"dp_desktop_aplus_3p-module-b_div\" data-csa-c-content-id=\"aplus_3p-module-b\" data-csa-c-id=\"fvbm8m-l77mtv-pd8qek-2onp2j\" data-cel-widget=\"aplus-3p-module-b\">\n<div class=\"aplus-module-wrapper aplus-3p-fixed-width\">\n<ul class=\"a-unordered-list a-vertical\">\n<li><span class=\"a-list-item\">Seine Herstellung aus einem einzigen Metallblock erm\u00f6glicht es, alle VERSTECKTEN Bel\u00fcfter \/ Bel\u00fcfter zu zerlegen, selbst die am meisten festgefahrenen.<\/span><img decoding=\"async\" class=\"a-spacing-mini alignright\" src=\"https:\/\/m.media-amazon.com\/images\/S\/aplus-media-library-service-media\/417feaf8-b97e-44ca-a4aa-b13f16e9fd45.__CR833,0,3333,3333_PT0_SX300_V1___.jpg\" alt=\"Nahaufnahme eines silbernen Sch\u00f6nheitsger\u00e4ts mit mehreren Zinken, das gegen einen Finger gehalten wird, vermutlich f\u00fcr eine Gesichtsbehandlung oder Hautpflege\" data-src=\"https:\/\/m.media-amazon.com\/images\/S\/aplus-media-library-service-media\/417feaf8-b97e-44ca-a4aa-b13f16e9fd45.__CR833,0,3333,3333_PT0_SX300_V1___.jpg\"><\/li>\n<li><span class=\"a-list-item\">Dieser Metallschl\u00fcssel funktioniert dort, wo Kunststoffschl\u00fcssel es nicht tun: Sie k\u00f6nnen Bel\u00fcfter zerlegen, die durch Kalk festgefahren sind.<\/span><\/li>\n<li><span class=\"a-list-item\">Das Vorhandensein eines Lochs unter jeder Taste erm\u00f6glicht es, mit einem Finger Druck auszu\u00fcben, w\u00e4hrend sich die Taste dreht.  <\/span><\/li>\n<li><span class=\"a-list-item\">Alle Schl\u00fcssel liegen auf derselben Seite: Das erleichtert es, sich mit dem Schl\u00fcssel vertraut zu machen.<\/span><\/li>\n<\/ul>\n<p>&nbsp;<\/p>\n<\/div>\n<\/div>\n<div class=\"celwidget aplus-module module-3 aplus-standard\" data-csa-c-type=\"widget\" data-csa-c-slot-id=\"dp_desktop_aplus_module-3_div\" data-csa-c-content-id=\"aplus_module-3\" data-csa-c-id=\"zgi7zo-7lzjuh-68zp86-8z1tll\" data-cel-widget=\"aplus-module-3\">\n<div class=\"aplus-module-wrapper apm-floatnone apm-fixed-width\">\n<div class=\"apm-sidemodule apm-spacing\">\n<div class=\"apm-sidemodule-textleft\">\n<h3 class=\"a-spacing-mini\">WIE ERKENNT MAN DAS VERSTECKTE FORMAT?<\/h3>\n<p>Versteckte Bel\u00fcfter\/Bel\u00fcfter ragen nicht aus dem Wasserhahn. Sie haben Zinnen wie eine befestigte Burg. <\/p>\n<\/div>\n<\/div>\n<\/div>\n<div><\/div>\n<\/div>\n<div class=\"celwidget aplus-module 3p-module-b aplus-standard\" data-csa-c-type=\"widget\" data-csa-c-slot-id=\"dp_desktop_aplus_3p-module-b_div\" data-csa-c-content-id=\"aplus_3p-module-b\" data-csa-c-id=\"lmcrin-rmoj8a-fl3spt-5r9bbi\" data-cel-widget=\"aplus-3p-module-b\">\n<div class=\"aplus-module-wrapper aplus-3p-fixed-width\">\n<p><img decoding=\"async\" class=\"a-spacing-base\" src=\"https:\/\/m.media-amazon.com\/images\/S\/aplus-media-library-service-media\/e9d7480e-2960-4f2f-a5ba-6e246454683f.__CR0,120,5000,3093_PT0_SX970_V1___.jpg\" alt=\"Nahaufnahme mehrerer kreisf\u00f6rmiger Bohrer mit gezackten Kanten, die an einem Metallschaft befestigt sind, mit Fokus auf ihre ineinandergreifenden Z\u00e4hne und\" data-src=\"https:\/\/m.media-amazon.com\/images\/S\/aplus-media-library-service-media\/e9d7480e-2960-4f2f-a5ba-6e246454683f.__CR0,120,5000,3093_PT0_SX970_V1___.jpg\"><\/p>\n<h3 class=\"a-spacing-mini\">PFLEGETIPP<\/h3>\n<p class=\"a-spacing-base\">Blumkraft empfiehlt, dass Sie Ihre Bel\u00fcfter\/Bel\u00fcfter J\u00c4HRLICH warten lassen.<\/p>\n<p class=\"a-spacing-base\">Zerlegen Sie sie mit unserem Universalschl\u00fcssel und legen Sie sie ein paar Stunden in Essig ein: Das verhindert Kalkablagerungen und Sie haben einen ausgezeichneten Wasserfluss in Ihren Wasserh\u00e4hnen.<\/p>\n<\/div>\n<\/div>\n","protected":false},"excerpt":{"rendered":"<ul>\n<li>OFFENE SCHACHTEL: Die Verpackung des Produkts wurde ge\u00f6ffnet, aber das Produkt wurde nie benutzt und befindet sich weiterhin in gutem Zustand.<\/li>\n<li class=\"a-spacing-mini\"><span class=\"a-list-item\">\ud83d\udeb0 METALL: Massiver Metallschl\u00fcssel zum Auseinander- und Wiederzusammenbauen von VERSTECKTEN Wasserhahnbel\u00fcftern\/Bel\u00fcftern  <\/span><\/li>\n<li class=\"a-spacing-mini\"><span class=\"a-list-item\">\ud83d\udeb0 UNIVERSAL: 5 Formate: TT (M16.5), TJ (M18.5), JR (M21.5), STD (M24), TF (M28). Neoperl-kompatibel.   <\/span><\/li>\n<li class=\"a-spacing-mini\"><span class=\"a-list-item\">\ud83d\udeb0 EINFACH ZU BEDIENEN: Ein Loch unter jeder Taste erm\u00f6glicht es, mit einem Finger Druck auszu\u00fcben, w\u00e4hrend die kalkbest\u00e4nden Bel\u00fcfter zerlegt werden  <\/span><\/li>\n<li class=\"a-spacing-mini\"><span class=\"a-list-item\">\ud83d\udeb0 PRAKTISCH: Die 5 Tasten sind auf derselben Seite angeordnet, um den Griff beim Herausziehen der Bel\u00fcfter zu verbessern  <\/span><\/li>\n<li class=\"a-spacing-mini\"><span class=\"a-list-item\">\ud83d\udeb0 KALKKALK: Metallkonstruktion erm\u00f6glicht die Demontage von VERSTECKTEN Bel\u00fcftern, selbst solchen, die durch Kalkstein festgefahren sind<\/span><\/li>\n<\/ul>\n","protected":false},"featured_media":2630,"comment_status":"closed","ping_status":"closed","template":"","meta":{"site-sidebar-layout":"default","site-content-layout":"","ast-site-content-layout":"default","site-content-style":"default","site-sidebar-style":"default","ast-global-header-display":"","ast-banner-title-visibility":"","ast-main-header-display":"","ast-hfb-above-header-display":"","ast-hfb-below-header-display":"","ast-hfb-mobile-header-display":"","site-post-title":"","ast-breadcrumbs-content":"","ast-featured-img":"","footer-sml-layout":"","ast-disable-related-posts":"","theme-transparent-header-meta":"default","adv-header-id-meta":"","stick-header-meta":"","header-above-stick-meta":"","header-main-stick-meta":"","header-below-stick-meta":"","astra-migrate-meta-layouts":"set","ast-page-background-enabled":"default","ast-page-background-meta":{"desktop":{"background-color":"var(--ast-global-color-5)","background-image":"","background-repeat":"repeat","background-position":"center center","background-size":"auto","background-attachment":"scroll","background-type":"","background-media":"","overlay-type":"","overlay-color":"","overlay-opacity":"","overlay-gradient":""},"tablet":{"background-color":"","background-image":"","background-repeat":"repeat","background-position":"center center","background-size":"auto","background-attachment":"scroll","background-type":"","background-media":"","overlay-type":"","overlay-color":"","overlay-opacity":"","overlay-gradient":""},"mobile":{"background-color":"","background-image":"","background-repeat":"repeat","background-position":"center center","background-size":"auto","background-attachment":"scroll","background-type":"","background-media":"","overlay-type":"","overlay-color":"","overlay-opacity":"","overlay-gradient":""}},"ast-content-background-meta":{"desktop":{"background-color":"var(--ast-global-color-4)","background-image":"","background-repeat":"repeat","background-position":"center center","background-size":"auto","background-attachment":"scroll","background-type":"","background-media":"","overlay-type":"","overlay-color":"","overlay-opacity":"","overlay-gradient":""},"tablet":{"background-color":"var(--ast-global-color-4)","background-image":"","background-repeat":"repeat","background-position":"center center","background-size":"auto","background-attachment":"scroll","background-type":"","background-media":"","overlay-type":"","overlay-color":"","overlay-opacity":"","overlay-gradient":""},"mobile":{"background-color":"var(--ast-global-color-4)","background-image":"","background-repeat":"repeat","background-position":"center center","background-size":"auto","background-attachment":"scroll","background-type":"","background-media":"","overlay-type":"","overlay-color":"","overlay-opacity":"","overlay-gradient":""}}},"product_brand":[],"product_cat":[151],"product_tag":[],"class_list":{"0":"post-2629","1":"product","2":"type-product","3":"status-publish","4":"has-post-thumbnail","6":"product_cat-plomberie","7":"desktop-align-left","8":"tablet-align-left","9":"mobile-align-left","11":"first","12":"instock","13":"sale","14":"taxable","15":"shipping-taxable","16":"purchasable","17":"product-type-simple"},"_links":{"self":[{"href":"https:\/\/mostiky.net\/de\/wp-json\/wp\/v2\/product\/2629","targetHints":{"allow":["GET"]}}],"collection":[{"href":"https:\/\/mostiky.net\/de\/wp-json\/wp\/v2\/product"}],"about":[{"href":"https:\/\/mostiky.net\/de\/wp-json\/wp\/v2\/types\/product"}],"replies":[{"embeddable":true,"href":"https:\/\/mostiky.net\/de\/wp-json\/wp\/v2\/comments?post=2629"}],"wp:featuredmedia":[{"embeddable":true,"href":"https:\/\/mostiky.net\/de\/wp-json\/wp\/v2\/media\/2630"}],"wp:attachment":[{"href":"https:\/\/mostiky.net\/de\/wp-json\/wp\/v2\/media?parent=2629"}],"wp:term":[{"taxonomy":"product_brand","embeddable":true,"href":"https:\/\/mostiky.net\/de\/wp-json\/wp\/v2\/product_brand?post=2629"},{"taxonomy":"product_cat","embeddable":true,"href":"https:\/\/mostiky.net\/de\/wp-json\/wp\/v2\/product_cat?post=2629"},{"taxonomy":"product_tag","embeddable":true,"href":"https:\/\/mostiky.net\/de\/wp-json\/wp\/v2\/product_tag?post=2629"}],"curies":[{"name":"wp","href":"https:\/\/api.w.org\/{rel}","templated":true}]}}