{"id":2550,"date":"2026-05-11T15:51:20","date_gmt":"2026-05-11T13:51:20","guid":{"rendered":"https:\/\/mostiky.net\/produit\/mousseur-aerateur-metal-nickel-brosse-compatible-avec-robinets-ikea-m18-5-pivotant-a-360-degres-et-inclinable-80-filtre-integre-ob\/"},"modified":"2026-05-12T11:51:25","modified_gmt":"2026-05-12T09:51:25","slug":"mousseur-aerateur-metal-nickel-brosse-compatible-avec-robinets-ikea-m18-5-pivotant-a-360-degres-et-inclinable-80-filtre-integre-ob","status":"publish","type":"product","link":"https:\/\/mostiky.net\/de\/produit\/mousseur-aerateur-metal-nickel-brosse-compatible-avec-robinets-ikea-m18-5-pivotant-a-360-degres-et-inclinable-80-filtre-integre-ob\/","title":{"rendered":"GEB\u00dcRSTETER NICKEL-Metall-Bel\u00fcfter, kompatibel mit IKEA M18.5-Wasserh\u00e4hnen. 360-Grad-Drehung und Neigung um 80\u00b0. Eingebauter Filter. &#8211; OB"},"content":{"rendered":"<p>BLUMKRAFT Metal Aerator BRUSHED NICKEL kompatibel mit IKEA M18.5 H\u00e4hnen<\/p>\n<p><span class=\"a-list-item\">OFFENE SCHACHTEL: Die Verpackung des Produkts wurde ge\u00f6ffnet, aber das Produkt wurde nie benutzt und befindet sich weiterhin in gutem Zustand.<\/span><\/p>\n<p>Unser Bel\u00fcfter ist mit einem M18.5-M\u00e4nnchenadapter ausgestattet, der mit fast allen IKEA-K\u00fcchenwasserh\u00e4hnen kompatibel ist.<\/p>\n<p>Ein 360\u00b0<br \/>\n-Drehbel\u00fcfterDer Bel\u00fcfter dreht sich um 360 Grad und kann sich um 80 Grad neigen, um jede Ecke Ihres Waschbeckens zu erreichen.<\/p>\n<p>Zwei Nutzungsmodi<br \/>\n: Durch das Drehen des Wasserhahns werden die Modi gewechselt: Wechsel vom weichen Blasenmodus zum H\u00e4ndewaschen zum Spr\u00fchmodus zum Abwaschen.<\/p>\n<p>Kompatibel mit den folgenden IKEA-Wasserh\u00e4hnen\/-mischern:<br \/>\n&#8211; \u00c4lmaren \/ Almaren<br \/>\n&#8211; Bosj\u00f6n \/ Bosjon<br \/>\n&#8211; Brogrund<br \/>\n&#8211; Dalsk\u00e4r \/ Dalskar<br \/>\n&#8211; Delsj\u00f6n \/ Delsjon<br \/>\n&#8211; Elverdam<br \/>\n&#8211; Gamlesj\u00f6n \/ Gamlesjon<br \/>\n&#8211; Glypen<br \/>\n&#8211; Gransk\u00e4r \/ Granskar<br \/>\n&#8211; Insj\u00f6n \/ Insjon<br \/>\n&#8211; Lillsvan<br \/>\n&#8211; Lundsk\u00e4r \/ Lundskar<br \/>\n&#8211; Nyvattnet<br \/>\n&#8211; Pilk\u00e5n \/ Pilkan<br \/>\n&#8211; Ringsk\u00e4r \/ Ringskar<br \/>\n&#8211; Sandsj\u00f6n \/ Sandsj\u00f6n<br \/>\n&#8211; Svensk\u00e4r \/ Svenskar<br \/>\n&#8211; T\u00e4mnaren \/ Tamnaren<br \/>\n&#8211; Vattnet \/ Voxnan<br \/>\n&#8211; Yttran<\/p>\n<p>Kompatibilit\u00e4tstest:<br \/>\n Um sicherzugehen, dass du keinen Fehler in deiner Bestellung machst, ist das ganz einfach!<br \/>\nMisse vor der Bestellung den Bel\u00fcfter deines Wasserhahns: Zerlege den Bel\u00fcfter und vergleiche ihn mit einer 2-Cent-M\u00fcnze: Sie sollten die gleiche Gr\u00f6\u00dfe haben.<\/p>\n<p>Einfache<br \/>\nInstallation 1. Schrauben Sie den vorhandenen Bel\u00fcfter mit einem zweiteiligen<br \/>\nWasserhahn von Ihrem Wasserhahn ab. Schrauben Sie unseren Bel\u00fcfter\/Bel\u00fcfter von Hand und ohne Werkzeuge<\/p>\n<p>Abmessungen<br \/>\nL\u00e4nge mit Adapter: 71 mm<br \/>\nL\u00e4nge nach Einbau: 62 mm<br \/>\nDurchmesser: 28 mm<\/p>\n","protected":false},"excerpt":{"rendered":"<ul class=\"a-unordered-list a-vertical a-spacing-mini\">\n<li class=\"a-spacing-mini\"><span class=\"a-list-item\">OFFENE SCHACHTEL: Die Verpackung des Produkts wurde ge\u00f6ffnet, aber das Produkt wurde nie benutzt und befindet sich weiterhin in gutem Zustand.<\/span><\/li>\n<li class=\"a-spacing-mini\"><span class=\"a-list-item\">360 GRAD: Drehbarer Wasserhahn-Bel\u00fcfter, der sich 360\u00b0 dreht und um 80\u00b0 neigt. Eingebauter Bel\u00fcfter und Hahnenfilter.   <\/span><\/li>\n<li class=\"a-spacing-mini\"><span class=\"a-list-item\">IKEA-ARMATUR KOMPATIBEL: M18.5-Anschluss passt fast auf alle IKEA-K\u00fcchenh\u00e4hne, Neoperl TJ  <\/span><\/li>\n<li class=\"a-spacing-mini\"><span class=\"a-list-item\">DOUBLE JET: indem man das Ende des Bel\u00fcfterschalters von bel\u00fcftetem Blasenstrom zu starkem Strahl dreht  <\/span><\/li>\n<li class=\"a-spacing-mini\"><span class=\"a-list-item\">VERCHROMTES METALL: Die IKEA-kompatible Verbindung und die Oberseite des Ventilators bestehen aus verchromtem Metall. Der Boden besteht aus hochwertigem, verchromtem Harz.   <\/span><\/li>\n<li class=\"a-spacing-mini\"><span class=\"a-list-item\">ERH\u00c4LTLICH IN 2 FARBEN: Erh\u00e4ltlich in geb\u00fcrstetem Nickel oder gl\u00e4nzendem Silber, um besser zu Ihrem Wasserhahn zu passen.<\/span><\/li>\n<\/ul>\n","protected":false},"featured_media":2551,"comment_status":"closed","ping_status":"closed","template":"","meta":{"site-sidebar-layout":"default","site-content-layout":"","ast-site-content-layout":"default","site-content-style":"default","site-sidebar-style":"default","ast-global-header-display":"","ast-banner-title-visibility":"","ast-main-header-display":"","ast-hfb-above-header-display":"","ast-hfb-below-header-display":"","ast-hfb-mobile-header-display":"","site-post-title":"","ast-breadcrumbs-content":"","ast-featured-img":"","footer-sml-layout":"","ast-disable-related-posts":"","theme-transparent-header-meta":"default","adv-header-id-meta":"","stick-header-meta":"","header-above-stick-meta":"","header-main-stick-meta":"","header-below-stick-meta":"","astra-migrate-meta-layouts":"default","ast-page-background-enabled":"default","ast-page-background-meta":{"desktop":{"background-color":"var(--ast-global-color-5)","background-image":"","background-repeat":"repeat","background-position":"center center","background-size":"auto","background-attachment":"scroll","background-type":"","background-media":"","overlay-type":"","overlay-color":"","overlay-opacity":"","overlay-gradient":""},"tablet":{"background-color":"","background-image":"","background-repeat":"repeat","background-position":"center center","background-size":"auto","background-attachment":"scroll","background-type":"","background-media":"","overlay-type":"","overlay-color":"","overlay-opacity":"","overlay-gradient":""},"mobile":{"background-color":"","background-image":"","background-repeat":"repeat","background-position":"center center","background-size":"auto","background-attachment":"scroll","background-type":"","background-media":"","overlay-type":"","overlay-color":"","overlay-opacity":"","overlay-gradient":""}},"ast-content-background-meta":{"desktop":{"background-color":"var(--ast-global-color-4)","background-image":"","background-repeat":"repeat","background-position":"center center","background-size":"auto","background-attachment":"scroll","background-type":"","background-media":"","overlay-type":"","overlay-color":"","overlay-opacity":"","overlay-gradient":""},"tablet":{"background-color":"var(--ast-global-color-4)","background-image":"","background-repeat":"repeat","background-position":"center center","background-size":"auto","background-attachment":"scroll","background-type":"","background-media":"","overlay-type":"","overlay-color":"","overlay-opacity":"","overlay-gradient":""},"mobile":{"background-color":"var(--ast-global-color-4)","background-image":"","background-repeat":"repeat","background-position":"center center","background-size":"auto","background-attachment":"scroll","background-type":"","background-media":"","overlay-type":"","overlay-color":"","overlay-opacity":"","overlay-gradient":""}}},"product_brand":[],"product_cat":[151],"product_tag":[],"class_list":{"0":"post-2550","1":"product","2":"type-product","3":"status-publish","4":"has-post-thumbnail","6":"product_cat-plomberie","7":"desktop-align-left","8":"tablet-align-left","9":"mobile-align-left","11":"first","12":"instock","13":"sale","14":"taxable","15":"shipping-taxable","16":"purchasable","17":"product-type-simple"},"_links":{"self":[{"href":"https:\/\/mostiky.net\/de\/wp-json\/wp\/v2\/product\/2550","targetHints":{"allow":["GET"]}}],"collection":[{"href":"https:\/\/mostiky.net\/de\/wp-json\/wp\/v2\/product"}],"about":[{"href":"https:\/\/mostiky.net\/de\/wp-json\/wp\/v2\/types\/product"}],"replies":[{"embeddable":true,"href":"https:\/\/mostiky.net\/de\/wp-json\/wp\/v2\/comments?post=2550"}],"wp:featuredmedia":[{"embeddable":true,"href":"https:\/\/mostiky.net\/de\/wp-json\/wp\/v2\/media\/2551"}],"wp:attachment":[{"href":"https:\/\/mostiky.net\/de\/wp-json\/wp\/v2\/media?parent=2550"}],"wp:term":[{"taxonomy":"product_brand","embeddable":true,"href":"https:\/\/mostiky.net\/de\/wp-json\/wp\/v2\/product_brand?post=2550"},{"taxonomy":"product_cat","embeddable":true,"href":"https:\/\/mostiky.net\/de\/wp-json\/wp\/v2\/product_cat?post=2550"},{"taxonomy":"product_tag","embeddable":true,"href":"https:\/\/mostiky.net\/de\/wp-json\/wp\/v2\/product_tag?post=2550"}],"curies":[{"name":"wp","href":"https:\/\/api.w.org\/{rel}","templated":true}]}}