{"id":2373,"date":"2026-03-05T18:30:40","date_gmt":"2026-03-05T17:30:40","guid":{"rendered":"https:\/\/mostiky.net\/produit\/domestar-4v-1-2-geodaetische-kuppelstecker-4v-1-2-bausatz-aus-91-metallmontageverbindern-aus-galvanisiertem-stahl-fuer-frequenz-4-flachsockelkuppel\/"},"modified":"2026-03-05T18:30:40","modified_gmt":"2026-03-05T17:30:40","slug":"domestar-4v-1-2-geodaetische-kuppelstecker-4v-1-2-bausatz-aus-91-metallmontageverbindern-aus-galvanisiertem-stahl-fuer-frequenz-4-flachsockelkuppel","status":"publish","type":"product","link":"https:\/\/mostiky.net\/de\/produit\/domestar-4v-1-2-geodaetische-kuppelstecker-4v-1-2-bausatz-aus-91-metallmontageverbindern-aus-galvanisiertem-stahl-fuer-frequenz-4-flachsockelkuppel\/","title":{"rendered":"DOMESTAR 4V 1\/2 Geod\u00e4tische Kuppelstecker 4V 1\/2: Bausatz aus 91 Metallmontageverbindern aus galvanisiertem Stahl f\u00fcr Frequenz 4 Flachsockelkuppel"},"content":{"rendered":"<p><strong>SONDERANGEBOT F\u00dcR DEN START DES DOMESTAR 4V: Ich erstatte mir 50 % des Kaufpreises, wenn Sie mir den Fotobericht des Zusammenbaus dieser Kuppel vorlegen, und 75 % f\u00fcr einen Foto + Video-Bericht (zur Veranschaulichung des Benutzerhandbuchs). Kontaktieren Sie mich! <\/strong><\/p>\n<ul class=\"a-unordered-list a-vertical a-spacing-mini\">\n<li>Flachsockelmodell: Diese Verbinder erm\u00f6glichen eine flache Basis zur geod\u00e4tischen Kuppel.<\/li>\n<li class=\"a-spacing-mini\"><span class=\"a-list-item\">91 PROFESSIONELLE STECKVERBINDER: 3 mm dicker verzinkter Stahl f\u00fcr eine 4V 1\/12 Frequenz geod\u00e4tische Kuppel. Hohe Regenresistenz. Dieses Set enth\u00e4lt nur die Steckverbinder.  <\/span><\/li>\n<li class=\"a-spacing-mini\"><span class=\"a-list-item\">ANLEITUNGEN ZUR NUTZUNG UND PERS\u00d6NLICHEN UNTERST\u00dcTZUNG: Sie haben Zugang zu allen Montageschritten und meinem Stand, der Sie w\u00e4hrend der Montage begleitet.<\/span><\/li>\n<li class=\"a-spacing-mini\"><span class=\"a-list-item\">FLEXIBLE GR\u00d6SSE: Die L\u00e4nge Ihrer Balken bestimmt die Gr\u00f6\u00dfe Ihrer geod\u00e4tischen Kuppel<\/span><\/li>\n<li class=\"a-spacing-mini\"><span class=\"a-list-item\">RELATIV EINFACHE MONTAGE: f\u00fcr 2 Personen dauert das Schneiden, Markieren und Bohren etwa 2 Tage und 2 Tage f\u00fcr den Zusammenbau der 4V-Kuppel<\/span><\/li>\n<li class=\"a-spacing-mini\"><span class=\"a-list-item\">Weitere f\u00fcr die Montage ben\u00f6tigte Beschl\u00e4ge (nicht geliefert): Holzst\u00fctzen \/ Balken \/ Sparren, 500 Schrauben + Schrauben. S\u00e4ge, Bohrer, Hammer, Schraubenschl\u00fcssel, Leiter oder Stufenleiter. <\/span><\/li>\n<\/ul>\n<h3>Taschenrechner und Montageanleitungen:<\/h3>\n<p><a href=\"https:\/\/blumkraft.com\/domestar-4v-1-2\/\">Domestar F4: Montagerechner<\/a><\/p>\n<p>DOMESTAR: 91 verzinkte Stahlsteckverbinder f\u00fcr 4V 1\/2 geod\u00e4tische Kuppel (Frequenz 4)<br \/>\n Was enthalten ist:<br \/>\n &#8211; 91 Steckverbinder<br \/>\n &#8211; Montageanleitung<\/p>\n<p>&nbsp;<\/p>\n<p>Technische Daten:<br \/>\n Material: verzinkter Stahl, 3 mm dick<br \/>\nSteckverbinderdurchmesser: 19,5 cm<br \/>\nMarkierung aller Verbindungsstempel<\/p>\n<p>Zus\u00e4tzlich zu den Verbindern ben\u00f6tigen Sie:<br \/>\n Holzpfosten \/ Balken \/ Sparren. Sie haben Zugriff auf meinen Taschenrechner, um die H\u00f6he der Betr\u00e4ge zu bestimmen.<br \/>\nDie L\u00e4nge der Pfosten bestimmt den Durchmesser und die H\u00f6he der Kuppel.<br \/>\n500 Schrauben und Schrauben, die 1 oder 2 cm h\u00f6her als die St\u00e4nder sind. <\/p>\n<p>Der Kauf dieses Bausatzes beinhaltet eine detaillierte Bedienungsanleitung, Installationsanleitungen und Zugang zu unserem Montageservice. Ich tue alles, um die Montage f\u00fcr dich so einfach wie m\u00f6glich zu machen. <\/p>\n<p>2 PERSONEN WERDEN F\u00dcR DEN ZUSAMMENBAU<br \/>\nBEN\u00d6TIGT: Beachten Sie, dass es wirklich 2 Personen braucht, um eine 4V-Geod\u00e4tenkuppel zu montieren (unsere Stecker f\u00fcr 1V- und 2V-Kuppeln k\u00f6nnen auch einzeln montiert werden), da einige Stufen die Unterst\u00fctzung des unteren Stockwerks erfordern.<\/p>\n<p>Beachten Sie auch, dass ein 4V-Kuppelabbau ohne St\u00fctze f\u00fcr die unteren Stockwerke die Steckverbinder verbiegen und dann nicht mehr benutzbar sind. Das Zerlegen ohne Besch\u00e4digung der Steckverbinder ist daher erfahrenen Personen vorbehalten. <\/p>\n","protected":false},"excerpt":{"rendered":"<p>DOMESTAR: 91 verzinkte Stahlsteckverbinder f\u00fcr 4V 1\/2 geod\u00e4tische Kuppel (Frequenz 4)<\/p>\n","protected":false},"featured_media":1990,"comment_status":"closed","ping_status":"closed","template":"","meta":{"site-sidebar-layout":"default","site-content-layout":"","ast-site-content-layout":"default","site-content-style":"default","site-sidebar-style":"default","ast-global-header-display":"","ast-banner-title-visibility":"","ast-main-header-display":"","ast-hfb-above-header-display":"","ast-hfb-below-header-display":"","ast-hfb-mobile-header-display":"","site-post-title":"","ast-breadcrumbs-content":"","ast-featured-img":"","footer-sml-layout":"","ast-disable-related-posts":"","theme-transparent-header-meta":"default","adv-header-id-meta":"","stick-header-meta":"","header-above-stick-meta":"","header-main-stick-meta":"","header-below-stick-meta":"","astra-migrate-meta-layouts":"default","ast-page-background-enabled":"default","ast-page-background-meta":{"desktop":{"background-color":"var(--ast-global-color-5)","background-image":"","background-repeat":"repeat","background-position":"center center","background-size":"auto","background-attachment":"scroll","background-type":"","background-media":"","overlay-type":"","overlay-color":"","overlay-opacity":"","overlay-gradient":""},"tablet":{"background-color":"","background-image":"","background-repeat":"repeat","background-position":"center center","background-size":"auto","background-attachment":"scroll","background-type":"","background-media":"","overlay-type":"","overlay-color":"","overlay-opacity":"","overlay-gradient":""},"mobile":{"background-color":"","background-image":"","background-repeat":"repeat","background-position":"center center","background-size":"auto","background-attachment":"scroll","background-type":"","background-media":"","overlay-type":"","overlay-color":"","overlay-opacity":"","overlay-gradient":""}},"ast-content-background-meta":{"desktop":{"background-color":"var(--ast-global-color-4)","background-image":"","background-repeat":"repeat","background-position":"center center","background-size":"auto","background-attachment":"scroll","background-type":"","background-media":"","overlay-type":"","overlay-color":"","overlay-opacity":"","overlay-gradient":""},"tablet":{"background-color":"var(--ast-global-color-4)","background-image":"","background-repeat":"repeat","background-position":"center center","background-size":"auto","background-attachment":"scroll","background-type":"","background-media":"","overlay-type":"","overlay-color":"","overlay-opacity":"","overlay-gradient":""},"mobile":{"background-color":"var(--ast-global-color-4)","background-image":"","background-repeat":"repeat","background-position":"center center","background-size":"auto","background-attachment":"scroll","background-type":"","background-media":"","overlay-type":"","overlay-color":"","overlay-opacity":"","overlay-gradient":""}}},"product_brand":[],"product_cat":[106],"product_tag":[],"class_list":{"0":"post-2373","1":"product","2":"type-product","3":"status-publish","4":"has-post-thumbnail","6":"product_cat-geodatische-kuppel","7":"desktop-align-left","8":"tablet-align-left","9":"mobile-align-left","11":"first","12":"instock","13":"sale","14":"taxable","15":"shipping-taxable","16":"purchasable","17":"product-type-simple"},"_links":{"self":[{"href":"https:\/\/mostiky.net\/de\/wp-json\/wp\/v2\/product\/2373","targetHints":{"allow":["GET"]}}],"collection":[{"href":"https:\/\/mostiky.net\/de\/wp-json\/wp\/v2\/product"}],"about":[{"href":"https:\/\/mostiky.net\/de\/wp-json\/wp\/v2\/types\/product"}],"replies":[{"embeddable":true,"href":"https:\/\/mostiky.net\/de\/wp-json\/wp\/v2\/comments?post=2373"}],"wp:featuredmedia":[{"embeddable":true,"href":"https:\/\/mostiky.net\/de\/wp-json\/wp\/v2\/media\/1990"}],"wp:attachment":[{"href":"https:\/\/mostiky.net\/de\/wp-json\/wp\/v2\/media?parent=2373"}],"wp:term":[{"taxonomy":"product_brand","embeddable":true,"href":"https:\/\/mostiky.net\/de\/wp-json\/wp\/v2\/product_brand?post=2373"},{"taxonomy":"product_cat","embeddable":true,"href":"https:\/\/mostiky.net\/de\/wp-json\/wp\/v2\/product_cat?post=2373"},{"taxonomy":"product_tag","embeddable":true,"href":"https:\/\/mostiky.net\/de\/wp-json\/wp\/v2\/product_tag?post=2373"}],"curies":[{"name":"wp","href":"https:\/\/api.w.org\/{rel}","templated":true}]}}