{"id":2371,"date":"2026-04-23T19:53:59","date_gmt":"2026-04-23T17:53:59","guid":{"rendered":"https:\/\/mostiky.net\/produit\/blam-larvzero-bti-100g-natuerliches-larvizid-gegen-pilzmuecken-sciaridae-bacillus-thuringiensis-israelensis-konzentrat-fuer-50-l-loesung\/"},"modified":"2026-04-23T19:53:59","modified_gmt":"2026-04-23T17:53:59","slug":"blam-larvzero-bti-100g-natuerliches-larvizid-gegen-pilzmuecken-sciaridae-bacillus-thuringiensis-israelensis-konzentrat-fuer-50-l-loesung","status":"publish","type":"product","link":"https:\/\/mostiky.net\/de\/produit\/blam-larvzero-bti-100g-natuerliches-larvizid-gegen-pilzmuecken-sciaridae-bacillus-thuringiensis-israelensis-konzentrat-fuer-50-l-loesung\/","title":{"rendered":"BLAM LarvZero BTI 100g \u2013 Nat\u00fcrliches Larvizid gegen Pilzm\u00fccken (Sciaridae) \u2013 Bacillus thuringiensis israelensis-Konzentrat f\u00fcr 50 L L\u00f6sung"},"content":{"rendered":"<p>BLAM LarvZero BTI 100g \u2013 Nat\u00fcrliches Larvizid gegen Pilzm\u00fccken (Sciaridae)<\/p>\n<p>Pilzm\u00fccken, auch Sciariden genannt, sind kleine schwarze Insekten, deren Larven sich in den feuchten B\u00f6den Ihrer Pflanzen vermehren. Mit blo\u00dfem Auge unsichtbar ern\u00e4hren sich diese Larven von den Wurzeln und k\u00f6nnen Ihre Zimmerpflanzen oder Gew\u00e4chsh\u00e4user schw\u00e4chen oder sogar t\u00f6ten. <\/p>\n<p>BLAM LarvZero BTI 100g ist ein ultrakonzentriertes biologisches Larvizid (1200 UTI\/mg), das mit Bacillus Thuringiensis israelensis (BTI), einem Bakterium, das nat\u00fcrlich im Boden vorkommt, formuliert wurde. Speziell entwickelt, um die Larven von Pilzm\u00fccken zu bek\u00e4mpfen, wirkt es innerhalb weniger Stunden, indem es ihr Verdauungssystem nach dem Verzehr zerst\u00f6rt. Dadurch sterben die Larven schnell ab, und der Befall wird an der Wurzel vollst\u00e4ndig gestoppt.  <\/p>\n<p>Einfach zu verwenden: Verd\u00fcnne 2 g Pulver in 1 Liter Wasser und gie\u00dfe dann wie gewohnt die Pflanzen. Im Falle eines schweren Befalls wiederholen Sie den Eingriff bis zu dreimal pro Woche. Diese Behandlung betrifft nur die Larven, weshalb wir den erg\u00e4nzenden Einsatz gelber selbsthaftender Fallen zum Fang erwachsener Insekten empfehlen.  <\/p>\n<p>Der 100-g-Beutel kann bis zu 50 Liter L\u00f6sung zubereiten, um einen langanhaltenden Schutz ohne starke Chemikalien zu gew\u00e4hrleisten. BLAM LarvZero BTI ist bei Verwendung wie vorgeschrieben sicher f\u00fcr die Biodiversit\u00e4t und ist die ideale Alternative zu chemischen Behandlungen oder Nematoden. Leichter zu verwenden und zu lagern als Nematoden.  <\/p>\n<p>Dieses Produkt enth\u00e4lt eine biozide Substanz (Bacillus Thuringiensis Israelensis), die zur Bek\u00e4mpfung von Insektenlarven gem\u00e4\u00df Artikel 58 der Verordnung (EU) Nr. 528\/2012 bestimmt ist. Verwenden Sie biozide Produkte mit Vorsicht. Lesen Sie vor der Anwendung das Etikett und die Produktinformationen. Autorisierungsnummer: MA 80736.   <\/p>\n<p>&nbsp;<\/p>\n<h3>Zutaten<\/h3>\n<p>Bacillus Thuringiensis Israelensis<\/p>\n","protected":false},"excerpt":{"rendered":"<ul>\n<li class=\"a-spacing-mini\"><span class=\"a-list-item\">\u2705 GR\u00c4IFT PFLANZENBODEN-M\u00dcCKENLARVEN AN \u2013 Wirkt direkt im Blumenerde, indem es Sciarid-Larven abt\u00f6tet, die f\u00fcr Befall und Wurzelsch\u00e4den an Ihren Pflanzen verantwortlich sind.  <\/span><\/li>\n<li class=\"a-spacing-mini\"><span class=\"a-list-item\">\ud83c\udf3f NAT\u00dcRLICHES BTI-KONZENTRAT-FORMEL \u2013 Besteht aus Bacillus Thuringiensis israelensis (BTI), konzentriert auf 1200 UTI\/mg. Der 100-g-Beutel erm\u00f6glicht es, 50 Liter L\u00f6sung zuzubereiten.   <\/span><\/li>\n<li class=\"a-spacing-mini\"><span class=\"a-list-item\">\u23f1\ufe0f SCHNELL WIRKENDE IN 24 STUNDEN \u2013 Erstes sichtbares Ergebnis innerhalb von 24 Stunden. Wirksam selbst bei jungen Larven, unterbricht sie schnell den Fortpflanzungszyklus der M\u00fccken.   <\/span><\/li>\n<li class=\"a-spacing-mini\"><span class=\"a-list-item\">\ud83d\udc1d SELEKTIV UND PFLANZENSICHER \u2013 Die BTI zielt nur auf M\u00fcckenlarven, ohne die Pflanzen zu sch\u00e4digen. F\u00fcr erwachsene Tiere soll sie mit gelben Fallen kombiniert werden.   <\/span><\/li>\n<li class=\"a-spacing-mini\"><span class=\"a-list-item\">\ud83e\udeb4 EINFACH ZU HAUSE ODER IM GEW\u00c4CHSHAUS ZU VERWENDEN \u2013 Verd\u00fcnnen Sie einfach das Bew\u00e4sserungswasser. Ideal f\u00fcr Zimmerpflanzen, Topfpflanzen, Setzlinge, Gew\u00e4chsh\u00e4user und Pflanzk\u00fcbel. <\/span><\/li>\n<\/ul>\n","protected":false},"featured_media":2250,"comment_status":"closed","ping_status":"closed","template":"","meta":{"site-sidebar-layout":"default","site-content-layout":"","ast-site-content-layout":"default","site-content-style":"default","site-sidebar-style":"default","ast-global-header-display":"","ast-banner-title-visibility":"","ast-main-header-display":"","ast-hfb-above-header-display":"","ast-hfb-below-header-display":"","ast-hfb-mobile-header-display":"","site-post-title":"","ast-breadcrumbs-content":"","ast-featured-img":"","footer-sml-layout":"","ast-disable-related-posts":"","theme-transparent-header-meta":"default","adv-header-id-meta":"","stick-header-meta":"","header-above-stick-meta":"","header-main-stick-meta":"","header-below-stick-meta":"","astra-migrate-meta-layouts":"default","ast-page-background-enabled":"default","ast-page-background-meta":{"desktop":{"background-color":"var(--ast-global-color-5)","background-image":"","background-repeat":"repeat","background-position":"center center","background-size":"auto","background-attachment":"scroll","background-type":"","background-media":"","overlay-type":"","overlay-color":"","overlay-opacity":"","overlay-gradient":""},"tablet":{"background-color":"","background-image":"","background-repeat":"repeat","background-position":"center center","background-size":"auto","background-attachment":"scroll","background-type":"","background-media":"","overlay-type":"","overlay-color":"","overlay-opacity":"","overlay-gradient":""},"mobile":{"background-color":"","background-image":"","background-repeat":"repeat","background-position":"center center","background-size":"auto","background-attachment":"scroll","background-type":"","background-media":"","overlay-type":"","overlay-color":"","overlay-opacity":"","overlay-gradient":""}},"ast-content-background-meta":{"desktop":{"background-color":"var(--ast-global-color-4)","background-image":"","background-repeat":"repeat","background-position":"center center","background-size":"auto","background-attachment":"scroll","background-type":"","background-media":"","overlay-type":"","overlay-color":"","overlay-opacity":"","overlay-gradient":""},"tablet":{"background-color":"var(--ast-global-color-4)","background-image":"","background-repeat":"repeat","background-position":"center center","background-size":"auto","background-attachment":"scroll","background-type":"","background-media":"","overlay-type":"","overlay-color":"","overlay-opacity":"","overlay-gradient":""},"mobile":{"background-color":"var(--ast-global-color-4)","background-image":"","background-repeat":"repeat","background-position":"center center","background-size":"auto","background-attachment":"scroll","background-type":"","background-media":"","overlay-type":"","overlay-color":"","overlay-opacity":"","overlay-gradient":""}}},"product_brand":[],"product_cat":[105],"product_tag":[],"class_list":{"0":"post-2371","1":"product","2":"type-product","3":"status-publish","4":"has-post-thumbnail","6":"product_cat-stechmucken","7":"desktop-align-left","8":"tablet-align-left","9":"mobile-align-left","11":"first","12":"instock","13":"sale","14":"taxable","15":"shipping-taxable","16":"purchasable","17":"product-type-simple"},"_links":{"self":[{"href":"https:\/\/mostiky.net\/de\/wp-json\/wp\/v2\/product\/2371","targetHints":{"allow":["GET"]}}],"collection":[{"href":"https:\/\/mostiky.net\/de\/wp-json\/wp\/v2\/product"}],"about":[{"href":"https:\/\/mostiky.net\/de\/wp-json\/wp\/v2\/types\/product"}],"replies":[{"embeddable":true,"href":"https:\/\/mostiky.net\/de\/wp-json\/wp\/v2\/comments?post=2371"}],"wp:featuredmedia":[{"embeddable":true,"href":"https:\/\/mostiky.net\/de\/wp-json\/wp\/v2\/media\/2250"}],"wp:attachment":[{"href":"https:\/\/mostiky.net\/de\/wp-json\/wp\/v2\/media?parent=2371"}],"wp:term":[{"taxonomy":"product_brand","embeddable":true,"href":"https:\/\/mostiky.net\/de\/wp-json\/wp\/v2\/product_brand?post=2371"},{"taxonomy":"product_cat","embeddable":true,"href":"https:\/\/mostiky.net\/de\/wp-json\/wp\/v2\/product_cat?post=2371"},{"taxonomy":"product_tag","embeddable":true,"href":"https:\/\/mostiky.net\/de\/wp-json\/wp\/v2\/product_tag?post=2371"}],"curies":[{"name":"wp","href":"https:\/\/api.w.org\/{rel}","templated":true}]}}