{"id":2211,"date":"2026-04-10T11:22:05","date_gmt":"2026-04-10T09:22:05","guid":{"rendered":"https:\/\/mostiky.net\/produit\/blam-12v-netzteil-kompatibel-mit-mosquito-magnet-pioneer-patriot-defender-ip68-transformator-15-m-kabel-eu-stecker\/"},"modified":"2026-04-10T11:22:05","modified_gmt":"2026-04-10T09:22:05","slug":"blam-12v-netzteil-kompatibel-mit-mosquito-magnet-pioneer-patriot-defender-ip68-transformator-15-m-kabel-eu-stecker","status":"publish","type":"product","link":"https:\/\/mostiky.net\/de\/produit\/blam-12v-netzteil-kompatibel-mit-mosquito-magnet-pioneer-patriot-defender-ip68-transformator-15-m-kabel-eu-stecker\/","title":{"rendered":"BLAM! 12V-Netzteil kompatibel mit Mosquito Magnet(*) Pioneer(*), Patriot(*), Defender(*) \u2013 IP68-Transformator, 15 m Kabel, EU-Stecker"},"content":{"rendered":"<p>Ersetzen Sie Ihren alten Mosquito Magnet-Adapter(*) durch einen BLAM-Transformator! 12V gebaut, um zu halten.<br \/>\nSpeziell f\u00fcr die Modelle Pioneer(*), Patriot(*) und Defender entwickelt, bietet dieser hochwertige Transformator eine stabile Stromversorgung, exzellenten Au\u00dfenwiderstand und maximale Sicherheit. <\/p>\n<p>Au\u00dfergew\u00f6hnliche<br \/>\n Zuverl\u00e4ssigkeit und Abdichtung \u2013 IP68-zertifiziert, kann dieser Transformator auch bei vollst\u00e4ndiger Immersion funktionieren. Der Schraubverbinder mit Befestigungskragen sorgt f\u00fcr eine feste und stabile Verbindung. <\/p>\n<p>Professionelle Kabel. Wir haben Industrie-Standardkabel gew\u00e4hlt:<br \/>\n H05RN-F Netzeingang: verst\u00e4rktes Kabel mit Neoprenummantelung, flexibel und extrem hitze- und feuchtigkeitsbest\u00e4ndig.<br \/>\n&#8211; 12 V SPT-1W-Ausgangs: Kabel, das f\u00fcr l\u00e4ngere Au\u00dfennutzung konzipiert ist und widerstandsf\u00e4hig gegen UV-, K\u00e4lte- und Regenwiderstand ist.<br \/>\nNur wenige Adapter verwenden Kabel dieser Qualit\u00e4t. <\/p>\n<p>15 m L\u00e4nge f\u00fcr flexible<br \/>\n Installation \u2013 Mit 1 Meter vor dem Transformator und 14 Metern danach k\u00f6nnen Sie Ihre M\u00fcckenfalle fernab von Steckdosen installieren, ohne zus\u00e4tzliches Verl\u00e4ngerungskabel.<\/p>\n<p>Kompatibilit\u00e4t<br \/>\n: Nur mit Mosquito Magnet(*)-Modellen kompatibel, die mit einem runden Schraubverschlussstecker (Teilenummer MM120-024) ausgestattet sind.<br \/>\nNicht kompatibel mit \u00e4lteren Modellen mit rechteckigem Clip-Stecker (MM120-005).<\/p>\n<p>Zertifizierungen: CE, IP68<br \/>\nGarantie: 2 Jahre<\/p>\n<p>(*) Marken, die Dritten geh\u00f6ren, die nichts mit BLAM! zu tun haben.<\/p>\n","protected":false},"excerpt":{"rendered":"<ul>\n<li class=\"a-spacing-mini\"><span class=\"a-list-item\">GARANTIERTE KOMPATIBILIT\u00c4T MIT MOSKITO MAGNET(*) Pioneer(*), Patriot(*) und Defender(*) \u2013 Ersetzt perfekt das urspr\u00fcngliche MM120-024-Modell. Nicht kompatibel mit MM120-005 rechteckigen Steckverbindern.   <\/span><\/li>\n<li class=\"a-spacing-mini\"><span class=\"a-list-item\">12V AC \/ 3A (36 W) STROMTRANSFORMATOR \u2013 Universeller 100\u2013240 V AC-Eingang, stabiler und sicherer Ausgang f\u00fcr zuverl\u00e4ssigen Betrieb der M\u00fcckenfallen.  <\/span><\/li>\n<li class=\"a-spacing-mini\"><span class=\"a-list-item\">IP68 TOTAL WASSERDICHT \u2013 Kann auch unter Wasser funktionieren! Schraubanschluss mit Montagekragen und Dichtung f\u00fcr eine stabile und langlebige Installation, auch bei Regen.   <\/span><\/li>\n<li class=\"a-spacing-mini\"><span class=\"a-list-item\">LANGLEBIGE PROFESSIONELLE KABEL \u2013 H05RN-F verst\u00e4rktes Eingangskabel und SPT-1W langes Ausgangskabel, speziell f\u00fcr Witterung und UV entwickelt.  <\/span><\/li>\n<li class=\"a-spacing-mini\"><span class=\"a-list-item\">15 M GESAMTL\u00c4NGE (1 m vor + 14 m nach dem Transformator) \u2013 Ideal, um den Sipon \u00fcberall dort zu platzieren, wo man m\u00f6chte, fernab von Steckdosen. 2 Jahre Garantie. <\/span><\/li>\n<\/ul>\n","protected":false},"featured_media":2194,"comment_status":"closed","ping_status":"closed","template":"","meta":{"site-sidebar-layout":"default","site-content-layout":"","ast-site-content-layout":"default","site-content-style":"default","site-sidebar-style":"default","ast-global-header-display":"","ast-banner-title-visibility":"","ast-main-header-display":"","ast-hfb-above-header-display":"","ast-hfb-below-header-display":"","ast-hfb-mobile-header-display":"","site-post-title":"","ast-breadcrumbs-content":"","ast-featured-img":"","footer-sml-layout":"","ast-disable-related-posts":"","theme-transparent-header-meta":"default","adv-header-id-meta":"","stick-header-meta":"","header-above-stick-meta":"","header-main-stick-meta":"","header-below-stick-meta":"","astra-migrate-meta-layouts":"default","ast-page-background-enabled":"default","ast-page-background-meta":{"desktop":{"background-color":"var(--ast-global-color-5)","background-image":"","background-repeat":"repeat","background-position":"center center","background-size":"auto","background-attachment":"scroll","background-type":"","background-media":"","overlay-type":"","overlay-color":"","overlay-opacity":"","overlay-gradient":""},"tablet":{"background-color":"","background-image":"","background-repeat":"repeat","background-position":"center center","background-size":"auto","background-attachment":"scroll","background-type":"","background-media":"","overlay-type":"","overlay-color":"","overlay-opacity":"","overlay-gradient":""},"mobile":{"background-color":"","background-image":"","background-repeat":"repeat","background-position":"center center","background-size":"auto","background-attachment":"scroll","background-type":"","background-media":"","overlay-type":"","overlay-color":"","overlay-opacity":"","overlay-gradient":""}},"ast-content-background-meta":{"desktop":{"background-color":"var(--ast-global-color-4)","background-image":"","background-repeat":"repeat","background-position":"center center","background-size":"auto","background-attachment":"scroll","background-type":"","background-media":"","overlay-type":"","overlay-color":"","overlay-opacity":"","overlay-gradient":""},"tablet":{"background-color":"var(--ast-global-color-4)","background-image":"","background-repeat":"repeat","background-position":"center center","background-size":"auto","background-attachment":"scroll","background-type":"","background-media":"","overlay-type":"","overlay-color":"","overlay-opacity":"","overlay-gradient":""},"mobile":{"background-color":"var(--ast-global-color-4)","background-image":"","background-repeat":"repeat","background-position":"center center","background-size":"auto","background-attachment":"scroll","background-type":"","background-media":"","overlay-type":"","overlay-color":"","overlay-opacity":"","overlay-gradient":""}}},"product_brand":[],"product_cat":[105,104],"product_tag":[],"class_list":{"0":"post-2211","1":"product","2":"type-product","3":"status-publish","4":"has-post-thumbnail","6":"product_cat-stechmucken","7":"product_cat-zubehor","8":"desktop-align-left","9":"tablet-align-left","10":"mobile-align-left","12":"first","13":"instock","14":"sale","15":"taxable","16":"shipping-taxable","17":"product-type-simple"},"_links":{"self":[{"href":"https:\/\/mostiky.net\/de\/wp-json\/wp\/v2\/product\/2211","targetHints":{"allow":["GET"]}}],"collection":[{"href":"https:\/\/mostiky.net\/de\/wp-json\/wp\/v2\/product"}],"about":[{"href":"https:\/\/mostiky.net\/de\/wp-json\/wp\/v2\/types\/product"}],"replies":[{"embeddable":true,"href":"https:\/\/mostiky.net\/de\/wp-json\/wp\/v2\/comments?post=2211"}],"wp:featuredmedia":[{"embeddable":true,"href":"https:\/\/mostiky.net\/de\/wp-json\/wp\/v2\/media\/2194"}],"wp:attachment":[{"href":"https:\/\/mostiky.net\/de\/wp-json\/wp\/v2\/media?parent=2211"}],"wp:term":[{"taxonomy":"product_brand","embeddable":true,"href":"https:\/\/mostiky.net\/de\/wp-json\/wp\/v2\/product_brand?post=2211"},{"taxonomy":"product_cat","embeddable":true,"href":"https:\/\/mostiky.net\/de\/wp-json\/wp\/v2\/product_cat?post=2211"},{"taxonomy":"product_tag","embeddable":true,"href":"https:\/\/mostiky.net\/de\/wp-json\/wp\/v2\/product_tag?post=2211"}],"curies":[{"name":"wp","href":"https:\/\/api.w.org\/{rel}","templated":true}]}}