{"id":1730,"date":"2025-09-24T14:46:46","date_gmt":"2025-09-24T12:46:46","guid":{"rendered":"https:\/\/mostiky.net\/produit\/domestat-hexdome-40-metallsteckverbinder-fuer-3v-5-8-gestumpfte-geodaetische-ikosaeder-kuppel\/"},"modified":"2025-09-24T14:46:46","modified_gmt":"2025-09-24T12:46:46","slug":"domestat-hexdome-40-metallsteckverbinder-fuer-3v-5-8-gestumpfte-geodaetische-ikosaeder-kuppel","status":"publish","type":"product","link":"https:\/\/mostiky.net\/de\/produit\/domestat-hexdome-40-metallsteckverbinder-fuer-3v-5-8-gestumpfte-geodaetische-ikosaeder-kuppel\/","title":{"rendered":"Domestat HEXDOME: 40 Metallsteckverbinder f\u00fcr 3V 5\/8 gestumpfte geod\u00e4tische Ikosaeder-Kuppel"},"content":{"rendered":"<p>BAUEN SIE IHRE EIGENE GEOD\u00c4TISCHE KUPPEL MIT DOMESTAR HEXDOME<br \/>\nDieses Kit enth\u00e4lt 40 4 mm Verbinder aus verzinktem Stahl zur Montage einer geod\u00e4tischen Kuppel 3V 5\/8 (Ikosaederstumpf) vom Typ HEXDOME.<br \/>\nIdeal f\u00fcr die Gestaltung einzigartiger R\u00e4ume: Gew\u00e4chshaus, H\u00fctte, H\u00fchnerstall, Laube, Moskitonetz im Freien oder Kunstinstallation.<\/p>\n<p>Im Kit enthalten:<br \/>\n&#8211; 40 HEXDOME 3-polige<br \/>\n Steckverbinder- Detaillierte<br \/>\n Montageanleitung- Schritt-f\u00fcr-Schritt-Videoanleitungen<br \/>\n&#8211; Zugang zu unserem personalisierten Kundensupport<\/p>\n<p>Das HEXDOME-Design ist etwas Besonderes: Im Gegensatz zu klassischen geod\u00e4tischen Kuppeln besteht es aus Sechsecken und F\u00fcnfecken, wie der ber\u00fchmte Fu\u00dfball aus den 80er Jahren!<br \/>\nDieses Modell bietet ein hervorragendes Volumen-Material-Verh\u00e4ltnis: Bei gleichem Volumen wird weniger Holz ben\u00f6tigt.<\/p>\n<p>Wichtig: Der HEXDOME ist weniger steif als eine herk\u00f6mmliche geod\u00e4tische Kuppel, da er nicht aus Dreiecken besteht. Es wird f\u00fcr dekorative, k\u00fcnstlerische oder leichte Zwecke empfohlen. <\/p>\n<p>Technische Eigenschaften:<br \/>\n&#8211; Material: verzinkter<br \/>\n Stahl- Dicke: 4 mm<br \/>\n&#8211; Durchmesser des Verbindungsst\u00fccks: 19,5 cm<br \/>\n&#8211; Anzahl der B\u00fcgel: 3<\/p>\n<p>Zus\u00e4tzliche Hardware erforderlich (nicht im Lieferumfang enthalten):<br \/>\n 60 Holzbolzen\/Balken (nur 2 L\u00e4ngen)120<br \/>\n Schrauben geeignet<br \/>\nHolzschrauben f\u00fcr Oberfl\u00e4chen<\/p>\n<p>Ben\u00f6tigte Werkzeuge: S\u00e4ge, Bohrer, Hammer, Schraubenschl\u00fcssel, Leiter oder Trittleiter<\/p>\n<p>Mit DOMESTAR HEXDOME profitieren Sie von einem kompletten Kit, Video-Support und unserer pers\u00f6nlichen Unterst\u00fctzung, um Ihr Projekt zum Erfolg zu f\u00fchren.<\/p>\n","protected":false},"excerpt":{"rendered":"<ul class=\"a-unordered-list a-vertical a-spacing-mini\">\n<li class=\"a-spacing-mini\"><span class=\"a-list-item\">  40 HOCHBELASTBARE GEOD\u00c4TISCHE KUPPELVERBINDER \u2013 Satz von 40 4 mm HEXDOME-Steckverbindern aus verzinktem Stahl, speziell f\u00fcr den Bau einer geod\u00e4tischen Kuppel mit 3V 5\/8 (Ikosaederstumpf) entwickelt.  <\/span><\/li>\n<li class=\"a-spacing-mini\"><span class=\"a-list-item\">  EINFACHE UND GEF\u00dcHRTE INSTALLATION \u2013 Keine Notwendigkeit, Winkel zu berechnen! Schneiden Sie Ihre Balken zu, montieren Sie sie mit unseren Verbindern und folgen Sie unseren Schritt-f\u00fcr-Schritt-Videoanleitungen. Pers\u00f6nliche Unterst\u00fctzung.    <\/span><\/li>\n<li class=\"a-spacing-mini\"><span class=\"a-list-item\">  KUPPEL NACH IHREN BED\u00dcRFNISSEN \u2013 Bestimmen Sie ganz einfach den Durchmesser und die H\u00f6he Ihrer Kuppel: Die L\u00e4nge der Bolzen entscheidet \u00fcber die endg\u00fcltige Gr\u00f6\u00dfe. Ein Online-Rechner ist im Preis inbegriffen.   <\/span><\/li>\n<li class=\"a-spacing-mini\"><span class=\"a-list-item\">  ZU LIEFERNDE MATERIALIEN (NICHT IM LIEFERUMFANG ENTHALTEN) \u2013 60 Holzst\u00e4nder\/Balken (nur 2 L\u00e4ngen), 120 Bolzen, Holzschrauben, S\u00e4gen, Bohrer, Hammer, Schraubenschl\u00fcssel, Leiter oder Trittleiter.  <\/span><\/li>\n<li class=\"a-spacing-mini\"><span class=\"a-list-item\">  NUR DEKORATIVE UND KREATIVE VERWENDUNG \u2013 Der Hexdome ist ideal f\u00fcr einen Kunstunterstand, ein Gew\u00e4chshaus, einen Sichtschutz, einen H\u00fchnerstall oder eine dekorative Laube.  <\/span><\/li>\n<\/ul>\n","protected":false},"featured_media":1679,"comment_status":"closed","ping_status":"closed","template":"","meta":{"site-sidebar-layout":"default","site-content-layout":"","ast-site-content-layout":"default","site-content-style":"default","site-sidebar-style":"default","ast-global-header-display":"","ast-banner-title-visibility":"","ast-main-header-display":"","ast-hfb-above-header-display":"","ast-hfb-below-header-display":"","ast-hfb-mobile-header-display":"","site-post-title":"","ast-breadcrumbs-content":"","ast-featured-img":"","footer-sml-layout":"","ast-disable-related-posts":"","theme-transparent-header-meta":"default","adv-header-id-meta":"","stick-header-meta":"","header-above-stick-meta":"","header-main-stick-meta":"","header-below-stick-meta":"","astra-migrate-meta-layouts":"default","ast-page-background-enabled":"default","ast-page-background-meta":{"desktop":{"background-color":"var(--ast-global-color-5)","background-image":"","background-repeat":"repeat","background-position":"center center","background-size":"auto","background-attachment":"scroll","background-type":"","background-media":"","overlay-type":"","overlay-color":"","overlay-opacity":"","overlay-gradient":""},"tablet":{"background-color":"","background-image":"","background-repeat":"repeat","background-position":"center center","background-size":"auto","background-attachment":"scroll","background-type":"","background-media":"","overlay-type":"","overlay-color":"","overlay-opacity":"","overlay-gradient":""},"mobile":{"background-color":"","background-image":"","background-repeat":"repeat","background-position":"center center","background-size":"auto","background-attachment":"scroll","background-type":"","background-media":"","overlay-type":"","overlay-color":"","overlay-opacity":"","overlay-gradient":""}},"ast-content-background-meta":{"desktop":{"background-color":"var(--ast-global-color-4)","background-image":"","background-repeat":"repeat","background-position":"center center","background-size":"auto","background-attachment":"scroll","background-type":"","background-media":"","overlay-type":"","overlay-color":"","overlay-opacity":"","overlay-gradient":""},"tablet":{"background-color":"var(--ast-global-color-4)","background-image":"","background-repeat":"repeat","background-position":"center center","background-size":"auto","background-attachment":"scroll","background-type":"","background-media":"","overlay-type":"","overlay-color":"","overlay-opacity":"","overlay-gradient":""},"mobile":{"background-color":"var(--ast-global-color-4)","background-image":"","background-repeat":"repeat","background-position":"center center","background-size":"auto","background-attachment":"scroll","background-type":"","background-media":"","overlay-type":"","overlay-color":"","overlay-opacity":"","overlay-gradient":""}}},"product_brand":[130],"product_cat":[106],"product_tag":[],"class_list":{"0":"post-1730","1":"product","2":"type-product","3":"status-publish","4":"has-post-thumbnail","6":"product_brand-domestar-de","7":"product_cat-geodatische-kuppel","8":"desktop-align-left","9":"tablet-align-left","10":"mobile-align-left","12":"first","13":"instock","14":"sale","15":"taxable","16":"shipping-taxable","17":"product-type-simple"},"_links":{"self":[{"href":"https:\/\/mostiky.net\/de\/wp-json\/wp\/v2\/product\/1730","targetHints":{"allow":["GET"]}}],"collection":[{"href":"https:\/\/mostiky.net\/de\/wp-json\/wp\/v2\/product"}],"about":[{"href":"https:\/\/mostiky.net\/de\/wp-json\/wp\/v2\/types\/product"}],"replies":[{"embeddable":true,"href":"https:\/\/mostiky.net\/de\/wp-json\/wp\/v2\/comments?post=1730"}],"wp:featuredmedia":[{"embeddable":true,"href":"https:\/\/mostiky.net\/de\/wp-json\/wp\/v2\/media\/1679"}],"wp:attachment":[{"href":"https:\/\/mostiky.net\/de\/wp-json\/wp\/v2\/media?parent=1730"}],"wp:term":[{"taxonomy":"product_brand","embeddable":true,"href":"https:\/\/mostiky.net\/de\/wp-json\/wp\/v2\/product_brand?post=1730"},{"taxonomy":"product_cat","embeddable":true,"href":"https:\/\/mostiky.net\/de\/wp-json\/wp\/v2\/product_cat?post=1730"},{"taxonomy":"product_tag","embeddable":true,"href":"https:\/\/mostiky.net\/de\/wp-json\/wp\/v2\/product_tag?post=1730"}],"curies":[{"name":"wp","href":"https:\/\/api.w.org\/{rel}","templated":true}]}}