{"id":1586,"date":"2025-09-01T21:46:02","date_gmt":"2025-09-01T19:46:02","guid":{"rendered":"https:\/\/mostiky.net\/produit\/blam-mostiky-30-doppelseitige-klebefolien-kompatibel-mit-hexacatch-und-barricade\/"},"modified":"2025-09-01T21:46:02","modified_gmt":"2025-09-01T19:46:02","slug":"blam-mostiky-30-doppelseitige-klebefolien-kompatibel-mit-hexacatch-und-barricade","status":"publish","type":"product","link":"https:\/\/mostiky.net\/de\/produit\/blam-mostiky-30-doppelseitige-klebefolien-kompatibel-mit-hexacatch-und-barricade\/","title":{"rendered":"BLAM! Mostiky \u2013 30 doppelseitige Klebefolien kompatibel mit HexaCatch(*) und Barricade(*)"},"content":{"rendered":"<ul class=\"a-unordered-list a-vertical a-spacing-mini\">\n<li class=\"a-spacing-mini\"><span class=\"a-list-item\">  \ud83e\udd9f SPARPAKET \u2013 30 selbstklebende Klebekarten, die mit M\u00fcckenfallen vom Typ HexaCatch(*) (MasterTrap*\/Favex*) kompatibel sind. Die L\u00f6sung, um Tigerm\u00fccken vor der Eiablage zu fangen.   <\/span><\/li>\n<li class=\"a-spacing-mini\"><span class=\"a-list-item\">  \ud83e\udd9f ULTRASTARKER DOPPELSEITIGER KLEBER \u2013 Leistungsstarker Kleber auf beiden Seiten: M\u00fccken bleiben effektiv gefangen. Best\u00e4ndig gegen UV, Regen und hohe Hitze.   <\/span><\/li>\n<li class=\"a-spacing-mini\"><span class=\"a-list-item\">  \ud83e\udd9f IDEALE GR\u00d6SSE \u2013 Abmessungen 76&#215;115 mm, perfekt abgestimmt auf Hexa Catch-Siphons: kein Schneiden erforderlich, schnelle Installation.  <\/span><\/li>\n<li class=\"a-spacing-mini\"><span class=\"a-list-item\">  \ud83e\udd9f VORBEUGENDE MASSNAHME \u2013 Eine weibliche M\u00fccke kann bis zu 200 Eier legen. Durch das Einfangen von Weibchen vor der Eiablage tr\u00e4gt Mostiky dazu bei, die M\u00fcckenpopulation langfristig zu reduzieren.   <\/span><\/li>\n<li class=\"a-spacing-mini\"><span class=\"a-list-item\">  \ud83e\udd9f UMWELTFREUNDLICH UND SICHER \u2013 Ohne BPA, Insektizide oder Pestizide. Umweltfreundlicher Kleber. Die D\u00fcnnheit wurde um 50 % reduziert, um den Kunststoffverbrauch zu senken.    <\/span><\/li>\n<\/ul>\n","protected":false},"excerpt":{"rendered":"<p>Mostiky \u2013 Tiger Mosquito Repellent Klebefolien, die mit HexaCatch(*) kompatibel sind<\/p>\n<p>Der einfache und \u00f6kologische Reflex, um die Vermehrung von Tigerm\u00fccken zu stoppen! M\u00fcckenhafte Klebekarten fangen weibliche M\u00fccken ein, bevor sie Eier legen, und blockieren so die n\u00e4chste Generation. <\/p>\n<p>Sie sind so konzipiert, dass sie perfekt mit den Moskitofallen vom Typ HexaCatch(*) (HexCatch, MasterTrap, Favex usw.) kompatibel sind, und k\u00f6nnen dank ihres exakten Formats von 76&#215;115 mm ohne Schneiden eingesetzt werden.<\/p>\n","protected":false},"featured_media":1548,"comment_status":"closed","ping_status":"closed","template":"","meta":{"site-sidebar-layout":"default","site-content-layout":"","ast-site-content-layout":"default","site-content-style":"default","site-sidebar-style":"default","ast-global-header-display":"","ast-banner-title-visibility":"","ast-main-header-display":"","ast-hfb-above-header-display":"","ast-hfb-below-header-display":"","ast-hfb-mobile-header-display":"","site-post-title":"","ast-breadcrumbs-content":"","ast-featured-img":"","footer-sml-layout":"","ast-disable-related-posts":"","theme-transparent-header-meta":"default","adv-header-id-meta":"","stick-header-meta":"","header-above-stick-meta":"","header-main-stick-meta":"","header-below-stick-meta":"","astra-migrate-meta-layouts":"default","ast-page-background-enabled":"default","ast-page-background-meta":{"desktop":{"background-color":"var(--ast-global-color-5)","background-image":"","background-repeat":"repeat","background-position":"center center","background-size":"auto","background-attachment":"scroll","background-type":"","background-media":"","overlay-type":"","overlay-color":"","overlay-opacity":"","overlay-gradient":""},"tablet":{"background-color":"","background-image":"","background-repeat":"repeat","background-position":"center center","background-size":"auto","background-attachment":"scroll","background-type":"","background-media":"","overlay-type":"","overlay-color":"","overlay-opacity":"","overlay-gradient":""},"mobile":{"background-color":"","background-image":"","background-repeat":"repeat","background-position":"center center","background-size":"auto","background-attachment":"scroll","background-type":"","background-media":"","overlay-type":"","overlay-color":"","overlay-opacity":"","overlay-gradient":""}},"ast-content-background-meta":{"desktop":{"background-color":"var(--ast-global-color-4)","background-image":"","background-repeat":"repeat","background-position":"center center","background-size":"auto","background-attachment":"scroll","background-type":"","background-media":"","overlay-type":"","overlay-color":"","overlay-opacity":"","overlay-gradient":""},"tablet":{"background-color":"var(--ast-global-color-4)","background-image":"","background-repeat":"repeat","background-position":"center center","background-size":"auto","background-attachment":"scroll","background-type":"","background-media":"","overlay-type":"","overlay-color":"","overlay-opacity":"","overlay-gradient":""},"mobile":{"background-color":"var(--ast-global-color-4)","background-image":"","background-repeat":"repeat","background-position":"center center","background-size":"auto","background-attachment":"scroll","background-type":"","background-media":"","overlay-type":"","overlay-color":"","overlay-opacity":"","overlay-gradient":""}}},"product_brand":[],"product_cat":[105,104],"product_tag":[],"class_list":{"0":"post-1586","1":"product","2":"type-product","3":"status-publish","4":"has-post-thumbnail","6":"product_cat-stechmucken","7":"product_cat-zubehor","8":"desktop-align-left","9":"tablet-align-left","10":"mobile-align-left","12":"first","13":"instock","14":"sale","15":"taxable","16":"shipping-taxable","17":"purchasable","18":"product-type-simple"},"_links":{"self":[{"href":"https:\/\/mostiky.net\/de\/wp-json\/wp\/v2\/product\/1586","targetHints":{"allow":["GET"]}}],"collection":[{"href":"https:\/\/mostiky.net\/de\/wp-json\/wp\/v2\/product"}],"about":[{"href":"https:\/\/mostiky.net\/de\/wp-json\/wp\/v2\/types\/product"}],"replies":[{"embeddable":true,"href":"https:\/\/mostiky.net\/de\/wp-json\/wp\/v2\/comments?post=1586"}],"wp:featuredmedia":[{"embeddable":true,"href":"https:\/\/mostiky.net\/de\/wp-json\/wp\/v2\/media\/1548"}],"wp:attachment":[{"href":"https:\/\/mostiky.net\/de\/wp-json\/wp\/v2\/media?parent=1586"}],"wp:term":[{"taxonomy":"product_brand","embeddable":true,"href":"https:\/\/mostiky.net\/de\/wp-json\/wp\/v2\/product_brand?post=1586"},{"taxonomy":"product_cat","embeddable":true,"href":"https:\/\/mostiky.net\/de\/wp-json\/wp\/v2\/product_cat?post=1586"},{"taxonomy":"product_tag","embeddable":true,"href":"https:\/\/mostiky.net\/de\/wp-json\/wp\/v2\/product_tag?post=1586"}],"curies":[{"name":"wp","href":"https:\/\/api.w.org\/{rel}","templated":true}]}}