{"id":1307,"date":"2025-05-07T16:39:54","date_gmt":"2025-05-07T14:39:54","guid":{"rendered":"https:\/\/mostiky.net\/produit\/blam-12v-netzteil-transformator-kompatibel-mit-biogents-bg-mosquitaire-moskitofalle-ip67-9m-kabel-eu-stecker\/"},"modified":"2025-05-07T16:39:54","modified_gmt":"2025-05-07T14:39:54","slug":"blam-12v-netzteil-transformator-kompatibel-mit-biogents-bg-mosquitaire-moskitofalle-ip67-9m-kabel-eu-stecker","status":"publish","type":"product","link":"https:\/\/mostiky.net\/de\/produit\/blam-12v-netzteil-transformator-kompatibel-mit-biogents-bg-mosquitaire-moskitofalle-ip67-9m-kabel-eu-stecker\/","title":{"rendered":"BLAM 12V Netzteil Transformator Kompatibel mit Biogents(*) BG-Mosquitaire(*) \u2013 Moskitofalle, IP67, 9m Kabel, EU-Stecker"},"content":{"rendered":"<ul class=\"a-unordered-list a-vertical a-spacing-mini\">\n<li class=\"a-spacing-mini\"><span class=\"a-list-item\">Biogents(*) BG-Mosquitaire(*) Kompatibilit\u00e4t garantiert: Perfekter Ersatz f\u00fcr das originale Netzteil (Brown Trap, Modelle nach 2016). Anschraubverbinder mit Schlauchschelle f\u00fcr eine sichere Installation. <\/span><\/li>\n<li class=\"a-spacing-mini\"><span class=\"a-list-item\">Moskitofallen-Transformator: 100\u2013240 V AC-Eingang, 12 V DC 1A (12 W) Ausgang<\/span><\/li>\n<li class=\"a-spacing-mini\"><span class=\"a-list-item\">Optimierte Kabell\u00e4nge: insgesamt 9 Meter (1 m vor dem Transformator, 8 m danach) f\u00fcr eine flexible Installation im Au\u00dfenbereich.<\/span><\/li>\n<li class=\"a-spacing-mini\"><span class=\"a-list-item\">\u00dcberlegener Schutz: IP67-Einstufung f\u00fcr erh\u00f6hte Widerstandsf\u00e4higkeit gegen Regen und Wetter. Wasserdichter und sicherer Stecker, ideal f\u00fcr den l\u00e4ngeren Einsatz im Freien. <\/span><\/li>\n<li class=\"a-spacing-mini\"><span class=\"a-list-item\">Kompaktes und umweltfreundliches Format: Nano-Transformator, diskret und leicht, mit einer Energieeffizienz von mehr als 81 %, um den Verbrauch und die Umweltbelastung zu begrenzen.<\/span><\/li>\n<\/ul>\n<p>BLAM 12V Netzteil Transformator kompatibel mit Biogents(*) BG-Mosquitaire(*) \u2013 Moskitofalle, IP67, 9m Kabel, EU-Stecker<\/p>\n<p>Der BLAM 12V Trafo ist die ideale L\u00f6sung als Ersatzteil f\u00fcr die Stromversorgung Ihrer Biogents(*) BG-Mosquitaire(*) M\u00fcckenfalle. Speziell f\u00fcr braune Modelle entwickelt, die nach 2016 hergestellt wurden, bietet es volle Kompatibilit\u00e4t mit dem originalen Schraubstecker und der Kabelschelle und gew\u00e4hrleistet so eine zuverl\u00e4ssige und wasserdichte Verbindung. <\/p>\n<p>100\u2013240 V AC und seinem 12 V DC 1A (12 W) Ausgang erf\u00fcllt dieses Netzteil die gleichen Anforderungen, bietet jedoch ein kompaktes Design und eine hohe Energieeffizienz (&gt;81 %). Das 9 Meter lange Kabel (1 m Netz + 8 m Niederspannung) erm\u00f6glicht eine einfache Installation, auch aus einiger Entfernung von der Steckdose, genau wie das offizielle Modell. <\/p>\n<p>IP67: Der BLAM-Transformator ist effektiv resistent gegen Regen und Spritzwasser. Sein wasserdichter Stecker, begleitet von einer Dichtung und einer Schlauchschelle, sorgt f\u00fcr optimale Sicherheit f\u00fcr den Dauereinsatz im Freien. <\/p>\n<p>Technische Daten:<br \/>\nEingang: 100\u2013240 V AC, 50\/60 Hz<br \/>\nAusgang: 12 V DC, 1.000 mA (12 W)<br \/>\nWirkungsgrad: &gt;81 %<br \/>\nSchutzart: IP67<br \/>\nBetriebstemperatur: \u201320 \u00b0C bis +50 \u00b0C<br \/>\nGesamtkabell\u00e4nge: 9 m (1 m Netz + 8 m 12 V)<br \/>\nEurop\u00e4ischer Standardstecker (CEE 7\/17, Typ C)<\/p>\n<p>Kompatibilit\u00e4t:<br \/>\nBiogents() BG-Mosquitaire() braune Fallen (nach 2016)<br \/>\nNicht kompatibel mit hellgr\u00fcnen Modellen oder Modellen vor 2016 (\u00fcberpr\u00fcfen Sie vor dem Kauf die Farbe und den Typ des Steckers).<\/p>\n<p>Gebrauchsanweisung:<br \/>\nF\u00fcr maximale Haltbarkeit stellen Sie den Transformator im Sommer in den Schatten. \u00dcberpr\u00fcfen Sie vor der Bestellung die Art des Anschlusses Ihrer Falle (siehe unsere Fotos). <\/p>\n<p>(*) Marken, die Eigentum von BIOGENTS sind und keine kommerzielle Verbindung zu BLAM haben<\/p>\n","protected":false},"excerpt":{"rendered":"<ul class=\"a-unordered-list a-vertical a-spacing-mini\">\n<li class=\"a-spacing-mini\"><span class=\"a-list-item\">Biogents(*) BG-Mosquitaire(*) Kompatibilit\u00e4t garantiert: Perfekter Ersatz f\u00fcr das originale Netzteil (Brown Trap, Modelle nach 2016). Anschraubverbinder mit Schlauchschelle f\u00fcr eine sichere Installation. <\/span><\/li>\n<li class=\"a-spacing-mini\"><span class=\"a-list-item\">Moskitofallen-Transformator: 100\u2013240 V AC-Eingang, 12 V DC 1A (12 W) Ausgang<\/span><\/li>\n<li class=\"a-spacing-mini\"><span class=\"a-list-item\">Optimierte Kabell\u00e4nge: insgesamt 9 Meter (1 m vor dem Transformator, 8 m danach) f\u00fcr eine flexible Installation im Au\u00dfenbereich.<\/span><\/li>\n<li class=\"a-spacing-mini\"><span class=\"a-list-item\">\u00dcberlegener Schutz: IP67-Einstufung f\u00fcr erh\u00f6hte Widerstandsf\u00e4higkeit gegen Regen und Wetter. Wasserdichter und sicherer Stecker, ideal f\u00fcr den l\u00e4ngeren Einsatz im Freien. <\/span><\/li>\n<li class=\"a-spacing-mini\"><span class=\"a-list-item\">Kompaktes und umweltfreundliches Format: Nano-Transformator, diskret und leicht, mit einer Energieeffizienz von mehr als 81 %, um den Verbrauch und die Umweltbelastung zu begrenzen.<\/span><\/li>\n<\/ul>\n","protected":false},"featured_media":1309,"comment_status":"closed","ping_status":"closed","template":"","meta":{"site-sidebar-layout":"default","site-content-layout":"","ast-site-content-layout":"default","site-content-style":"default","site-sidebar-style":"default","ast-global-header-display":"","ast-banner-title-visibility":"","ast-main-header-display":"","ast-hfb-above-header-display":"","ast-hfb-below-header-display":"","ast-hfb-mobile-header-display":"","site-post-title":"","ast-breadcrumbs-content":"","ast-featured-img":"","footer-sml-layout":"","ast-disable-related-posts":"","theme-transparent-header-meta":"default","adv-header-id-meta":"","stick-header-meta":"","header-above-stick-meta":"","header-main-stick-meta":"","header-below-stick-meta":"","astra-migrate-meta-layouts":"default","ast-page-background-enabled":"default","ast-page-background-meta":{"desktop":{"background-color":"var(--ast-global-color-5)","background-image":"","background-repeat":"repeat","background-position":"center center","background-size":"auto","background-attachment":"scroll","background-type":"","background-media":"","overlay-type":"","overlay-color":"","overlay-opacity":"","overlay-gradient":""},"tablet":{"background-color":"","background-image":"","background-repeat":"repeat","background-position":"center center","background-size":"auto","background-attachment":"scroll","background-type":"","background-media":"","overlay-type":"","overlay-color":"","overlay-opacity":"","overlay-gradient":""},"mobile":{"background-color":"","background-image":"","background-repeat":"repeat","background-position":"center center","background-size":"auto","background-attachment":"scroll","background-type":"","background-media":"","overlay-type":"","overlay-color":"","overlay-opacity":"","overlay-gradient":""}},"ast-content-background-meta":{"desktop":{"background-color":"var(--ast-global-color-4)","background-image":"","background-repeat":"repeat","background-position":"center center","background-size":"auto","background-attachment":"scroll","background-type":"","background-media":"","overlay-type":"","overlay-color":"","overlay-opacity":"","overlay-gradient":""},"tablet":{"background-color":"var(--ast-global-color-4)","background-image":"","background-repeat":"repeat","background-position":"center center","background-size":"auto","background-attachment":"scroll","background-type":"","background-media":"","overlay-type":"","overlay-color":"","overlay-opacity":"","overlay-gradient":""},"mobile":{"background-color":"var(--ast-global-color-4)","background-image":"","background-repeat":"repeat","background-position":"center center","background-size":"auto","background-attachment":"scroll","background-type":"","background-media":"","overlay-type":"","overlay-color":"","overlay-opacity":"","overlay-gradient":""}}},"product_brand":[127],"product_cat":[105,104],"product_tag":[],"class_list":{"0":"post-1307","1":"product","2":"type-product","3":"status-publish","4":"has-post-thumbnail","6":"product_brand-blam-de","7":"product_cat-stechmucken","8":"product_cat-zubehor","9":"desktop-align-left","10":"tablet-align-left","11":"mobile-align-left","13":"first","14":"instock","15":"sale","16":"taxable","17":"shipping-taxable","18":"purchasable","19":"product-type-variable"},"_links":{"self":[{"href":"https:\/\/mostiky.net\/de\/wp-json\/wp\/v2\/product\/1307","targetHints":{"allow":["GET"]}}],"collection":[{"href":"https:\/\/mostiky.net\/de\/wp-json\/wp\/v2\/product"}],"about":[{"href":"https:\/\/mostiky.net\/de\/wp-json\/wp\/v2\/types\/product"}],"replies":[{"embeddable":true,"href":"https:\/\/mostiky.net\/de\/wp-json\/wp\/v2\/comments?post=1307"}],"wp:featuredmedia":[{"embeddable":true,"href":"https:\/\/mostiky.net\/de\/wp-json\/wp\/v2\/media\/1309"}],"wp:attachment":[{"href":"https:\/\/mostiky.net\/de\/wp-json\/wp\/v2\/media?parent=1307"}],"wp:term":[{"taxonomy":"product_brand","embeddable":true,"href":"https:\/\/mostiky.net\/de\/wp-json\/wp\/v2\/product_brand?post=1307"},{"taxonomy":"product_cat","embeddable":true,"href":"https:\/\/mostiky.net\/de\/wp-json\/wp\/v2\/product_cat?post=1307"},{"taxonomy":"product_tag","embeddable":true,"href":"https:\/\/mostiky.net\/de\/wp-json\/wp\/v2\/product_tag?post=1307"}],"curies":[{"name":"wp","href":"https:\/\/api.w.org\/{rel}","templated":true}]}}