{"id":1213,"date":"2025-05-28T08:40:16","date_gmt":"2025-05-28T06:40:16","guid":{"rendered":"https:\/\/mostiky.net\/?post_type=product&#038;p=1213"},"modified":"2025-05-28T11:30:57","modified_gmt":"2025-05-28T09:30:57","slug":"domestar-3v-3-8-kit-mit-46-montageanschlussen-aus-verzinktem-stahl-aus-metall-fur-die-geodatische-kuppel-der-frequenz-3-copie","status":"publish","type":"product","link":"https:\/\/mostiky.net\/de\/produit\/domestar-3v-3-8-kit-mit-46-montageanschlussen-aus-verzinktem-stahl-aus-metall-fur-die-geodatische-kuppel-der-frequenz-3-copie\/","title":{"rendered":"DOMESTAR 3V 3\/8 KRUSCHKE: Kit mit 46 Montageverbindern aus verzinktem Metall aus verzinktem Stahl f\u00fcr die geod\u00e4tische Kuppel der Frequenz 3-Grundplatte"},"content":{"rendered":"<p><strong>KOSTENLOSER VERSAND EUROPA<\/strong><\/p>\n<ul class=\"a-unordered-list a-vertical a-spacing-mini\">\n<li>Verbinder f\u00fcr KRUSCHKE Modell mit flachem Boden. Diese Steckverbinder \u00e4hneln denen des \u201eklassischen\u201c 3V-Modells, erm\u00f6glichen aber eine flache Basis. <\/li>\n<li class=\"a-spacing-mini\"><span class=\"a-list-item\">46 PROFESSIONELLE STECKVERBINDER: 2,5 mm dicker verzinkter Stahl f\u00fcr geod\u00e4tische Kuppel mit 3 V Frequenz. Hohe Best\u00e4ndigkeit gegen Regen. Dieses Kit enth\u00e4lt nur die Anschl\u00fcsse.  <\/span><\/li>\n<li class=\"a-spacing-mini\"><span class=\"a-list-item\">VIDEOS, Bedienungsanleitung und pers\u00f6nlicher Support: Sie haben Zugang zu allen Montagevideos und meine Unterst\u00fctzung, um Sie w\u00e4hrend der Montage zu begleiten.<\/span><\/li>\n<li class=\"a-spacing-mini\"><span class=\"a-list-item\">FLEXIBLE GR\u00d6SSE: Die L\u00e4nge Ihrer Balken bestimmt die Gr\u00f6\u00dfe Ihrer geod\u00e4tischen Kuppel<\/span><\/li>\n<li class=\"a-spacing-mini\"><span class=\"a-list-item\">RELATIV EINFACHE MONTAGE: mit 2 Personen dauert es ca. 1 Tag f\u00fcr das Schneiden, Markieren und Bohren und 1 Tag f\u00fcr die Montage der 3V-Kuppel<\/span><\/li>\n<li class=\"a-spacing-mini\"><span class=\"a-list-item\">Weiteres f\u00fcr die Montage erforderliches Material (nicht im Lieferumfang enthalten): 120 Holzpfosten \/ Balken \/ Sparren (nur 3 Abmessungen), 240 Schrauben. S\u00e4ge, Bohrer, Hammer, Schraubenschl\u00fcssel, Leiter oder Trittleiter. <\/span><\/li>\n<\/ul>\n<h3>Video und Aufbauanleitung:<\/h3>\n<p><a href=\"https:\/\/blumkraft.com\/domestar-f3-kruschke-3-8\/\">Domestar F3 3\/8 Kruschke Montageanleitung und Video<\/a><\/p>\n<p>46 Verbinder aus verzinktem Stahl f\u00fcr 3V 3\/8 geod\u00e4tische Kuppel (Frequenz 3)<\/p>\n<p>Im Lieferumfang enthalten:<br \/>\n&#8211; 15 x 4-fach verbinder<br \/>\n&#8211; 6 x 5-fach<br \/>\n verbinder- 25 x 6-fach verbinder<br \/>\n&#8211; Montageanleitung und Links zum Montagevideo<\/p>\n<p>&nbsp;<\/p>\n<p>Technische Daten:<br \/>\nMaterial: verzinkter Stahl, 2,5 mm dick<br \/>\nDurchmesser des Steckers: 19,5 cm<br \/>\nMarkierung A, B und C und X aller Verbinderabzweigungen<\/p>\n<p>&nbsp;<\/p>\n<p>Zus\u00e4tzlich zu den Verbindern ben\u00f6tigen Sie:<br \/>\n 120 Holzpfosten \/ Balken \/ Sparren. Sie haben Zugriff auf meinen Rechner, um die L\u00e4nge der Betr\u00e4ge zu bestimmen. Es gibt nur 3 verschiedene L\u00e4ngen.<br \/>\nDie L\u00e4nge der Pfosten bestimmt den Durchmesser und die H\u00f6he der Kuppel.<br \/>\n240 TRCC-Schrauben (Rundkopf, quadratischer Hals), 1 oder 2 cm h\u00f6her als die H\u00f6he der Pfosten.  <\/p>\n<p>&nbsp;<\/p>\n<p>Sie ben\u00f6tigen folgende Werkzeuge:<br \/>\n&#8211; eine S\u00e4ge (normal oder Stichs\u00e4ge, kreisf\u00f6rmig oder radial), um die Balken auf die richtige Gr\u00f6\u00dfe<br \/>\n zu schneiden- einen Bohrer f\u00fcr die L\u00f6cher in den Balken<br \/>\n&#8211; einen Hammer zum Eindrehen<br \/>\n der Bolzen- einen Schraubenschl\u00fcssel zum Eindrehen der Muttern (besser: einen elektrischen Schraubendreher)<br \/>\n&#8211; eine Leiter oder Trittleiter<\/p>\n<p>&nbsp;<\/p>\n<p>Der Kauf dieses Kits beinhaltet eine detaillierte Aufstellungsanleitung, einen Taschenrechner, Installationsvideos und Tutorials sowie den Zugang zu unserem Montageservice. Ich tue alles, um Ihnen die Montage so einfach wie m\u00f6glich zu machen. <\/p>\n<p>&nbsp;<\/p>\n<p>2 PERSONEN F\u00dcR DIE MONTAGE<br \/>\nERFORDERLICH Beachten Sie, dass f\u00fcr die Montage einer geod\u00e4tischen 3-V-Kuppel wirklich 2 Personen erforderlich sind (unsere Steckverbinder f\u00fcr 1-V- und 2-V-Kuppeln k\u00f6nnen alleine montiert werden), da einige Schritte eine Abst\u00fctzung des unteren Bodens erfordern.<\/p>\n<p>&nbsp;<\/p>\n<p>Beachten Sie auch, dass eine Demontage der 3V-Kuppel ohne Unterst\u00fctzung der unteren B\u00f6den die Anschl\u00fcsse verbiegt, die dann nicht mehr verwendbar sind. Die Demontage ist daher erfahrenen Personen vorbehalten. <\/p>\n<p>&nbsp;<\/p>\n<h3>Sicherheitswarnung<\/h3>\n<p>Tragen Sie bei der Verwendung von Werkzeugen Schutzausr\u00fcstung, sorgen Sie f\u00fcr strukturelle Stabilit\u00e4t w\u00e4hrend der Montage und erhalten Sie angemessene Unterst\u00fctzung, um Verletzungen zu vermeiden.<\/p>\n","protected":false},"excerpt":{"rendered":"<p>46 Verbinder aus verzinktem Stahl f\u00fcr 3V 3\/8 geod\u00e4tische Kuppel (Frequenz 3)<\/p>\n","protected":false},"featured_media":1234,"comment_status":"closed","ping_status":"closed","template":"","meta":{"site-sidebar-layout":"default","site-content-layout":"","ast-site-content-layout":"default","site-content-style":"default","site-sidebar-style":"default","ast-global-header-display":"","ast-banner-title-visibility":"","ast-main-header-display":"","ast-hfb-above-header-display":"","ast-hfb-below-header-display":"","ast-hfb-mobile-header-display":"","site-post-title":"","ast-breadcrumbs-content":"","ast-featured-img":"","footer-sml-layout":"","ast-disable-related-posts":"","theme-transparent-header-meta":"default","adv-header-id-meta":"","stick-header-meta":"","header-above-stick-meta":"","header-main-stick-meta":"","header-below-stick-meta":"","astra-migrate-meta-layouts":"set","ast-page-background-enabled":"default","ast-page-background-meta":{"desktop":{"background-color":"var(--ast-global-color-5)","background-image":"","background-repeat":"repeat","background-position":"center center","background-size":"auto","background-attachment":"scroll","background-type":"","background-media":"","overlay-type":"","overlay-color":"","overlay-opacity":"","overlay-gradient":""},"tablet":{"background-color":"","background-image":"","background-repeat":"repeat","background-position":"center center","background-size":"auto","background-attachment":"scroll","background-type":"","background-media":"","overlay-type":"","overlay-color":"","overlay-opacity":"","overlay-gradient":""},"mobile":{"background-color":"","background-image":"","background-repeat":"repeat","background-position":"center center","background-size":"auto","background-attachment":"scroll","background-type":"","background-media":"","overlay-type":"","overlay-color":"","overlay-opacity":"","overlay-gradient":""}},"ast-content-background-meta":{"desktop":{"background-color":"var(--ast-global-color-4)","background-image":"","background-repeat":"repeat","background-position":"center center","background-size":"auto","background-attachment":"scroll","background-type":"","background-media":"","overlay-type":"","overlay-color":"","overlay-opacity":"","overlay-gradient":""},"tablet":{"background-color":"var(--ast-global-color-4)","background-image":"","background-repeat":"repeat","background-position":"center center","background-size":"auto","background-attachment":"scroll","background-type":"","background-media":"","overlay-type":"","overlay-color":"","overlay-opacity":"","overlay-gradient":""},"mobile":{"background-color":"var(--ast-global-color-4)","background-image":"","background-repeat":"repeat","background-position":"center center","background-size":"auto","background-attachment":"scroll","background-type":"","background-media":"","overlay-type":"","overlay-color":"","overlay-opacity":"","overlay-gradient":""}}},"product_brand":[130],"product_cat":[106],"product_tag":[],"class_list":{"0":"post-1213","1":"product","2":"type-product","3":"status-publish","4":"has-post-thumbnail","6":"product_brand-domestar-de","7":"product_cat-geodatische-kuppel","8":"desktop-align-left","9":"tablet-align-left","10":"mobile-align-left","12":"first","13":"instock","14":"sale","15":"taxable","16":"shipping-taxable","17":"purchasable","18":"product-type-simple"},"_links":{"self":[{"href":"https:\/\/mostiky.net\/de\/wp-json\/wp\/v2\/product\/1213","targetHints":{"allow":["GET"]}}],"collection":[{"href":"https:\/\/mostiky.net\/de\/wp-json\/wp\/v2\/product"}],"about":[{"href":"https:\/\/mostiky.net\/de\/wp-json\/wp\/v2\/types\/product"}],"replies":[{"embeddable":true,"href":"https:\/\/mostiky.net\/de\/wp-json\/wp\/v2\/comments?post=1213"}],"wp:featuredmedia":[{"embeddable":true,"href":"https:\/\/mostiky.net\/de\/wp-json\/wp\/v2\/media\/1234"}],"wp:attachment":[{"href":"https:\/\/mostiky.net\/de\/wp-json\/wp\/v2\/media?parent=1213"}],"wp:term":[{"taxonomy":"product_brand","embeddable":true,"href":"https:\/\/mostiky.net\/de\/wp-json\/wp\/v2\/product_brand?post=1213"},{"taxonomy":"product_cat","embeddable":true,"href":"https:\/\/mostiky.net\/de\/wp-json\/wp\/v2\/product_cat?post=1213"},{"taxonomy":"product_tag","embeddable":true,"href":"https:\/\/mostiky.net\/de\/wp-json\/wp\/v2\/product_tag?post=1213"}],"curies":[{"name":"wp","href":"https:\/\/api.w.org\/{rel}","templated":true}]}}