{"id":1038,"date":"2024-06-28T11:35:21","date_gmt":"2024-06-28T09:35:21","guid":{"rendered":"https:\/\/mostiky.net\/produit\/blam-2-moskitokoeder-kompatibel-mit-biogents-bg-mosquitaire-sweetscent-kompatibel\/"},"modified":"2026-04-10T17:31:25","modified_gmt":"2026-04-10T15:31:25","slug":"blam-2-moskitokoeder-kompatibel-mit-biogents-bg-mosquitaire-sweetscent-kompatibel","status":"publish","type":"product","link":"https:\/\/mostiky.net\/de\/produit\/blam-2-moskitokoeder-kompatibel-mit-biogents-bg-mosquitaire-sweetscent-kompatibel\/","title":{"rendered":"BLAM 2 Moskitok\u00f6der kompatibel mit Biogents BG Mosquitaire (Sweetscent kompatibel)"},"content":{"rendered":"<ul class=\"a-unordered-list a-vertical a-spacing-mini\">\n<li class=\"a-spacing-mini\"><span class=\"a-list-item\"> \ud83e\udd9f NEUE FORMEL 2024: Wir haben den K\u00f6der verbessert, um den Geruch l\u00e4nger zu verbreiten. Halten Sie die Fangrate l\u00e4nger aufrecht  <\/span><\/li>\n<li class=\"a-spacing-mini\"><span class=\"a-list-item\"> \ud83e\udd9f KOMPATIBEL Biogents BG-Mosquitaire, BG Protector, Sweetscent, BG-Mozzibait: Packung mit 2 Nachf\u00fcllungen f\u00fcr M\u00fcckenlockstoffe, kompatibel mit Biogents BG-Mosquitaire Fallen <\/span><\/li>\n<li class=\"a-spacing-mini\"><span class=\"a-list-item\"> \ud83e\udd9f LANGE WIRKSAMKEIT: Mit einem Nettogewicht von 13g haben unsere Moskitok\u00f6der eine Lebensdauer von 60 Tagen pro K\u00f6der. Bei starkem Befall alle 30 Tage einen neuen K\u00f6der verwenden  <\/span><\/li>\n<li class=\"a-spacing-mini\"><span class=\"a-list-item\"> \ud83e\udd9f FRISCHE VERPACKUNG: Jeder K\u00f6der ist in einer luftdichten Verpackung verpackt, um seine volle Wirksamkeit bis zum Tag des \u00d6ffnens zu erhalten. <\/span><\/li>\n<li class=\"a-spacing-mini\"><span class=\"a-list-item\"> \ud83e\udd9f EINFACHE ANWENDUNG: \u00d6ffnen Sie die wasserdichte Verpackung und stecken Sie sie mit dem Fenster in das Innere des Biogents Mosquitaire in die Siphon. <\/span><\/li>\n<\/ul>\n","protected":false},"excerpt":{"rendered":"<p>Set mit 2 K\u00f6dern, die mit der BG-Mosquitaire M\u00fcckenfalle von Biogents kompatibel sind. Wirksam 2x 60 Tage. <\/p>\n","protected":false},"featured_media":1039,"comment_status":"open","ping_status":"closed","template":"","meta":{"site-sidebar-layout":"default","site-content-layout":"","ast-site-content-layout":"default","site-content-style":"default","site-sidebar-style":"default","ast-global-header-display":"","ast-banner-title-visibility":"","ast-main-header-display":"","ast-hfb-above-header-display":"","ast-hfb-below-header-display":"","ast-hfb-mobile-header-display":"","site-post-title":"","ast-breadcrumbs-content":"","ast-featured-img":"","footer-sml-layout":"","ast-disable-related-posts":"","theme-transparent-header-meta":"default","adv-header-id-meta":"","stick-header-meta":"","header-above-stick-meta":"","header-main-stick-meta":"","header-below-stick-meta":"","astra-migrate-meta-layouts":"default","ast-page-background-enabled":"default","ast-page-background-meta":{"desktop":{"background-color":"var(--ast-global-color-5)","background-image":"","background-repeat":"repeat","background-position":"center center","background-size":"auto","background-attachment":"scroll","background-type":"","background-media":"","overlay-type":"","overlay-color":"","overlay-opacity":"","overlay-gradient":""},"tablet":{"background-color":"","background-image":"","background-repeat":"repeat","background-position":"center center","background-size":"auto","background-attachment":"scroll","background-type":"","background-media":"","overlay-type":"","overlay-color":"","overlay-opacity":"","overlay-gradient":""},"mobile":{"background-color":"","background-image":"","background-repeat":"repeat","background-position":"center center","background-size":"auto","background-attachment":"scroll","background-type":"","background-media":"","overlay-type":"","overlay-color":"","overlay-opacity":"","overlay-gradient":""}},"ast-content-background-meta":{"desktop":{"background-color":"var(--ast-global-color-4)","background-image":"","background-repeat":"repeat","background-position":"center center","background-size":"auto","background-attachment":"scroll","background-type":"","background-media":"","overlay-type":"","overlay-color":"","overlay-opacity":"","overlay-gradient":""},"tablet":{"background-color":"var(--ast-global-color-4)","background-image":"","background-repeat":"repeat","background-position":"center center","background-size":"auto","background-attachment":"scroll","background-type":"","background-media":"","overlay-type":"","overlay-color":"","overlay-opacity":"","overlay-gradient":""},"mobile":{"background-color":"var(--ast-global-color-4)","background-image":"","background-repeat":"repeat","background-position":"center center","background-size":"auto","background-attachment":"scroll","background-type":"","background-media":"","overlay-type":"","overlay-color":"","overlay-opacity":"","overlay-gradient":""}}},"product_brand":[70],"product_cat":[29],"product_tag":[],"class_list":{"0":"post-1038","1":"product","2":"type-product","3":"status-publish","4":"has-post-thumbnail","6":"product_brand-blam","7":"product_cat-appat","8":"desktop-align-left","9":"tablet-align-left","10":"mobile-align-left","12":"first","13":"instock","14":"sale","15":"taxable","16":"shipping-taxable","17":"product-type-simple"},"_links":{"self":[{"href":"https:\/\/mostiky.net\/de\/wp-json\/wp\/v2\/product\/1038","targetHints":{"allow":["GET"]}}],"collection":[{"href":"https:\/\/mostiky.net\/de\/wp-json\/wp\/v2\/product"}],"about":[{"href":"https:\/\/mostiky.net\/de\/wp-json\/wp\/v2\/types\/product"}],"replies":[{"embeddable":true,"href":"https:\/\/mostiky.net\/de\/wp-json\/wp\/v2\/comments?post=1038"}],"wp:featuredmedia":[{"embeddable":true,"href":"https:\/\/mostiky.net\/de\/wp-json\/wp\/v2\/media\/1039"}],"wp:attachment":[{"href":"https:\/\/mostiky.net\/de\/wp-json\/wp\/v2\/media?parent=1038"}],"wp:term":[{"taxonomy":"product_brand","embeddable":true,"href":"https:\/\/mostiky.net\/de\/wp-json\/wp\/v2\/product_brand?post=1038"},{"taxonomy":"product_cat","embeddable":true,"href":"https:\/\/mostiky.net\/de\/wp-json\/wp\/v2\/product_cat?post=1038"},{"taxonomy":"product_tag","embeddable":true,"href":"https:\/\/mostiky.net\/de\/wp-json\/wp\/v2\/product_tag?post=1038"}],"curies":[{"name":"wp","href":"https:\/\/api.w.org\/{rel}","templated":true}]}}