{"id":1029,"date":"2024-08-22T07:49:18","date_gmt":"2024-08-22T05:49:18","guid":{"rendered":"https:\/\/mostiky.net\/produit\/blam-3-moskitokoeder-kompatibler-moskitomagnet\/"},"modified":"2025-05-07T17:47:28","modified_gmt":"2025-05-07T15:47:28","slug":"blam-3-moskitokoeder-kompatibler-moskitomagnet","status":"publish","type":"product","link":"https:\/\/mostiky.net\/de\/produit\/blam-3-moskitokoeder-kompatibler-moskitomagnet\/","title":{"rendered":"BLAM 3 Moskitok\u00f6der-kompatibler Moskitomagnet*"},"content":{"rendered":"<h3 class=\"a-spacing-mini\">BLAM Mosquito Bait kompatibel mit Mosquito Magnet* mit R-Octenol und Milchs\u00e4ure<\/h3>\n<p><span class=\"a-text-bold\">Hauptmerkmale:<\/span><\/p>\n<ul class=\"a-unordered-list a-vertical\">\n<li><span class=\"a-list-item\">3 M\u00fcckenk\u00f6der pro Packung<\/span><\/li>\n<li><span class=\"a-list-item\">100% entwickelt f\u00fcr und kompatibel mit Mosquito Magnet*<\/span><\/li>\n<li><span class=\"a-list-item\">45 Tage Wirksamkeit pro K\u00f6der<\/span><\/li>\n<\/ul>\n<h3 class=\"a-spacing-mini\">BLAM Moskitok\u00f6der f\u00fcr alle Mosquito Magnet* M\u00fcckenfallen<\/h3>\n<p>Perfekt kompatibel mit:<\/p>\n<ul class=\"a-unordered-list a-vertical\">\n<li><span class=\"a-list-item\">Moskito Magnet* Pioneer (=Patriot Plus)<\/span><\/li>\n<li><span class=\"a-list-item\">Moskito-Magnet* Executive<\/span><\/li>\n<\/ul>\n<p>Der M\u00fcckenlockstoff funktioniert auch bei \u00e4lteren Modellen<\/p>\n<ul class=\"a-unordered-list a-vertical\">\n<li><span class=\"a-list-item\">Unabh\u00e4ngigkeit<\/span><\/li>\n<li><span class=\"a-list-item\">Patriot<\/span><\/li>\n<li><span class=\"a-list-item\">Freiheit \/ &#8211; Freiheit +<\/span><\/li>\n<li><span class=\"a-list-item\">Profi<\/span><\/li>\n<\/ul>\n<p>Wenn Ihr Mosquito Magnet*-Modell Octenol- oder R-Octenol-Patronen akzeptiert, dann ist dieser M\u00fcckenk\u00f6der kompatibel!<\/p>\n<div class=\"celwidget aplus-module 3p-module-b aplus-standard\" data-csa-c-id=\"3d8r6x-qwkdhc-v0rnyf-yw0ba2\" data-cel-widget=\"aplus-3p-module-b\">\n<div class=\"aplus-module-wrapper aplus-3p-fixed-width\">\n<p class=\"a-spacing-base\"><strong>BLAM Moskitok\u00f6der f\u00fcr Moskitomagnet* vereint die Kraft von 2 Lockstoffen:<\/strong><\/p>\n<ul class=\"a-unordered-list a-vertical\">\n<li><span class=\"a-list-item\"><span class=\"a-text-bold\">R-Octenol<\/span>: Dieser Lockstoff lockt gemeine M\u00fccken an. R-Octenol hat einen angenehmen Pilzgeruch. <\/span><\/li>\n<li><span class=\"a-list-item\"><span class=\"a-text-bold\">Milchs\u00e4ure<\/span>: Dies ist der Lockstoff, der in Atrakta* (ehemals Lurex3*) enthalten ist. BLAM hat diesen Lockstoff direkt in die Kapsel gegeben, um nur eine Kapsel statt 2 zu verwenden. <\/span><\/li>\n<\/ul>\n<p class=\"a-spacing-base\">Identisch in der Form mit den alten R-Octenol-Kapseln, wird dieser BLAM-Lockstoff verwendet, um 2 verschiedene Kapseln zu ersetzen.<\/p>\n<\/div>\n<\/div>\n<div class=\"celwidget aplus-module module-2 aplus-standard\" data-csa-c-id=\"thrua7-c38ry0-ocjqr1-61fy26\" data-cel-widget=\"aplus-module-2\">\n<div class=\"aplus-module-wrapper apm-floatnone apm-fixed-width\">\n<div class=\"apm-sidemodule apm-spacing\">\n<div class=\"apm-sidemodule-imageleft\"><img decoding=\"async\" class=\"\" src=\"https:\/\/m.media-amazon.com\/images\/S\/aplus-media-library-service-media\/9ac7d1f4-2966-4719-974b-170c890548b5.__CR0,0,2000,2000_PT0_SX300_V1___.jpg\" alt=\"k\u00f6der, k\u00f6der, m\u00fccke, m\u00fcckenmagnet, pionier, exekutive, lockstoff, k\u00f6der, m\u00fcckenfalle, blam\" data-src=\"https:\/\/m.media-amazon.com\/images\/S\/aplus-media-library-service-media\/9ac7d1f4-2966-4719-974b-170c890548b5.__CR0,0,2000,2000_PT0_SX300_V1___.jpg\"><\/div>\n<div class=\"apm-sidemodule-textright\">\n<h3 class=\"a-spacing-mini\">Gebrauchsanweisung f\u00fcr Moskitomagnetfalle Lockstoff*<\/h3>\n<ul class=\"a-unordered-list a-vertical\">\n<li><span class=\"a-list-item\">Nehmen Sie BLAM Moskitok\u00f6der f\u00fcr Moskitomagnet aus der Schutztasche und entfernen Sie die Folie, die die Lockstoffnachf\u00fcllung sch\u00fctzt.<\/span><\/li>\n<li><span class=\"a-list-item\">Lokalisieren Sie das Rohr unter der Siphon.<\/span><\/li>\n<li><span class=\"a-list-item\">Drehen Sie die Kappe um 1\/8 Umdrehung gegen den Uhrzeigersinn<\/span><\/li>\n<li><span class=\"a-list-item\">Setzen Sie den BLAM-K\u00f6der direkt in die Mosquito Magnet* M\u00fcckenfalle ein<\/span><\/li>\n<li><span class=\"a-list-item\">Richten Sie den Tubendeckel aus und drehen Sie ihn im Uhrzeigersinn, bis Sie ein Klicken h\u00f6ren.<\/span><\/li>\n<li><span class=\"a-list-item\">Ersetzen Sie die Aufladung alle 45 Tage.<\/span><\/li>\n<\/ul>\n<p><span class=\"a-text-bold\">(*) Marken, die Eigentum Dritter sind und keine Verbindung zu BLAM haben!<\/span><\/p>\n<\/div>\n<\/div>\n<\/div>\n<\/div>\n","protected":false},"excerpt":{"rendered":"<p><span class=\"a-list-item\">\ud83e\udd9f MOSKITO-MAGNET-KOMPATIBEL*: Packung mit 3 Nachf\u00fcllungen f\u00fcr M\u00fcckenlockstoffe, die mit den &#8222;Mosquito Magnet*&#8220;-M\u00fcckenfallen kompatibel sind: Pioneer, Executive und \u00e4ltere Modelle Independence, Defender, Patriot&#8230;<\/span><\/p>\n<p><span class=\"a-list-item\">\ud83e\udd9f TIGERM\u00dcCKEN UND GEMEINE M\u00dcCKEN: Doppeltes Pheromon. R-Octenol zieht gemeine M\u00fccken an und Milchs\u00e4ure lockt Tigerm\u00fccken wie Atrakta* (ex Lurex3*) an <\/span><\/p>\n<p><span class=\"a-list-item\">\ud83e\udd9f LANGE WIRKSAMKEIT: Die hohe Dosierung des M\u00fcckenlockstoffs erm\u00f6glicht eine Dauer von 45 Tagen pro K\u00f6der oder 135 Tagen pro Packung.<\/span><\/p>\n<p><span class=\"a-list-item\">\ud83e\udd9f FRISCHE VERPACKUNG: Jeder K\u00f6der ist in einer luftdichten Verpackung verpackt, um seine volle Wirksamkeit bis zum Tag des \u00d6ffnens zu erhalten.<\/span><\/p>\n<p><span class=\"a-list-item\">\ud83e\udd9f EINFACH IN DER ANWENDUNG: Der BLAM M\u00fcckenk\u00f6der wird genau wie der R-Octenol K\u00f6der von Mosquito Magnet* verwendet. \u00d6ffnen Sie die wasserdichte Verpackung, entfernen Sie die Folie und setzen Sie den Lockstoff ein. <\/span><\/p>\n","protected":false},"featured_media":1030,"comment_status":"open","ping_status":"closed","template":"","meta":{"site-sidebar-layout":"default","site-content-layout":"","ast-site-content-layout":"default","site-content-style":"default","site-sidebar-style":"default","ast-global-header-display":"","ast-banner-title-visibility":"","ast-main-header-display":"","ast-hfb-above-header-display":"","ast-hfb-below-header-display":"","ast-hfb-mobile-header-display":"","site-post-title":"","ast-breadcrumbs-content":"","ast-featured-img":"","footer-sml-layout":"","ast-disable-related-posts":"","theme-transparent-header-meta":"default","adv-header-id-meta":"","stick-header-meta":"","header-above-stick-meta":"","header-main-stick-meta":"","header-below-stick-meta":"","astra-migrate-meta-layouts":"default","ast-page-background-enabled":"default","ast-page-background-meta":{"desktop":{"background-color":"var(--ast-global-color-5)","background-image":"","background-repeat":"repeat","background-position":"center center","background-size":"auto","background-attachment":"scroll","background-type":"","background-media":"","overlay-type":"","overlay-color":"","overlay-opacity":"","overlay-gradient":""},"tablet":{"background-color":"","background-image":"","background-repeat":"repeat","background-position":"center center","background-size":"auto","background-attachment":"scroll","background-type":"","background-media":"","overlay-type":"","overlay-color":"","overlay-opacity":"","overlay-gradient":""},"mobile":{"background-color":"","background-image":"","background-repeat":"repeat","background-position":"center center","background-size":"auto","background-attachment":"scroll","background-type":"","background-media":"","overlay-type":"","overlay-color":"","overlay-opacity":"","overlay-gradient":""}},"ast-content-background-meta":{"desktop":{"background-color":"var(--ast-global-color-4)","background-image":"","background-repeat":"repeat","background-position":"center center","background-size":"auto","background-attachment":"scroll","background-type":"","background-media":"","overlay-type":"","overlay-color":"","overlay-opacity":"","overlay-gradient":""},"tablet":{"background-color":"var(--ast-global-color-4)","background-image":"","background-repeat":"repeat","background-position":"center center","background-size":"auto","background-attachment":"scroll","background-type":"","background-media":"","overlay-type":"","overlay-color":"","overlay-opacity":"","overlay-gradient":""},"mobile":{"background-color":"var(--ast-global-color-4)","background-image":"","background-repeat":"repeat","background-position":"center center","background-size":"auto","background-attachment":"scroll","background-type":"","background-media":"","overlay-type":"","overlay-color":"","overlay-opacity":"","overlay-gradient":""}}},"product_brand":[127],"product_cat":[111],"product_tag":[],"class_list":{"0":"post-1029","1":"product","2":"type-product","3":"status-publish","4":"has-post-thumbnail","6":"product_brand-blam-de","7":"product_cat-koder","8":"desktop-align-left","9":"tablet-align-left","10":"mobile-align-left","12":"first","13":"instock","14":"sale","15":"taxable","16":"shipping-taxable","17":"purchasable","18":"product-type-simple"},"_links":{"self":[{"href":"https:\/\/mostiky.net\/de\/wp-json\/wp\/v2\/product\/1029","targetHints":{"allow":["GET"]}}],"collection":[{"href":"https:\/\/mostiky.net\/de\/wp-json\/wp\/v2\/product"}],"about":[{"href":"https:\/\/mostiky.net\/de\/wp-json\/wp\/v2\/types\/product"}],"replies":[{"embeddable":true,"href":"https:\/\/mostiky.net\/de\/wp-json\/wp\/v2\/comments?post=1029"}],"wp:featuredmedia":[{"embeddable":true,"href":"https:\/\/mostiky.net\/de\/wp-json\/wp\/v2\/media\/1030"}],"wp:attachment":[{"href":"https:\/\/mostiky.net\/de\/wp-json\/wp\/v2\/media?parent=1029"}],"wp:term":[{"taxonomy":"product_brand","embeddable":true,"href":"https:\/\/mostiky.net\/de\/wp-json\/wp\/v2\/product_brand?post=1029"},{"taxonomy":"product_cat","embeddable":true,"href":"https:\/\/mostiky.net\/de\/wp-json\/wp\/v2\/product_cat?post=1029"},{"taxonomy":"product_tag","embeddable":true,"href":"https:\/\/mostiky.net\/de\/wp-json\/wp\/v2\/product_tag?post=1029"}],"curies":[{"name":"wp","href":"https:\/\/api.w.org\/{rel}","templated":true}]}}