{"id":1017,"date":"2024-05-13T15:56:16","date_gmt":"2024-05-13T13:56:16","guid":{"rendered":"https:\/\/mostiky.net\/produit\/blam-bti-100g-mueckenlarven-larvizid-fuer-200m%c2%b2-basierend-auf-bti-bacillus-thuringiensis-israelensis\/"},"modified":"2026-03-24T13:39:47","modified_gmt":"2026-03-24T12:39:47","slug":"blam-bti-100g-mueckenlarven-larvizid-fuer-200m%c2%b2-basierend-auf-bti-bacillus-thuringiensis-israelensis","status":"publish","type":"product","link":"https:\/\/mostiky.net\/de\/produit\/blam-bti-100g-mueckenlarven-larvizid-fuer-200m%c2%b2-basierend-auf-bti-bacillus-thuringiensis-israelensis\/","title":{"rendered":"BLAM BTI 100g M\u00fcckenlarven Larvizid f\u00fcr 200m\u00b2 basierend auf BTI. Bacillus Thuringiensis Israelensis"},"content":{"rendered":"<p>Beutel mit BTI (Bacillus Thuringiensis Israelensis) Pulver &#8211; 100g<\/p>\n<ul class=\"a-unordered-list a-vertical a-spacing-mini\">\n<li class=\"a-spacing-mini\"><span class=\"a-list-item\"> \ud83e\udd9f WIRKSAMKEIT: Geben Sie das Pulver in Wasser, das von M\u00fcckenlarven befallen ist (Teiche, Sch\u00e4chte, Dachrinnen, Gruben). In 24 Stunden sterben die Larven des Tigers und der M\u00fccke.  <\/span><\/li>\n<li class=\"a-spacing-mini\"><span class=\"a-list-item\"> \ud83d\udcb0 6x KONZENTRIERTER: Der Wirkstoff BTI ist bei 1200 UTI\/mg konzentriert, was 6x konzentrierter ist als eine Dosierung bei 200 UTI\/mg. 100 g BLAM BTI k\u00f6nnen 200 m\u00b2 Wasser aufbereiten.  <\/span><\/li>\n<li class=\"a-spacing-mini\"><span class=\"a-list-item\"> \ud83d\udc15 BLAM BTI enth\u00e4lt eine nat\u00fcrliche Substanz, Bacillus Thuringiensis Israelensis (BTI), die bei M\u00fcckenlarven t\u00f6dliche Verdauungsst\u00f6rungen verursacht. BLAM bef\u00e4llt NUR M\u00fcckenlarven: Andere Wasserarten sind perfekt erhalten.  <\/span><\/li>\n<li class=\"a-spacing-mini\"><span class=\"a-list-item\"> \ud83d\udcc5 M\u00dcCKENLARVIZID: BLAM BTI bleibt 3 Wochen lang in Ihrem Wasser aktiv und wirkt dann als Larvenfalle. <\/span><\/li>\n<li class=\"a-spacing-mini\"><span class=\"a-list-item\"> \ud83e\udd9f PILZKNOTEN: BLAM BTI t\u00f6tet Pilzmadenlarven durch Verdauungsst\u00f6rungen ab und vermeidet den Einsatz von Nematoden. <\/span><\/li>\n<\/ul>\n<p><strong>Ablaufdatum: 1\/9\/2027<\/strong><\/p>\n","protected":false},"excerpt":{"rendered":"<p>Beutel mit BTI (Bacillus Thuringiensis Israelensis) Pulver &#8211; 100g<\/p>\n<p>Larvizid gegen M\u00fcckenlarven<\/p>\n","protected":false},"featured_media":965,"comment_status":"open","ping_status":"closed","template":"","meta":{"site-sidebar-layout":"default","site-content-layout":"","ast-site-content-layout":"default","site-content-style":"default","site-sidebar-style":"default","ast-global-header-display":"","ast-banner-title-visibility":"","ast-main-header-display":"","ast-hfb-above-header-display":"","ast-hfb-below-header-display":"","ast-hfb-mobile-header-display":"","site-post-title":"","ast-breadcrumbs-content":"","ast-featured-img":"","footer-sml-layout":"","ast-disable-related-posts":"","theme-transparent-header-meta":"default","adv-header-id-meta":"","stick-header-meta":"","header-above-stick-meta":"","header-main-stick-meta":"","header-below-stick-meta":"","astra-migrate-meta-layouts":"default","ast-page-background-enabled":"default","ast-page-background-meta":{"desktop":{"background-color":"var(--ast-global-color-5)","background-image":"","background-repeat":"repeat","background-position":"center center","background-size":"auto","background-attachment":"scroll","background-type":"","background-media":"","overlay-type":"","overlay-color":"","overlay-opacity":"","overlay-gradient":""},"tablet":{"background-color":"","background-image":"","background-repeat":"repeat","background-position":"center center","background-size":"auto","background-attachment":"scroll","background-type":"","background-media":"","overlay-type":"","overlay-color":"","overlay-opacity":"","overlay-gradient":""},"mobile":{"background-color":"","background-image":"","background-repeat":"repeat","background-position":"center center","background-size":"auto","background-attachment":"scroll","background-type":"","background-media":"","overlay-type":"","overlay-color":"","overlay-opacity":"","overlay-gradient":""}},"ast-content-background-meta":{"desktop":{"background-color":"var(--ast-global-color-4)","background-image":"","background-repeat":"repeat","background-position":"center center","background-size":"auto","background-attachment":"scroll","background-type":"","background-media":"","overlay-type":"","overlay-color":"","overlay-opacity":"","overlay-gradient":""},"tablet":{"background-color":"var(--ast-global-color-4)","background-image":"","background-repeat":"repeat","background-position":"center center","background-size":"auto","background-attachment":"scroll","background-type":"","background-media":"","overlay-type":"","overlay-color":"","overlay-opacity":"","overlay-gradient":""},"mobile":{"background-color":"var(--ast-global-color-4)","background-image":"","background-repeat":"repeat","background-position":"center center","background-size":"auto","background-attachment":"scroll","background-type":"","background-media":"","overlay-type":"","overlay-color":"","overlay-opacity":"","overlay-gradient":""}}},"product_brand":[70],"product_cat":[30],"product_tag":[],"class_list":{"0":"post-1017","1":"product","2":"type-product","3":"status-publish","4":"has-post-thumbnail","6":"product_brand-blam","7":"product_cat-larvicide","8":"desktop-align-left","9":"tablet-align-left","10":"mobile-align-left","12":"first","13":"instock","14":"sale","15":"taxable","16":"shipping-taxable","17":"purchasable","18":"product-type-simple"},"_links":{"self":[{"href":"https:\/\/mostiky.net\/de\/wp-json\/wp\/v2\/product\/1017","targetHints":{"allow":["GET"]}}],"collection":[{"href":"https:\/\/mostiky.net\/de\/wp-json\/wp\/v2\/product"}],"about":[{"href":"https:\/\/mostiky.net\/de\/wp-json\/wp\/v2\/types\/product"}],"replies":[{"embeddable":true,"href":"https:\/\/mostiky.net\/de\/wp-json\/wp\/v2\/comments?post=1017"}],"wp:featuredmedia":[{"embeddable":true,"href":"https:\/\/mostiky.net\/de\/wp-json\/wp\/v2\/media\/965"}],"wp:attachment":[{"href":"https:\/\/mostiky.net\/de\/wp-json\/wp\/v2\/media?parent=1017"}],"wp:term":[{"taxonomy":"product_brand","embeddable":true,"href":"https:\/\/mostiky.net\/de\/wp-json\/wp\/v2\/product_brand?post=1017"},{"taxonomy":"product_cat","embeddable":true,"href":"https:\/\/mostiky.net\/de\/wp-json\/wp\/v2\/product_cat?post=1017"},{"taxonomy":"product_tag","embeddable":true,"href":"https:\/\/mostiky.net\/de\/wp-json\/wp\/v2\/product_tag?post=1017"}],"curies":[{"name":"wp","href":"https:\/\/api.w.org\/{rel}","templated":true}]}}