{"id":2659,"date":"2026-05-12T10:14:22","date_gmt":"2026-05-12T08:14:22","guid":{"rendered":"https:\/\/mostiky.net\/sanitaeranlagen\/"},"modified":"2026-05-12T10:15:59","modified_gmt":"2026-05-12T08:15:59","slug":"sanitaeranlagen","status":"publish","type":"page","link":"https:\/\/mostiky.net\/de\/sanitaeranlagen\/","title":{"rendered":"Sanit\u00e4ranlagen"},"content":{"rendered":"\n<p class=\"has-text-align-center\"><strong><strong><strong>KOSTENLOSER Versand bei allen Bestellungen \u00fcber 50\u20ac (in einigen L\u00e4ndern)<\/strong><\/strong><\/strong><\/p>\n\n<p class=\"has-text-align-center\"><code><div id=\"woo-store-vacation\">\n\t<div class=\"woocommerce-info\" role=\"status\">\n\t\tFR: ALERTE TRANSPORT: Toute commande re\u00e7ue apr\u00e8s le 13 Mai \u00e0 11:30 sera exp\u00e9di\u00e9e le lundi 18 Mai<br \/>\r\nEN: SHIPPING ALERT: Any order received after May 13 at 11:30 will be shipped on Monday, May 18<br \/>\r\nDE: VERSANDHINWEIS: Jede Bestellung, die nach dem 13. Mai um 11:30 Uhr eingeht, wird am Montag, den 18. Mai versandt<br \/>\r\nIT: AVVISO DI SPEDIZIONE: Ogni ordine ricevuto dopo il 13 maggio alle 11:30 sar\u00e0 spedito luned\u00ec 18 maggio<br \/>\r\nES: ALERTA DE ENV\u00cdO: Todo pedido recibido despu\u00e9s del 13 de mayo a las 11:30 ser\u00e1 enviado el lunes 18 de mayo\t<\/div>\n<\/div><\/code><\/p>\n\n<p><\/p>\n<div class=\"woocommerce columns-3 \"><ul class=\"products columns-3\">\n<li class=\"desktop-align-left tablet-align-left mobile-align-left product type-product post-2629 status-publish first instock product_cat-plomberie has-post-thumbnail sale taxable shipping-taxable purchasable product-type-simple\">\n\t<a href=\"https:\/\/mostiky.net\/de\/produit\/cle-universelle-aerateurs-mousseurs-cache-tt-tj-jr-std-tf-cle-de-montage-et-demontage-compatible-neoperl-ob\/\" class=\"woocommerce-LoopProduct-link woocommerce-loop-product__link\">\n\t\n\t<img decoding=\"async\" width=\"600\" height=\"600\" src=\"https:\/\/mostiky.net\/wp-content\/uploads\/2026\/05\/911G-6j-82L._AC_SL1500_-600x600.jpg\" class=\"attachment-woocommerce_thumbnail size-woocommerce_thumbnail\" alt=\"Universelle Schl\u00fcssel Versteckte Bel\u00fcfter\/Bel\u00fcfter cach\u00e9 TT, TJ, JR, STD, TF. Neoperl-kompatibler Assembly- und Disassemblierungsschl\u00fcssel \u2013 OB\" srcset=\"https:\/\/mostiky.net\/wp-content\/uploads\/2026\/05\/911G-6j-82L._AC_SL1500_-600x600.jpg 600w, https:\/\/mostiky.net\/wp-content\/uploads\/2026\/05\/911G-6j-82L._AC_SL1500_-150x150.jpg 150w, https:\/\/mostiky.net\/wp-content\/uploads\/2026\/05\/911G-6j-82L._AC_SL1500_-100x100.jpg 100w\" sizes=\"(max-width: 600px) 100vw, 600px\" \/><h2 class=\"woocommerce-loop-product__title\">Universelle Schl\u00fcssel Versteckte Bel\u00fcfter\/Bel\u00fcfter cach\u00e9 TT, TJ, JR, STD, TF. Neoperl-kompatibler Assembly- und Disassemblierungsschl\u00fcssel \u2013 OB<\/h2>\n\t<span class=\"price\"><del aria-hidden=\"true\"><span class=\"woocommerce-Price-amount amount\"><bdi>11,19&nbsp;<span class=\"woocommerce-Price-currencySymbol\">&euro;<\/span><\/bdi><\/span><\/del> <span class=\"screen-reader-text\">Urspr\u00fcnglicher Preis war: 11,19&nbsp;&euro;<\/span><ins aria-hidden=\"true\"><span class=\"woocommerce-Price-amount amount\"><bdi>9,99&nbsp;<span class=\"woocommerce-Price-currencySymbol\">&euro;<\/span><\/bdi><\/span><\/ins><span class=\"screen-reader-text\">Aktueller Preis ist: 9,99&nbsp;&euro;.<\/span><\/span>\n<\/a><span  class=\"ast-on-card-button ast-onsale-card\" data-notification=\"default\">Angebot!<\/span><a href=\"\/de\/wp-json\/wp\/v2\/pages\/2659?add-to-cart=2629\" data-quantity=\"1\" class=\"ast-on-card-button ast-select-options-trigger product_type_simple add_to_cart_button ajax_add_to_cart\" data-product_id=\"2629\" data-product_sku=\"cache-key-OB\" aria-label=\"In den Warenkorb legen: \u201eUniverselle Schl\u00fcssel Versteckte Bel\u00fcfter\/Bel\u00fcfter cach\u00e9 TT, TJ, JR, STD, TF. Neoperl-kompatibler Assembly- und Disassemblierungsschl\u00fcssel \u2013 OB\u201c\" rel=\"nofollow\"> <span class=\"ast-card-action-tooltip\"> In den Warenkorb <\/span> <span class=\"ahfb-svg-iconset\"> <span class=\"ast-icon icon-bag\"><svg xmlns=\"http:\/\/www.w3.org\/2000\/svg\" xmlns:xlink=\"http:\/\/www.w3.org\/1999\/xlink\" version=\"1.1\" id=\"ast-bag-icon-svg\" x=\"0px\" y=\"0px\" width=\"100\" height=\"100\" viewBox=\"826 826 140 140\" enable-background=\"new 826 826 140 140\" xml:space=\"preserve\">\n\t\t\t\t<path d=\"M960.758,934.509l2.632,23.541c0.15,1.403-0.25,2.657-1.203,3.761c-0.953,1.053-2.156,1.579-3.61,1.579H833.424  c-1.454,0-2.657-0.526-3.61-1.579c-0.952-1.104-1.354-2.357-1.203-3.761l2.632-23.541H960.758z M953.763,871.405l6.468,58.29H831.77  l6.468-58.29c0.15-1.203,0.677-2.218,1.58-3.045c0.903-0.827,1.981-1.241,3.234-1.241h19.254v9.627c0,2.658,0.94,4.927,2.82,6.807  s4.149,2.82,6.807,2.82c2.658,0,4.926-0.94,6.807-2.82s2.821-4.149,2.821-6.807v-9.627h28.882v9.627  c0,2.658,0.939,4.927,2.819,6.807c1.881,1.88,4.149,2.82,6.807,2.82s4.927-0.94,6.808-2.82c1.879-1.88,2.82-4.149,2.82-6.807v-9.627  h19.253c1.255,0,2.332,0.414,3.235,1.241C953.086,869.187,953.612,870.202,953.763,871.405z M924.881,857.492v19.254  c0,1.304-0.476,2.432-1.429,3.385s-2.08,1.429-3.385,1.429c-1.303,0-2.432-0.477-3.384-1.429c-0.953-0.953-1.43-2.081-1.43-3.385  v-19.254c0-5.315-1.881-9.853-5.641-13.613c-3.76-3.761-8.298-5.641-13.613-5.641s-9.853,1.88-13.613,5.641  c-3.761,3.76-5.641,8.298-5.641,13.613v19.254c0,1.304-0.476,2.432-1.429,3.385c-0.953,0.953-2.081,1.429-3.385,1.429  c-1.303,0-2.432-0.477-3.384-1.429c-0.953-0.953-1.429-2.081-1.429-3.385v-19.254c0-7.973,2.821-14.779,8.461-20.42  c5.641-5.641,12.448-8.461,20.42-8.461c7.973,0,14.779,2.82,20.42,8.461C922.062,842.712,924.881,849.519,924.881,857.492z\" \/>\n\t\t\t\t<\/svg><\/span> <\/span> <\/a><a href=\"\/de\/wp-json\/wp\/v2\/pages\/2659?add-to-cart=2629\" aria-describedby=\"woocommerce_loop_add_to_cart_link_describedby_2629\" data-quantity=\"1\" class=\"button product_type_simple add_to_cart_button ajax_add_to_cart\" data-product_id=\"2629\" data-product_sku=\"cache-key-OB\" aria-label=\"In den Warenkorb legen: \u201eUniverselle Schl\u00fcssel Versteckte Bel\u00fcfter\/Bel\u00fcfter cach\u00e9 TT, TJ, JR, STD, TF. Neoperl-kompatibler Assembly- und Disassemblierungsschl\u00fcssel \u2013 OB\u201c\" rel=\"nofollow\" data-success_message=\"\u201eUniverselle Schl\u00fcssel Versteckte Bel\u00fcfter\/Bel\u00fcfter cach\u00e9 TT, TJ, JR, STD, TF. Neoperl-kompatibler Assembly- und Disassemblierungsschl\u00fcssel \u2013 OB\u201c wurde deinem Warenkorb hinzugef\u00fcgt\" role=\"button\">In den Warenkorb<\/a>\t<span id=\"woocommerce_loop_add_to_cart_link_describedby_2629\" class=\"screen-reader-text\">\n\t\t\t<\/span>\n<\/li>\n<li class=\"desktop-align-left tablet-align-left mobile-align-left product type-product post-2594 status-publish instock product_cat-plomberie has-post-thumbnail sale taxable shipping-taxable purchasable product-type-simple\">\n\t<a href=\"https:\/\/mostiky.net\/de\/produit\/mousseur-aerateur-metal-compatible-robinets-ikea-m18-5-2-modes-jets-pivotant-a-360-degres-et-inclinable-80-filtre-integre-ob\/\" class=\"woocommerce-LoopProduct-link woocommerce-loop-product__link\">\n\t\n\t<img decoding=\"async\" width=\"600\" height=\"600\" src=\"https:\/\/mostiky.net\/wp-content\/uploads\/2026\/05\/61rftf0mmXL._AC_SL1500_-600x600.jpg\" class=\"attachment-woocommerce_thumbnail size-woocommerce_thumbnail\" alt=\"Metallbel\u00fcfter, kompatibel mit IKEA M18.5 Wasserh\u00e4hnen. 2 Modi\/D\u00fcsen. 360-Grad-Drehung und Neigung um 80\u00b0. Eingebauter Filter \u2013 OB\" srcset=\"https:\/\/mostiky.net\/wp-content\/uploads\/2026\/05\/61rftf0mmXL._AC_SL1500_-600x600.jpg 600w, https:\/\/mostiky.net\/wp-content\/uploads\/2026\/05\/61rftf0mmXL._AC_SL1500_-150x150.jpg 150w, https:\/\/mostiky.net\/wp-content\/uploads\/2026\/05\/61rftf0mmXL._AC_SL1500_-100x100.jpg 100w\" sizes=\"(max-width: 600px) 100vw, 600px\" \/><h2 class=\"woocommerce-loop-product__title\">Metallbel\u00fcfter, kompatibel mit IKEA M18.5 Wasserh\u00e4hnen. 2 Modi\/D\u00fcsen. 360-Grad-Drehung und Neigung um 80\u00b0. Eingebauter Filter \u2013 OB<\/h2>\n\t<span class=\"price\"><del aria-hidden=\"true\"><span class=\"woocommerce-Price-amount amount\"><bdi>18,78&nbsp;<span class=\"woocommerce-Price-currencySymbol\">&euro;<\/span><\/bdi><\/span><\/del> <span class=\"screen-reader-text\">Urspr\u00fcnglicher Preis war: 18,78&nbsp;&euro;<\/span><ins aria-hidden=\"true\"><span class=\"woocommerce-Price-amount amount\"><bdi>15,99&nbsp;<span class=\"woocommerce-Price-currencySymbol\">&euro;<\/span><\/bdi><\/span><\/ins><span class=\"screen-reader-text\">Aktueller Preis ist: 15,99&nbsp;&euro;.<\/span><\/span>\n<\/a><span  class=\"ast-on-card-button ast-onsale-card\" data-notification=\"default\">Angebot!<\/span><a href=\"\/de\/wp-json\/wp\/v2\/pages\/2659?add-to-cart=2594\" data-quantity=\"1\" class=\"ast-on-card-button ast-select-options-trigger product_type_simple add_to_cart_button ajax_add_to_cart\" data-product_id=\"2594\" data-product_sku=\"360d-shiny-OB\" aria-label=\"In den Warenkorb legen: \u201eMetallbel\u00fcfter, kompatibel mit IKEA M18.5 Wasserh\u00e4hnen. 2 Modi\/D\u00fcsen. 360-Grad-Drehung und Neigung um 80\u00b0. Eingebauter Filter \u2013 OB\u201c\" rel=\"nofollow\"> <span class=\"ast-card-action-tooltip\"> In den Warenkorb <\/span> <span class=\"ahfb-svg-iconset\"> <span class=\"ast-icon icon-bag\"><svg xmlns=\"http:\/\/www.w3.org\/2000\/svg\" xmlns:xlink=\"http:\/\/www.w3.org\/1999\/xlink\" version=\"1.1\" id=\"ast-bag-icon-svg\" x=\"0px\" y=\"0px\" width=\"100\" height=\"100\" viewBox=\"826 826 140 140\" enable-background=\"new 826 826 140 140\" xml:space=\"preserve\">\n\t\t\t\t<path d=\"M960.758,934.509l2.632,23.541c0.15,1.403-0.25,2.657-1.203,3.761c-0.953,1.053-2.156,1.579-3.61,1.579H833.424  c-1.454,0-2.657-0.526-3.61-1.579c-0.952-1.104-1.354-2.357-1.203-3.761l2.632-23.541H960.758z M953.763,871.405l6.468,58.29H831.77  l6.468-58.29c0.15-1.203,0.677-2.218,1.58-3.045c0.903-0.827,1.981-1.241,3.234-1.241h19.254v9.627c0,2.658,0.94,4.927,2.82,6.807  s4.149,2.82,6.807,2.82c2.658,0,4.926-0.94,6.807-2.82s2.821-4.149,2.821-6.807v-9.627h28.882v9.627  c0,2.658,0.939,4.927,2.819,6.807c1.881,1.88,4.149,2.82,6.807,2.82s4.927-0.94,6.808-2.82c1.879-1.88,2.82-4.149,2.82-6.807v-9.627  h19.253c1.255,0,2.332,0.414,3.235,1.241C953.086,869.187,953.612,870.202,953.763,871.405z M924.881,857.492v19.254  c0,1.304-0.476,2.432-1.429,3.385s-2.08,1.429-3.385,1.429c-1.303,0-2.432-0.477-3.384-1.429c-0.953-0.953-1.43-2.081-1.43-3.385  v-19.254c0-5.315-1.881-9.853-5.641-13.613c-3.76-3.761-8.298-5.641-13.613-5.641s-9.853,1.88-13.613,5.641  c-3.761,3.76-5.641,8.298-5.641,13.613v19.254c0,1.304-0.476,2.432-1.429,3.385c-0.953,0.953-2.081,1.429-3.385,1.429  c-1.303,0-2.432-0.477-3.384-1.429c-0.953-0.953-1.429-2.081-1.429-3.385v-19.254c0-7.973,2.821-14.779,8.461-20.42  c5.641-5.641,12.448-8.461,20.42-8.461c7.973,0,14.779,2.82,20.42,8.461C922.062,842.712,924.881,849.519,924.881,857.492z\" \/>\n\t\t\t\t<\/svg><\/span> <\/span> <\/a><a href=\"\/de\/wp-json\/wp\/v2\/pages\/2659?add-to-cart=2594\" aria-describedby=\"woocommerce_loop_add_to_cart_link_describedby_2594\" data-quantity=\"1\" class=\"button product_type_simple add_to_cart_button ajax_add_to_cart\" data-product_id=\"2594\" data-product_sku=\"360d-shiny-OB\" aria-label=\"In den Warenkorb legen: \u201eMetallbel\u00fcfter, kompatibel mit IKEA M18.5 Wasserh\u00e4hnen. 2 Modi\/D\u00fcsen. 360-Grad-Drehung und Neigung um 80\u00b0. Eingebauter Filter \u2013 OB\u201c\" rel=\"nofollow\" data-success_message=\"\u201eMetallbel\u00fcfter, kompatibel mit IKEA M18.5 Wasserh\u00e4hnen. 2 Modi\/D\u00fcsen. 360-Grad-Drehung und Neigung um 80\u00b0. Eingebauter Filter \u2013 OB\u201c wurde deinem Warenkorb hinzugef\u00fcgt\" role=\"button\">In den Warenkorb<\/a>\t<span id=\"woocommerce_loop_add_to_cart_link_describedby_2594\" class=\"screen-reader-text\">\n\t\t\t<\/span>\n<\/li>\n<li class=\"desktop-align-left tablet-align-left mobile-align-left product type-product post-2550 status-publish last instock product_cat-plomberie has-post-thumbnail sale taxable shipping-taxable purchasable product-type-simple\">\n\t<a href=\"https:\/\/mostiky.net\/de\/produit\/mousseur-aerateur-metal-nickel-brosse-compatible-avec-robinets-ikea-m18-5-pivotant-a-360-degres-et-inclinable-80-filtre-integre-ob\/\" class=\"woocommerce-LoopProduct-link woocommerce-loop-product__link\">\n\t\n\t<img decoding=\"async\" width=\"600\" height=\"600\" src=\"https:\/\/mostiky.net\/wp-content\/uploads\/2026\/05\/71V9b16ALYL._AC_SL1500_-600x600.jpg\" class=\"attachment-woocommerce_thumbnail size-woocommerce_thumbnail\" alt=\"GEB\u00dcRSTETER NICKEL-Metall-Bel\u00fcfter, kompatibel mit IKEA M18.5-Wasserh\u00e4hnen. 360-Grad-Drehung und Neigung um 80\u00b0. Eingebauter Filter. - OB\" srcset=\"https:\/\/mostiky.net\/wp-content\/uploads\/2026\/05\/71V9b16ALYL._AC_SL1500_-600x600.jpg 600w, https:\/\/mostiky.net\/wp-content\/uploads\/2026\/05\/71V9b16ALYL._AC_SL1500_-150x150.jpg 150w, https:\/\/mostiky.net\/wp-content\/uploads\/2026\/05\/71V9b16ALYL._AC_SL1500_-100x100.jpg 100w\" sizes=\"(max-width: 600px) 100vw, 600px\" \/><h2 class=\"woocommerce-loop-product__title\">GEB\u00dcRSTETER NICKEL-Metall-Bel\u00fcfter, kompatibel mit IKEA M18.5-Wasserh\u00e4hnen. 360-Grad-Drehung und Neigung um 80\u00b0. Eingebauter Filter. &#8211; OB<\/h2>\n\t<span class=\"price\"><del aria-hidden=\"true\"><span class=\"woocommerce-Price-amount amount\"><bdi>18,78&nbsp;<span class=\"woocommerce-Price-currencySymbol\">&euro;<\/span><\/bdi><\/span><\/del> <span class=\"screen-reader-text\">Urspr\u00fcnglicher Preis war: 18,78&nbsp;&euro;<\/span><ins aria-hidden=\"true\"><span class=\"woocommerce-Price-amount amount\"><bdi>15,99&nbsp;<span class=\"woocommerce-Price-currencySymbol\">&euro;<\/span><\/bdi><\/span><\/ins><span class=\"screen-reader-text\">Aktueller Preis ist: 15,99&nbsp;&euro;.<\/span><\/span>\n<\/a><span  class=\"ast-on-card-button ast-onsale-card\" data-notification=\"default\">Angebot!<\/span><a href=\"\/de\/wp-json\/wp\/v2\/pages\/2659?add-to-cart=2550\" data-quantity=\"1\" class=\"ast-on-card-button ast-select-options-trigger product_type_simple add_to_cart_button ajax_add_to_cart\" data-product_id=\"2550\" data-product_sku=\"360d-nickel-OB\" aria-label=\"In den Warenkorb legen: \u201eGEB\u00dcRSTETER NICKEL-Metall-Bel\u00fcfter, kompatibel mit IKEA M18.5-Wasserh\u00e4hnen. 360-Grad-Drehung und Neigung um 80\u00b0. Eingebauter Filter. - OB\u201c\" rel=\"nofollow\"> <span class=\"ast-card-action-tooltip\"> In den Warenkorb <\/span> <span class=\"ahfb-svg-iconset\"> <span class=\"ast-icon icon-bag\"><svg xmlns=\"http:\/\/www.w3.org\/2000\/svg\" xmlns:xlink=\"http:\/\/www.w3.org\/1999\/xlink\" version=\"1.1\" id=\"ast-bag-icon-svg\" x=\"0px\" y=\"0px\" width=\"100\" height=\"100\" viewBox=\"826 826 140 140\" enable-background=\"new 826 826 140 140\" xml:space=\"preserve\">\n\t\t\t\t<path d=\"M960.758,934.509l2.632,23.541c0.15,1.403-0.25,2.657-1.203,3.761c-0.953,1.053-2.156,1.579-3.61,1.579H833.424  c-1.454,0-2.657-0.526-3.61-1.579c-0.952-1.104-1.354-2.357-1.203-3.761l2.632-23.541H960.758z M953.763,871.405l6.468,58.29H831.77  l6.468-58.29c0.15-1.203,0.677-2.218,1.58-3.045c0.903-0.827,1.981-1.241,3.234-1.241h19.254v9.627c0,2.658,0.94,4.927,2.82,6.807  s4.149,2.82,6.807,2.82c2.658,0,4.926-0.94,6.807-2.82s2.821-4.149,2.821-6.807v-9.627h28.882v9.627  c0,2.658,0.939,4.927,2.819,6.807c1.881,1.88,4.149,2.82,6.807,2.82s4.927-0.94,6.808-2.82c1.879-1.88,2.82-4.149,2.82-6.807v-9.627  h19.253c1.255,0,2.332,0.414,3.235,1.241C953.086,869.187,953.612,870.202,953.763,871.405z M924.881,857.492v19.254  c0,1.304-0.476,2.432-1.429,3.385s-2.08,1.429-3.385,1.429c-1.303,0-2.432-0.477-3.384-1.429c-0.953-0.953-1.43-2.081-1.43-3.385  v-19.254c0-5.315-1.881-9.853-5.641-13.613c-3.76-3.761-8.298-5.641-13.613-5.641s-9.853,1.88-13.613,5.641  c-3.761,3.76-5.641,8.298-5.641,13.613v19.254c0,1.304-0.476,2.432-1.429,3.385c-0.953,0.953-2.081,1.429-3.385,1.429  c-1.303,0-2.432-0.477-3.384-1.429c-0.953-0.953-1.429-2.081-1.429-3.385v-19.254c0-7.973,2.821-14.779,8.461-20.42  c5.641-5.641,12.448-8.461,20.42-8.461c7.973,0,14.779,2.82,20.42,8.461C922.062,842.712,924.881,849.519,924.881,857.492z\" \/>\n\t\t\t\t<\/svg><\/span> <\/span> <\/a><a href=\"\/de\/wp-json\/wp\/v2\/pages\/2659?add-to-cart=2550\" aria-describedby=\"woocommerce_loop_add_to_cart_link_describedby_2550\" data-quantity=\"1\" class=\"button product_type_simple add_to_cart_button ajax_add_to_cart\" data-product_id=\"2550\" data-product_sku=\"360d-nickel-OB\" aria-label=\"In den Warenkorb legen: \u201eGEB\u00dcRSTETER NICKEL-Metall-Bel\u00fcfter, kompatibel mit IKEA M18.5-Wasserh\u00e4hnen. 360-Grad-Drehung und Neigung um 80\u00b0. Eingebauter Filter. - OB\u201c\" rel=\"nofollow\" data-success_message=\"\u201eGEB\u00dcRSTETER NICKEL-Metall-Bel\u00fcfter, kompatibel mit IKEA M18.5-Wasserh\u00e4hnen. 360-Grad-Drehung und Neigung um 80\u00b0. Eingebauter Filter. - OB\u201c wurde deinem Warenkorb hinzugef\u00fcgt\" role=\"button\">In den Warenkorb<\/a>\t<span id=\"woocommerce_loop_add_to_cart_link_describedby_2550\" class=\"screen-reader-text\">\n\t\t\t<\/span>\n<\/li>\n<li class=\"desktop-align-left tablet-align-left mobile-align-left product type-product post-2532 status-publish first instock product_cat-plomberie has-post-thumbnail sale taxable shipping-taxable purchasable product-type-simple\">\n\t<a href=\"https:\/\/mostiky.net\/de\/produit\/mousseur-aerateur-noir-compatible-avec-ikea-robinets-m18-5-2-modes-jets-pivotant-a-360-degres-et-inclinable-80-filtre-integre-op\/\" class=\"woocommerce-LoopProduct-link woocommerce-loop-product__link\">\n\t\n\t<img decoding=\"async\" width=\"600\" height=\"600\" src=\"https:\/\/mostiky.net\/wp-content\/uploads\/2026\/05\/71ik-b7SurL._AC_SL1500_-600x600.jpg\" class=\"attachment-woocommerce_thumbnail size-woocommerce_thumbnail\" alt=\"Aerator Black kompatibel mit IKEA-Wasserh\u00e4hnen M18.5. 2 Modi\/D\u00fcsen.  360-Grad-Drehung und Neigung um 80\u00b0. Eingebauter Filter \u2013 OB\" srcset=\"https:\/\/mostiky.net\/wp-content\/uploads\/2026\/05\/71ik-b7SurL._AC_SL1500_-600x600.jpg 600w, https:\/\/mostiky.net\/wp-content\/uploads\/2026\/05\/71ik-b7SurL._AC_SL1500_-300x300.jpg 300w, https:\/\/mostiky.net\/wp-content\/uploads\/2026\/05\/71ik-b7SurL._AC_SL1500_-1024x1024.jpg 1024w, https:\/\/mostiky.net\/wp-content\/uploads\/2026\/05\/71ik-b7SurL._AC_SL1500_-150x150.jpg 150w, https:\/\/mostiky.net\/wp-content\/uploads\/2026\/05\/71ik-b7SurL._AC_SL1500_-768x768.jpg 768w, https:\/\/mostiky.net\/wp-content\/uploads\/2026\/05\/71ik-b7SurL._AC_SL1500_-100x100.jpg 100w, https:\/\/mostiky.net\/wp-content\/uploads\/2026\/05\/71ik-b7SurL._AC_SL1500_.jpg 1500w\" sizes=\"(max-width: 600px) 100vw, 600px\" \/><h2 class=\"woocommerce-loop-product__title\">Aerator Black kompatibel mit IKEA-Wasserh\u00e4hnen M18.5. 2 Modi\/D\u00fcsen.  360-Grad-Drehung und Neigung um 80\u00b0. Eingebauter Filter \u2013 OB<\/h2>\n\t<span class=\"price\"><del aria-hidden=\"true\"><span class=\"woocommerce-Price-amount amount\"><bdi>18,99&nbsp;<span class=\"woocommerce-Price-currencySymbol\">&euro;<\/span><\/bdi><\/span><\/del> <span class=\"screen-reader-text\">Urspr\u00fcnglicher Preis war: 18,99&nbsp;&euro;<\/span><ins aria-hidden=\"true\"><span class=\"woocommerce-Price-amount amount\"><bdi>15,99&nbsp;<span class=\"woocommerce-Price-currencySymbol\">&euro;<\/span><\/bdi><\/span><\/ins><span class=\"screen-reader-text\">Aktueller Preis ist: 15,99&nbsp;&euro;.<\/span><\/span>\n<\/a><span  class=\"ast-on-card-button ast-onsale-card\" data-notification=\"default\">Angebot!<\/span><a href=\"\/de\/wp-json\/wp\/v2\/pages\/2659?add-to-cart=2532\" data-quantity=\"1\" class=\"ast-on-card-button ast-select-options-trigger product_type_simple add_to_cart_button ajax_add_to_cart\" data-product_id=\"2532\" data-product_sku=\"360d-black-OB\" aria-label=\"In den Warenkorb legen: \u201eAerator Black kompatibel mit IKEA-Wasserh\u00e4hnen M18.5. 2 Modi\/D\u00fcsen.  360-Grad-Drehung und Neigung um 80\u00b0. Eingebauter Filter \u2013 OB\u201c\" rel=\"nofollow\"> <span class=\"ast-card-action-tooltip\"> In den Warenkorb <\/span> <span class=\"ahfb-svg-iconset\"> <span class=\"ast-icon icon-bag\"><svg xmlns=\"http:\/\/www.w3.org\/2000\/svg\" xmlns:xlink=\"http:\/\/www.w3.org\/1999\/xlink\" version=\"1.1\" id=\"ast-bag-icon-svg\" x=\"0px\" y=\"0px\" width=\"100\" height=\"100\" viewBox=\"826 826 140 140\" enable-background=\"new 826 826 140 140\" xml:space=\"preserve\">\n\t\t\t\t<path d=\"M960.758,934.509l2.632,23.541c0.15,1.403-0.25,2.657-1.203,3.761c-0.953,1.053-2.156,1.579-3.61,1.579H833.424  c-1.454,0-2.657-0.526-3.61-1.579c-0.952-1.104-1.354-2.357-1.203-3.761l2.632-23.541H960.758z M953.763,871.405l6.468,58.29H831.77  l6.468-58.29c0.15-1.203,0.677-2.218,1.58-3.045c0.903-0.827,1.981-1.241,3.234-1.241h19.254v9.627c0,2.658,0.94,4.927,2.82,6.807  s4.149,2.82,6.807,2.82c2.658,0,4.926-0.94,6.807-2.82s2.821-4.149,2.821-6.807v-9.627h28.882v9.627  c0,2.658,0.939,4.927,2.819,6.807c1.881,1.88,4.149,2.82,6.807,2.82s4.927-0.94,6.808-2.82c1.879-1.88,2.82-4.149,2.82-6.807v-9.627  h19.253c1.255,0,2.332,0.414,3.235,1.241C953.086,869.187,953.612,870.202,953.763,871.405z M924.881,857.492v19.254  c0,1.304-0.476,2.432-1.429,3.385s-2.08,1.429-3.385,1.429c-1.303,0-2.432-0.477-3.384-1.429c-0.953-0.953-1.43-2.081-1.43-3.385  v-19.254c0-5.315-1.881-9.853-5.641-13.613c-3.76-3.761-8.298-5.641-13.613-5.641s-9.853,1.88-13.613,5.641  c-3.761,3.76-5.641,8.298-5.641,13.613v19.254c0,1.304-0.476,2.432-1.429,3.385c-0.953,0.953-2.081,1.429-3.385,1.429  c-1.303,0-2.432-0.477-3.384-1.429c-0.953-0.953-1.429-2.081-1.429-3.385v-19.254c0-7.973,2.821-14.779,8.461-20.42  c5.641-5.641,12.448-8.461,20.42-8.461c7.973,0,14.779,2.82,20.42,8.461C922.062,842.712,924.881,849.519,924.881,857.492z\" \/>\n\t\t\t\t<\/svg><\/span> <\/span> <\/a><a href=\"\/de\/wp-json\/wp\/v2\/pages\/2659?add-to-cart=2532\" aria-describedby=\"woocommerce_loop_add_to_cart_link_describedby_2532\" data-quantity=\"1\" class=\"button product_type_simple add_to_cart_button ajax_add_to_cart\" data-product_id=\"2532\" data-product_sku=\"360d-black-OB\" aria-label=\"In den Warenkorb legen: \u201eAerator Black kompatibel mit IKEA-Wasserh\u00e4hnen M18.5. 2 Modi\/D\u00fcsen.  360-Grad-Drehung und Neigung um 80\u00b0. Eingebauter Filter \u2013 OB\u201c\" rel=\"nofollow\" data-success_message=\"\u201eAerator Black kompatibel mit IKEA-Wasserh\u00e4hnen M18.5. 2 Modi\/D\u00fcsen.  360-Grad-Drehung und Neigung um 80\u00b0. Eingebauter Filter \u2013 OB\u201c wurde deinem Warenkorb hinzugef\u00fcgt\" role=\"button\">In den Warenkorb<\/a>\t<span id=\"woocommerce_loop_add_to_cart_link_describedby_2532\" class=\"screen-reader-text\">\n\t\t\t<\/span>\n<\/li>\n<\/ul>\n<\/div>\n","protected":false},"excerpt":{"rendered":"<p>KOSTENLOSER Versand bei allen Bestellungen \u00fcber 50\u20ac (in einigen L\u00e4ndern)<\/p>\n","protected":false},"author":1,"featured_media":0,"parent":0,"menu_order":0,"comment_status":"closed","ping_status":"closed","template":"","meta":{"site-sidebar-layout":"default","site-content-layout":"","ast-site-content-layout":"default","site-content-style":"default","site-sidebar-style":"default","ast-global-header-display":"","ast-banner-title-visibility":"","ast-main-header-display":"","ast-hfb-above-header-display":"","ast-hfb-below-header-display":"","ast-hfb-mobile-header-display":"","site-post-title":"","ast-breadcrumbs-content":"","ast-featured-img":"","footer-sml-layout":"","ast-disable-related-posts":"","theme-transparent-header-meta":"","adv-header-id-meta":"","stick-header-meta":"","header-above-stick-meta":"","header-main-stick-meta":"","header-below-stick-meta":"","astra-migrate-meta-layouts":"default","ast-page-background-enabled":"default","ast-page-background-meta":{"desktop":{"background-color":"var(--ast-global-color-5)","background-image":"","background-repeat":"repeat","background-position":"center center","background-size":"auto","background-attachment":"scroll","background-type":"","background-media":"","overlay-type":"","overlay-color":"","overlay-opacity":"","overlay-gradient":""},"tablet":{"background-color":"","background-image":"","background-repeat":"repeat","background-position":"center center","background-size":"auto","background-attachment":"scroll","background-type":"","background-media":"","overlay-type":"","overlay-color":"","overlay-opacity":"","overlay-gradient":""},"mobile":{"background-color":"","background-image":"","background-repeat":"repeat","background-position":"center center","background-size":"auto","background-attachment":"scroll","background-type":"","background-media":"","overlay-type":"","overlay-color":"","overlay-opacity":"","overlay-gradient":""}},"ast-content-background-meta":{"desktop":{"background-color":"var(--ast-global-color-4)","background-image":"","background-repeat":"repeat","background-position":"center center","background-size":"auto","background-attachment":"scroll","background-type":"","background-media":"","overlay-type":"","overlay-color":"","overlay-opacity":"","overlay-gradient":""},"tablet":{"background-color":"var(--ast-global-color-4)","background-image":"","background-repeat":"repeat","background-position":"center center","background-size":"auto","background-attachment":"scroll","background-type":"","background-media":"","overlay-type":"","overlay-color":"","overlay-opacity":"","overlay-gradient":""},"mobile":{"background-color":"var(--ast-global-color-4)","background-image":"","background-repeat":"repeat","background-position":"center center","background-size":"auto","background-attachment":"scroll","background-type":"","background-media":"","overlay-type":"","overlay-color":"","overlay-opacity":"","overlay-gradient":""}},"footnotes":""},"class_list":["post-2659","page","type-page","status-publish","hentry"],"_links":{"self":[{"href":"https:\/\/mostiky.net\/de\/wp-json\/wp\/v2\/pages\/2659","targetHints":{"allow":["GET"]}}],"collection":[{"href":"https:\/\/mostiky.net\/de\/wp-json\/wp\/v2\/pages"}],"about":[{"href":"https:\/\/mostiky.net\/de\/wp-json\/wp\/v2\/types\/page"}],"author":[{"embeddable":true,"href":"https:\/\/mostiky.net\/de\/wp-json\/wp\/v2\/users\/1"}],"replies":[{"embeddable":true,"href":"https:\/\/mostiky.net\/de\/wp-json\/wp\/v2\/comments?post=2659"}],"version-history":[{"count":1,"href":"https:\/\/mostiky.net\/de\/wp-json\/wp\/v2\/pages\/2659\/revisions"}],"predecessor-version":[{"id":2660,"href":"https:\/\/mostiky.net\/de\/wp-json\/wp\/v2\/pages\/2659\/revisions\/2660"}],"wp:attachment":[{"href":"https:\/\/mostiky.net\/de\/wp-json\/wp\/v2\/media?parent=2659"}],"curies":[{"name":"wp","href":"https:\/\/api.w.org\/{rel}","templated":true}]}}