{"id":1106,"date":"2024-08-26T15:18:01","date_gmt":"2024-08-26T13:18:01","guid":{"rendered":"https:\/\/mostiky.net\/lieferung\/"},"modified":"2026-04-10T11:06:01","modified_gmt":"2026-04-10T09:06:01","slug":"lieferung","status":"publish","type":"page","link":"https:\/\/mostiky.net\/de\/lieferung\/","title":{"rendered":"Schifffahrt"},"content":{"rendered":"<h2>Schifffahrtsgebiet<\/h2>\n<p>Wir liefern aus Frankreich. Wir liefern daher nach Frankreich und den folgenden L\u00e4ndern:<\/p>\n<p>Deutschland<br data-start=\"9\" data-end=\"12\" \/>\u00d6sterreich<br data-start=\"20\" data-end=\"23\" \/>Belgien<br data-start=\"31\" data-end=\"34\" \/>Bulgarien<br data-start=\"42\" data-end=\"45\" \/>Kroatien<br data-start=\"52\" data-end=\"55\" \/>D\u00e4nemark<br data-start=\"63\" data-end=\"66\" \/>Spanien<br data-start=\"73\" data-end=\"76\" \/>Estland<br data-start=\"83\" data-end=\"86\" \/>Finnland<br data-start=\"94\" data-end=\"97\" \/>Frankreich<br data-start=\"103\" data-end=\"106\" \/>Griechenland<br data-start=\"111\" data-end=\"114\" \/>Ungarn<br data-start=\"121\" data-end=\"124\" \/>Irland<br data-start=\"131\" data-end=\"134\" \/>Italien<br data-start=\"140\" data-end=\"143\" \/>Lettland<br data-start=\"151\" data-end=\"154\" \/>Liechtenstein<br data-start=\"167\" data-end=\"170\" \/>Litauen<br data-start=\"178\" data-end=\"181\" \/>Luxemburg<br data-start=\"191\" data-end=\"194\" \/>Malta<br data-start=\"199\" data-end=\"202\" \/>Norwegen<br data-start=\"209\" data-end=\"212\" \/>Niederlande<br data-start=\"220\" data-end=\"223\" \/>Polen<br data-start=\"230\" data-end=\"233\" \/>Portugal<br data-start=\"241\" data-end=\"244\" \/>Rum\u00e4nien<br data-start=\"252\" data-end=\"255\" \/>Vereinigtes K\u00f6nigreich (UK)<br data-start=\"271\" data-end=\"274\" \/>Tschechische Republik<br data-start=\"292\" data-end=\"295\" \/>Slowakei<br data-start=\"304\" data-end=\"307\" \/>Slowenien<br data-start=\"315\" data-end=\"318\" \/>Schweiz<br data-start=\"324\" data-end=\"327\" \/>Schweden<\/p>\n<h2>Lieferoptionen<\/h2>\n<p>F\u00fcr alle L\u00e4nder au\u00dfer der letzten Gruppe bieten wir zwei Lieferoptionen an:<\/p>\n<ul>\n<li>Abholpunkte: Das sind lokale Gesch\u00e4fte, in denen Sie Ihr Paket w\u00e4hrend der \u00d6ffnungszeiten des Ladens liefern und abholen lassen k\u00f6nnen. W\u00e4hlen Sie beim Bestellen einen Abholpunkt in Ihrer N\u00e4he.<\/li>\n<li>Zu Hause: Lieferung direkt nach Hause<\/li>\n<\/ul>\n<h2>Versandkosten<\/h2>\n<p>Hier sind die Lieferkosten vom 19.02.2026 (Preis inklusive Mehrwertsteuer):<\/p>\n<p><img decoding=\"async\" class=\"alignnone size-full wp-image-2004\" src=\"https:\/\/mostiky.net\/wp-content\/uploads\/2026\/03\/0308-110405.jpg\" alt=\"\" width=\"742\" height=\"366\" srcset=\"https:\/\/mostiky.net\/wp-content\/uploads\/2026\/03\/0308-110405.jpg 742w, https:\/\/mostiky.net\/wp-content\/uploads\/2026\/03\/0308-110405-300x148.jpg 300w, https:\/\/mostiky.net\/wp-content\/uploads\/2026\/03\/0308-110405-600x296.jpg 600w\" sizes=\"(max-width: 742px) 100vw, 742px\" \/><\/p>\n<ul>\n<li>Keine Lieferung zur Weiterleitung von Punkten f\u00fcr CH, GB, GR, LI und NO.<\/li>\n<li>Kostenlose Lieferung an einen Relaispunkt aus einer in der rechten Spalte angegebenen Bestellmenge.<\/li>\n<li>Die Lieferung erfolgt zu einem Festpreis: gleich wie das Gewicht.<\/li>\n<\/ul>\n\n\n<p><\/p>\n","protected":false},"excerpt":{"rendered":"<p>Schifffahrtsgebiet Wir liefern aus Frankreich. Wir liefern daher nach Frankreich und den folgenden L\u00e4ndern: Deutschland\u00d6sterreichBelgienBulgarienKroatienD\u00e4nemarkSpanienEstlandFinnlandFrankreichGriechenlandUngarnIrlandItalienLettlandLiechtensteinLitauenLuxemburgMaltaNorwegenNiederlandePolenPortugalRum\u00e4nienVereinigtes K\u00f6nigreich (UK)Tschechische RepublikSlowakeiSlowenienSchweizSchweden Lieferoptionen F\u00fcr [&hellip;]<\/p>\n","protected":false},"author":1,"featured_media":0,"parent":0,"menu_order":0,"comment_status":"closed","ping_status":"closed","template":"","meta":{"site-sidebar-layout":"default","site-content-layout":"","ast-site-content-layout":"default","site-content-style":"default","site-sidebar-style":"default","ast-global-header-display":"","ast-banner-title-visibility":"","ast-main-header-display":"","ast-hfb-above-header-display":"","ast-hfb-below-header-display":"","ast-hfb-mobile-header-display":"","site-post-title":"","ast-breadcrumbs-content":"","ast-featured-img":"","footer-sml-layout":"","ast-disable-related-posts":"","theme-transparent-header-meta":"","adv-header-id-meta":"","stick-header-meta":"","header-above-stick-meta":"","header-main-stick-meta":"","header-below-stick-meta":"","astra-migrate-meta-layouts":"default","ast-page-background-enabled":"default","ast-page-background-meta":{"desktop":{"background-color":"var(--ast-global-color-5)","background-image":"","background-repeat":"repeat","background-position":"center center","background-size":"auto","background-attachment":"scroll","background-type":"","background-media":"","overlay-type":"","overlay-color":"","overlay-opacity":"","overlay-gradient":""},"tablet":{"background-color":"","background-image":"","background-repeat":"repeat","background-position":"center center","background-size":"auto","background-attachment":"scroll","background-type":"","background-media":"","overlay-type":"","overlay-color":"","overlay-opacity":"","overlay-gradient":""},"mobile":{"background-color":"","background-image":"","background-repeat":"repeat","background-position":"center center","background-size":"auto","background-attachment":"scroll","background-type":"","background-media":"","overlay-type":"","overlay-color":"","overlay-opacity":"","overlay-gradient":""}},"ast-content-background-meta":{"desktop":{"background-color":"var(--ast-global-color-4)","background-image":"","background-repeat":"repeat","background-position":"center center","background-size":"auto","background-attachment":"scroll","background-type":"","background-media":"","overlay-type":"","overlay-color":"","overlay-opacity":"","overlay-gradient":""},"tablet":{"background-color":"var(--ast-global-color-4)","background-image":"","background-repeat":"repeat","background-position":"center center","background-size":"auto","background-attachment":"scroll","background-type":"","background-media":"","overlay-type":"","overlay-color":"","overlay-opacity":"","overlay-gradient":""},"mobile":{"background-color":"var(--ast-global-color-4)","background-image":"","background-repeat":"repeat","background-position":"center center","background-size":"auto","background-attachment":"scroll","background-type":"","background-media":"","overlay-type":"","overlay-color":"","overlay-opacity":"","overlay-gradient":""}},"footnotes":""},"class_list":["post-1106","page","type-page","status-publish","hentry"],"_links":{"self":[{"href":"https:\/\/mostiky.net\/de\/wp-json\/wp\/v2\/pages\/1106","targetHints":{"allow":["GET"]}}],"collection":[{"href":"https:\/\/mostiky.net\/de\/wp-json\/wp\/v2\/pages"}],"about":[{"href":"https:\/\/mostiky.net\/de\/wp-json\/wp\/v2\/types\/page"}],"author":[{"embeddable":true,"href":"https:\/\/mostiky.net\/de\/wp-json\/wp\/v2\/users\/1"}],"replies":[{"embeddable":true,"href":"https:\/\/mostiky.net\/de\/wp-json\/wp\/v2\/comments?post=1106"}],"version-history":[{"count":8,"href":"https:\/\/mostiky.net\/de\/wp-json\/wp\/v2\/pages\/1106\/revisions"}],"predecessor-version":[{"id":2016,"href":"https:\/\/mostiky.net\/de\/wp-json\/wp\/v2\/pages\/1106\/revisions\/2016"}],"wp:attachment":[{"href":"https:\/\/mostiky.net\/de\/wp-json\/wp\/v2\/media?parent=1106"}],"curies":[{"name":"wp","href":"https:\/\/api.w.org\/{rel}","templated":true}]}}